{"id":3527,"date":"2024-08-06T16:49:15","date_gmt":"2024-08-06T16:49:15","guid":{"rendered":"https:\/\/domath.surju.ee\/?page_id=3527"},"modified":"2025-01-02T20:10:57","modified_gmt":"2025-01-02T20:10:57","slug":"units-of-money","status":"publish","type":"page","link":"https:\/\/domath.surju.ee\/et\/rahauhikud\/","title":{"rendered":"Raha\u00fchikud"},"content":{"rendered":"<h1 style=\"text-align: center;\"><span style=\"color: #008000;\"><strong>Raha\u00fchikud<\/strong><\/span><\/h1>\r\n<p>Raha\u00fchik on mingis riigis kehtiva raha p\u00f5hi\u00fchik.&nbsp;<\/p>\r\n<p><span style=\"color: #0000ff;\"><strong>N\u00e4ited: <\/strong><\/span><\/p>\r\n<ul style=\"list-style-type: circle;\">\r\n\t<li>USD &#8211; USA dollar<\/li>\r\n\t<li>INR &#8211; India ruupia<\/li>\r\n\t<li>EUR &#8211; Euro<\/li>\r\n\t<li>GBP &#8211; Briti naelsterling<\/li>\r\n\t<li>CAD &#8211; Canada dollar<\/li>\r\n\t<li>JPY &#8211; Jaapani jeen<\/li>\r\n<\/ul>\r\n<p><span style=\"color: #ff0000;\"><strong>1 EUR = 100 senti<\/strong><\/span><\/p>\r\n<div class=\"wp-block-image\">\r\n<figure class=\"aligncenter size-large is-resized\"><a href=\"https:\/\/www.thatquiz.org\/tq-a\/math\/money\/\" target=\"_blank\" rel=\"noreferrer noopener\"><img loading=\"lazy\" decoding=\"async\" width=\"1024\" height=\"352\" class=\"wp-image-3792\" style=\"width: 711px; height: auto;\" src=\"https:\/\/domath.surju.ee\/wp-content\/uploads\/2024\/08\/Kuvatommis-2024-08-09-024832-1024x352.png\" alt=\"\" srcset=\"https:\/\/domath.surju.ee\/wp-content\/uploads\/2024\/08\/Kuvatommis-2024-08-09-024832-1024x352.png 1024w, https:\/\/domath.surju.ee\/wp-content\/uploads\/2024\/08\/Kuvatommis-2024-08-09-024832-300x103.png 300w, https:\/\/domath.surju.ee\/wp-content\/uploads\/2024\/08\/Kuvatommis-2024-08-09-024832-768x264.png 768w, https:\/\/domath.surju.ee\/wp-content\/uploads\/2024\/08\/Kuvatommis-2024-08-09-024832-1536x528.png 1536w, https:\/\/domath.surju.ee\/wp-content\/uploads\/2024\/08\/Kuvatommis-2024-08-09-024832-24x8.png 24w, https:\/\/domath.surju.ee\/wp-content\/uploads\/2024\/08\/Kuvatommis-2024-08-09-024832-36x12.png 36w, https:\/\/domath.surju.ee\/wp-content\/uploads\/2024\/08\/Kuvatommis-2024-08-09-024832-48x16.png 48w, https:\/\/domath.surju.ee\/wp-content\/uploads\/2024\/08\/Kuvatommis-2024-08-09-024832.png 1833w\" sizes=\"auto, (max-width: 1024px) 100vw, 1024px\" \/><\/a><\/figure><\/div>\r\n<p style=\"text-align: center;\"><a href=\"https:\/\/www.thatquiz.org\/tq-a\/math\/money\/\">https:\/\/www.thatquiz.org\/tq-a\/math\/money\/<\/a><\/p>","protected":false},"excerpt":{"rendered":"<p>Raha\u00fchikud Raha\u00fchik on mingis riigis kehtiva raha p\u00f5hi\u00fchik.&nbsp; N\u00e4ited: USD &#8211; USA dollar INR &#8211; India ruupia EUR &#8211; Euro GBP &#8211; Briti naelsterling CAD &#8211; Canada dollar JPY &#8211; Jaapani jeen 1 EUR = 100 senti https:\/\/www.thatquiz.org\/tq-a\/math\/money\/ [&#8230;]<\/p>\n<p><a class=\"btn btn-secondary understrap-read-more-link\" href=\"https:\/\/domath.surju.ee\/et\/rahauhikud\/\">Read More&#8230;<span class=\"screen-reader-text\"> from Raha\u00fchikud<\/span><\/a><\/p>\n","protected":false},"author":12,"featured_media":0,"parent":0,"menu_order":0,"comment_status":"closed","ping_status":"closed","template":"","meta":{"_eb_attr":"","_uag_custom_page_level_css":"","footnotes":""},"categories":[],"tags":[100,116,145],"class_list":["post-3527","page","type-page","status-publish","hentry","tag-english-u","tag-estonian-r","tag-greek-mu"],"uagb_featured_image_src":{"full":false,"thumbnail":false,"medium":false,"medium_large":false,"large":false,"1536x1536":false,"2048x2048":false,"menu-24x24":false,"menu-36x36":false,"menu-48x48":false},"uagb_author_info":{"display_name":"Ave Kartau","author_link":"https:\/\/domath.surju.ee\/et\/author\/ave\/"},"uagb_comment_info":0,"uagb_excerpt":"Raha\u00fchikud Raha\u00fchik on mingis riigis kehtiva raha p\u00f5hi\u00fchik.&nbsp; N\u00e4ited: USD &#8211; USA dollar INR &#8211; India ruupia EUR &#8211; Euro GBP &#8211; Briti naelsterling CAD &#8211; Canada dollar JPY &#8211; Jaapani jeen 1 EUR = 100 senti https:\/\/www.thatquiz.org\/tq-a\/math\/money\/ [...]Read More... from Raha\u00fchikud","_links":{"self":[{"href":"https:\/\/domath.surju.ee\/et\/wp-json\/wp\/v2\/pages\/3527","targetHints":{"allow":["GET"]}}],"collection":[{"href":"https:\/\/domath.surju.ee\/et\/wp-json\/wp\/v2\/pages"}],"about":[{"href":"https:\/\/domath.surju.ee\/et\/wp-json\/wp\/v2\/types\/page"}],"author":[{"embeddable":true,"href":"https:\/\/domath.surju.ee\/et\/wp-json\/wp\/v2\/users\/12"}],"replies":[{"embeddable":true,"href":"https:\/\/domath.surju.ee\/et\/wp-json\/wp\/v2\/comments?post=3527"}],"version-history":[{"count":3,"href":"https:\/\/domath.surju.ee\/et\/wp-json\/wp\/v2\/pages\/3527\/revisions"}],"predecessor-version":[{"id":3794,"href":"https:\/\/domath.surju.ee\/et\/wp-json\/wp\/v2\/pages\/3527\/revisions\/3794"}],"wp:attachment":[{"href":"https:\/\/domath.surju.ee\/et\/wp-json\/wp\/v2\/media?parent=3527"}],"wp:term":[{"taxonomy":"category","embeddable":true,"href":"https:\/\/domath.surju.ee\/et\/wp-json\/wp\/v2\/categories?post=3527"},{"taxonomy":"post_tag","embeddable":true,"href":"https:\/\/domath.surju.ee\/et\/wp-json\/wp\/v2\/tags?post=3527"}],"curies":[{"name":"wp","href":"https:\/\/api.w.org\/{rel}","templated":true}]}}