{"id":3524,"date":"2024-08-06T16:43:06","date_gmt":"2024-08-06T16:43:06","guid":{"rendered":"https:\/\/domath.surju.ee\/?page_id=3524"},"modified":"2025-01-02T19:50:23","modified_gmt":"2025-01-02T19:50:23","slug":"units-of-distance","status":"publish","type":"page","link":"https:\/\/domath.surju.ee\/et\/pikkusuhikud\/","title":{"rendered":"Pikkus\u00fchikud"},"content":{"rendered":"<h1 style=\"text-align: center;\"><span style=\"color: #008000;\"><strong>Pikkus\u00fchikud<\/strong><\/span><\/h1>\r\n<p><span style=\"color: #ff0000;\"><strong>Pikkus\u00fchikutega <\/strong><\/span>m\u00f5\u00f5dame vahemaid. P\u00f5hi\u00fchikuks on <strong>meeter<\/strong>. Seda t\u00e4histame t\u00e4hega m. <br \/>\r\nK\u00f5ige tavalisemad pikkus\u00fchikud on <strong>millimeeter (mm), sentimeeter (cm), detsimeeter (dm), meeter (m) ja kilomeeter (km).&nbsp;<\/strong><br \/>\r\n1 cm = 10 mm<br \/>\r\n1 dm = 10 cm = 100 mm<br \/>\r\n1 m = 10 dm = 100 cm = 1000 mm<br \/>\r\n1 km = 1000 m = 10 000 dm = 100 000 cm = 1 000 000 mm<br \/>\r\n<br \/>\r\n<span style=\"color: #008000;\"><strong>1km \u2013&nbsp; 1hm &nbsp;\u2013 1dam \u2013 1m&nbsp; \u2013 1dm &nbsp;\u2013 1cm \u2013 1mm&nbsp;<\/strong><\/span><\/p>\r\n<table style=\"height: 18px; width: 98.9286%; border-collapse: collapse; background-color: #ebf0f5;\">\r\n<tbody>\r\n<tr>\r\n<td style=\"width: 25%; text-align: center;\"><span style=\"color: #000080;\"><strong>km &#8211;&nbsp; kilomeeter&nbsp; <\/strong><\/span><\/td>\r\n<td style=\"width: 25%; text-align: center;\"><span style=\"color: #000080;\"><strong>hm &#8211; hektameeter&nbsp; &nbsp;<\/strong><\/span><\/td>\r\n<td style=\"width: 25%; text-align: center;\"><span style=\"color: #000080;\"><strong>dam &#8211;&nbsp; dekameeter&nbsp; &nbsp;<\/strong><\/span><\/td>\r\n<td style=\"width: 25%; text-align: center;\"><span style=\"color: #000080;\"><strong>&nbsp;m &#8211; meeter&nbsp; &nbsp;<\/strong><\/span><\/td>\r\n<\/tr>\r\n<\/tbody>\r\n<\/table>\r\n<table style=\"height: 21px; width: 98.8095%; border-collapse: collapse; background-color: #e6f2f5;\">\r\n<tbody>\r\n<tr style=\"height: 21px;\">\r\n<td style=\"width: 33.3333%; height: 21px; text-align: center;\"><span style=\"color: #000080;\"><strong>dm &#8211; detsimeeter&nbsp;<\/strong><\/span><\/td>\r\n<td style=\"width: 33.3333%; height: 21px; text-align: center;\"><span style=\"color: #000080;\"><strong>cm &#8211;&nbsp; sentimeeter&nbsp;<\/strong><\/span><\/td>\r\n<td style=\"width: 33.3333%; height: 21px; text-align: center;\"><span style=\"color: #000080;\"><strong>mm &#8211;&nbsp; millimeeter<\/strong><\/span><\/td>\r\n<\/tr>\r\n<\/tbody>\r\n<\/table>\r\n<table style=\"border-collapse: collapse; width: 98.9286%; height: 12px;\">\r\n<tbody>\r\n<tr>\r\n<td style=\"width: 33.3333%; text-align: center;\">&nbsp;<\/td>\r\n<td style=\"width: 33.3333%; text-align: center;\"><span style=\"color: #000080;\"><strong>&nbsp;&nbsp;<\/strong><\/span><\/td>\r\n<td style=\"width: 33.3333%; text-align: center;\">&nbsp;<\/td>\r\n<\/tr>\r\n<\/tbody>\r\n<\/table>\r\n<table style=\"height: 41px; width: 98.5714%; border-collapse: collapse; border-color: #1f415c; background-color: #bddaf2; border-style: solid;\">\r\n<tbody>\r\n<tr style=\"height: 19px;\">\r\n<td style=\"width: 33.3333%; height: 19px; text-align: center;\"><strong>1 km = 10 hm<\/strong><\/td>\r\n<td style=\"width: 33.3333%; height: 19px; text-align: center;\"><strong>1dam = 10 m<\/strong><\/td>\r\n<td style=\"width: 33.3333%; height: 19px; text-align: center;\"><strong>1 dm = 10 cm<\/strong><\/td>\r\n<\/tr>\r\n<tr style=\"height: 21px;\">\r\n<td style=\"width: 33.3333%; height: 21px; text-align: center;\"><strong>1hm = 10 dam<\/strong><\/td>\r\n<td style=\"width: 33.3333%; height: 21px; text-align: center;\"><strong>1 m = 10 dm<\/strong><\/td>\r\n<td style=\"width: 33.3333%; height: 21px; text-align: center;\"><strong>1cm = 10 mm<\/strong><\/td>\r\n<\/tr>\r\n<\/tbody>\r\n<\/table>\r\n<table style=\"height: 90px; width: 98.6905%; border-collapse: collapse; border-style: solid; border-color: #122e47; background-color: #c7dff0;\">\r\n<tbody>\r\n<tr style=\"height: 45px;\">\r\n<td style=\"width: 33.3333%; height: 45px; text-align: center;\"><strong>1 meeter = 10 detsimeetrit<\/strong><\/td>\r\n<td style=\"width: 33.3333%; height: 45px; text-align: center;\">\r\n<p><strong>1 meeter = 100 sentimeetrit<\/strong><\/p>\r\n<\/td>\r\n<td style=\"width: 33.3333%; height: 45px; text-align: center;\"><strong>1 meeter = 1000 mm<\/strong><\/td>\r\n<\/tr>\r\n<tr style=\"height: 45px;\">\r\n<td style=\"width: 33.3333%; height: 45px; text-align: center;\">\r\n<p><strong>1 meeter = 0,1 dekameetrit<\/strong><\/p>\r\n<\/td>\r\n<td style=\"width: 33.3333%; height: 45px; text-align: center;\">\r\n<p><strong>1 meeter = 0,01 hektameetrit<\/strong><\/p>\r\n<\/td>\r\n<td style=\"width: 33.3333%; height: 45px; text-align: center;\"><strong>1 meeter = 0,001 kilomeetrit<\/strong><\/td>\r\n<\/tr>\r\n<\/tbody>\r\n<\/table>\r\n<table style=\"height: 42px; width: 99.1667%; border-collapse: collapse; border-style: solid; border-color: #284163; background-color: #c5e0ed;\">\r\n<tbody>\r\n<tr>\r\n<td style=\"width: 33.3733%; text-align: center;\">\r\n<p><strong>1 dm= 0,1 m<\/strong><\/p>\r\n<\/td>\r\n<td style=\"width: 33.2133%; height: 21px; text-align: center;\"><strong>1 cm= 0,01 m<\/strong><\/td>\r\n<td style=\"width: 33.3333%; height: 21px; text-align: center;\"><strong>1 mm= 0,001 m<\/strong><\/td>\r\n<\/tr>\r\n<tr>\r\n<td style=\"width: 33.3733%; text-align: center;\">\r\n<p><strong>1 da m= 10 m<\/strong><\/p>\r\n<\/td>\r\n<td style=\"width: 33.2133%; height: 21px; text-align: center;\"><strong>1 hm= 100 m<\/strong><\/td>\r\n<td style=\"width: 33.3333%; height: 21px; text-align: center;\"><strong>1 km = 1000 m<\/strong><\/td>\r\n<\/tr>\r\n<\/tbody>\r\n<\/table>\r\n\r\n<hr class=\"wp-block-separator has-alpha-channel-opacity\" \/>\r\n\r\n<figure class=\"wp-block-image size-large\"><a href=\"https:\/\/www.thatquiz.org\/tq-9\/math\/measurement\/\" target=\"_blank\" rel=\"noreferrer noopener\"><img loading=\"lazy\" decoding=\"async\" width=\"1024\" height=\"362\" class=\"wp-image-3773\" src=\"https:\/\/domath.surju.ee\/wp-content\/uploads\/2024\/08\/Kuvatommis-2024-08-09-010024-1024x362.png\" alt=\"\" srcset=\"https:\/\/domath.surju.ee\/wp-content\/uploads\/2024\/08\/Kuvatommis-2024-08-09-010024-1024x362.png 1024w, https:\/\/domath.surju.ee\/wp-content\/uploads\/2024\/08\/Kuvatommis-2024-08-09-010024-300x106.png 300w, https:\/\/domath.surju.ee\/wp-content\/uploads\/2024\/08\/Kuvatommis-2024-08-09-010024-768x272.png 768w, https:\/\/domath.surju.ee\/wp-content\/uploads\/2024\/08\/Kuvatommis-2024-08-09-010024-1536x543.png 1536w, https:\/\/domath.surju.ee\/wp-content\/uploads\/2024\/08\/Kuvatommis-2024-08-09-010024-24x8.png 24w, https:\/\/domath.surju.ee\/wp-content\/uploads\/2024\/08\/Kuvatommis-2024-08-09-010024-36x13.png 36w, https:\/\/domath.surju.ee\/wp-content\/uploads\/2024\/08\/Kuvatommis-2024-08-09-010024-48x17.png 48w, https:\/\/domath.surju.ee\/wp-content\/uploads\/2024\/08\/Kuvatommis-2024-08-09-010024.png 1861w\" sizes=\"auto, (max-width: 1024px) 100vw, 1024px\" \/><\/a><\/figure>\r\n\r\n<p style=\"text-align: center;\"><a href=\"https:\/\/www.thatquiz.org\/tq-9\/math\/measurement\/\">https:\/\/www.thatquiz.org\/tq-9\/math\/measurement\/<\/a><\/p>\r\n\r\n<hr class=\"wp-block-separator has-alpha-channel-opacity\" \/>\r\n<div class=\"wp-block-image\">\r\n<figure class=\"aligncenter size-large is-resized\"><a href=\"https:\/\/www.transum.org\/Maths\/Activity\/Units\/Default.asp?Level=1\" target=\"_blank\" rel=\"noreferrer noopener\"><img loading=\"lazy\" decoding=\"async\" width=\"1024\" height=\"664\" class=\"wp-image-3770\" style=\"width: 725px; height: auto;\" src=\"https:\/\/domath.surju.ee\/wp-content\/uploads\/2024\/08\/Kuvatommis-2024-08-09-005510-1024x664.png\" alt=\"\" srcset=\"https:\/\/domath.surju.ee\/wp-content\/uploads\/2024\/08\/Kuvatommis-2024-08-09-005510-1024x664.png 1024w, https:\/\/domath.surju.ee\/wp-content\/uploads\/2024\/08\/Kuvatommis-2024-08-09-005510-300x194.png 300w, https:\/\/domath.surju.ee\/wp-content\/uploads\/2024\/08\/Kuvatommis-2024-08-09-005510-768x498.png 768w, https:\/\/domath.surju.ee\/wp-content\/uploads\/2024\/08\/Kuvatommis-2024-08-09-005510-24x16.png 24w, https:\/\/domath.surju.ee\/wp-content\/uploads\/2024\/08\/Kuvatommis-2024-08-09-005510-36x23.png 36w, https:\/\/domath.surju.ee\/wp-content\/uploads\/2024\/08\/Kuvatommis-2024-08-09-005510-48x31.png 48w, https:\/\/domath.surju.ee\/wp-content\/uploads\/2024\/08\/Kuvatommis-2024-08-09-005510.png 1270w\" sizes=\"auto, (max-width: 1024px) 100vw, 1024px\" \/><\/a><\/figure><\/div>\r\n<p style=\"text-align: center;\"><a href=\"https:\/\/www.transum.org\/Maths\/Activity\/Units\/Default.asp?Level=1\">https:\/\/www.transum.org\/Maths\/Activity\/Units\/Default.asp?Level=1<\/a><\/p>","protected":false},"excerpt":{"rendered":"<p>Pikkus\u00fchikud Pikkus\u00fchikutega m\u00f5\u00f5dame vahemaid. P\u00f5hi\u00fchikuks on meeter. Seda t\u00e4histame t\u00e4hega m. K\u00f5ige tavalisemad pikkus\u00fchikud on millimeeter (mm), sentimeeter (cm), detsimeeter (dm), meeter (m) ja kilomeeter (km).&nbsp; 1 cm = 10 mm 1 dm = 10 cm = 100 mm 1 m = 10 dm = 100 cm = 1000 mm 1 km = 1000 m [&#8230;]<\/p>\n<p><a class=\"btn btn-secondary understrap-read-more-link\" href=\"https:\/\/domath.surju.ee\/et\/pikkusuhikud\/\">Read More&#8230;<span class=\"screen-reader-text\"> from Pikkus\u00fchikud<\/span><\/a><\/p>\n","protected":false},"author":12,"featured_media":0,"parent":0,"menu_order":0,"comment_status":"closed","ping_status":"closed","template":"","meta":{"_eb_attr":"","_uag_custom_page_level_css":"","footnotes":""},"categories":[],"tags":[100,57,145],"class_list":["post-3524","page","type-page","status-publish","hentry","tag-english-u","tag-estonian-p","tag-greek-mu"],"uagb_featured_image_src":{"full":false,"thumbnail":false,"medium":false,"medium_large":false,"large":false,"1536x1536":false,"2048x2048":false,"menu-24x24":false,"menu-36x36":false,"menu-48x48":false},"uagb_author_info":{"display_name":"Ave Kartau","author_link":"https:\/\/domath.surju.ee\/et\/author\/ave\/"},"uagb_comment_info":0,"uagb_excerpt":"Pikkus\u00fchikud Pikkus\u00fchikutega m\u00f5\u00f5dame vahemaid. P\u00f5hi\u00fchikuks on meeter. Seda t\u00e4histame t\u00e4hega m. K\u00f5ige tavalisemad pikkus\u00fchikud on millimeeter (mm), sentimeeter (cm), detsimeeter (dm), meeter (m) ja kilomeeter (km).&nbsp; 1 cm = 10 mm 1 dm = 10 cm = 100 mm 1 m = 10 dm = 100 cm = 1000 mm 1 km = 1000 m&hellip;","_links":{"self":[{"href":"https:\/\/domath.surju.ee\/et\/wp-json\/wp\/v2\/pages\/3524","targetHints":{"allow":["GET"]}}],"collection":[{"href":"https:\/\/domath.surju.ee\/et\/wp-json\/wp\/v2\/pages"}],"about":[{"href":"https:\/\/domath.surju.ee\/et\/wp-json\/wp\/v2\/types\/page"}],"author":[{"embeddable":true,"href":"https:\/\/domath.surju.ee\/et\/wp-json\/wp\/v2\/users\/12"}],"replies":[{"embeddable":true,"href":"https:\/\/domath.surju.ee\/et\/wp-json\/wp\/v2\/comments?post=3524"}],"version-history":[{"count":12,"href":"https:\/\/domath.surju.ee\/et\/wp-json\/wp\/v2\/pages\/3524\/revisions"}],"predecessor-version":[{"id":3776,"href":"https:\/\/domath.surju.ee\/et\/wp-json\/wp\/v2\/pages\/3524\/revisions\/3776"}],"wp:attachment":[{"href":"https:\/\/domath.surju.ee\/et\/wp-json\/wp\/v2\/media?parent=3524"}],"wp:term":[{"taxonomy":"category","embeddable":true,"href":"https:\/\/domath.surju.ee\/et\/wp-json\/wp\/v2\/categories?post=3524"},{"taxonomy":"post_tag","embeddable":true,"href":"https:\/\/domath.surju.ee\/et\/wp-json\/wp\/v2\/tags?post=3524"}],"curies":[{"name":"wp","href":"https:\/\/api.w.org\/{rel}","templated":true}]}}