{"id":3522,"date":"2024-08-06T16:39:51","date_gmt":"2024-08-06T16:39:51","guid":{"rendered":"https:\/\/domath.surju.ee\/?page_id=3522"},"modified":"2025-01-02T19:45:18","modified_gmt":"2025-01-02T19:45:18","slug":"units-of-area","status":"publish","type":"page","link":"https:\/\/domath.surju.ee\/et\/pindalauhikud\/","title":{"rendered":"Pindala\u00fchikud"},"content":{"rendered":"<h1 style=\"text-align: center;\"><span style=\"color: #008000;\"><strong>Pindala\u00fchikud<\/strong><\/span><\/h1>\r\n<p><span style=\"color: #ff0000;\"><strong>Pindala\u00fchikud <\/strong><span style=\"color: #000000;\">on m\u00f5\u00f5t\u00fchikud, millega m\u00f5\u00f5detakse pinna suurust ehk pindala.<\/span> <span style=\"color: #000000;\">Pindala m\u00f5\u00f5detakse ruut\u00fchikutega.&nbsp;<br \/>\r\n1 mm pikkuse k\u00fcljega ruudu pindala nimetatakse ruutmillimeetriks ja t\u00e4histatakse 1 mm\u00b2.&nbsp;<br \/>\r\n1 cm pikkuse k\u00fcljega ruudu pindala nimetatakse ruutsentimeetriks ja t\u00e4histatakse 1 cm\u00b2.&nbsp;<br \/>\r\n1 dm pikkuse k\u00fcljega ruudu pindala nimetatakse ruutdetsimeetriks ja t\u00e4histatakse 1 dm\u00b2.&nbsp;<br \/>\r\n1 m pikkuse k\u00fcljega ruudu pindala nimetatakse ruutmeetriks ja t\u00e4histatakse 1 m\u00b2.&nbsp;<br \/>\r\n1 km pikkuse k\u00fcljega ruudu pindala nimetatakse ruutkilomeetriks ja t\u00e4histatakse 1 km\u00b2.&nbsp;<br \/>\r\nSuuremate pindalade korral on \u00fchikuteks aar (a) ja hektar (ha).&nbsp;<\/span><br \/>\r\n<\/span><\/p>\r\n<ul style=\"list-style-type: circle;\">\r\n\t<li>Klaasi pindala m\u00f5\u00f5detakse ruutsentimeetrites.&nbsp;<\/li>\r\n\t<li>P\u00f5randa pindala m\u00f5\u00f5detakse ruutmeetrites.&nbsp;<\/li>\r\n\t<li>P\u00f5llumaa pindala m\u00f5\u00f5detakse hektarites.&nbsp; &nbsp; &nbsp; &nbsp;&nbsp; &nbsp;<\/li>\r\n<\/ul>\r\n<p><strong>1 ruutmeetrit, m<sup>2<\/sup> = 10 000 ruutsentimeetrit, cm<sup>2<\/sup>&nbsp;&nbsp;<br \/>\r\n1 m<sup>2<\/sup> = 10 000 m<sup>2<\/sup><br \/>\r\n1 hektar, ha = 10 000 ruutmeetrit, m<sup>2<\/sup><br \/>\r\n1 ha = 10 000 m<sup>2<\/sup><br \/>\r\n1 ruutkilomeetrit, km<sup>2<\/sup>= 100 hektarit, ha<br \/>\r\n1 km<sup>2<\/sup>= 100 ha<br \/>\r\n1 aar, a = 100 ruutmeetrit, m<sup>2<\/sup><\/strong><strong><br \/>\r\n1 a = 100 m<sup>2<\/sup><\/strong><\/p>\r\n<h5 style=\"text-align: center;\"><span style=\"color: #008000;\"><strong>m\u00b2&nbsp; \u2013&nbsp; dm\u00b2&nbsp; \u2013&nbsp; cm\u00b2&nbsp; \u2013&nbsp; mm\u00b2<\/strong><\/span><\/h5>\r\n<table style=\"border-collapse: collapse; width: 96.6667%; height: 15px;\">\r\n<tbody>\r\n<tr>\r\n<td style=\"width: 50%; text-align: center;\"><span style=\"color: #333399;\"><strong>1m\u00b2 = 100 dm\u00b2<\/strong><\/span><br \/>\r\n<span style=\"color: #333399;\"><strong>1dm\u00b2 = 100 cm\u00b2<\/strong><\/span><br \/>\r\n<span style=\"color: #333399;\"><strong>1cm\u00b2 = 100 mm\u00b2<\/strong><\/span><\/td>\r\n<td style=\"width: 50%; text-align: center;\">\r\n<p><span style=\"color: #333399;\"><strong>1m\u00b2 = 10 000 cm\u00b2<br \/>\r\n<\/strong><\/span><span style=\"color: #333399;\"><strong>1ha = 10 000 m\u00b2<br \/>\r\n<\/strong><\/span><span style=\"color: #333399;\"><strong>1km\u00b2 = 100 ha<br \/>\r\n<\/strong><\/span><span style=\"color: #333399;\"><strong>1a = 100 m\u00b2 <\/strong>&nbsp;<\/span><\/p>\r\n<\/td>\r\n<\/tr>\r\n<\/tbody>\r\n<\/table>\r\n<p style=\"text-align: left;\"><span style=\"color: #333399;\">&nbsp; &nbsp;&nbsp;<\/span> &nbsp; &nbsp; &nbsp; &nbsp; &nbsp; &nbsp;<\/p>\r\n<table style=\"width: 100%; border-collapse: collapse; border-style: solid; border-color: #06135c; background-color: #dfe6f0;\">\r\n<tbody>\r\n<tr>\r\n<td style=\"width: 33.3333%; text-align: center;\">\r\n<p><strong>1 meeter = 10 detsimeetrit<\/strong><\/p>\r\n<p><strong>1 m<sup>2<\/sup>= 10 \u00d7 10 = 100 dm<sup>2<\/sup><\/strong><\/p>\r\n<\/td>\r\n<td style=\"width: 33.3333%; text-align: center;\">\r\n<p><strong>1 meeter = 100 sentimeetrit<\/strong><\/p>\r\n<p><strong>1 m<sup>2<\/sup>= 100 \u00d7 100 = 10000 cm<sup>2<\/sup><\/strong><\/p>\r\n<\/td>\r\n<td style=\"width: 33.3333%; text-align: center;\">\r\n<p><strong>1 meeter = 1000 mm<\/strong><\/p>\r\n<p><strong>1 m<sup>2<\/sup>= 1000 \u00d7 1000 = <br \/>\r\n=1000000 mm<sup>2<\/sup><\/strong><\/p>\r\n<\/td>\r\n<\/tr>\r\n<\/tbody>\r\n<\/table>\r\n<table style=\"height: 68px; width: 100%; border-collapse: collapse; border-style: solid; border-color: #030a2b; background-color: #a9c7d9;\">\r\n<tbody>\r\n<tr style=\"height: 21px;\">\r\n<td style=\"width: 31.1673%; height: 21px; text-align: center;\">\r\n<p><strong>1 meeter = 0,1 dekameetrit<\/strong><\/p>\r\n<p><strong>1 m<sup>2<\/sup>= 0,1 \u00d7 0,1 = <br \/>\r\n<\/strong><strong>=0,01 da m<sup>2<\/sup><\/strong><\/p>\r\n<\/td>\r\n<td style=\"width: 33.0926%; height: 21px; text-align: center;\">\r\n<p><strong>1 meeter = 0,01 hektameetrit<\/strong><\/p>\r\n<p><strong>1 m<sup>2<\/sup>= 0,01 \u00d7 0,01 = <br \/>\r\n=0,0001 hm<sup>2<\/sup><\/strong><\/p>\r\n<\/td>\r\n<td style=\"width: 43.7586%; height: 21px; text-align: center;\">\r\n<p><strong>1 meeter = 0,001 kilomeetrit<\/strong><\/p>\r\n<p><strong>1 m<sup>2<\/sup>= 0,001 \u00d7 0,001 =<br \/>\r\n<\/strong><strong>=1 \u00d7 10 <sup>-6<\/sup>kilo m<sup>2<\/sup><\/strong><\/p>\r\n<\/td>\r\n<\/tr>\r\n<\/tbody>\r\n<\/table>\r\n<table style=\"height: 19px; width: 99.7619%; border-collapse: collapse; border-style: solid; border-color: #0f2475; background-color: #e6ebf7;\">\r\n<tbody>\r\n<tr>\r\n<td style=\"width: 36.4227%; text-align: center;\">\r\n<p><strong>1 dm= 0,1 m<\/strong><\/p>\r\n<p><strong>1 dm<sup>2<\/sup>= 0,1 \u00d7 0,1 = <br \/>\r\n=0,01 m<sup>2<\/sup><\/strong><\/p>\r\n<\/td>\r\n<td style=\"width: 32.7361%; text-align: center;\">\r\n<p><strong>1 cm= 0,01 m<\/strong><\/p>\r\n<p><strong>1 cm<sup>2<\/sup>= 0,01 \u00d7 0,01 = <br \/>\r\n= 0,0001 m<sup>2<\/sup><\/strong><\/p>\r\n<\/td>\r\n<td style=\"width: 31.3207%; text-align: center;\">\r\n<p><strong>1 mm= 0,001 m<\/strong><\/p>\r\n<p><strong>1 mm<sup>2<\/sup>= 0,001 \u00d7 0,001 = <br \/>\r\n= 1 \u00d7 10 <sup>-6<\/sup>m<sup>2<\/sup><\/strong><\/p>\r\n<\/td>\r\n<\/tr>\r\n<\/tbody>\r\n<\/table>\r\n<table style=\"height: 20px; width: 100%; border-collapse: collapse; border-style: solid; border-color: #1d3357; background-color: #bce0f5;\">\r\n<tbody>\r\n<tr>\r\n<td style=\"width: 31.0496%; text-align: center;\">\r\n<p><strong>1 da m= 10 m<\/strong><\/p>\r\n<p><strong>1 da m<sup>2<\/sup>= 10 \u00d7 10 = 100 m<sup>2<\/sup><\/strong><\/p>\r\n<\/td>\r\n<td style=\"width: 36.6587%; text-align: center;\">\r\n<p><strong>1 hm= 100 m<\/strong><\/p>\r\n<p><strong>1 hm<sup>2<\/sup>= 100 \u00d7 100 = 10000 m<sup>2<\/sup><\/strong><\/p>\r\n<\/td>\r\n<td style=\"width: 33.2531%; text-align: center;\">\r\n<p><strong>1 km= 1000 m<\/strong><\/p>\r\n<p><strong>1 km<sup>2<\/sup>= 1000 \u00d7 1000 = <br \/>\r\n=1000000 m<sup>2<\/sup><\/strong><\/p>\r\n<\/td>\r\n<\/tr>\r\n<\/tbody>\r\n<\/table>\r\n\r\n<hr class=\"wp-block-separator has-alpha-channel-opacity\" \/>\r\n<div class=\"wp-block-image\">\r\n<figure class=\"aligncenter size-large is-resized\"><img loading=\"lazy\" decoding=\"async\" width=\"1024\" height=\"651\" class=\"wp-image-3735\" style=\"width: 612px; height: auto;\" src=\"https:\/\/domath.surju.ee\/wp-content\/uploads\/2024\/08\/Kuvatommis-2024-08-08-234810-1024x651.png\" alt=\"\" srcset=\"https:\/\/domath.surju.ee\/wp-content\/uploads\/2024\/08\/Kuvatommis-2024-08-08-234810-1024x651.png 1024w, https:\/\/domath.surju.ee\/wp-content\/uploads\/2024\/08\/Kuvatommis-2024-08-08-234810-300x191.png 300w, https:\/\/domath.surju.ee\/wp-content\/uploads\/2024\/08\/Kuvatommis-2024-08-08-234810-768x489.png 768w, https:\/\/domath.surju.ee\/wp-content\/uploads\/2024\/08\/Kuvatommis-2024-08-08-234810-24x15.png 24w, https:\/\/domath.surju.ee\/wp-content\/uploads\/2024\/08\/Kuvatommis-2024-08-08-234810-36x23.png 36w, https:\/\/domath.surju.ee\/wp-content\/uploads\/2024\/08\/Kuvatommis-2024-08-08-234810-48x31.png 48w, https:\/\/domath.surju.ee\/wp-content\/uploads\/2024\/08\/Kuvatommis-2024-08-08-234810.png 1303w\" sizes=\"auto, (max-width: 1024px) 100vw, 1024px\" \/><\/figure><\/div>\r\n<p style=\"text-align: center;\"><a href=\"https:\/\/www.transum.org\/Maths\/Activity\/Units\/Default.asp?Level=2\">https:\/\/www.transum.org\/Maths\/Activity\/Units\/Default.asp?Level=2<\/a><\/p>\r\n\r\n<p>&nbsp;<\/p>\r\n","protected":false},"excerpt":{"rendered":"<p>Pindala\u00fchikud Pindala\u00fchikud on m\u00f5\u00f5t\u00fchikud, millega m\u00f5\u00f5detakse pinna suurust ehk pindala. Pindala m\u00f5\u00f5detakse ruut\u00fchikutega.&nbsp; 1 mm pikkuse k\u00fcljega ruudu pindala nimetatakse ruutmillimeetriks ja t\u00e4histatakse 1 mm\u00b2.&nbsp; 1 cm pikkuse k\u00fcljega ruudu pindala nimetatakse ruutsentimeetriks ja t\u00e4histatakse 1 cm\u00b2.&nbsp; 1 dm pikkuse k\u00fcljega ruudu pindala nimetatakse ruutdetsimeetriks ja t\u00e4histatakse 1 dm\u00b2.&nbsp; 1 m pikkuse k\u00fcljega ruudu pindala [&#8230;]<\/p>\n<p><a class=\"btn btn-secondary understrap-read-more-link\" href=\"https:\/\/domath.surju.ee\/et\/pindalauhikud\/\">Read More&#8230;<span class=\"screen-reader-text\"> from Pindala\u00fchikud<\/span><\/a><\/p>\n","protected":false},"author":12,"featured_media":0,"parent":0,"menu_order":0,"comment_status":"closed","ping_status":"closed","template":"","meta":{"_eb_attr":"","_uag_custom_page_level_css":"","footnotes":""},"categories":[],"tags":[100,57,145],"class_list":["post-3522","page","type-page","status-publish","hentry","tag-english-u","tag-estonian-p","tag-greek-mu"],"uagb_featured_image_src":{"full":false,"thumbnail":false,"medium":false,"medium_large":false,"large":false,"1536x1536":false,"2048x2048":false,"menu-24x24":false,"menu-36x36":false,"menu-48x48":false},"uagb_author_info":{"display_name":"Ave Kartau","author_link":"https:\/\/domath.surju.ee\/et\/author\/ave\/"},"uagb_comment_info":0,"uagb_excerpt":"Pindala\u00fchikud Pindala\u00fchikud on m\u00f5\u00f5t\u00fchikud, millega m\u00f5\u00f5detakse pinna suurust ehk pindala. Pindala m\u00f5\u00f5detakse ruut\u00fchikutega.&nbsp; 1 mm pikkuse k\u00fcljega ruudu pindala nimetatakse ruutmillimeetriks ja t\u00e4histatakse 1 mm\u00b2.&nbsp; 1 cm pikkuse k\u00fcljega ruudu pindala nimetatakse ruutsentimeetriks ja t\u00e4histatakse 1 cm\u00b2.&nbsp; 1 dm pikkuse k\u00fcljega ruudu pindala nimetatakse ruutdetsimeetriks ja t\u00e4histatakse 1 dm\u00b2.&nbsp; 1 m pikkuse k\u00fcljega ruudu pindala&hellip;","_links":{"self":[{"href":"https:\/\/domath.surju.ee\/et\/wp-json\/wp\/v2\/pages\/3522","targetHints":{"allow":["GET"]}}],"collection":[{"href":"https:\/\/domath.surju.ee\/et\/wp-json\/wp\/v2\/pages"}],"about":[{"href":"https:\/\/domath.surju.ee\/et\/wp-json\/wp\/v2\/types\/page"}],"author":[{"embeddable":true,"href":"https:\/\/domath.surju.ee\/et\/wp-json\/wp\/v2\/users\/12"}],"replies":[{"embeddable":true,"href":"https:\/\/domath.surju.ee\/et\/wp-json\/wp\/v2\/comments?post=3522"}],"version-history":[{"count":20,"href":"https:\/\/domath.surju.ee\/et\/wp-json\/wp\/v2\/pages\/3522\/revisions"}],"predecessor-version":[{"id":3762,"href":"https:\/\/domath.surju.ee\/et\/wp-json\/wp\/v2\/pages\/3522\/revisions\/3762"}],"wp:attachment":[{"href":"https:\/\/domath.surju.ee\/et\/wp-json\/wp\/v2\/media?parent=3522"}],"wp:term":[{"taxonomy":"category","embeddable":true,"href":"https:\/\/domath.surju.ee\/et\/wp-json\/wp\/v2\/categories?post=3522"},{"taxonomy":"post_tag","embeddable":true,"href":"https:\/\/domath.surju.ee\/et\/wp-json\/wp\/v2\/tags?post=3522"}],"curies":[{"name":"wp","href":"https:\/\/api.w.org\/{rel}","templated":true}]}}