{"id":3518,"date":"2024-08-06T16:26:28","date_gmt":"2024-08-06T16:26:28","guid":{"rendered":"https:\/\/domath.surju.ee\/?page_id=3518"},"modified":"2025-01-02T19:41:37","modified_gmt":"2025-01-02T19:41:37","slug":"units","status":"publish","type":"page","link":"https:\/\/domath.surju.ee\/et\/uhelised\/","title":{"rendered":"\u00dchelised"},"content":{"rendered":"<h1 style=\"text-align: center;\"><span style=\"color: #008000;\"><strong>\u00dchelised<\/strong><\/span><\/h1>\r\n<p>Arvud koosnevad j\u00e4rkudest: <span style=\"color: #ff0000;\"><strong>\u00fchelised<\/strong><\/span>, k\u00fcmnelised, sajalised jne. Arvu j\u00e4rk n\u00e4itab, mitu \u00fchelist on selles arvus. N\u00e4iteks arvus 6713 on 3 <strong>\u00fchelist<\/strong>.&nbsp;<\/p>\r\n<p>&nbsp;<\/p>\r\n<div class=\"wp-block-image\">\r\n<figure class=\"aligncenter size-full is-resized\"><img loading=\"lazy\" decoding=\"async\" width=\"393\" height=\"573\" class=\"wp-image-3723\" style=\"width: 213px; height: auto;\" src=\"https:\/\/domath.surju.ee\/wp-content\/uploads\/2024\/08\/Kuvatommis-2024-08-08-052936.png\" alt=\"\" srcset=\"https:\/\/domath.surju.ee\/wp-content\/uploads\/2024\/08\/Kuvatommis-2024-08-08-052936.png 393w, https:\/\/domath.surju.ee\/wp-content\/uploads\/2024\/08\/Kuvatommis-2024-08-08-052936-206x300.png 206w, https:\/\/domath.surju.ee\/wp-content\/uploads\/2024\/08\/Kuvatommis-2024-08-08-052936-16x24.png 16w, https:\/\/domath.surju.ee\/wp-content\/uploads\/2024\/08\/Kuvatommis-2024-08-08-052936-25x36.png 25w, https:\/\/domath.surju.ee\/wp-content\/uploads\/2024\/08\/Kuvatommis-2024-08-08-052936-33x48.png 33w\" sizes=\"auto, (max-width: 393px) 100vw, 393px\" \/><\/figure><\/div>\r\n<div class=\"wp-block-image\">\r\n<figure class=\"aligncenter size-full is-resized\"><img loading=\"lazy\" decoding=\"async\" width=\"378\" height=\"376\" class=\"wp-image-3724\" style=\"width: 195px; height: auto;\" src=\"https:\/\/domath.surju.ee\/wp-content\/uploads\/2024\/08\/Kuvatommis-2024-08-08-053354.png\" alt=\"\" srcset=\"https:\/\/domath.surju.ee\/wp-content\/uploads\/2024\/08\/Kuvatommis-2024-08-08-053354.png 378w, https:\/\/domath.surju.ee\/wp-content\/uploads\/2024\/08\/Kuvatommis-2024-08-08-053354-300x298.png 300w, https:\/\/domath.surju.ee\/wp-content\/uploads\/2024\/08\/Kuvatommis-2024-08-08-053354-150x150.png 150w, https:\/\/domath.surju.ee\/wp-content\/uploads\/2024\/08\/Kuvatommis-2024-08-08-053354-24x24.png 24w, https:\/\/domath.surju.ee\/wp-content\/uploads\/2024\/08\/Kuvatommis-2024-08-08-053354-36x36.png 36w, https:\/\/domath.surju.ee\/wp-content\/uploads\/2024\/08\/Kuvatommis-2024-08-08-053354-48x48.png 48w\" sizes=\"auto, (max-width: 378px) 100vw, 378px\" \/><\/figure><\/div>","protected":false},"excerpt":{"rendered":"<p>\u00dchelised Arvud koosnevad j\u00e4rkudest: \u00fchelised, k\u00fcmnelised, sajalised jne. Arvu j\u00e4rk n\u00e4itab, mitu \u00fchelist on selles arvus. N\u00e4iteks arvus 6713 on 3 \u00fchelist.&nbsp; &nbsp; [&#8230;]<\/p>\n<p><a class=\"btn btn-secondary understrap-read-more-link\" href=\"https:\/\/domath.surju.ee\/et\/uhelised\/\">Read More&#8230;<span class=\"screen-reader-text\"> from \u00dchelised<\/span><\/a><\/p>\n","protected":false},"author":12,"featured_media":0,"parent":0,"menu_order":0,"comment_status":"closed","ping_status":"closed","template":"","meta":{"_eb_attr":"","_uag_custom_page_level_css":"","footnotes":""},"categories":[],"tags":[100,127,145],"class_list":["post-3518","page","type-page","status-publish","hentry","tag-english-u","tag-estonian-ue","tag-greek-mu"],"uagb_featured_image_src":{"full":false,"thumbnail":false,"medium":false,"medium_large":false,"large":false,"1536x1536":false,"2048x2048":false,"menu-24x24":false,"menu-36x36":false,"menu-48x48":false},"uagb_author_info":{"display_name":"Ave Kartau","author_link":"https:\/\/domath.surju.ee\/et\/author\/ave\/"},"uagb_comment_info":0,"uagb_excerpt":"\u00dchelised Arvud koosnevad j\u00e4rkudest: \u00fchelised, k\u00fcmnelised, sajalised jne. Arvu j\u00e4rk n\u00e4itab, mitu \u00fchelist on selles arvus. N\u00e4iteks arvus 6713 on 3 \u00fchelist.&nbsp; &nbsp; [...]Read More... from \u00dchelised","_links":{"self":[{"href":"https:\/\/domath.surju.ee\/et\/wp-json\/wp\/v2\/pages\/3518","targetHints":{"allow":["GET"]}}],"collection":[{"href":"https:\/\/domath.surju.ee\/et\/wp-json\/wp\/v2\/pages"}],"about":[{"href":"https:\/\/domath.surju.ee\/et\/wp-json\/wp\/v2\/types\/page"}],"author":[{"embeddable":true,"href":"https:\/\/domath.surju.ee\/et\/wp-json\/wp\/v2\/users\/12"}],"replies":[{"embeddable":true,"href":"https:\/\/domath.surju.ee\/et\/wp-json\/wp\/v2\/comments?post=3518"}],"version-history":[{"count":3,"href":"https:\/\/domath.surju.ee\/et\/wp-json\/wp\/v2\/pages\/3518\/revisions"}],"predecessor-version":[{"id":3726,"href":"https:\/\/domath.surju.ee\/et\/wp-json\/wp\/v2\/pages\/3518\/revisions\/3726"}],"wp:attachment":[{"href":"https:\/\/domath.surju.ee\/et\/wp-json\/wp\/v2\/media?parent=3518"}],"wp:term":[{"taxonomy":"category","embeddable":true,"href":"https:\/\/domath.surju.ee\/et\/wp-json\/wp\/v2\/categories?post=3518"},{"taxonomy":"post_tag","embeddable":true,"href":"https:\/\/domath.surju.ee\/et\/wp-json\/wp\/v2\/tags?post=3518"}],"curies":[{"name":"wp","href":"https:\/\/api.w.org\/{rel}","templated":true}]}}