{"id":3516,"date":"2024-08-06T16:20:43","date_gmt":"2024-08-06T16:20:43","guid":{"rendered":"https:\/\/domath.surju.ee\/?page_id=3516"},"modified":"2025-01-02T19:22:50","modified_gmt":"2025-01-02T19:22:50","slug":"unit-price","status":"publish","type":"page","link":"https:\/\/domath.surju.ee\/et\/uhiku-hind\/","title":{"rendered":"\u00dchiku hind"},"content":{"rendered":"<h1 style=\"text-align: center;\"><span style=\"color: #008000;\"><strong>\u00dchiku hind<\/strong><\/span><\/h1>\r\n<p><strong><span style=\"color: #ff0000;\">\u00dchiku hind<\/span><\/strong> on \u00fche kilogrammi, \u00fche liitri, \u00fche meetri, \u00fche ruutmeetri v\u00f5i \u00fche kuupmeetri hind. <strong>\u00dchikuhinnaks<\/strong> v\u00f5ib olla ka t\u00fckihind.&nbsp; &nbsp;<\/p>\r\n<p><strong>\u00dchikuhinna<\/strong> leidmiseks tuleb m\u00fc\u00fcgihind jagada kogusega.&nbsp;<\/p>\r\n\r\n<hr class=\"wp-block-separator has-alpha-channel-opacity\" \/>\r\n<h5><span style=\"color: #0000ff; font-size: 12pt;\"><strong>N\u00e4ited:<\/strong><\/span><\/h5>\r\n<p style=\"text-align: center;\"><span style=\"color: #99ccff;\"><strong><span style=\"background-color: #333399;\">\u00d5UNAD<\/span><\/strong><\/span><\/p>\r\n<table style=\"border-collapse: collapse; width: 96.9048%; height: 141px;\">\r\n<tbody>\r\n<tr style=\"height: 141px;\">\r\n<td style=\"width: 37.4693%; height: 141px;\">\r\n<table class=\" aligncenter\" style=\"border-collapse: collapse; width: 92.0847%; height: 129px;\">\r\n<tbody>\r\n<tr style=\"height: 121px;\">\r\n<td style=\"width: 50%; height: 109px;\"><img loading=\"lazy\" decoding=\"async\" class=\"alignnone wp-image-3692 \" src=\"https:\/\/domath.surju.ee\/wp-content\/uploads\/2024\/08\/apples-805124_640-300x260.png\" alt=\"\" width=\"123\" height=\"107\" srcset=\"https:\/\/domath.surju.ee\/wp-content\/uploads\/2024\/08\/apples-805124_640-300x260.png 300w, https:\/\/domath.surju.ee\/wp-content\/uploads\/2024\/08\/apples-805124_640-24x21.png 24w, https:\/\/domath.surju.ee\/wp-content\/uploads\/2024\/08\/apples-805124_640-36x31.png 36w, https:\/\/domath.surju.ee\/wp-content\/uploads\/2024\/08\/apples-805124_640-48x42.png 48w, https:\/\/domath.surju.ee\/wp-content\/uploads\/2024\/08\/apples-805124_640.png 640w\" sizes=\"auto, (max-width: 123px) 100vw, 123px\" \/><\/td>\r\n<td style=\"width: 62.1067%; height: 109px;\"><img loading=\"lazy\" decoding=\"async\" class=\"wp-image-3686 aligncenter\" src=\"https:\/\/domath.surju.ee\/wp-content\/uploads\/2024\/08\/apple-2736410_640.png\" alt=\"\" width=\"67\" height=\"56\" srcset=\"https:\/\/domath.surju.ee\/wp-content\/uploads\/2024\/08\/apple-2736410_640.png 276w, https:\/\/domath.surju.ee\/wp-content\/uploads\/2024\/08\/apple-2736410_640-24x20.png 24w, https:\/\/domath.surju.ee\/wp-content\/uploads\/2024\/08\/apple-2736410_640-36x30.png 36w, https:\/\/domath.surju.ee\/wp-content\/uploads\/2024\/08\/apple-2736410_640-48x40.png 48w\" sizes=\"auto, (max-width: 67px) 100vw, 67px\" \/><\/td>\r\n<\/tr>\r\n<tr style=\"height: 20px;\">\r\n<td style=\"width: 50%; text-align: center; height: 20px;\">\r\n<p><span style=\"color: #800000;\"><strong>2,<\/strong><strong>5 kg<br \/>\r\n<\/strong><\/span><span style=\"color: #800000;\"><strong>&nbsp;5\u20ac<\/strong><\/span><\/p>\r\n<\/td>\r\n<td style=\"width: 62.1067%; text-align: center; height: 20px;\">\r\n<p><strong><span style=\"color: #800000;\"><span style=\"color: #008000;\">500g<\/span><br \/>\r\n&nbsp; <span style=\"color: #008000;\">1,2\u20ac<\/span><\/span><\/strong><\/p>\r\n<\/td>\r\n<\/tr>\r\n<\/tbody>\r\n<\/table>\r\n<\/td>\r\n<td style=\"width: 62.5307%; height: 141px;\">\r\n<table style=\"border-collapse: collapse; width: 100.787%; height: 145px;\">\r\n<tbody>\r\n<tr style=\"height: 21px;\">\r\n<td style=\"width: 100%; height: 21px; text-align: center;\">&nbsp;<\/td>\r\n<\/tr>\r\n<tr style=\"height: 21px;\">\r\n<td style=\"width: 100%; height: 21px;\">\r\n<table style=\"border-collapse: collapse; width: 94.2308%; height: 62px;\">\r\n<tbody>\r\n<tr style=\"height: 21px;\">\r\n<td style=\"width: 42.3717%; height: 21px; text-align: center;\"><span style=\"color: #0000ff;\"><strong>kogus<\/strong><\/span><\/td>\r\n<td style=\"width: 31.218%; height: 21px; text-align: center;\"><span style=\"color: #0000ff;\"><strong>\u00fchiku hind<\/strong><\/span><br \/>\r\n<span style=\"color: #0000ff;\"><strong>kg<\/strong><\/span><\/td>\r\n<td style=\"width: 26.4102%; height: 21px; text-align: center;\">\r\n<p><span style=\"color: #0000ff;\"><strong>parim hind<\/strong><\/span><\/p>\r\n<\/td>\r\n<\/tr>\r\n<tr style=\"height: 20px;\">\r\n<td style=\"width: 42.3717%; height: 20px; text-align: center;\">\r\n<p><strong>2,5 kg<br \/>\r\n5\u20ac<\/strong><\/p>\r\n<\/td>\r\n<td style=\"width: 31.218%; height: 20px; text-align: center;\">\r\n<p>5 : 2,5 = <strong>2 \u20ac<\/strong><\/p>\r\n<\/td>\r\n<td style=\"width: 26.4102%; height: 20px; text-align: center;\">\r\n<p><strong><span style=\"color: #008000;\">parim<\/span><\/strong><\/p>\r\n<\/td>\r\n<\/tr>\r\n<tr style=\"height: 21px;\">\r\n<td style=\"width: 42.3717%; height: 21px; text-align: center;\"><strong><span style=\"color: #008000;\">500g=0,5kg<\/span><br \/>\r\n<span style=\"color: #008000;\">1,2 \u20ac<\/span><\/strong><\/td>\r\n<td style=\"width: 31.218%; height: 21px; text-align: center;\">1,2 : 0,5 = <strong>2,4\u20ac<\/strong><\/td>\r\n<td style=\"width: 26.4102%; height: 21px; text-align: center;\">x<\/td>\r\n<\/tr>\r\n<\/tbody>\r\n<\/table>\r\n<\/td>\r\n<\/tr>\r\n<\/tbody>\r\n<\/table>\r\n<\/td>\r\n<\/tr>\r\n<\/tbody>\r\n<\/table>\r\n<table style=\"border-collapse: collapse; width: 97.7381%; height: 21px;\">\r\n<tbody>\r\n<tr style=\"height: 21px;\">\r\n<td style=\"width: 50%; height: 21px;\">&nbsp;<\/td>\r\n<td style=\"width: 50%; height: 21px;\">&nbsp;<\/td>\r\n<\/tr>\r\n<\/tbody>\r\n<\/table>\r\n<p style=\"text-align: center;\">&nbsp;<\/p>\r\n<p style=\"text-align: center;\"><span style=\"background-color: #333399; color: #99ccff;\"><strong>\u00d5UNAMAHL<\/strong><\/span><\/p>\r\n\r\n<p>&nbsp;<\/p>\r\n<table style=\"border-collapse: collapse; width: 89.4048%; height: 5px;\">\r\n<tbody>\r\n<tr>\r\n<td style=\"width: 40.8122%;\">\r\n<table style=\"border-collapse: collapse; width: 94.2124%;\">\r\n<tbody>\r\n<tr>\r\n<td style=\"width: 50%;\"><img loading=\"lazy\" decoding=\"async\" class=\"wp-image-3699 aligncenter\" src=\"https:\/\/domath.surju.ee\/wp-content\/uploads\/2024\/08\/apple-cider-6604175_640-300x200.jpg\" alt=\"\" width=\"116\" height=\"77\" srcset=\"https:\/\/domath.surju.ee\/wp-content\/uploads\/2024\/08\/apple-cider-6604175_640-300x200.jpg 300w, https:\/\/domath.surju.ee\/wp-content\/uploads\/2024\/08\/apple-cider-6604175_640-24x16.jpg 24w, https:\/\/domath.surju.ee\/wp-content\/uploads\/2024\/08\/apple-cider-6604175_640-36x24.jpg 36w, https:\/\/domath.surju.ee\/wp-content\/uploads\/2024\/08\/apple-cider-6604175_640-48x32.jpg 48w, https:\/\/domath.surju.ee\/wp-content\/uploads\/2024\/08\/apple-cider-6604175_640.jpg 640w\" sizes=\"auto, (max-width: 116px) 100vw, 116px\" \/><\/td>\r\n<td style=\"width: 45.0632%;\"><img loading=\"lazy\" decoding=\"async\" class=\"wp-image-3700 aligncenter\" src=\"https:\/\/domath.surju.ee\/wp-content\/uploads\/2024\/08\/juice-1584209_640-e1723080929864-237x300.jpg\" alt=\"\" width=\"61\" height=\"77\" srcset=\"https:\/\/domath.surju.ee\/wp-content\/uploads\/2024\/08\/juice-1584209_640-e1723080929864-237x300.jpg 237w, https:\/\/domath.surju.ee\/wp-content\/uploads\/2024\/08\/juice-1584209_640-e1723080929864-19x24.jpg 19w, https:\/\/domath.surju.ee\/wp-content\/uploads\/2024\/08\/juice-1584209_640-e1723080929864-28x36.jpg 28w, https:\/\/domath.surju.ee\/wp-content\/uploads\/2024\/08\/juice-1584209_640-e1723080929864-38x48.jpg 38w, https:\/\/domath.surju.ee\/wp-content\/uploads\/2024\/08\/juice-1584209_640-e1723080929864.jpg 369w\" sizes=\"auto, (max-width: 61px) 100vw, 61px\" \/><\/td>\r\n<\/tr>\r\n<tr>\r\n<td style=\"width: 50%; text-align: center;\"><span style=\"color: #993366;\"><strong>1l<br \/>\r\n<\/strong><strong>1,3\u20ac<\/strong><\/span><\/td>\r\n<td style=\"width: 45.0632%; text-align: center;\"><span style=\"color: #339966;\"><strong>200 ml = 0,2 l <br \/>\r\n&nbsp;0,9\u20ac<\/strong><\/span><\/td>\r\n<\/tr>\r\n<\/tbody>\r\n<\/table>\r\n<\/td>\r\n<td style=\"width: 59.1878%;\">\r\n<table style=\"border-collapse: collapse; width: 112.272%; height: 114px;\">\r\n<tbody>\r\n<tr style=\"height: 21px;\">\r\n<td style=\"width: 36.3453%; height: 21px; text-align: center;\"><span style=\"color: #0000ff;\"><strong>kogus<\/strong><\/span><\/td>\r\n<td style=\"width: 43.2029%; height: 21px; text-align: center;\"><span style=\"color: #0000ff;\"><strong>\u00fchiku hind (k<\/strong><\/span><span style=\"color: #0000ff;\"><strong>g)<\/strong><\/span><\/td>\r\n<td style=\"width: 39.385%; height: 21px; text-align: center;\"><span style=\"color: #0000ff;\"><strong>parim <\/strong><\/span><\/td>\r\n<\/tr>\r\n<tr style=\"height: 20px;\">\r\n<td style=\"width: 36.3453%; height: 20px; text-align: center;\"><span style=\"color: #993366;\"><strong>1l<br \/>\r\n1,3\u20ac<\/strong><\/span><\/td>\r\n<td style=\"width: 43.2029%; height: 20px; text-align: center;\"><strong>1,3\u20ac<\/strong><\/td>\r\n<td style=\"width: 39.385%; height: 20px; text-align: center;\"><strong><span style=\"color: #008000;\">parim<\/span><\/strong><\/td>\r\n<\/tr>\r\n<tr style=\"height: 21px;\">\r\n<td style=\"width: 36.3453%; height: 21px; text-align: center;\"><span style=\"color: #008000;\"><strong>200 ml = 0,2 l<br \/>\r\n<\/strong><strong>0,9\u20ac<\/strong><\/span><\/td>\r\n<td style=\"width: 43.2029%; height: 21px; text-align: center;\">0,9 : 0,2=0,9 *5 <strong>= 4,5\u20ac<\/strong><\/td>\r\n<td style=\"width: 39.385%; height: 21px; text-align: center;\">x<\/td>\r\n<\/tr>\r\n<\/tbody>\r\n<\/table>\r\n<\/td>\r\n<\/tr>\r\n<\/tbody>\r\n<\/table>\r\n","protected":false},"excerpt":{"rendered":"<p>\u00dchiku hind \u00dchiku hind on \u00fche kilogrammi, \u00fche liitri, \u00fche meetri, \u00fche ruutmeetri v\u00f5i \u00fche kuupmeetri hind. \u00dchikuhinnaks v\u00f5ib olla ka t\u00fckihind.&nbsp; &nbsp; \u00dchikuhinna leidmiseks tuleb m\u00fc\u00fcgihind jagada kogusega.&nbsp; N\u00e4ited: \u00d5UNAD 2,5 kg &nbsp;5\u20ac 500g &nbsp; 1,2\u20ac &nbsp; kogus \u00fchiku hind kg parim hind 2,5 kg 5\u20ac 5 : 2,5 = 2 \u20ac parim 500g=0,5kg [&#8230;]<\/p>\n<p><a class=\"btn btn-secondary understrap-read-more-link\" href=\"https:\/\/domath.surju.ee\/et\/uhiku-hind\/\">Read More&#8230;<span class=\"screen-reader-text\"> from \u00dchiku hind<\/span><\/a><\/p>\n","protected":false},"author":12,"featured_media":0,"parent":0,"menu_order":0,"comment_status":"closed","ping_status":"closed","template":"","meta":{"_eb_attr":"","_uag_custom_page_level_css":"","footnotes":""},"categories":[],"tags":[100,127,151],"class_list":["post-3516","page","type-page","status-publish","hentry","tag-english-u","tag-estonian-ue","tag-greek-tau"],"uagb_featured_image_src":{"full":false,"thumbnail":false,"medium":false,"medium_large":false,"large":false,"1536x1536":false,"2048x2048":false,"menu-24x24":false,"menu-36x36":false,"menu-48x48":false},"uagb_author_info":{"display_name":"Ave Kartau","author_link":"https:\/\/domath.surju.ee\/et\/author\/ave\/"},"uagb_comment_info":0,"uagb_excerpt":"\u00dchiku hind \u00dchiku hind on \u00fche kilogrammi, \u00fche liitri, \u00fche meetri, \u00fche ruutmeetri v\u00f5i \u00fche kuupmeetri hind. \u00dchikuhinnaks v\u00f5ib olla ka t\u00fckihind.&nbsp; &nbsp; \u00dchikuhinna leidmiseks tuleb m\u00fc\u00fcgihind jagada kogusega.&nbsp; N\u00e4ited: \u00d5UNAD 2,5 kg &nbsp;5\u20ac 500g &nbsp; 1,2\u20ac &nbsp; kogus \u00fchiku hind kg parim hind 2,5 kg 5\u20ac 5 : 2,5 = 2 \u20ac parim 500g=0,5kg&hellip;","_links":{"self":[{"href":"https:\/\/domath.surju.ee\/et\/wp-json\/wp\/v2\/pages\/3516","targetHints":{"allow":["GET"]}}],"collection":[{"href":"https:\/\/domath.surju.ee\/et\/wp-json\/wp\/v2\/pages"}],"about":[{"href":"https:\/\/domath.surju.ee\/et\/wp-json\/wp\/v2\/types\/page"}],"author":[{"embeddable":true,"href":"https:\/\/domath.surju.ee\/et\/wp-json\/wp\/v2\/users\/12"}],"replies":[{"embeddable":true,"href":"https:\/\/domath.surju.ee\/et\/wp-json\/wp\/v2\/comments?post=3516"}],"version-history":[{"count":24,"href":"https:\/\/domath.surju.ee\/et\/wp-json\/wp\/v2\/pages\/3516\/revisions"}],"predecessor-version":[{"id":3721,"href":"https:\/\/domath.surju.ee\/et\/wp-json\/wp\/v2\/pages\/3516\/revisions\/3721"}],"wp:attachment":[{"href":"https:\/\/domath.surju.ee\/et\/wp-json\/wp\/v2\/media?parent=3516"}],"wp:term":[{"taxonomy":"category","embeddable":true,"href":"https:\/\/domath.surju.ee\/et\/wp-json\/wp\/v2\/categories?post=3516"},{"taxonomy":"post_tag","embeddable":true,"href":"https:\/\/domath.surju.ee\/et\/wp-json\/wp\/v2\/tags?post=3516"}],"curies":[{"name":"wp","href":"https:\/\/api.w.org\/{rel}","templated":true}]}}