{"id":3159,"date":"2024-07-30T10:51:53","date_gmt":"2024-07-30T10:51:53","guid":{"rendered":"https:\/\/domath.surju.ee\/?page_id=3159"},"modified":"2024-12-26T23:22:09","modified_gmt":"2024-12-26T23:22:09","slug":"coordinate-plane","status":"publish","type":"page","link":"https:\/\/domath.surju.ee\/et\/koordinaattasand\/","title":{"rendered":"Koordinaattasand"},"content":{"rendered":"<h1 style=\"text-align: center;\"><span style=\"color: #008000;\">Koordinaattasand<\/span><\/h1>\r\n<p><span style=\"color: #ff0000;\"><strong>&nbsp;<\/strong><\/span><\/p>\r\n<p><strong><span style=\"color: #ff0000;\">Koordinaattasand<\/span><\/strong> on tasand, millel on&nbsp;koordinaatteljestik.&nbsp;Koodinaatteljestik&nbsp;koosneb kahest ristuvast arvteljest.<\/p>\r\n<p><strong><span style=\"color: #ff0000;\">Abstsisstelg&nbsp;ehk&nbsp;<i>x<\/i>\u2013telg<\/span><\/strong>&nbsp;on joonisel positiivse suunaga vasakult paremale, tema koordinaate nimetatakse abstsissideks.<br \/>\r\nPunkti abstsiss n\u00e4itab, kui kaugel asub punkt <i>y<\/i>\u2013teljest.<\/p>\r\n<p><strong><span style=\"color: #ff0000;\">Ordinaattelg&nbsp;ehk&nbsp;<i>y<\/i>\u2013telg<\/span><\/strong> on joonisel positiivse suunaga alt \u00fcles, tema koordinaate nimetatakse ordinaatideks.<br \/>\r\nPunkti ordinaat n\u00e4itab, kui kaugel asub punkt <i>x<\/i>\u2013teljest.<br \/>\r\n<strong>Nende telgede ristumispunkti nimetatakse<\/strong> <strong><span style=\"color: #ff0000;\">koordinaatide alguspunktiks ehk nullpunktiks (0;0).<\/span><\/strong><span style=\"color: #ff0000;\"><strong><br \/>\r\n<\/strong><\/span><br \/>\r\nSelle tasandiosa punktide asukoha m\u00e4\u00e4rab arvupaar (x; y) , seega<strong><span style=\"color: #0000ff;\">&nbsp;A(3, 1).<br \/>\r\n<br \/>\r\n<span style=\"color: #800080;\">Koordinaattasand<\/span><br \/>\r\n<br \/>\r\n<img loading=\"lazy\" decoding=\"async\" class=\"alignnone  wp-image-4927\" src=\"https:\/\/domath.surju.ee\/wp-content\/uploads\/2024\/12\/teljed3-2-300x297.png\" alt=\"\" width=\"329\" height=\"326\" srcset=\"https:\/\/domath.surju.ee\/wp-content\/uploads\/2024\/12\/teljed3-2-300x297.png 300w, https:\/\/domath.surju.ee\/wp-content\/uploads\/2024\/12\/teljed3-2-150x150.png 150w, https:\/\/domath.surju.ee\/wp-content\/uploads\/2024\/12\/teljed3-2-24x24.png 24w, https:\/\/domath.surju.ee\/wp-content\/uploads\/2024\/12\/teljed3-2-36x36.png 36w, https:\/\/domath.surju.ee\/wp-content\/uploads\/2024\/12\/teljed3-2-48x48.png 48w, https:\/\/domath.surju.ee\/wp-content\/uploads\/2024\/12\/teljed3-2.png 459w\" sizes=\"auto, (max-width: 329px) 100vw, 329px\" \/><br \/>\r\n<br \/>\r\n<\/span><\/strong><\/p>\r\n\r\n<div class=\"wp-block-image\">\r\n<figure class=\"aligncenter size-large is-resized\"><img loading=\"lazy\" decoding=\"async\" width=\"1024\" height=\"691\" class=\"wp-image-3162\" style=\"width: 490px; height: auto;\" src=\"https:\/\/domath.surju.ee\/wp-content\/uploads\/2024\/07\/geogebra-export-9_2-1024x691.png\" alt=\"\" srcset=\"https:\/\/domath.surju.ee\/wp-content\/uploads\/2024\/07\/geogebra-export-9_2-1024x691.png 1024w, https:\/\/domath.surju.ee\/wp-content\/uploads\/2024\/07\/geogebra-export-9_2-300x202.png 300w, https:\/\/domath.surju.ee\/wp-content\/uploads\/2024\/07\/geogebra-export-9_2-768x518.png 768w, https:\/\/domath.surju.ee\/wp-content\/uploads\/2024\/07\/geogebra-export-9_2-1536x1037.png 1536w, https:\/\/domath.surju.ee\/wp-content\/uploads\/2024\/07\/geogebra-export-9_2-2048x1382.png 2048w, https:\/\/domath.surju.ee\/wp-content\/uploads\/2024\/07\/geogebra-export-9_2-24x16.png 24w, https:\/\/domath.surju.ee\/wp-content\/uploads\/2024\/07\/geogebra-export-9_2-36x24.png 36w, https:\/\/domath.surju.ee\/wp-content\/uploads\/2024\/07\/geogebra-export-9_2-48x32.png 48w\" sizes=\"auto, (max-width: 1024px) 100vw, 1024px\" \/><\/figure><\/div>\r\n\r\n<hr class=\"wp-block-separator has-alpha-channel-opacity\" \/>\r\n<h5 style=\"text-align: center;\"><span style=\"color: #333399;\">Koordinaatteljed jaotavad tasandi neljaks <span style=\"color: #ff0000;\"><strong>koordinaatveerandiks<\/strong><\/span>:<br \/>\r\nI veerand, II veerand, III veerand, IV veerand.&nbsp;<\/span><\/h5>\r\n<p style=\"text-align: center;\">&nbsp;<\/p>\r\n<p style=\"text-align: center;\"><strong>I veerandil <\/strong> on x ja&nbsp; y v\u00e4\u00e4rtused positiivsed<br \/>\r\n<strong>II veerandil <\/strong> on x v\u00e4\u00e4rtus negatiivne ja y v\u00e4\u00e4rtus positiivne<br \/>\r\n<strong>&nbsp;III veerandil&nbsp;<\/strong> on&nbsp; x ja y v\u00e4\u00e4rtus negatiivne<br \/>\r\n<strong>IV veerandil<\/strong> on&nbsp; x v\u00e4\u00e4rtus positiivne ja y v\u00e4\u00e4rtus negatiivne<\/p>\r\n<div class=\"wp-block-image\">\r\n<figure class=\"aligncenter size-large is-resized\"><img loading=\"lazy\" decoding=\"async\" width=\"1024\" height=\"801\" class=\"wp-image-3165\" style=\"width: 425px; height: auto;\" src=\"https:\/\/domath.surju.ee\/wp-content\/uploads\/2024\/07\/geogebra-export-9_3-1024x801.png\" alt=\"\" srcset=\"https:\/\/domath.surju.ee\/wp-content\/uploads\/2024\/07\/geogebra-export-9_3-1024x801.png 1024w, https:\/\/domath.surju.ee\/wp-content\/uploads\/2024\/07\/geogebra-export-9_3-300x235.png 300w, https:\/\/domath.surju.ee\/wp-content\/uploads\/2024\/07\/geogebra-export-9_3-768x601.png 768w, https:\/\/domath.surju.ee\/wp-content\/uploads\/2024\/07\/geogebra-export-9_3-1536x1202.png 1536w, https:\/\/domath.surju.ee\/wp-content\/uploads\/2024\/07\/geogebra-export-9_3-2048x1603.png 2048w, https:\/\/domath.surju.ee\/wp-content\/uploads\/2024\/07\/geogebra-export-9_3-24x19.png 24w, https:\/\/domath.surju.ee\/wp-content\/uploads\/2024\/07\/geogebra-export-9_3-36x28.png 36w, https:\/\/domath.surju.ee\/wp-content\/uploads\/2024\/07\/geogebra-export-9_3-48x38.png 48w\" sizes=\"auto, (max-width: 1024px) 100vw, 1024px\" \/><\/figure><\/div>\r\n\r\n<hr class=\"wp-block-separator has-alpha-channel-opacity\" \/>\r\n<h5>&nbsp;<\/h5>\r\n<h5>&nbsp;<\/h5>\r\n<h5 style=\"text-align: center;\"><span style=\"color: #99ccff; background-color: #333399;\">V\u00f5imalused koordinaatteljestikku kasutada<\/span><\/h5>\r\n<div class=\"wp-block-image\">\r\n<figure class=\"aligncenter size-full is-resized\"><img loading=\"lazy\" decoding=\"async\" width=\"640\" height=\"340\" class=\"wp-image-3169\" style=\"width: 557px; height: auto;\" src=\"https:\/\/domath.surju.ee\/wp-content\/uploads\/2024\/07\/map-4709863_640.png\" alt=\"\" srcset=\"https:\/\/domath.surju.ee\/wp-content\/uploads\/2024\/07\/map-4709863_640.png 640w, https:\/\/domath.surju.ee\/wp-content\/uploads\/2024\/07\/map-4709863_640-300x159.png 300w, https:\/\/domath.surju.ee\/wp-content\/uploads\/2024\/07\/map-4709863_640-24x13.png 24w, https:\/\/domath.surju.ee\/wp-content\/uploads\/2024\/07\/map-4709863_640-36x19.png 36w, https:\/\/domath.surju.ee\/wp-content\/uploads\/2024\/07\/map-4709863_640-48x26.png 48w\" sizes=\"auto, (max-width: 640px) 100vw, 640px\" \/><\/figure><\/div>\r\n<p style=\"text-align: center;\"><a href=\"https:\/\/pixabay.com\/vectors\/map-antique-line-art-world-ocean-4709863\/\">https:\/\/pixabay.com\/vectors\/map-antique-line-art-world-ocean-4709863\/<\/a><\/p>\r\n\r\n<hr class=\"wp-block-separator has-alpha-channel-opacity\" \/>\r\n<div class=\"wp-block-image\">\r\n<figure class=\"aligncenter size-large is-resized\"><a href=\"https:\/\/www.mathnook.com\/math2\/find-quadrants.html\" target=\"_blank\" rel=\"noreferrer noopener\"><img loading=\"lazy\" decoding=\"async\" width=\"1024\" height=\"582\" class=\"wp-image-3196\" style=\"width: 699px; height: auto;\" src=\"https:\/\/domath.surju.ee\/wp-content\/uploads\/2024\/07\/Kuvatommis-2024-07-30-170423-1024x582.png\" alt=\"\" srcset=\"https:\/\/domath.surju.ee\/wp-content\/uploads\/2024\/07\/Kuvatommis-2024-07-30-170423-1024x582.png 1024w, https:\/\/domath.surju.ee\/wp-content\/uploads\/2024\/07\/Kuvatommis-2024-07-30-170423-300x171.png 300w, https:\/\/domath.surju.ee\/wp-content\/uploads\/2024\/07\/Kuvatommis-2024-07-30-170423-768x437.png 768w, https:\/\/domath.surju.ee\/wp-content\/uploads\/2024\/07\/Kuvatommis-2024-07-30-170423-24x14.png 24w, https:\/\/domath.surju.ee\/wp-content\/uploads\/2024\/07\/Kuvatommis-2024-07-30-170423-36x20.png 36w, https:\/\/domath.surju.ee\/wp-content\/uploads\/2024\/07\/Kuvatommis-2024-07-30-170423-48x27.png 48w, https:\/\/domath.surju.ee\/wp-content\/uploads\/2024\/07\/Kuvatommis-2024-07-30-170423.png 1453w\" sizes=\"auto, (max-width: 1024px) 100vw, 1024px\" \/><\/a><\/figure><\/div>\r\n<p style=\"text-align: center;\"><a href=\"https:\/\/www.mathnook.com\/math2\/find-quadrants.html\">https:\/\/www.mathnook.com\/math2\/find-quadrants.html<\/a><\/p>","protected":false},"excerpt":{"rendered":"<p>Koordinaattasand &nbsp; Koordinaattasand on tasand, millel on&nbsp;koordinaatteljestik.&nbsp;Koodinaatteljestik&nbsp;koosneb kahest ristuvast arvteljest. Abstsisstelg&nbsp;ehk&nbsp;x\u2013telg&nbsp;on joonisel positiivse suunaga vasakult paremale, tema koordinaate nimetatakse abstsissideks. Punkti abstsiss n\u00e4itab, kui kaugel asub punkt y\u2013teljest. Ordinaattelg&nbsp;ehk&nbsp;y\u2013telg on joonisel positiivse suunaga alt \u00fcles, tema koordinaate nimetatakse ordinaatideks. Punkti ordinaat n\u00e4itab, kui kaugel asub punkt x\u2013teljest. Nende telgede ristumispunkti nimetatakse koordinaatide alguspunktiks ehk nullpunktiks [&#8230;]<\/p>\n<p><a class=\"btn btn-secondary understrap-read-more-link\" href=\"https:\/\/domath.surju.ee\/et\/koordinaattasand\/\">Read More&#8230;<span class=\"screen-reader-text\"> from Koordinaattasand<\/span><\/a><\/p>\n","protected":false},"author":2,"featured_media":0,"parent":0,"menu_order":0,"comment_status":"closed","ping_status":"closed","template":"","meta":{"_eb_attr":"","_uag_custom_page_level_css":"","footnotes":""},"categories":[],"tags":[66,76,85,59],"class_list":["post-3159","page","type-page","status-publish","hentry","tag-english-c","tag-estonian-k","tag-greek-epsilon","tag-spanish-p"],"uagb_featured_image_src":{"full":false,"thumbnail":false,"medium":false,"medium_large":false,"large":false,"1536x1536":false,"2048x2048":false,"menu-24x24":false,"menu-36x36":false,"menu-48x48":false},"uagb_author_info":{"display_name":"Signe Reidla","author_link":"https:\/\/domath.surju.ee\/et\/author\/signe\/"},"uagb_comment_info":0,"uagb_excerpt":"Koordinaattasand &nbsp; Koordinaattasand on tasand, millel on&nbsp;koordinaatteljestik.&nbsp;Koodinaatteljestik&nbsp;koosneb kahest ristuvast arvteljest. Abstsisstelg&nbsp;ehk&nbsp;x\u2013telg&nbsp;on joonisel positiivse suunaga vasakult paremale, tema koordinaate nimetatakse abstsissideks. Punkti abstsiss n\u00e4itab, kui kaugel asub punkt y\u2013teljest. Ordinaattelg&nbsp;ehk&nbsp;y\u2013telg on joonisel positiivse suunaga alt \u00fcles, tema koordinaate nimetatakse ordinaatideks. Punkti ordinaat n\u00e4itab, kui kaugel asub punkt x\u2013teljest. Nende telgede ristumispunkti nimetatakse koordinaatide alguspunktiks ehk nullpunktiks&hellip;","_links":{"self":[{"href":"https:\/\/domath.surju.ee\/et\/wp-json\/wp\/v2\/pages\/3159","targetHints":{"allow":["GET"]}}],"collection":[{"href":"https:\/\/domath.surju.ee\/et\/wp-json\/wp\/v2\/pages"}],"about":[{"href":"https:\/\/domath.surju.ee\/et\/wp-json\/wp\/v2\/types\/page"}],"author":[{"embeddable":true,"href":"https:\/\/domath.surju.ee\/et\/wp-json\/wp\/v2\/users\/2"}],"replies":[{"embeddable":true,"href":"https:\/\/domath.surju.ee\/et\/wp-json\/wp\/v2\/comments?post=3159"}],"version-history":[{"count":12,"href":"https:\/\/domath.surju.ee\/et\/wp-json\/wp\/v2\/pages\/3159\/revisions"}],"predecessor-version":[{"id":4351,"href":"https:\/\/domath.surju.ee\/et\/wp-json\/wp\/v2\/pages\/3159\/revisions\/4351"}],"wp:attachment":[{"href":"https:\/\/domath.surju.ee\/et\/wp-json\/wp\/v2\/media?parent=3159"}],"wp:term":[{"taxonomy":"category","embeddable":true,"href":"https:\/\/domath.surju.ee\/et\/wp-json\/wp\/v2\/categories?post=3159"},{"taxonomy":"post_tag","embeddable":true,"href":"https:\/\/domath.surju.ee\/et\/wp-json\/wp\/v2\/tags?post=3159"}],"curies":[{"name":"wp","href":"https:\/\/api.w.org\/{rel}","templated":true}]}}