{"id":24,"date":"2023-08-28T07:40:51","date_gmt":"2023-08-28T07:40:51","guid":{"rendered":"https:\/\/domath.surju.ee\/?page_id=24"},"modified":"2024-12-27T18:59:30","modified_gmt":"2024-12-27T18:59:30","slug":"jagamine","status":"publish","type":"page","link":"https:\/\/domath.surju.ee\/et\/jagamine\/","title":{"rendered":"Jagamine"},"content":{"rendered":"<h1 style=\"text-align: center;\"><strong><span style=\"color: #008000;\">Jagamine<\/span><\/strong><\/h1>\r\n\r\n<p><span class=\"Y2IQFc\" lang=\"en\" style=\"font-family: arial, helvetica, sans-serif;\"><span style=\"color: #ff0000;\"><strong>Jagamine<span style=\"color: #000000;\"> on \u00fcks neljast p\u00f5hitehtest.<br \/>\r\n<br \/>\r\n<span style=\"color: #ff0000;\">Jagamiseks<\/span> <\/span><\/strong><span style=\"color: #000000;\">nimetatakse kahe teguri korrutise ja \u00fche teguri j\u00e4rgi teise teguri leidmist.<\/span><strong><span style=\"color: #000000;\"><br \/>\r\n<br \/>\r\n<\/span><\/strong><span style=\"color: #000000;\">Arvu, mida jagatakse nimetatakse<\/span><strong><span style=\"color: #000000;\"><span style=\"color: #0000ff;\">jagatiseks.<\/span><br \/>\r\n<\/span><\/strong><span style=\"color: #000000;\">Arv, millega jagatakse on<\/span><strong><span style=\"color: #000000;\"><span style=\"color: #008000;\">jagaja.<\/span><br \/>\r\n<\/span><\/strong><span style=\"color: #000000;\">Jagamistehe ja selle tehte vastus on<\/span><strong><span style=\"color: #000000;\"> <span style=\"color: #ff6600;\">jagatis<\/span>.&nbsp;<br \/>\r\nJagamist saab kontrollida korrutamise abil<\/span><\/strong><\/span><\/span><\/p>\r\n<pre class=\"tw-data-text tw-text-large tw-ta\" dir=\"ltr\" data-placeholder=\"Translation\" data-ved=\"2ahUKEwiAkduEx8iKAxXQDRAIHcWQLsYQ3ewLegQIDxAU\" aria-label=\"Translated text: Division is dividing a number into equal parts.\"> <\/pre>\r\n<table style=\"border-collapse: collapse; width: 20.5488%; height: 43px;\">\r\n<tbody>\r\n<tr style=\"height: 21px;\">\r\n<td style=\"width: 6.75214%; height: 21px; text-align: center;\"><span style=\"color: #0000ff;\"><strong>a<\/strong><\/span><\/td>\r\n<td style=\"width: 2.47867%; height: 21px; text-align: center;\"><strong>&nbsp;:&nbsp;&nbsp;<\/strong><\/td>\r\n<td style=\"width: 3.76065%; height: 21px; text-align: center;\"><span style=\"color: #008000;\"><strong>b<\/strong><\/span><\/td>\r\n<td style=\"width: 1.4815%; height: 21px; text-align: center;\"><strong>&nbsp;=&nbsp;&nbsp;<\/strong><\/td>\r\n<td style=\"width: 4.31034%; height: 21px; text-align: center;\"><strong>&nbsp;<span style=\"color: #ff6600;\"> c&nbsp;<\/span>&nbsp;<\/strong><\/td>\r\n<\/tr>\r\n<tr style=\"height: 21px;\">\r\n<td style=\"width: 6.75214%; height: 21px;\"><span class=\"Y2IQFc\" lang=\"en\" style=\"font-family: arial, helvetica, sans-serif;\"><span style=\"color: #ff0000;\"><strong><span style=\"color: #000000;\"><span style=\"color: #008000;\"><span style=\"color: #0000ff;\"><em>jagatav&nbsp;<\/em><\/span><\/span><\/span><\/strong><\/span><\/span><\/td>\r\n<td style=\"width: 2.47867%; height: 21px;\">&nbsp;<\/td>\r\n<td style=\"width: 3.76065%; height: 21px;\"><span class=\"Y2IQFc\" lang=\"en\" style=\"font-family: arial, helvetica, sans-serif;\"><span style=\"color: #ff0000;\"><strong><span style=\"color: #000000;\"><span style=\"color: #008000;\"><em>jagaja<\/em><\/span><\/span><\/strong><\/span><\/span><\/td>\r\n<td style=\"width: 1.4815%; height: 21px;\">&nbsp;<\/td>\r\n<td style=\"width: 4.31034%; height: 21px;\"><span class=\"Y2IQFc\" lang=\"en\" style=\"font-family: arial, helvetica, sans-serif;\"><span style=\"color: #ff0000;\"><strong><span style=\"color: #000000;\"><span style=\"color: #ff6600;\"><em>jagatis<\/em><\/span><\/span><\/strong><\/span><\/span><\/td>\r\n<\/tr>\r\n<\/tbody>\r\n<\/table>\r\n<br \/>\r\n<pre dir=\"ltr\" data-placeholder=\"Translation\" data-ved=\"2ahUKEwiAkduEx8iKAxXQDRAIHcWQLsYQ3ewLegQIDxAU\" aria-label=\"Translated text: Division is dividing a number into equal parts.\"><span style=\"color: #ff6600;\"><strong>a : b<\/strong> <\/span>- <strong><span style=\"color: #ff6600;\">jagatis\r\n<\/span><\/strong>\r\n<strong><span style=\"color: #0000ff;\">N\u00e4ide:\r\n<\/span><\/strong><\/pre>\r\n<table style=\"border-collapse: collapse; width: 83.0916%;\">\r\n<tbody>\r\n<tr>\r\n<td style=\"width: 60.0456%; text-align: center;\"><strong><span style=\"color: #0000ff;\">10<\/span> : <span style=\"color: #008000;\">2<\/span> = <span style=\"color: #ff6600;\">5<br \/>\r\n<\/span><br \/>\r\n<\/strong><strong><span style=\"color: #0000ff;\">10<\/span> on <span class=\"Y2IQFc\" lang=\"en\" style=\"font-family: arial, helvetica, sans-serif;\"><span style=\"color: #ff0000;\"><span style=\"color: #000000;\"><span style=\"color: #008000;\"><span style=\"color: #0000ff;\"><em>jagatav<\/em><\/span><\/span><\/span><\/span><\/span><\/strong><br \/>\r\n<strong><span style=\"color: #008000;\">2<\/span> on <span style=\"color: #008000; font-family: arial, helvetica, sans-serif;\"><i>jagaja<\/i><\/span><\/strong><br \/>\r\n<strong><span style=\"color: #ff6600;\">5<\/span> on <span class=\"Y2IQFc\" lang=\"en\" style=\"font-family: arial, helvetica, sans-serif;\"><span style=\"color: #ff0000;\"><span style=\"color: #000000;\"><span style=\"color: #ff6600;\"><em>jagatis<br \/>\r\n<span style=\"color: #0000ff;\">10<\/span> : <span style=\"color: #008000;\">2 <span style=\"color: #000000;\">on<\/span> <span style=\"color: #ff6600;\">jagatis<\/span><\/span><br \/>\r\n<\/em><\/span><\/span><\/span><\/span><\/strong><\/td>\r\n<td style=\"width: 63.5428%;\">\r\n<p style=\"text-align: center;\"><strong>Kontroll<\/strong><\/p>\r\n<p style=\"text-align: center;\"><strong><span style=\"color: #ff6600;\">5<\/span><\/strong> \u22c5 <strong><span style=\"color: #008000;\">2<\/span><\/strong> = <strong><span style=\"color: #0000ff;\">6<\/span><\/strong><\/p>\r\n<\/td>\r\n<\/tr>\r\n<\/tbody>\r\n<\/table>\r\n<pre class=\"tw-data-text tw-text-large tw-ta\" dir=\"ltr\" data-placeholder=\"Translation\" data-ved=\"2ahUKEwiAkduEx8iKAxXQDRAIHcWQLsYQ3ewLegQIDxAU\" aria-label=\"Translated text: Division is dividing a number into equal parts.\"><span class=\"Y2IQFc\" lang=\"en\" style=\"font-family: arial, helvetica, sans-serif;\"><span style=\"color: #ff0000;\"><strong>\r\n<em>Jagamine<\/em> <span style=\"color: #000000;\">on arvu jaotamine v\u00f5rdseteks osadeks.<\/span> \r\n<\/strong><\/span>\r\n<img loading=\"lazy\" decoding=\"async\" class=\"alignnone  wp-image-5050\" src=\"https:\/\/domath.surju.ee\/wp-content\/uploads\/2024\/12\/Divide20by4-250x300.png\" alt=\"\" width=\"165\" height=\"198\" srcset=\"https:\/\/domath.surju.ee\/wp-content\/uploads\/2024\/12\/Divide20by4-250x300.png 250w, https:\/\/domath.surju.ee\/wp-content\/uploads\/2024\/12\/Divide20by4-20x24.png 20w, https:\/\/domath.surju.ee\/wp-content\/uploads\/2024\/12\/Divide20by4-30x36.png 30w, https:\/\/domath.surju.ee\/wp-content\/uploads\/2024\/12\/Divide20by4-40x48.png 40w, https:\/\/domath.surju.ee\/wp-content\/uploads\/2024\/12\/Divide20by4.png 330w\" sizes=\"auto, (max-width: 165px) 100vw, 165px\" \/>\r\n<\/span><\/pre>\r\n<pre id=\"tw-target-text\" class=\"tw-data-text tw-text-large tw-ta\" dir=\"ltr\" data-placeholder=\"Translation\" data-ved=\"2ahUKEwiAkduEx8iKAxXQDRAIHcWQLsYQ3ewLegQIDxAU\" aria-label=\"Translated text: K\u00fcmme jagatud kahega v\u00f5rdub viiega.\"><span class=\"Y2IQFc\" lang=\"et\">K\u00fcmme \u00f5una jagatud kahega v\u00f5rdub viis.<\/span><\/pre>\r\n<pre id=\"tw-target-text\" class=\"tw-data-text tw-text-large tw-ta\" dir=\"ltr\" data-placeholder=\"Translation\" data-ved=\"2ahUKEwiAkduEx8iKAxXQDRAIHcWQLsYQ3ewLegQIDxAU\" aria-label=\"Translated text: Division is dividing a number into equal parts.\"><span class=\"Y2IQFc\" lang=\"en\" style=\"font-family: arial, helvetica, sans-serif;\">. \r\n<\/span><\/pre>\r\n<pre id=\"tw-target-text\" class=\"tw-data-text tw-text-large tw-ta\" dir=\"ltr\" data-placeholder=\"Translation\" data-ved=\"2ahUKEwiAkduEx8iKAxXQDRAIHcWQLsYQ3ewLegQIDxAU\" aria-label=\"Translated text: Dividing numbers\"><span style=\"color: #008000;\"><strong><span class=\"Y2IQFc\" lang=\"en\">Arvude jagamise visualiseerimine<\/span><\/strong><\/span><\/pre>\r\n<p> <iframe loading=\"lazy\" style=\"border: 0px;\" title=\"Division (visual)\" src=\"https:\/\/www.geogebra.org\/material\/iframe\/id\/wqzn8m8p\/width\/826\/height\/556\/border\/888888\/sfsb\/true\/smb\/false\/stb\/false\/stbh\/false\/ai\/false\/asb\/false\/sri\/false\/rc\/false\/ld\/false\/sdz\/false\/ctl\/false\" width=\"600px\" height=\"400px\" scrolling=\"no\" data-mce-fragment=\"1\"> <\/iframe> \r\n<\/p>\r\n<p>&nbsp;<\/p>\r\n<p><\/p>\r\n<p><span class=\"tc-neutral-700 mr-1\">Author:<\/span><a class=\"ggb-purple-text\" href=\"https:\/\/www.geogebra.org\/u\/johnnyulb\">John Ulbright<\/a><\/p>\r\n\r\n<pre class=\"tw-data-text tw-text-large tw-ta\" dir=\"ltr\" data-placeholder=\"Translation\" data-ved=\"2ahUKEwiAkduEx8iKAxXQDRAIHcWQLsYQ3ewLegQIDxAU\" aria-label=\"Translated text: Division is dividing a number into equal parts.\">&nbsp;<\/pre>","protected":false},"excerpt":{"rendered":"<p>Jagamine Jagamine on \u00fcks neljast p\u00f5hitehtest. Jagamiseks nimetatakse kahe teguri korrutise ja \u00fche teguri j\u00e4rgi teise teguri leidmist. Arvu, mida jagatakse nimetataksejagatiseks. Arv, millega jagatakse onjagaja. Jagamistehe ja selle tehte vastus on jagatis.&nbsp; Jagamist saab kontrollida korrutamise abil a &nbsp;:&nbsp;&nbsp; b &nbsp;=&nbsp;&nbsp; &nbsp; c&nbsp;&nbsp; jagatav&nbsp; &nbsp; jagaja &nbsp; jagatis a : b &#8211; jagatis N\u00e4ide: [&#8230;]<\/p>\n<p><a class=\"btn btn-secondary understrap-read-more-link\" href=\"https:\/\/domath.surju.ee\/et\/jagamine\/\">Read More&#8230;<span class=\"screen-reader-text\"> from Jagamine<\/span><\/a><\/p>\n","protected":false},"author":1,"featured_media":0,"parent":0,"menu_order":0,"comment_status":"closed","ping_status":"closed","template":"","meta":{"_eb_attr":"","_uag_custom_page_level_css":"","footnotes":""},"categories":[],"tags":[12,5,74],"class_list":["post-24","page","type-page","status-publish","hentry","tag-english-d","tag-estonian-j","tag-greek-delta"],"uagb_featured_image_src":{"full":false,"thumbnail":false,"medium":false,"medium_large":false,"large":false,"1536x1536":false,"2048x2048":false,"menu-24x24":false,"menu-36x36":false,"menu-48x48":false},"uagb_author_info":{"display_name":"valter","author_link":"https:\/\/domath.surju.ee\/et\/author\/valter\/"},"uagb_comment_info":0,"uagb_excerpt":"Jagamine Jagamine on \u00fcks neljast p\u00f5hitehtest. Jagamiseks nimetatakse kahe teguri korrutise ja \u00fche teguri j\u00e4rgi teise teguri leidmist. Arvu, mida jagatakse nimetataksejagatiseks. Arv, millega jagatakse onjagaja. Jagamistehe ja selle tehte vastus on jagatis.&nbsp; Jagamist saab kontrollida korrutamise abil a &nbsp;:&nbsp;&nbsp; b &nbsp;=&nbsp;&nbsp; &nbsp; c&nbsp;&nbsp; jagatav&nbsp; &nbsp; jagaja &nbsp; jagatis a : b - jagatis N\u00e4ide:&hellip;","_links":{"self":[{"href":"https:\/\/domath.surju.ee\/et\/wp-json\/wp\/v2\/pages\/24","targetHints":{"allow":["GET"]}}],"collection":[{"href":"https:\/\/domath.surju.ee\/et\/wp-json\/wp\/v2\/pages"}],"about":[{"href":"https:\/\/domath.surju.ee\/et\/wp-json\/wp\/v2\/types\/page"}],"author":[{"embeddable":true,"href":"https:\/\/domath.surju.ee\/et\/wp-json\/wp\/v2\/users\/1"}],"replies":[{"embeddable":true,"href":"https:\/\/domath.surju.ee\/et\/wp-json\/wp\/v2\/comments?post=24"}],"version-history":[{"count":15,"href":"https:\/\/domath.surju.ee\/et\/wp-json\/wp\/v2\/pages\/24\/revisions"}],"predecessor-version":[{"id":5053,"href":"https:\/\/domath.surju.ee\/et\/wp-json\/wp\/v2\/pages\/24\/revisions\/5053"}],"wp:attachment":[{"href":"https:\/\/domath.surju.ee\/et\/wp-json\/wp\/v2\/media?parent=24"}],"wp:term":[{"taxonomy":"category","embeddable":true,"href":"https:\/\/domath.surju.ee\/et\/wp-json\/wp\/v2\/categories?post=24"},{"taxonomy":"post_tag","embeddable":true,"href":"https:\/\/domath.surju.ee\/et\/wp-json\/wp\/v2\/tags?post=24"}],"curies":[{"name":"wp","href":"https:\/\/api.w.org\/{rel}","templated":true}]}}