{"id":2394,"date":"2024-07-09T05:45:55","date_gmt":"2024-07-09T05:45:55","guid":{"rendered":"https:\/\/domath.surju.ee\/?page_id=2394"},"modified":"2025-01-02T19:48:14","modified_gmt":"2025-01-02T19:48:14","slug":"obtuse-angle-copy","status":"publish","type":"page","link":"https:\/\/domath.surju.ee\/et\/nurinurk\/","title":{"rendered":"N\u00fcrinurk"},"content":{"rendered":"<h1 style=\"text-align: center;\"><span style=\"color: #008000;\"><strong>N\u00fcrinurk<\/strong><\/span><\/h1>\r\n<p><\/p>\r\n<p class=\"has-medium-font-size\"><span style=\"color: #ff0000;\"><b>N\u00fcrinurk<\/b><\/span> on nurk, mis&nbsp;on suurem kui 90\u00b0 ja v\u00e4iksem kui 180\u00b0. <br \/>\r\n<strong>N\u00fcrinurk<\/strong> on suurem kui t\u00e4isnurk ja v\u00e4iksem kui sirgnurk.&nbsp;\r\n<\/p>\r\n<p class=\"has-medium-font-size\"><strong>N\u00fcrinurk<\/strong> n\u00e4eb v\u00e4lja selline:<br \/>\r\n<br \/>\r\n<\/p>\r\n<p><img loading=\"lazy\" decoding=\"async\" width=\"150\" height=\"137\" class=\"wp-image-2385\" style=\"width: 150px;\" src=\"https:\/\/domath.surju.ee\/wp-content\/uploads\/2024\/07\/obtuse_angle-removebg-preview.png\" alt=\"\" srcset=\"https:\/\/domath.surju.ee\/wp-content\/uploads\/2024\/07\/obtuse_angle-removebg-preview.png 298w, https:\/\/domath.surju.ee\/wp-content\/uploads\/2024\/07\/obtuse_angle-removebg-preview-24x22.png 24w, https:\/\/domath.surju.ee\/wp-content\/uploads\/2024\/07\/obtuse_angle-removebg-preview-36x33.png 36w, https:\/\/domath.surju.ee\/wp-content\/uploads\/2024\/07\/obtuse_angle-removebg-preview-48x44.png 48w\" sizes=\"auto, (max-width: 150px) 100vw, 150px\" \/>\r\n<\/p>\r\n<p class=\"has-medium-font-size\"><br \/>\r\nSiin sa v\u00f5id Geogebra abil joonestada erinevaid nurkasid:&nbsp;<br \/>\r\n<a href=\"https:\/\/www.geogebra.org\/m\/scavsujt\">https:\/\/www.geogebra.org\/m\/scavsujt<\/a><br \/>\r\n<br \/>\r\n<br \/>\r\n<iframe loading=\"lazy\" style=\"border: 0px;\" title=\"N\u00fcrinurga joonestamine\" src=\"https:\/\/www.geogebra.org\/material\/iframe\/id\/mtd2fvmy\/width\/1000\/height\/689\/border\/888888\/sfsb\/true\/smb\/false\/stb\/false\/stbh\/false\/ai\/false\/asb\/false\/sri\/false\/rc\/false\/ld\/false\/sdz\/false\/ctl\/false\" width=\"600px\" height=\"400px\" scrolling=\"no\"> <\/iframe><\/p>\r\n<p><\/p>","protected":false},"excerpt":{"rendered":"<p>N\u00fcrinurk N\u00fcrinurk on nurk, mis&nbsp;on suurem kui 90\u00b0 ja v\u00e4iksem kui 180\u00b0. N\u00fcrinurk on suurem kui t\u00e4isnurk ja v\u00e4iksem kui sirgnurk.&nbsp; N\u00fcrinurk n\u00e4eb v\u00e4lja selline: Siin sa v\u00f5id Geogebra abil joonestada erinevaid nurkasid:&nbsp; https:\/\/www.geogebra.org\/m\/scavsujt [&#8230;]<\/p>\n<p><a class=\"btn btn-secondary understrap-read-more-link\" href=\"https:\/\/domath.surju.ee\/et\/nurinurk\/\">Read More&#8230;<span class=\"screen-reader-text\"> from N\u00fcrinurk<\/span><\/a><\/p>\n","protected":false},"author":4,"featured_media":0,"parent":0,"menu_order":0,"comment_status":"closed","ping_status":"closed","template":"","meta":{"_eb_attr":"","_uag_custom_page_level_css":"","footnotes":""},"categories":[],"tags":[98,79,86,135],"class_list":["post-2394","page","type-page","status-publish","hentry","tag-english-o","tag-estonian-n","tag-greek-alpha","tag-spanish-t"],"uagb_featured_image_src":{"full":false,"thumbnail":false,"medium":false,"medium_large":false,"large":false,"1536x1536":false,"2048x2048":false,"menu-24x24":false,"menu-36x36":false,"menu-48x48":false},"uagb_author_info":{"display_name":"Thomi Anagrostou","author_link":"https:\/\/domath.surju.ee\/et\/author\/thomi\/"},"uagb_comment_info":0,"uagb_excerpt":"N\u00fcrinurk N\u00fcrinurk on nurk, mis&nbsp;on suurem kui 90\u00b0 ja v\u00e4iksem kui 180\u00b0. N\u00fcrinurk on suurem kui t\u00e4isnurk ja v\u00e4iksem kui sirgnurk.&nbsp; N\u00fcrinurk n\u00e4eb v\u00e4lja selline: Siin sa v\u00f5id Geogebra abil joonestada erinevaid nurkasid:&nbsp; https:\/\/www.geogebra.org\/m\/scavsujt [...]Read More... from N\u00fcrinurk","_links":{"self":[{"href":"https:\/\/domath.surju.ee\/et\/wp-json\/wp\/v2\/pages\/2394","targetHints":{"allow":["GET"]}}],"collection":[{"href":"https:\/\/domath.surju.ee\/et\/wp-json\/wp\/v2\/pages"}],"about":[{"href":"https:\/\/domath.surju.ee\/et\/wp-json\/wp\/v2\/types\/page"}],"author":[{"embeddable":true,"href":"https:\/\/domath.surju.ee\/et\/wp-json\/wp\/v2\/users\/4"}],"replies":[{"embeddable":true,"href":"https:\/\/domath.surju.ee\/et\/wp-json\/wp\/v2\/comments?post=2394"}],"version-history":[{"count":4,"href":"https:\/\/domath.surju.ee\/et\/wp-json\/wp\/v2\/pages\/2394\/revisions"}],"predecessor-version":[{"id":5197,"href":"https:\/\/domath.surju.ee\/et\/wp-json\/wp\/v2\/pages\/2394\/revisions\/5197"}],"wp:attachment":[{"href":"https:\/\/domath.surju.ee\/et\/wp-json\/wp\/v2\/media?parent=2394"}],"wp:term":[{"taxonomy":"category","embeddable":true,"href":"https:\/\/domath.surju.ee\/et\/wp-json\/wp\/v2\/categories?post=2394"},{"taxonomy":"post_tag","embeddable":true,"href":"https:\/\/domath.surju.ee\/et\/wp-json\/wp\/v2\/tags?post=2394"}],"curies":[{"name":"wp","href":"https:\/\/api.w.org\/{rel}","templated":true}]}}