{"id":2344,"date":"2024-07-03T21:01:37","date_gmt":"2024-07-03T21:01:37","guid":{"rendered":"https:\/\/domath.surju.ee\/?page_id=2344"},"modified":"2025-01-02T19:49:49","modified_gmt":"2025-01-02T19:49:49","slug":"plus","status":"publish","type":"page","link":"https:\/\/domath.surju.ee\/et\/pluss\/","title":{"rendered":"Pluss"},"content":{"rendered":"<h1 style=\"text-align: center;\"><span style=\"color: #008000;\"><strong>Pluss<\/strong><\/span><\/h1>\r\n\r\n<div class=\"guten-element gutenverse-text-editor guten-2Q0Zxg\">\r\n<div class=\"text-content-inner\">\r\n<p class=\"has-medium-font-size\"><mark>A.<\/mark> <strong><span style=\"color: #ff0000;\">Plussi<\/span> <\/strong>ehk plussm\u00e4rki<mark class=\"has-inline-color has-red-color\" style=\"background-color: rgba(0, 0, 0, 0);\">&nbsp;<strong>+<\/strong><\/mark> kasutatakse liitmise t\u00e4histamiseks.&nbsp;<\/p>\r\n\r\n\r\n<p class=\"has-medium-font-size\"><span style=\"color: #0000ff;\"><strong>N\u00e4ide:&nbsp;<\/strong><\/span><\/p>\r\n\r\n<div class=\"wp-block-image\">\r\n<figure class=\"alignleft size-full is-resized\"><img loading=\"lazy\" decoding=\"async\" width=\"188\" height=\"53\" class=\"wp-image-2370\" style=\"width: 270px; height: auto;\" src=\"https:\/\/domath.surju.ee\/wp-content\/uploads\/2024\/07\/2plus_3-removebg-preview.png\" alt=\"\" srcset=\"https:\/\/domath.surju.ee\/wp-content\/uploads\/2024\/07\/2plus_3-removebg-preview.png 188w, https:\/\/domath.surju.ee\/wp-content\/uploads\/2024\/07\/2plus_3-removebg-preview-24x7.png 24w, https:\/\/domath.surju.ee\/wp-content\/uploads\/2024\/07\/2plus_3-removebg-preview-36x10.png 36w, https:\/\/domath.surju.ee\/wp-content\/uploads\/2024\/07\/2plus_3-removebg-preview-48x14.png 48w\" sizes=\"auto, (max-width: 188px) 100vw, 188px\" \/><\/figure><\/div><\/div>\r\n<\/div>\r\n\r\n\r\n<figure class=\"wp-block-image size-full is-resized\"><img loading=\"lazy\" decoding=\"async\" width=\"328\" height=\"81\" class=\"wp-image-2357\" style=\"width: 279px; height: auto;\" src=\"https:\/\/domath.surju.ee\/wp-content\/uploads\/2024\/07\/plus1-removebg-preview.png\" alt=\"\" srcset=\"https:\/\/domath.surju.ee\/wp-content\/uploads\/2024\/07\/plus1-removebg-preview.png 328w, https:\/\/domath.surju.ee\/wp-content\/uploads\/2024\/07\/plus1-removebg-preview-300x74.png 300w, https:\/\/domath.surju.ee\/wp-content\/uploads\/2024\/07\/plus1-removebg-preview-24x6.png 24w, https:\/\/domath.surju.ee\/wp-content\/uploads\/2024\/07\/plus1-removebg-preview-36x9.png 36w, https:\/\/domath.surju.ee\/wp-content\/uploads\/2024\/07\/plus1-removebg-preview-48x12.png 48w\" sizes=\"auto, (max-width: 328px) 100vw, 328px\" \/><\/figure>\r\n\r\n\r\n<p><i>Kaks pluss kolm on v\u00f5rdne viiega.&nbsp;<br \/>\r\n<br \/>\r\n<\/i><\/p>\r\n\r\n\r\n<div class=\"guten-element gutenverse-text-editor guten-gjV7f8\">\r\n<div class=\"text-content-inner\">\r\n<p class=\"has-medium-font-size\"><mark>B.<\/mark> Plussm\u00e4rk t\u00e4histab ka positiivseid arve. Need on nullist suuremad arvud.&nbsp;<\/p>\r\n\r\n\r\n<figure class=\"wp-block-image size-full\"><img loading=\"lazy\" decoding=\"async\" width=\"465\" height=\"141\" class=\"wp-image-2364\" src=\"https:\/\/domath.surju.ee\/wp-content\/uploads\/2024\/07\/plus2-removebg-preview-2.png\" alt=\"\" srcset=\"https:\/\/domath.surju.ee\/wp-content\/uploads\/2024\/07\/plus2-removebg-preview-2.png 465w, https:\/\/domath.surju.ee\/wp-content\/uploads\/2024\/07\/plus2-removebg-preview-2-300x91.png 300w, https:\/\/domath.surju.ee\/wp-content\/uploads\/2024\/07\/plus2-removebg-preview-2-24x7.png 24w, https:\/\/domath.surju.ee\/wp-content\/uploads\/2024\/07\/plus2-removebg-preview-2-36x11.png 36w, https:\/\/domath.surju.ee\/wp-content\/uploads\/2024\/07\/plus2-removebg-preview-2-48x15.png 48w\" sizes=\"auto, (max-width: 465px) 100vw, 465px\" \/><\/figure>\r\n\r\n\t\t\t\t\t<!-- Configure your Spectra Image Gallery -->\n\t\t\t\t\t<\/div>\r\n<\/div>\r\n","protected":false},"excerpt":{"rendered":"<p>Pluss A. Plussi ehk plussm\u00e4rki&nbsp;+ kasutatakse liitmise t\u00e4histamiseks.&nbsp; N\u00e4ide:&nbsp; Kaks pluss kolm on v\u00f5rdne viiega.&nbsp; B. Plussm\u00e4rk t\u00e4histab ka positiivseid arve. Need on nullist suuremad arvud.&nbsp; [&#8230;]<\/p>\n<p><a class=\"btn btn-secondary understrap-read-more-link\" href=\"https:\/\/domath.surju.ee\/et\/pluss\/\">Read More&#8230;<span class=\"screen-reader-text\"> from Pluss<\/span><\/a><\/p>\n","protected":false},"author":4,"featured_media":0,"parent":0,"menu_order":0,"comment_status":"closed","ping_status":"closed","template":"","meta":{"_eb_attr":"","_uag_custom_page_level_css":"","footnotes":""},"categories":[],"tags":[58,57,150,78],"class_list":["post-2344","page","type-page","status-publish","hentry","tag-english-p","tag-estonian-p","tag-greek-sigma","tag-spanish-m"],"uagb_featured_image_src":{"full":false,"thumbnail":false,"medium":false,"medium_large":false,"large":false,"1536x1536":false,"2048x2048":false,"menu-24x24":false,"menu-36x36":false,"menu-48x48":false},"uagb_author_info":{"display_name":"Thomi Anagrostou","author_link":"https:\/\/domath.surju.ee\/et\/author\/thomi\/"},"uagb_comment_info":0,"uagb_excerpt":"Pluss A. Plussi ehk plussm\u00e4rki&nbsp;+ kasutatakse liitmise t\u00e4histamiseks.&nbsp; N\u00e4ide:&nbsp; Kaks pluss kolm on v\u00f5rdne viiega.&nbsp; B. Plussm\u00e4rk t\u00e4histab ka positiivseid arve. Need on nullist suuremad arvud.&nbsp; [...]Read More... from Pluss","_links":{"self":[{"href":"https:\/\/domath.surju.ee\/et\/wp-json\/wp\/v2\/pages\/2344","targetHints":{"allow":["GET"]}}],"collection":[{"href":"https:\/\/domath.surju.ee\/et\/wp-json\/wp\/v2\/pages"}],"about":[{"href":"https:\/\/domath.surju.ee\/et\/wp-json\/wp\/v2\/types\/page"}],"author":[{"embeddable":true,"href":"https:\/\/domath.surju.ee\/et\/wp-json\/wp\/v2\/users\/4"}],"replies":[{"embeddable":true,"href":"https:\/\/domath.surju.ee\/et\/wp-json\/wp\/v2\/comments?post=2344"}],"version-history":[{"count":14,"href":"https:\/\/domath.surju.ee\/et\/wp-json\/wp\/v2\/pages\/2344\/revisions"}],"predecessor-version":[{"id":4229,"href":"https:\/\/domath.surju.ee\/et\/wp-json\/wp\/v2\/pages\/2344\/revisions\/4229"}],"wp:attachment":[{"href":"https:\/\/domath.surju.ee\/et\/wp-json\/wp\/v2\/media?parent=2344"}],"wp:term":[{"taxonomy":"category","embeddable":true,"href":"https:\/\/domath.surju.ee\/et\/wp-json\/wp\/v2\/categories?post=2344"},{"taxonomy":"post_tag","embeddable":true,"href":"https:\/\/domath.surju.ee\/et\/wp-json\/wp\/v2\/tags?post=2344"}],"curies":[{"name":"wp","href":"https:\/\/api.w.org\/{rel}","templated":true}]}}