{"id":2342,"date":"2024-07-03T21:00:51","date_gmt":"2024-07-03T21:00:51","guid":{"rendered":"https:\/\/domath.surju.ee\/?page_id=2342"},"modified":"2024-12-30T17:24:40","modified_gmt":"2024-12-30T17:24:40","slug":"plane-plane-shapes","status":"publish","type":"page","link":"https:\/\/domath.surju.ee\/et\/tasandilised-kujundid\/","title":{"rendered":"Tasand, tasandilised kujundid"},"content":{"rendered":"<h1 style=\"text-align: center;\"><span style=\"color: #008000;\"><strong>Tasand, tasandilised kujundid<\/strong><\/span><\/h1>\r\n<p><\/p>\r\n<p class=\"has-medium-font-size\"><strong>Tasand ehk tasapind <\/strong>on kahem\u00f5\u00f5tmeline eukleidiline ruum.<br \/>\r\nTasapind t\u00e4hendab tasast pinda.&nbsp;<strong><br \/>\r\nTasandilistel kujunditel <\/strong>on kaks m\u00f5\u00f5det: pikkus ja laius.&nbsp;<br \/>\r\n<strong>Tasandilised kujundid <\/strong>on n\u00e4iteks ristk\u00fclik, kolmnurk, ring, ringjoon, sirge, sirgl\u00f5ik, murdjoon,&nbsp; kiir,&nbsp; hulknurgad.\r\n<\/p>\r\n<p style=\"font-size: 18px;\"><span style=\"color: #0000ff;\"><strong>N\u00e4ited: <\/strong><\/span>\r\n<\/p>\r\n<figure class=\"wp-block-image aligncenter size-full is-resized\"><img loading=\"lazy\" decoding=\"async\" width=\"624\" height=\"253\" class=\"wp-image-2785\" style=\"width: 624px; height: auto;\" src=\"https:\/\/domath.surju.ee\/wp-content\/uploads\/2024\/07\/plane_shapes-transparent.png\" alt=\"\" srcset=\"https:\/\/domath.surju.ee\/wp-content\/uploads\/2024\/07\/plane_shapes-transparent.png 624w, https:\/\/domath.surju.ee\/wp-content\/uploads\/2024\/07\/plane_shapes-transparent-300x122.png 300w, https:\/\/domath.surju.ee\/wp-content\/uploads\/2024\/07\/plane_shapes-transparent-24x10.png 24w, https:\/\/domath.surju.ee\/wp-content\/uploads\/2024\/07\/plane_shapes-transparent-36x15.png 36w, https:\/\/domath.surju.ee\/wp-content\/uploads\/2024\/07\/plane_shapes-transparent-48x19.png 48w\" sizes=\"auto, (max-width: 624px) 100vw, 624px\" \/><\/figure>\r\n<p><br \/>\r\n<\/p>\r\n<div class=\"wp-block-gutenverse-divider guten-element guten-divider guten-WmpGcy\">\r\n<div class=\"guten-divider-wrapper\">\r\n<div class=\"guten-divider-default guten-divider-line guten-divider-regular\">&nbsp;<\/div>\r\n<\/div>\r\n<\/div>\r\n<p><br \/>\r\n<\/p>\r\n<figure class=\"guten-element guten-video guten-lSKATi\">\r\n<div class=\"guten-video-wrapper\" data-property=\"{&quot;url&quot;:&quot;&lt;iframe width=\\&quot;560\\&quot; height=\\&quot;315\\&quot; src=\\&quot;https:\/\/www.youtube.com\/embed\/4tkRwMHu9NQ?si=beX6FiK9C3xEzDoU\\&quot; title=\\&quot;YouTube video player\\&quot; frameborder=\\&quot;0\\&quot; allow=\\&quot;accelerometer; autoplay; clipboard-write; encrypted-media; gyroscope; picture-in-picture; web-share\\&quot; referrerpolicy=\\&quot;strict-origin-when-cross-origin\\&quot; allowfullscreen&gt;&lt;\/iframe&gt;&quot;,&quot;class&quot;:&quot;guten-video-background&quot;,&quot;width&quot;:&quot;100%&quot;,&quot;height&quot;:&quot;500px&quot;,&quot;controls&quot;:true,&quot;playsinline&quot;:true,&quot;style&quot;:{},&quot;config&quot;:{&quot;youtube&quot;:{&quot;playerVars&quot;:{}}}}\">&nbsp;<\/div>\r\n<\/figure>\r\n<p><\/p>","protected":false},"excerpt":{"rendered":"<p>Tasand, tasandilised kujundid Tasand ehk tasapind on kahem\u00f5\u00f5tmeline eukleidiline ruum. Tasapind t\u00e4hendab tasast pinda.&nbsp; Tasandilistel kujunditel on kaks m\u00f5\u00f5det: pikkus ja laius.&nbsp; Tasandilised kujundid on n\u00e4iteks ristk\u00fclik, kolmnurk, ring, ringjoon, sirge, sirgl\u00f5ik, murdjoon,&nbsp; kiir,&nbsp; hulknurgad. N\u00e4ited: &nbsp; &nbsp; [&#8230;]<\/p>\n<p><a class=\"btn btn-secondary understrap-read-more-link\" href=\"https:\/\/domath.surju.ee\/et\/tasandilised-kujundid\/\">Read More&#8230;<span class=\"screen-reader-text\"> from Tasand, tasandilised kujundid<\/span><\/a><\/p>\n","protected":false},"author":4,"featured_media":0,"parent":0,"menu_order":0,"comment_status":"closed","ping_status":"closed","template":"","meta":{"_eb_attr":"","_uag_custom_page_level_css":"","footnotes":""},"categories":[],"tags":[58,40,85,59],"class_list":["post-2342","page","type-page","status-publish","hentry","tag-english-p","tag-estonian-t","tag-greek-epsilon","tag-spanish-p"],"uagb_featured_image_src":{"full":false,"thumbnail":false,"medium":false,"medium_large":false,"large":false,"1536x1536":false,"2048x2048":false,"menu-24x24":false,"menu-36x36":false,"menu-48x48":false},"uagb_author_info":{"display_name":"Thomi Anagrostou","author_link":"https:\/\/domath.surju.ee\/et\/author\/thomi\/"},"uagb_comment_info":0,"uagb_excerpt":"Tasand, tasandilised kujundid Tasand ehk tasapind on kahem\u00f5\u00f5tmeline eukleidiline ruum. Tasapind t\u00e4hendab tasast pinda.&nbsp; Tasandilistel kujunditel on kaks m\u00f5\u00f5det: pikkus ja laius.&nbsp; Tasandilised kujundid on n\u00e4iteks ristk\u00fclik, kolmnurk, ring, ringjoon, sirge, sirgl\u00f5ik, murdjoon,&nbsp; kiir,&nbsp; hulknurgad. N\u00e4ited: &nbsp; &nbsp; [...]Read More... from Tasand, tasandilised kujundid","_links":{"self":[{"href":"https:\/\/domath.surju.ee\/et\/wp-json\/wp\/v2\/pages\/2342","targetHints":{"allow":["GET"]}}],"collection":[{"href":"https:\/\/domath.surju.ee\/et\/wp-json\/wp\/v2\/pages"}],"about":[{"href":"https:\/\/domath.surju.ee\/et\/wp-json\/wp\/v2\/types\/page"}],"author":[{"embeddable":true,"href":"https:\/\/domath.surju.ee\/et\/wp-json\/wp\/v2\/users\/4"}],"replies":[{"embeddable":true,"href":"https:\/\/domath.surju.ee\/et\/wp-json\/wp\/v2\/comments?post=2342"}],"version-history":[{"count":6,"href":"https:\/\/domath.surju.ee\/et\/wp-json\/wp\/v2\/pages\/2342\/revisions"}],"predecessor-version":[{"id":5240,"href":"https:\/\/domath.surju.ee\/et\/wp-json\/wp\/v2\/pages\/2342\/revisions\/5240"}],"wp:attachment":[{"href":"https:\/\/domath.surju.ee\/et\/wp-json\/wp\/v2\/media?parent=2342"}],"wp:term":[{"taxonomy":"category","embeddable":true,"href":"https:\/\/domath.surju.ee\/et\/wp-json\/wp\/v2\/categories?post=2342"},{"taxonomy":"post_tag","embeddable":true,"href":"https:\/\/domath.surju.ee\/et\/wp-json\/wp\/v2\/tags?post=2342"}],"curies":[{"name":"wp","href":"https:\/\/api.w.org\/{rel}","templated":true}]}}