{"id":2340,"date":"2024-07-03T21:00:20","date_gmt":"2024-07-03T21:00:20","guid":{"rendered":"https:\/\/domath.surju.ee\/?page_id=2340"},"modified":"2025-01-02T19:49:41","modified_gmt":"2025-01-02T19:49:41","slug":"pie-graph-or-chart","status":"publish","type":"page","link":"https:\/\/domath.surju.ee\/et\/sektordiagramm\/","title":{"rendered":"Sektordiagramm"},"content":{"rendered":"<h1 style=\"text-align: center;\"><span style=\"color: #008000;\"><strong>Sektordiagramm<\/strong><\/span><\/h1>\r\n<p><\/p>\r\n<p class=\"has-medium-font-size\"><span style=\"color: #ff0000;\"><strong>Sektordiagramm<\/strong><\/span> on diagramm, milles arve kujutavad ringi sektorid. <br \/>\r\n<strong>Sektordiagrammi<\/strong> kasutatakse peamiselt protsentide kujutamiseks.<br \/>\r\nKui joonestada ringile kaks raadiust, jagavad need ringi kaheks osaks. M\u00f5lemat osa nimetatakse ringi sektoriks.<br \/>\r\nRing moodustab t\u00e4isp\u00f6\u00f6rde. <strong>T\u00e4isp\u00f6\u00f6re on 360 kraadi.<\/strong><br \/>\r\nOsa ringist saame v\u00e4ljendada protsentides.<br \/>\r\n1%-le t\u00e4isp\u00f6\u00f6rdest vastab 360\u00b0 : 100 = 3,6\u00b0<\/p>\r\n<p class=\"has-medium-font-size\">\r\n<\/p>\r\n<hr class=\"wp-block-separator has-alpha-channel-opacity\" \/>\r\n<p class=\"has-medium-font-size\">\r\n<\/p>\r\n<p><span style=\"color: #0000ff;\"><strong><em>N\u00e4ide:<\/em><\/strong><\/span><em> Joonisel olev sektordiagramm kujutab 50 lapse lemmikspordiala.&nbsp;<br \/>\r\n12% \u00f5pilastest tegeleb v\u00f5imlemisega, 12% tegeleb v\u00f5rkpalliga,&nbsp; 14% tennisega,&nbsp; 24% korvpalliga,&nbsp; 20% ujumisega, 18% jalgpalliga.<\/em><\/p>\r\n<p class=\"has-medium-font-size\">\r\n<\/p>\r\n<hr class=\"wp-block-separator has-alpha-channel-opacity\" \/>\r\n<p class=\"has-medium-font-size\"><\/p>\r\n<p><\/p>\r\n<figure class=\"wp-block-image alignleft\"><img loading=\"lazy\" decoding=\"async\" width=\"410\" height=\"313\" class=\"wp-image-2767\" src=\"https:\/\/domath.surju.ee\/wp-content\/uploads\/2024\/07\/pie2-transparent-1.png\" alt=\"\" srcset=\"https:\/\/domath.surju.ee\/wp-content\/uploads\/2024\/07\/pie2-transparent-1.png 410w, https:\/\/domath.surju.ee\/wp-content\/uploads\/2024\/07\/pie2-transparent-1-300x229.png 300w, https:\/\/domath.surju.ee\/wp-content\/uploads\/2024\/07\/pie2-transparent-1-24x18.png 24w, https:\/\/domath.surju.ee\/wp-content\/uploads\/2024\/07\/pie2-transparent-1-36x27.png 36w, https:\/\/domath.surju.ee\/wp-content\/uploads\/2024\/07\/pie2-transparent-1-48x37.png 48w\" sizes=\"auto, (max-width: 410px) 100vw, 410px\" \/><\/figure>\r\n<p><\/p>\r\n<p class=\"has-medium-font-size\"><\/p>\r\n<table style=\"border-collapse: collapse; width: 99.5006%;\">\r\n<tbody>\r\n<tr>\r\n<td style=\"width: 33.2776%;\">\r\n<figure class=\"wp-block-image size-large is-resized\"><img loading=\"lazy\" decoding=\"async\" class=\"wp-image-2776\" src=\"https:\/\/domath.surju.ee\/wp-content\/uploads\/2024\/07\/emoji-4886860_1280-1024x1024.png\" alt=\"\" width=\"176\" height=\"176\" srcset=\"https:\/\/domath.surju.ee\/wp-content\/uploads\/2024\/07\/emoji-4886860_1280-1024x1024.png 1024w, https:\/\/domath.surju.ee\/wp-content\/uploads\/2024\/07\/emoji-4886860_1280-300x300.png 300w, https:\/\/domath.surju.ee\/wp-content\/uploads\/2024\/07\/emoji-4886860_1280-150x150.png 150w, https:\/\/domath.surju.ee\/wp-content\/uploads\/2024\/07\/emoji-4886860_1280-768x768.png 768w, https:\/\/domath.surju.ee\/wp-content\/uploads\/2024\/07\/emoji-4886860_1280-24x24.png 24w, https:\/\/domath.surju.ee\/wp-content\/uploads\/2024\/07\/emoji-4886860_1280-36x36.png 36w, https:\/\/domath.surju.ee\/wp-content\/uploads\/2024\/07\/emoji-4886860_1280-48x48.png 48w, https:\/\/domath.surju.ee\/wp-content\/uploads\/2024\/07\/emoji-4886860_1280.png 1280w\" sizes=\"auto, (max-width: 176px) 100vw, 176px\" \/><\/figure>\r\n<\/td>\r\n<td style=\"width: 66.2232%;\">\r\n<p>&nbsp;&#8211;<em>Sektordiagramm on saanud nime oma v\u00e4limuse j\u00e4rgi. See meenutab kooki, mis on l\u00f5igatud erineva suurusega viiludeks.&nbsp; <br \/>\r\n<\/em><em>&#8211; Iga osa suurus on seotud andmetega, mida see osa kujutab.<br \/>\r\n<\/em><em>&#8211; Sektordiagrammi abil on v\u00e4ga hea protsente sisaldavaid andmeid joonisel kujutada.<\/em><\/p>\r\n<\/td>\r\n<\/tr>\r\n<\/tbody>\r\n<\/table>\r\n<p><\/p>","protected":false},"excerpt":{"rendered":"<p>Sektordiagramm Sektordiagramm on diagramm, milles arve kujutavad ringi sektorid. Sektordiagrammi kasutatakse peamiselt protsentide kujutamiseks. Kui joonestada ringile kaks raadiust, jagavad need ringi kaheks osaks. M\u00f5lemat osa nimetatakse ringi sektoriks. Ring moodustab t\u00e4isp\u00f6\u00f6rde. T\u00e4isp\u00f6\u00f6re on 360 kraadi. Osa ringist saame v\u00e4ljendada protsentides. 1%-le t\u00e4isp\u00f6\u00f6rdest vastab 360\u00b0 : 100 = 3,6\u00b0 N\u00e4ide: Joonisel olev sektordiagramm kujutab 50 [&#8230;]<\/p>\n<p><a class=\"btn btn-secondary understrap-read-more-link\" href=\"https:\/\/domath.surju.ee\/et\/sektordiagramm\/\">Read More&#8230;<span class=\"screen-reader-text\"> from Sektordiagramm<\/span><\/a><\/p>\n","protected":false},"author":4,"featured_media":0,"parent":0,"menu_order":0,"comment_status":"closed","ping_status":"closed","template":"","meta":{"_eb_attr":"","_uag_custom_page_level_css":"","footnotes":""},"categories":[],"tags":[58,117,140,75],"class_list":["post-2340","page","type-page","status-publish","hentry","tag-english-p","tag-estonian-s","tag-greek-gamma","tag-spanish-g"],"uagb_featured_image_src":{"full":false,"thumbnail":false,"medium":false,"medium_large":false,"large":false,"1536x1536":false,"2048x2048":false,"menu-24x24":false,"menu-36x36":false,"menu-48x48":false},"uagb_author_info":{"display_name":"Thomi Anagrostou","author_link":"https:\/\/domath.surju.ee\/et\/author\/thomi\/"},"uagb_comment_info":0,"uagb_excerpt":"Sektordiagramm Sektordiagramm on diagramm, milles arve kujutavad ringi sektorid. Sektordiagrammi kasutatakse peamiselt protsentide kujutamiseks. Kui joonestada ringile kaks raadiust, jagavad need ringi kaheks osaks. M\u00f5lemat osa nimetatakse ringi sektoriks. Ring moodustab t\u00e4isp\u00f6\u00f6rde. T\u00e4isp\u00f6\u00f6re on 360 kraadi. Osa ringist saame v\u00e4ljendada protsentides. 1%-le t\u00e4isp\u00f6\u00f6rdest vastab 360\u00b0 : 100 = 3,6\u00b0 N\u00e4ide: Joonisel olev sektordiagramm kujutab 50&hellip;","_links":{"self":[{"href":"https:\/\/domath.surju.ee\/et\/wp-json\/wp\/v2\/pages\/2340","targetHints":{"allow":["GET"]}}],"collection":[{"href":"https:\/\/domath.surju.ee\/et\/wp-json\/wp\/v2\/pages"}],"about":[{"href":"https:\/\/domath.surju.ee\/et\/wp-json\/wp\/v2\/types\/page"}],"author":[{"embeddable":true,"href":"https:\/\/domath.surju.ee\/et\/wp-json\/wp\/v2\/users\/4"}],"replies":[{"embeddable":true,"href":"https:\/\/domath.surju.ee\/et\/wp-json\/wp\/v2\/comments?post=2340"}],"version-history":[{"count":16,"href":"https:\/\/domath.surju.ee\/et\/wp-json\/wp\/v2\/pages\/2340\/revisions"}],"predecessor-version":[{"id":5239,"href":"https:\/\/domath.surju.ee\/et\/wp-json\/wp\/v2\/pages\/2340\/revisions\/5239"}],"wp:attachment":[{"href":"https:\/\/domath.surju.ee\/et\/wp-json\/wp\/v2\/media?parent=2340"}],"wp:term":[{"taxonomy":"category","embeddable":true,"href":"https:\/\/domath.surju.ee\/et\/wp-json\/wp\/v2\/categories?post=2340"},{"taxonomy":"post_tag","embeddable":true,"href":"https:\/\/domath.surju.ee\/et\/wp-json\/wp\/v2\/tags?post=2340"}],"curies":[{"name":"wp","href":"https:\/\/api.w.org\/{rel}","templated":true}]}}