{"id":2338,"date":"2024-07-03T20:59:41","date_gmt":"2024-07-03T20:59:41","guid":{"rendered":"https:\/\/domath.surju.ee\/?page_id=2338"},"modified":"2024-12-30T16:43:49","modified_gmt":"2024-12-30T16:43:49","slug":"perpendicular","status":"publish","type":"page","link":"https:\/\/domath.surju.ee\/et\/ristsirged-ristuvad-sirged\/","title":{"rendered":"Ristsirged ehk ristuvad sirged"},"content":{"rendered":"<h1 style=\"text-align: center;\"><span style=\"color: #008000;\"><strong>Ristsirged ehk ristuvad sirged<\/strong><\/span><\/h1>\r\n<p><\/p>\r\n<p class=\"has-medium-font-size\"><strong><br \/>\r\n<span style=\"color: #ff0000;\">Ristsirged ehk ristuvad sirged <\/span><\/strong>on kaks l\u00f5ikuvat sirget, mis l\u00f5ikumisel moodustavad t\u00e4isnurga.&nbsp;<\/p>\r\n<p><br \/>\r\n<\/p>\r\n<div class=\"section-wrapper\" data-id=\"CReRgV\">\r\n<section class=\"wp-block-gutenverse-section guten-element guten-section guten-CReRgV layout-boxed align-stretch\">\r\n<div class=\"guten-background-overlay\">&nbsp;<\/div>\r\n<div class=\"guten-shape-divider guten-shape-divider-top\">&nbsp;<\/div>\r\n<div class=\"guten-shape-divider guten-shape-divider-bottom\">&nbsp;<\/div>\r\n<div class=\"guten-container guten-column-gap-default\">\r\n<p><\/p>\r\n<div class=\"wp-block-gutenverse-column guten-element guten-column guten-yGi2V7\">\r\n<div class=\"guten-background-overlay\">&nbsp;<\/div>\r\n<div class=\"sticky-wrapper\" data-id=\"yGi2V7\">\r\n<div class=\"guten-column-wrapper\">\r\n<p><\/p>\r\n<figure class=\"wp-block-image size-large is-resized\"><img loading=\"lazy\" decoding=\"async\" width=\"1024\" height=\"1024\" class=\"wp-image-2663\" style=\"width: 185px; height: auto;\" src=\"https:\/\/domath.surju.ee\/wp-content\/uploads\/2024\/07\/think-1024x1024.png\" alt=\"\" srcset=\"https:\/\/domath.surju.ee\/wp-content\/uploads\/2024\/07\/think-1024x1024.png 1024w, https:\/\/domath.surju.ee\/wp-content\/uploads\/2024\/07\/think-300x300.png 300w, https:\/\/domath.surju.ee\/wp-content\/uploads\/2024\/07\/think-150x150.png 150w, https:\/\/domath.surju.ee\/wp-content\/uploads\/2024\/07\/think-768x768.png 768w, https:\/\/domath.surju.ee\/wp-content\/uploads\/2024\/07\/think-24x24.png 24w, https:\/\/domath.surju.ee\/wp-content\/uploads\/2024\/07\/think-36x36.png 36w, https:\/\/domath.surju.ee\/wp-content\/uploads\/2024\/07\/think-48x48.png 48w, https:\/\/domath.surju.ee\/wp-content\/uploads\/2024\/07\/think.png 1280w\" sizes=\"auto, (max-width: 1024px) 100vw, 1024px\" \/><\/figure>\r\n<p><\/p>\r\n<\/div>\r\n<\/div>\r\n<\/div>\r\n<p><br \/>\r\n<\/p>\r\n<div class=\"wp-block-gutenverse-column guten-element guten-column guten-luTYFO\">\r\n<div class=\"guten-background-overlay\">&nbsp;<\/div>\r\n<div class=\"sticky-wrapper\" data-id=\"luTYFO\">\r\n<div class=\"guten-column-wrapper\">\r\n<div class=\"guten-element gutenverse-text-editor guten-9kx5RV\">\r\n<div class=\"text-content-inner\">\r\n<p><br \/>\r\n<\/p>\r\n<p class=\"has-medium-font-size\">T\u00e4isnurk on nurk, mille suurus on <strong>90\u00b0.&nbsp;<\/strong><\/p>\r\n<p><\/p>\r\n<\/div>\r\n<\/div>\r\n<p><\/p>\r\n<\/div>\r\n<\/div>\r\n<\/div>\r\n<p><!-- \/wp:post-content --><\/p>\r\n<\/div>\r\n<\/section>\r\n<\/div>\r\n<p style=\"font-size: 18px;\"><span style=\"color: #0000ff;\"><strong>N\u00e4ited:<\/strong><\/span><\/p>\r\n<p><!-- \/wp:paragraph --><br \/>\r\n<!-- wp:gutenverse\/section {\"elementId\":\"guten-P4pHmu\"} --><\/p>\r\n<div class=\"section-wrapper\" data-id=\"P4pHmu\">\r\n<section class=\"wp-block-gutenverse-section guten-element guten-section guten-P4pHmu layout-boxed align-stretch\">\r\n<div class=\"guten-background-overlay\">&nbsp;<\/div>\r\n<div class=\"guten-shape-divider guten-shape-divider-top\">&nbsp;<\/div>\r\n<div class=\"guten-shape-divider guten-shape-divider-bottom\">&nbsp;<\/div>\r\n<div class=\"guten-container guten-column-gap-default\">\r\n<p><!-- wp:gutenverse\/column {\"width\":{\"Desktop\":33.33},\"elementId\":\"guten-DdwfAE\"} --><\/p>\r\n<div class=\"wp-block-gutenverse-column guten-element guten-column guten-DdwfAE\">\r\n<div class=\"guten-background-overlay\">&nbsp;<\/div>\r\n<div class=\"sticky-wrapper\" data-id=\"DdwfAE\">\r\n<div class=\"guten-column-wrapper\">\r\n<p><!-- wp:image {\"id\":2680,\"sizeSlug\":\"full\",\"linkDestination\":\"none\"} --><\/p>\r\n<figure class=\"wp-block-image size-full\"><img loading=\"lazy\" decoding=\"async\" width=\"351\" height=\"202\" class=\"wp-image-2680\" src=\"https:\/\/domath.surju.ee\/wp-content\/uploads\/2024\/07\/K1-removebg-preview.png\" alt=\"\" srcset=\"https:\/\/domath.surju.ee\/wp-content\/uploads\/2024\/07\/K1-removebg-preview.png 351w, https:\/\/domath.surju.ee\/wp-content\/uploads\/2024\/07\/K1-removebg-preview-300x173.png 300w, https:\/\/domath.surju.ee\/wp-content\/uploads\/2024\/07\/K1-removebg-preview-24x14.png 24w, https:\/\/domath.surju.ee\/wp-content\/uploads\/2024\/07\/K1-removebg-preview-36x21.png 36w, https:\/\/domath.surju.ee\/wp-content\/uploads\/2024\/07\/K1-removebg-preview-48x28.png 48w\" sizes=\"auto, (max-width: 351px) 100vw, 351px\" \/><\/figure>\r\n<p><!-- \/wp:image --><\/p>\r\n<\/div>\r\n<\/div>\r\n<\/div>\r\n<p><!-- \/wp:gutenverse\/column --><br \/>\r\n<!-- wp:gutenverse\/column {\"width\":{\"Desktop\":33.33},\"elementId\":\"guten-QeYWSk\"} --><\/p>\r\n<div class=\"wp-block-gutenverse-column guten-element guten-column guten-QeYWSk\">\r\n<div class=\"guten-background-overlay\">&nbsp;<\/div>\r\n<div class=\"sticky-wrapper\" data-id=\"QeYWSk\">\r\n<div class=\"guten-column-wrapper\">\r\n<p><!-- wp:image {\"id\":2681,\"sizeSlug\":\"full\",\"linkDestination\":\"none\"} --><\/p>\r\n<figure class=\"wp-block-image size-full\"><img loading=\"lazy\" decoding=\"async\" width=\"276\" height=\"219\" class=\"wp-image-2681\" src=\"https:\/\/domath.surju.ee\/wp-content\/uploads\/2024\/07\/K2-removebg-preview.png\" alt=\"\" srcset=\"https:\/\/domath.surju.ee\/wp-content\/uploads\/2024\/07\/K2-removebg-preview.png 276w, https:\/\/domath.surju.ee\/wp-content\/uploads\/2024\/07\/K2-removebg-preview-24x19.png 24w, https:\/\/domath.surju.ee\/wp-content\/uploads\/2024\/07\/K2-removebg-preview-36x29.png 36w, https:\/\/domath.surju.ee\/wp-content\/uploads\/2024\/07\/K2-removebg-preview-48x38.png 48w\" sizes=\"auto, (max-width: 276px) 100vw, 276px\" \/><\/figure>\r\n<p><!-- \/wp:image --><\/p>\r\n<\/div>\r\n<\/div>\r\n<\/div>\r\n<p><!-- \/wp:gutenverse\/column --><br \/>\r\n<!-- wp:gutenverse\/column {\"width\":{\"Desktop\":33.33},\"elementId\":\"guten-QGQQNA\"} --><\/p>\r\n<div class=\"wp-block-gutenverse-column guten-element guten-column guten-QGQQNA\">\r\n<div class=\"guten-background-overlay\">&nbsp;<\/div>\r\n<div class=\"sticky-wrapper\" data-id=\"QGQQNA\">\r\n<div class=\"guten-column-wrapper\">\r\n<p><!-- wp:image {\"id\":2683,\"sizeSlug\":\"full\",\"linkDestination\":\"none\"} --><\/p>\r\n<figure class=\"wp-block-image size-full\"><img loading=\"lazy\" decoding=\"async\" width=\"302\" height=\"211\" class=\"wp-image-2683\" src=\"https:\/\/domath.surju.ee\/wp-content\/uploads\/2024\/07\/K3-removebg-preview.png\" alt=\"\" srcset=\"https:\/\/domath.surju.ee\/wp-content\/uploads\/2024\/07\/K3-removebg-preview.png 302w, https:\/\/domath.surju.ee\/wp-content\/uploads\/2024\/07\/K3-removebg-preview-300x210.png 300w, https:\/\/domath.surju.ee\/wp-content\/uploads\/2024\/07\/K3-removebg-preview-24x17.png 24w, https:\/\/domath.surju.ee\/wp-content\/uploads\/2024\/07\/K3-removebg-preview-36x25.png 36w, https:\/\/domath.surju.ee\/wp-content\/uploads\/2024\/07\/K3-removebg-preview-48x34.png 48w\" sizes=\"auto, (max-width: 302px) 100vw, 302px\" \/><\/figure>\r\n<p><!-- \/wp:image --><\/p>\r\n<\/div>\r\n<\/div>\r\n<\/div>\r\n<p><!-- \/wp:gutenverse\/column --><\/p>\r\n<\/div>\r\n<\/section>\r\n<\/div>\r\n<p><!-- \/wp:gutenverse\/section --><br \/>\r\n<!-- wp:gutenverse\/divider {\"elementId\":\"guten-nMrA56\"} --><\/p>\r\n<div class=\"wp-block-gutenverse-divider guten-element guten-divider guten-nMrA56\">\r\n<div class=\"guten-divider-wrapper\">\r\n<div class=\"guten-divider-default guten-divider-line guten-divider-regular\">&nbsp;<\/div>\r\n<\/div>\r\n<\/div>\r\n<p><!-- \/wp:gutenverse\/divider --><br \/>\r\n<!-- wp:image {\"id\":2702,\"sizeSlug\":\"full\",\"linkDestination\":\"none\",\"align\":\"center\"} --><\/p>\r\n<figure class=\"wp-block-image aligncenter size-full\"><img loading=\"lazy\" decoding=\"async\" width=\"476\" height=\"417\" class=\"wp-image-2702\" src=\"https:\/\/domath.surju.ee\/wp-content\/uploads\/2024\/07\/perpendicular_latin-transparent.png\" alt=\"\" srcset=\"https:\/\/domath.surju.ee\/wp-content\/uploads\/2024\/07\/perpendicular_latin-transparent.png 476w, https:\/\/domath.surju.ee\/wp-content\/uploads\/2024\/07\/perpendicular_latin-transparent-300x263.png 300w, https:\/\/domath.surju.ee\/wp-content\/uploads\/2024\/07\/perpendicular_latin-transparent-24x21.png 24w, https:\/\/domath.surju.ee\/wp-content\/uploads\/2024\/07\/perpendicular_latin-transparent-36x32.png 36w, https:\/\/domath.surju.ee\/wp-content\/uploads\/2024\/07\/perpendicular_latin-transparent-48x42.png 48w\" sizes=\"auto, (max-width: 476px) 100vw, 476px\" \/><\/figure>\r\n<p><!-- \/wp:image --><\/p>","protected":false},"excerpt":{"rendered":"<p>Ristsirged ehk ristuvad sirged Ristsirged ehk ristuvad sirged on kaks l\u00f5ikuvat sirget, mis l\u00f5ikumisel moodustavad t\u00e4isnurga.&nbsp; &nbsp; &nbsp; &nbsp; &nbsp; &nbsp; T\u00e4isnurk on nurk, mille suurus on 90\u00b0.&nbsp; N\u00e4ited: &nbsp; &nbsp; &nbsp; &nbsp; &nbsp; &nbsp; &nbsp; [&#8230;]<\/p>\n<p><a class=\"btn btn-secondary understrap-read-more-link\" href=\"https:\/\/domath.surju.ee\/et\/ristsirged-ristuvad-sirged\/\">Read More&#8230;<span class=\"screen-reader-text\"> from Ristsirged ehk ristuvad sirged<\/span><\/a><\/p>\n","protected":false},"author":4,"featured_media":0,"parent":0,"menu_order":0,"comment_status":"closed","ping_status":"closed","template":"","meta":{"_eb_attr":"","_uag_custom_page_level_css":"","footnotes":""},"categories":[],"tags":[58,116,73,59],"class_list":["post-2338","page","type-page","status-publish","hentry","tag-english-p","tag-estonian-r","tag-greek-kappa","tag-spanish-p"],"uagb_featured_image_src":{"full":false,"thumbnail":false,"medium":false,"medium_large":false,"large":false,"1536x1536":false,"2048x2048":false,"menu-24x24":false,"menu-36x36":false,"menu-48x48":false},"uagb_author_info":{"display_name":"Thomi Anagrostou","author_link":"https:\/\/domath.surju.ee\/et\/author\/thomi\/"},"uagb_comment_info":0,"uagb_excerpt":"Ristsirged ehk ristuvad sirged Ristsirged ehk ristuvad sirged on kaks l\u00f5ikuvat sirget, mis l\u00f5ikumisel moodustavad t\u00e4isnurga.&nbsp; &nbsp; &nbsp; &nbsp; &nbsp; &nbsp; T\u00e4isnurk on nurk, mille suurus on 90\u00b0.&nbsp; N\u00e4ited: &nbsp; &nbsp; &nbsp; &nbsp; &nbsp; &nbsp; &nbsp; [...]Read More... from Ristsirged ehk ristuvad sirged","_links":{"self":[{"href":"https:\/\/domath.surju.ee\/et\/wp-json\/wp\/v2\/pages\/2338","targetHints":{"allow":["GET"]}}],"collection":[{"href":"https:\/\/domath.surju.ee\/et\/wp-json\/wp\/v2\/pages"}],"about":[{"href":"https:\/\/domath.surju.ee\/et\/wp-json\/wp\/v2\/types\/page"}],"author":[{"embeddable":true,"href":"https:\/\/domath.surju.ee\/et\/wp-json\/wp\/v2\/users\/4"}],"replies":[{"embeddable":true,"href":"https:\/\/domath.surju.ee\/et\/wp-json\/wp\/v2\/comments?post=2338"}],"version-history":[{"count":13,"href":"https:\/\/domath.surju.ee\/et\/wp-json\/wp\/v2\/pages\/2338\/revisions"}],"predecessor-version":[{"id":4225,"href":"https:\/\/domath.surju.ee\/et\/wp-json\/wp\/v2\/pages\/2338\/revisions\/4225"}],"wp:attachment":[{"href":"https:\/\/domath.surju.ee\/et\/wp-json\/wp\/v2\/media?parent=2338"}],"wp:term":[{"taxonomy":"category","embeddable":true,"href":"https:\/\/domath.surju.ee\/et\/wp-json\/wp\/v2\/categories?post=2338"},{"taxonomy":"post_tag","embeddable":true,"href":"https:\/\/domath.surju.ee\/et\/wp-json\/wp\/v2\/tags?post=2338"}],"curies":[{"name":"wp","href":"https:\/\/api.w.org\/{rel}","templated":true}]}}