{"id":2336,"date":"2024-07-03T20:58:58","date_gmt":"2024-07-03T20:58:58","guid":{"rendered":"https:\/\/domath.surju.ee\/?page_id=2336"},"modified":"2025-01-02T19:49:21","modified_gmt":"2025-01-02T19:49:21","slug":"perimeter","status":"publish","type":"page","link":"https:\/\/domath.surju.ee\/et\/umbermoot\/","title":{"rendered":"\u00dcmberm\u00f5\u00f5t"},"content":{"rendered":"<h1 style=\"text-align: center;\"><strong><span style=\"color: #008000;\">\u00dcmberm\u00f5\u00f5t<\/span><\/strong><\/h1>\r\n\r\n<p class=\"has-medium-font-size\"><span style=\"color: #ff0000;\"><strong>\u00dcmberm\u00f5\u00f5t<\/strong><\/span> on kujundi k\u00fclgede pikkuste summa.&nbsp;<br \/>\r\n<span style=\"font-family: arial, helvetica, sans-serif;\"><strong>\u00dcmberm\u00f5\u00f5tu t\u00e4histatakse t\u00e4hega<span style=\"color: #ff0000;\"> P<\/span><\/strong><\/span><\/p>\r\n\r\n\r\n<p><strong><span style=\"color: #0000ff;\">N\u00e4ide 1.<\/span><\/strong><\/p>\r\n\r\n<strong><span style=\"color: #000000;\">Ristk\u00fclikul<\/span><\/strong> on neli k\u00fclge. Ristk\u00fcliku \u00fcmberm\u00f5\u00f5du leidmiseks liidame k\u00f5ikide k\u00fclgede pikkused kokku.&nbsp;<br \/>\r\n<br \/>\r\n\r\n\r\n<div class=\"section-wrapper\" data-id=\"9ygPZq\">\r\n<section class=\"wp-block-gutenverse-section guten-element guten-section guten-9ygPZq layout-boxed align-stretch\">\r\n<div class=\"guten-container guten-column-gap-default\">\r\n<div class=\"wp-block-gutenverse-column guten-element guten-column guten-eSqnpS\">\r\n<div class=\"guten-column-wrapper\" data-id=\"eSqnpS\">\r\n<figure class=\"wp-block-image size-full\"><img loading=\"lazy\" decoding=\"async\" width=\"364\" height=\"194\" class=\"wp-image-2636\" src=\"https:\/\/domath.surju.ee\/wp-content\/uploads\/2024\/07\/perimeter_of_rectangle-transparent.png\" alt=\"\" srcset=\"https:\/\/domath.surju.ee\/wp-content\/uploads\/2024\/07\/perimeter_of_rectangle-transparent.png 364w, https:\/\/domath.surju.ee\/wp-content\/uploads\/2024\/07\/perimeter_of_rectangle-transparent-300x160.png 300w, https:\/\/domath.surju.ee\/wp-content\/uploads\/2024\/07\/perimeter_of_rectangle-transparent-24x13.png 24w, https:\/\/domath.surju.ee\/wp-content\/uploads\/2024\/07\/perimeter_of_rectangle-transparent-36x19.png 36w, https:\/\/domath.surju.ee\/wp-content\/uploads\/2024\/07\/perimeter_of_rectangle-transparent-48x26.png 48w\" sizes=\"auto, (max-width: 364px) 100vw, 364px\" \/><\/figure>\r\n<\/div>\r\n<\/div>\r\n\r\n\r\n<div class=\"wp-block-gutenverse-column guten-element guten-column guten-YGIoia\">\r\n<div class=\"guten-column-wrapper\" data-id=\"YGIoia\">\r\n<figure class=\"wp-block-image size-large is-resized\"><img loading=\"lazy\" decoding=\"async\" width=\"1024\" height=\"559\" class=\"wp-image-2637\" style=\"width: 208px; height: auto;\" src=\"https:\/\/domath.surju.ee\/wp-content\/uploads\/2024\/07\/emoji-1-1024x559.png\" alt=\"\" srcset=\"https:\/\/domath.surju.ee\/wp-content\/uploads\/2024\/07\/emoji-1-1024x559.png 1024w, https:\/\/domath.surju.ee\/wp-content\/uploads\/2024\/07\/emoji-1-300x164.png 300w, https:\/\/domath.surju.ee\/wp-content\/uploads\/2024\/07\/emoji-1-768x419.png 768w, https:\/\/domath.surju.ee\/wp-content\/uploads\/2024\/07\/emoji-1-24x13.png 24w, https:\/\/domath.surju.ee\/wp-content\/uploads\/2024\/07\/emoji-1-36x20.png 36w, https:\/\/domath.surju.ee\/wp-content\/uploads\/2024\/07\/emoji-1-48x26.png 48w, https:\/\/domath.surju.ee\/wp-content\/uploads\/2024\/07\/emoji-1.png 1280w\" sizes=\"auto, (max-width: 1024px) 100vw, 1024px\" \/><\/figure>\r\n\r\n\r\n<div class=\"wp-block-group is-nowrap is-layout-flex wp-container-core-group-is-layout-ad2f72ca wp-block-group-is-layout-flex\">\r\n<p class=\"has-text-align-left\" style=\"font-size: 17px;\">Ristk\u00fcliku \u00fcmberm\u00f5\u00f5t:&nbsp;<\/p>\r\n<\/div>\r\n\r\n\r\n<p style=\"font-size: 17px;\">P = 6 + 6 + 4 + 4 = 20 cm v\u00f5i P = 2 (6 + 4) = 20 cm<\/p>\r\n<\/div>\r\n<\/div>\r\n<\/div>\r\n<\/section>\r\n<\/div>\r\n\r\n\r\n<div class=\"wp-block-gutenverse-divider guten-element guten-divider guten-y6hERn\">\r\n<div class=\"guten-divider-wrapper\">\r\n<div class=\"guten-divider-default guten-divider-line guten-divider-regular\">&nbsp;<\/div>\r\n<\/div>\r\n<\/div>\r\n\r\n<p><strong><span style=\"color: #0000ff;\">N\u00e4ide 2. <\/span><\/strong>&nbsp;Siin on veel m\u00f5ned n\u00e4ited \u00fcmberm\u00f5\u00f5tude arvutamise kohta.<\/p>\r\n<p>&nbsp;<\/p>\r\n<p><\/p>\r\n<figure class=\"wp-block-image aligncenter size-full is-resized\"><img loading=\"lazy\" decoding=\"async\" width=\"690\" height=\"181\" class=\"wp-image-2642\" src=\"https:\/\/domath.surju.ee\/wp-content\/uploads\/2024\/07\/shapes_perimeter-transparent.png\" alt=\"\" srcset=\"https:\/\/domath.surju.ee\/wp-content\/uploads\/2024\/07\/shapes_perimeter-transparent.png 690w, https:\/\/domath.surju.ee\/wp-content\/uploads\/2024\/07\/shapes_perimeter-transparent-300x79.png 300w, https:\/\/domath.surju.ee\/wp-content\/uploads\/2024\/07\/shapes_perimeter-transparent-24x6.png 24w, https:\/\/domath.surju.ee\/wp-content\/uploads\/2024\/07\/shapes_perimeter-transparent-36x9.png 36w, https:\/\/domath.surju.ee\/wp-content\/uploads\/2024\/07\/shapes_perimeter-transparent-48x13.png 48w\" sizes=\"auto, (max-width: 690px) 100vw, 690px\" \/><\/figure>\r\n<p><\/p>\r\n<table style=\"border-collapse: collapse; width: 100%;\">\r\n<tbody>\r\n<tr>\r\n<td style=\"width: 39.4897%;\">Kolmnurga \u00fcmberm\u00f5\u00f5t<br \/>\r\nP = 9+8+5 = 22 cm<\/td>\r\n<td style=\"width: 29.6727%;\">\r\n<p>Ruudu \u00fcmberm\u00f5\u00f5t<br \/>\r\nP = 3+3+3+3 = 12 cm<\/p>\r\n<p>v\u00f5i P = 4 x 3 =12<\/p>\r\n<\/td>\r\n<td style=\"width: 30.8375%;\">Viisnurga \u00fcmberm\u00f5\u00f5t<br \/>\r\nP = 6+6+4+3+3 = 22 cm<\/td>\r\n<\/tr>\r\n<\/tbody>\r\n<\/table>\r\n\r\n<p>&nbsp;<\/p>\r\n","protected":false},"excerpt":{"rendered":"<p>\u00dcmberm\u00f5\u00f5t \u00dcmberm\u00f5\u00f5t on kujundi k\u00fclgede pikkuste summa.&nbsp; \u00dcmberm\u00f5\u00f5tu t\u00e4histatakse t\u00e4hega P N\u00e4ide 1. Ristk\u00fclikul on neli k\u00fclge. Ristk\u00fcliku \u00fcmberm\u00f5\u00f5du leidmiseks liidame k\u00f5ikide k\u00fclgede pikkused kokku.&nbsp; Ristk\u00fcliku \u00fcmberm\u00f5\u00f5t:&nbsp; P = 6 + 6 + 4 + 4 = 20 cm v\u00f5i P = 2 (6 + 4) = 20 cm &nbsp; N\u00e4ide 2. &nbsp;Siin on veel [&#8230;]<\/p>\n<p><a class=\"btn btn-secondary understrap-read-more-link\" href=\"https:\/\/domath.surju.ee\/et\/umbermoot\/\">Read More&#8230;<span class=\"screen-reader-text\"> from \u00dcmberm\u00f5\u00f5t<\/span><\/a><\/p>\n","protected":false},"author":4,"featured_media":0,"parent":0,"menu_order":0,"comment_status":"closed","ping_status":"closed","template":"","meta":{"_eb_attr":"","_uag_custom_page_level_css":"","footnotes":""},"categories":[],"tags":[58,127,63,59],"class_list":["post-2336","page","type-page","status-publish","hentry","tag-english-p","tag-estonian-ue","tag-greek-pi","tag-spanish-p"],"uagb_featured_image_src":{"full":false,"thumbnail":false,"medium":false,"medium_large":false,"large":false,"1536x1536":false,"2048x2048":false,"menu-24x24":false,"menu-36x36":false,"menu-48x48":false},"uagb_author_info":{"display_name":"Thomi Anagrostou","author_link":"https:\/\/domath.surju.ee\/et\/author\/thomi\/"},"uagb_comment_info":0,"uagb_excerpt":"\u00dcmberm\u00f5\u00f5t \u00dcmberm\u00f5\u00f5t on kujundi k\u00fclgede pikkuste summa.&nbsp; \u00dcmberm\u00f5\u00f5tu t\u00e4histatakse t\u00e4hega P N\u00e4ide 1. Ristk\u00fclikul on neli k\u00fclge. Ristk\u00fcliku \u00fcmberm\u00f5\u00f5du leidmiseks liidame k\u00f5ikide k\u00fclgede pikkused kokku.&nbsp; Ristk\u00fcliku \u00fcmberm\u00f5\u00f5t:&nbsp; P = 6 + 6 + 4 + 4 = 20 cm v\u00f5i P = 2 (6 + 4) = 20 cm &nbsp; N\u00e4ide 2. &nbsp;Siin on veel&hellip;","_links":{"self":[{"href":"https:\/\/domath.surju.ee\/et\/wp-json\/wp\/v2\/pages\/2336","targetHints":{"allow":["GET"]}}],"collection":[{"href":"https:\/\/domath.surju.ee\/et\/wp-json\/wp\/v2\/pages"}],"about":[{"href":"https:\/\/domath.surju.ee\/et\/wp-json\/wp\/v2\/types\/page"}],"author":[{"embeddable":true,"href":"https:\/\/domath.surju.ee\/et\/wp-json\/wp\/v2\/users\/4"}],"replies":[{"embeddable":true,"href":"https:\/\/domath.surju.ee\/et\/wp-json\/wp\/v2\/comments?post=2336"}],"version-history":[{"count":15,"href":"https:\/\/domath.surju.ee\/et\/wp-json\/wp\/v2\/pages\/2336\/revisions"}],"predecessor-version":[{"id":5231,"href":"https:\/\/domath.surju.ee\/et\/wp-json\/wp\/v2\/pages\/2336\/revisions\/5231"}],"wp:attachment":[{"href":"https:\/\/domath.surju.ee\/et\/wp-json\/wp\/v2\/media?parent=2336"}],"wp:term":[{"taxonomy":"category","embeddable":true,"href":"https:\/\/domath.surju.ee\/et\/wp-json\/wp\/v2\/categories?post=2336"},{"taxonomy":"post_tag","embeddable":true,"href":"https:\/\/domath.surju.ee\/et\/wp-json\/wp\/v2\/tags?post=2336"}],"curies":[{"name":"wp","href":"https:\/\/api.w.org\/{rel}","templated":true}]}}