{"id":2334,"date":"2024-07-03T20:57:43","date_gmt":"2024-07-03T20:57:43","guid":{"rendered":"https:\/\/domath.surju.ee\/?page_id=2334"},"modified":"2025-01-02T19:49:15","modified_gmt":"2025-01-02T19:49:15","slug":"percent-percentage","status":"publish","type":"page","link":"https:\/\/domath.surju.ee\/et\/protsent\/","title":{"rendered":"Protsent"},"content":{"rendered":"<h1 style=\"text-align: center;\"><span style=\"color: #008000;\"><strong>Protsent<\/strong><\/span><\/h1>\r\n<p><\/p>\r\n<p class=\"has-medium-font-size\"><span style=\"color: #ff0000;\"><strong>Protsent <\/strong><\/span>on \u00fcks sajandik tervikust.&nbsp;\r\n<\/p>\r\n<p class=\"has-medium-font-size\">S\u00f5na <strong>protsent<\/strong> tuleb ladina keele v\u00e4ljendist <em>per centum, <\/em>mis t\u00e4hendab <em>saja kohta.&nbsp;<\/em>\r\n<\/p>\r\n<p class=\"has-medium-font-size\"><strong>Protsendi <\/strong>t\u00e4his ehk m\u00e4rk on %. <br \/>\r\nTervik on 1 ehk 100%. Osale vastava osam\u00e4\u00e4ra v\u00f5ib esitada hariliku murruna, k\u00fcmnendmurruna v\u00f5i <strong>protsendim\u00e4\u00e4ra<\/strong> abil.&nbsp;\r\n<\/p>\r\n<p class=\"has-medium-font-size\"><span style=\"color: #0000ff;\"><strong>N\u00e4ide 1:&nbsp;<\/strong><\/span><i><br \/>\r\n<\/i>Kui me \u00fctleme 30%, siis t\u00e4hendab see 30 osa 100st. <br \/>\r\n30% on k\u00fcmnendmurruna 0,3 ja hariliku murruna <sup>30<\/sup>\/<sub>100<\/sub>.&nbsp;<br \/>\r\n<br \/>\r\n<span style=\"color: #0000ff;\"><strong>N\u00e4ide 2:<\/strong><\/span><br \/>\r\n20%,= 20\/100 = 0,2<br \/>\r\n25% = 25\/100 = 1\/4 = 0,25<br \/>\r\n50% = 50\/100 = 1\/2 = 0,5<br \/>\r\n75% = 75\/100 = 3\/4 = 0,75<br \/>\r\n100% = 100\/100 = 1<br \/>\r\n7% = 7\/100 = 0,07<br \/>\r\n33% = 33\/100 = 0,33<br \/>\r\n0,7% = 0,7\/100 = 7\/1000 = 0,007<br \/>\r\n120% = 120\/100 = 1,2<br \/>\r\n<br \/>\r\n<span style=\"color: #0000ff;\"><strong>N\u00e4ide 3:<\/strong><\/span><br \/>\r\nEsimesel joonisel 30%&nbsp; on 30 rohelist ruutu 100-st.<br \/>\r\nKui meil on 200 ruutu, siis 30% 200-st on&nbsp; &nbsp;60 rohelist ruutu ( vt teine joonis).<br \/>\r\n<br \/>\r\n<\/p>\r\n<div class=\"section-wrapper\" data-id=\"k5OXW5\">\r\n<section class=\"wp-block-gutenverse-section guten-element guten-section guten-k5OXW5 layout-boxed align-stretch\">\r\n<div class=\"guten-container guten-column-gap-default\">\r\n<div class=\"wp-block-gutenverse-column guten-element guten-column guten-a7IDqb\">\r\n<div class=\"sticky-wrapper\" data-id=\"a7IDqb\">\r\n<div class=\"guten-column-wrapper\">\r\n<p><\/p>\r\n<figure class=\"wp-block-image aligncenter size-full\"><img loading=\"lazy\" decoding=\"async\" width=\"592\" height=\"421\" class=\"wp-image-2619\" src=\"https:\/\/domath.surju.ee\/wp-content\/uploads\/2024\/07\/percent-transparent-1.png\" alt=\"\" srcset=\"https:\/\/domath.surju.ee\/wp-content\/uploads\/2024\/07\/percent-transparent-1.png 592w, https:\/\/domath.surju.ee\/wp-content\/uploads\/2024\/07\/percent-transparent-1-300x213.png 300w, https:\/\/domath.surju.ee\/wp-content\/uploads\/2024\/07\/percent-transparent-1-24x17.png 24w, https:\/\/domath.surju.ee\/wp-content\/uploads\/2024\/07\/percent-transparent-1-36x26.png 36w, https:\/\/domath.surju.ee\/wp-content\/uploads\/2024\/07\/percent-transparent-1-48x34.png 48w\" sizes=\"auto, (max-width: 592px) 100vw, 592px\" \/><br \/>\r\n<br \/>\r\n<br \/>\r\n<iframe loading=\"lazy\" style=\"border: 0px;\" title=\"protsent, harilik murd, k\u00fcmnendmurd\" src=\"https:\/\/www.geogebra.org\/material\/iframe\/id\/mwessz3r\/width\/1000\/height\/689\/border\/888888\/sfsb\/true\/smb\/false\/stb\/false\/stbh\/false\/ai\/false\/asb\/false\/sri\/false\/rc\/false\/ld\/false\/sdz\/false\/ctl\/false\" width=\"600px\" height=\"389px\" scrolling=\"no\"> <\/iframe><br \/>\r\n<br \/>\r\n<\/figure>\r\n<\/div>\r\n<\/div>\r\n<\/div>\r\n<\/div>\r\n<\/section>\r\n<\/div>\r\n<p><\/p>","protected":false},"excerpt":{"rendered":"<p>Protsent Protsent on \u00fcks sajandik tervikust.&nbsp; S\u00f5na protsent tuleb ladina keele v\u00e4ljendist per centum, mis t\u00e4hendab saja kohta.&nbsp; Protsendi t\u00e4his ehk m\u00e4rk on %. Tervik on 1 ehk 100%. Osale vastava osam\u00e4\u00e4ra v\u00f5ib esitada hariliku murruna, k\u00fcmnendmurruna v\u00f5i protsendim\u00e4\u00e4ra abil.&nbsp; N\u00e4ide 1:&nbsp; Kui me \u00fctleme 30%, siis t\u00e4hendab see 30 osa 100st. 30% on k\u00fcmnendmurruna [&#8230;]<\/p>\n<p><a class=\"btn btn-secondary understrap-read-more-link\" href=\"https:\/\/domath.surju.ee\/et\/protsent\/\">Read More&#8230;<span class=\"screen-reader-text\"> from Protsent<\/span><\/a><\/p>\n","protected":false},"author":4,"featured_media":0,"parent":0,"menu_order":0,"comment_status":"closed","ping_status":"closed","template":"","meta":{"_eb_attr":"","_uag_custom_page_level_css":"","footnotes":""},"categories":[],"tags":[58,57,63,59],"class_list":["post-2334","page","type-page","status-publish","hentry","tag-english-p","tag-estonian-p","tag-greek-pi","tag-spanish-p"],"uagb_featured_image_src":{"full":false,"thumbnail":false,"medium":false,"medium_large":false,"large":false,"1536x1536":false,"2048x2048":false,"menu-24x24":false,"menu-36x36":false,"menu-48x48":false},"uagb_author_info":{"display_name":"Thomi Anagrostou","author_link":"https:\/\/domath.surju.ee\/et\/author\/thomi\/"},"uagb_comment_info":0,"uagb_excerpt":"Protsent Protsent on \u00fcks sajandik tervikust.&nbsp; S\u00f5na protsent tuleb ladina keele v\u00e4ljendist per centum, mis t\u00e4hendab saja kohta.&nbsp; Protsendi t\u00e4his ehk m\u00e4rk on %. Tervik on 1 ehk 100%. Osale vastava osam\u00e4\u00e4ra v\u00f5ib esitada hariliku murruna, k\u00fcmnendmurruna v\u00f5i protsendim\u00e4\u00e4ra abil.&nbsp; N\u00e4ide 1:&nbsp; Kui me \u00fctleme 30%, siis t\u00e4hendab see 30 osa 100st. 30% on k\u00fcmnendmurruna&hellip;","_links":{"self":[{"href":"https:\/\/domath.surju.ee\/et\/wp-json\/wp\/v2\/pages\/2334","targetHints":{"allow":["GET"]}}],"collection":[{"href":"https:\/\/domath.surju.ee\/et\/wp-json\/wp\/v2\/pages"}],"about":[{"href":"https:\/\/domath.surju.ee\/et\/wp-json\/wp\/v2\/types\/page"}],"author":[{"embeddable":true,"href":"https:\/\/domath.surju.ee\/et\/wp-json\/wp\/v2\/users\/4"}],"replies":[{"embeddable":true,"href":"https:\/\/domath.surju.ee\/et\/wp-json\/wp\/v2\/comments?post=2334"}],"version-history":[{"count":12,"href":"https:\/\/domath.surju.ee\/et\/wp-json\/wp\/v2\/pages\/2334\/revisions"}],"predecessor-version":[{"id":5227,"href":"https:\/\/domath.surju.ee\/et\/wp-json\/wp\/v2\/pages\/2334\/revisions\/5227"}],"wp:attachment":[{"href":"https:\/\/domath.surju.ee\/et\/wp-json\/wp\/v2\/media?parent=2334"}],"wp:term":[{"taxonomy":"category","embeddable":true,"href":"https:\/\/domath.surju.ee\/et\/wp-json\/wp\/v2\/categories?post=2334"},{"taxonomy":"post_tag","embeddable":true,"href":"https:\/\/domath.surju.ee\/et\/wp-json\/wp\/v2\/tags?post=2334"}],"curies":[{"name":"wp","href":"https:\/\/api.w.org\/{rel}","templated":true}]}}