{"id":2332,"date":"2024-07-03T20:57:01","date_gmt":"2024-07-03T20:57:01","guid":{"rendered":"https:\/\/domath.surju.ee\/?page_id=2332"},"modified":"2024-12-30T15:26:05","modified_gmt":"2024-12-30T15:26:05","slug":"pentagon","status":"publish","type":"page","link":"https:\/\/domath.surju.ee\/et\/viisnurk\/","title":{"rendered":"Viisnurk (pentagon)"},"content":{"rendered":"<h1 style=\"text-align: center;\"><strong><span style=\"color: #008000;\">Viisnurk<\/span><\/strong><\/h1>\r\n\r\n<p class=\"has-medium-font-size\"><span style=\"color: #000000;\"><strong><br \/>\r\n<span style=\"color: #000000;\">Viisnurga <\/span><\/strong>moodustab viiest l\u00fclist koosnev kinnine murdjoon koos sellega piiratud tasandi osaga.<strong><br \/>\r\n<span style=\"color: #ff0000;\">Viisnurk<\/span><\/strong><\/span><span style=\"color: #ff0000;\"><strong> ehk pentagoon&nbsp;<\/strong><\/span>on viie tipuga hulknurk. <br \/>\r\n<strong>Viisnurgal<\/strong> on viis k\u00fclge ja viis nurka.<br \/>\r\n<br \/>\r\nViisnurga sisenurkade summa on 540\u00b0.<br \/>\r\n<br \/>\r\n<\/p>\r\n\r\n\r\n<div class=\"wp-block-group is-nowrap is-layout-flex wp-container-core-group-is-layout-ad2f72ca wp-block-group-is-layout-flex\">\r\n<p class=\"has-text-align-center has-medium-font-size\">Korrap\u00e4rane viisnurk:&nbsp;<br \/>\r\n<br \/>\r\n<\/p>\r\n\r\n<div class=\"wp-block-image\">\r\n<figure class=\"aligncenter size-full\"><img loading=\"lazy\" decoding=\"async\" width=\"243\" height=\"232\" class=\"wp-image-2590\" src=\"https:\/\/domath.surju.ee\/wp-content\/uploads\/2024\/07\/pentagon-transparent-1.png\" alt=\"\" srcset=\"https:\/\/domath.surju.ee\/wp-content\/uploads\/2024\/07\/pentagon-transparent-1.png 243w, https:\/\/domath.surju.ee\/wp-content\/uploads\/2024\/07\/pentagon-transparent-1-24x24.png 24w, https:\/\/domath.surju.ee\/wp-content\/uploads\/2024\/07\/pentagon-transparent-1-36x34.png 36w, https:\/\/domath.surju.ee\/wp-content\/uploads\/2024\/07\/pentagon-transparent-1-48x46.png 48w\" sizes=\"auto, (max-width: 243px) 100vw, 243px\" \/><\/figure><\/div><\/div>\r\n\r\n\r\n<div class=\"wp-block-gutenverse-divider guten-element guten-divider guten-SE2CRG\">\r\n<div class=\"guten-divider-wrapper\">\r\n<div class=\"guten-divider-default guten-divider-line guten-divider-regular\">&nbsp;<\/div>\r\n<\/div>\r\n<\/div>\r\n\r\n\r\n<p class=\"has-text-align-center has-medium-font-size\"><span style=\"color: #008000;\"><strong>Viisnurga liigid: <\/strong><\/span><\/p>\r\n\r\n\r\n<div class=\"section-wrapper\" data-id=\"gAZZ59\">\r\n<section class=\"wp-block-gutenverse-section guten-element guten-section guten-gAZZ59 layout-boxed align-stretch\">\r\n<div class=\"guten-background-overlay\"><strong>Korrap\u00e4rane viisnurk (k\u00f5ik nurgad ja k\u00fcljed on v\u00f5rdsed)<\/strong><\/div>\r\n<div class=\"guten-container guten-column-gap-default\">\r\n<div class=\"wp-block-gutenverse-column guten-element guten-column guten-Qb7MBT\">\r\n<div class=\"sticky-wrapper\" data-id=\"Qb7MBT\">\r\n<div class=\"guten-column-wrapper\">\r\n\r\n<div class=\"guten-element gutenverse-text-editor guten-VOh8Tp\">\r\n<div class=\"text-content-inner\">&nbsp;<\/div>\r\n<\/div>\r\n\r\n\r\n<div class=\"guten-element gutenverse-text-editor guten-Dm6Z1H\">\r\n<div class=\"text-content-inner\">Korrap\u00e4rase viisnurga iga sisenurk on 540\u00b0 : 5 = 108\u00b0.<\/div>\r\n<\/div>\r\n\r\n\r\n<figure class=\"wp-block-image size-full is-resized\"><img loading=\"lazy\" decoding=\"async\" width=\"325\" height=\"295\" class=\"wp-image-2597\" style=\"width: 260px; height: auto;\" src=\"https:\/\/domath.surju.ee\/wp-content\/uploads\/2024\/07\/regular_pentagon-transparent.png\" alt=\"\" srcset=\"https:\/\/domath.surju.ee\/wp-content\/uploads\/2024\/07\/regular_pentagon-transparent.png 325w, https:\/\/domath.surju.ee\/wp-content\/uploads\/2024\/07\/regular_pentagon-transparent-300x272.png 300w, https:\/\/domath.surju.ee\/wp-content\/uploads\/2024\/07\/regular_pentagon-transparent-24x22.png 24w, https:\/\/domath.surju.ee\/wp-content\/uploads\/2024\/07\/regular_pentagon-transparent-36x33.png 36w, https:\/\/domath.surju.ee\/wp-content\/uploads\/2024\/07\/regular_pentagon-transparent-48x44.png 48w\" sizes=\"auto, (max-width: 325px) 100vw, 325px\" \/><\/figure>\r\n\r\n\r\n<p class=\"has-text-align-center\">&nbsp;<\/p>\r\n<\/div>\r\n<\/div>\r\n<\/div>\r\n<!-- \/wp:post-content -->\r\n<!-- wp:gutenverse\/column {\"width\":{\"Desktop\":33.33},\"elementId\":\"guten-ri444I\"} -->\r\n<div class=\"wp-block-gutenverse-column guten-element guten-column guten-ri444I\">\r\n<div class=\"guten-background-overlay\">&nbsp;<\/div>\r\n<div class=\"sticky-wrapper\" data-id=\"ri444I\">\r\n<div class=\"guten-column-wrapper\"><!-- wp:gutenverse\/text-editor {\"elementId\":\"guten-m5pthw\"} -->\r\n<div class=\"guten-element gutenverse-text-editor guten-m5pthw\">\r\n<div class=\"text-content-inner\"><strong>Mittekorrap\u00e4rane&nbsp; ja kumer viisnurk<\/strong><\/div>\r\n<\/div>\r\n<!-- \/wp:gutenverse\/text-editor -->\r\n<!-- wp:image {\"id\":2595,\"sizeSlug\":\"full\",\"linkDestination\":\"none\"} -->\r\n<figure class=\"wp-block-image size-full\"><img loading=\"lazy\" decoding=\"async\" width=\"311\" height=\"302\" class=\"wp-image-2595\" src=\"https:\/\/domath.surju.ee\/wp-content\/uploads\/2024\/07\/Iregular_pentagon-transparent.png\" alt=\"\" srcset=\"https:\/\/domath.surju.ee\/wp-content\/uploads\/2024\/07\/Iregular_pentagon-transparent.png 311w, https:\/\/domath.surju.ee\/wp-content\/uploads\/2024\/07\/Iregular_pentagon-transparent-300x291.png 300w, https:\/\/domath.surju.ee\/wp-content\/uploads\/2024\/07\/Iregular_pentagon-transparent-24x24.png 24w, https:\/\/domath.surju.ee\/wp-content\/uploads\/2024\/07\/Iregular_pentagon-transparent-36x36.png 36w, https:\/\/domath.surju.ee\/wp-content\/uploads\/2024\/07\/Iregular_pentagon-transparent-48x48.png 48w\" sizes=\"auto, (max-width: 311px) 100vw, 311px\" \/><\/figure>\r\n<!-- \/wp:image -->\r\n<!-- wp:paragraph -->\r\n<p><strong><br \/>\r\nMittekorrap\u00e4rane ja mittekumer viisnurk&nbsp;<\/strong><\/p>\r\n<p><!-- \/wp:paragraph -->\r\n<!-- wp:image {\"id\":2596,\"sizeSlug\":\"full\",\"linkDestination\":\"none\"} --><\/p>\r\n<figure class=\"wp-block-image size-full\"><img loading=\"lazy\" decoding=\"async\" width=\"379\" height=\"316\" class=\"wp-image-2596\" src=\"https:\/\/domath.surju.ee\/wp-content\/uploads\/2024\/07\/irregular_pentagon-transparent.png\" alt=\"\" srcset=\"https:\/\/domath.surju.ee\/wp-content\/uploads\/2024\/07\/irregular_pentagon-transparent.png 379w, https:\/\/domath.surju.ee\/wp-content\/uploads\/2024\/07\/irregular_pentagon-transparent-300x250.png 300w, https:\/\/domath.surju.ee\/wp-content\/uploads\/2024\/07\/irregular_pentagon-transparent-24x20.png 24w, https:\/\/domath.surju.ee\/wp-content\/uploads\/2024\/07\/irregular_pentagon-transparent-36x30.png 36w, https:\/\/domath.surju.ee\/wp-content\/uploads\/2024\/07\/irregular_pentagon-transparent-48x40.png 48w\" sizes=\"auto, (max-width: 379px) 100vw, 379px\" \/><\/figure>\r\n<p><!-- \/wp:image -->\r\n<!-- wp:gutenverse\/text-editor {\"elementId\":\"guten-SEF83X\"} --><\/p>\r\n<div class=\"guten-element gutenverse-text-editor guten-SEF83X\">\r\n<div class=\"text-content-inner\"><!-- wp:paragraph {\"align\":\"center\"} --><\/div>\r\n<\/div>\r\n<\/div>\r\n<\/div>\r\n<\/div>\r\n<div class=\"wp-block-gutenverse-column guten-element guten-column guten-VX5WNo\">\r\n<div class=\"guten-background-overlay\">Kas teadsid, et s\u00f5na &#8220;pentagon&#8221; tuleneb kreeka keelest.&nbsp;<br \/>\r\nS\u00f5na &#8220;penta&#8221; t\u00e4hendab kreeka keeles &#8220;viis&#8221; ja &#8220;gon&#8221; tuleneb s\u00f5nast &#8220;nurk&#8221;.&nbsp;<br \/>\r\nM\u00f5lemad s\u00f5nad&nbsp; &#8220;penta+gon&#8221; kokku annavad&nbsp; s\u00f5na &#8220;pentagon&#8221;.<\/div>\r\n<\/div>\r\n<\/div>\r\n<\/section>\r\n<\/div>\r\n<!-- \/wp:paragraph -->\r\n<!-- wp:image {\"id\":2593,\"sizeSlug\":\"full\",\"linkDestination\":\"none\"} -->\r\n<figure class=\"wp-block-image size-full\"><img loading=\"lazy\" decoding=\"async\" width=\"636\" height=\"331\" class=\"wp-image-2593\" src=\"https:\/\/domath.surju.ee\/wp-content\/uploads\/2024\/07\/girl_for_pentagons-removebg-transparent-1.png\" alt=\"\" srcset=\"https:\/\/domath.surju.ee\/wp-content\/uploads\/2024\/07\/girl_for_pentagons-removebg-transparent-1.png 636w, https:\/\/domath.surju.ee\/wp-content\/uploads\/2024\/07\/girl_for_pentagons-removebg-transparent-1-300x156.png 300w, https:\/\/domath.surju.ee\/wp-content\/uploads\/2024\/07\/girl_for_pentagons-removebg-transparent-1-24x12.png 24w, https:\/\/domath.surju.ee\/wp-content\/uploads\/2024\/07\/girl_for_pentagons-removebg-transparent-1-36x19.png 36w, https:\/\/domath.surju.ee\/wp-content\/uploads\/2024\/07\/girl_for_pentagons-removebg-transparent-1-48x25.png 48w\" sizes=\"auto, (max-width: 636px) 100vw, 636px\" \/><\/figure>\r\n<!-- \/wp:image --><!-- \/wp:gutenverse\/text-editor -->","protected":false},"excerpt":{"rendered":"<p>Viisnurk Viisnurga moodustab viiest l\u00fclist koosnev kinnine murdjoon koos sellega piiratud tasandi osaga. Viisnurk ehk pentagoon&nbsp;on viie tipuga hulknurk. Viisnurgal on viis k\u00fclge ja viis nurka. Viisnurga sisenurkade summa on 540\u00b0. Korrap\u00e4rane viisnurk:&nbsp; &nbsp; Viisnurga liigid: Korrap\u00e4rane viisnurk (k\u00f5ik nurgad ja k\u00fcljed on v\u00f5rdsed) &nbsp; Korrap\u00e4rase viisnurga iga sisenurk on 540\u00b0 : 5 = 108\u00b0. [&#8230;]<\/p>\n<p><a class=\"btn btn-secondary understrap-read-more-link\" href=\"https:\/\/domath.surju.ee\/et\/viisnurk\/\">Read More&#8230;<span class=\"screen-reader-text\"> from Viisnurk (pentagon)<\/span><\/a><\/p>\n","protected":false},"author":4,"featured_media":0,"parent":0,"menu_order":0,"comment_status":"closed","ping_status":"closed","template":"","meta":{"_eb_attr":"","_uag_custom_page_level_css":"","footnotes":""},"categories":[],"tags":[58,119,63,59],"class_list":["post-2332","page","type-page","status-publish","hentry","tag-english-p","tag-estonian-v","tag-greek-pi","tag-spanish-p"],"uagb_featured_image_src":{"full":false,"thumbnail":false,"medium":false,"medium_large":false,"large":false,"1536x1536":false,"2048x2048":false,"menu-24x24":false,"menu-36x36":false,"menu-48x48":false},"uagb_author_info":{"display_name":"Thomi Anagrostou","author_link":"https:\/\/domath.surju.ee\/et\/author\/thomi\/"},"uagb_comment_info":0,"uagb_excerpt":"Viisnurk Viisnurga moodustab viiest l\u00fclist koosnev kinnine murdjoon koos sellega piiratud tasandi osaga. Viisnurk ehk pentagoon&nbsp;on viie tipuga hulknurk. Viisnurgal on viis k\u00fclge ja viis nurka. Viisnurga sisenurkade summa on 540\u00b0. Korrap\u00e4rane viisnurk:&nbsp; &nbsp; Viisnurga liigid: Korrap\u00e4rane viisnurk (k\u00f5ik nurgad ja k\u00fcljed on v\u00f5rdsed) &nbsp; Korrap\u00e4rase viisnurga iga sisenurk on 540\u00b0 : 5 = 108\u00b0.&hellip;","_links":{"self":[{"href":"https:\/\/domath.surju.ee\/et\/wp-json\/wp\/v2\/pages\/2332","targetHints":{"allow":["GET"]}}],"collection":[{"href":"https:\/\/domath.surju.ee\/et\/wp-json\/wp\/v2\/pages"}],"about":[{"href":"https:\/\/domath.surju.ee\/et\/wp-json\/wp\/v2\/types\/page"}],"author":[{"embeddable":true,"href":"https:\/\/domath.surju.ee\/et\/wp-json\/wp\/v2\/users\/4"}],"replies":[{"embeddable":true,"href":"https:\/\/domath.surju.ee\/et\/wp-json\/wp\/v2\/comments?post=2332"}],"version-history":[{"count":6,"href":"https:\/\/domath.surju.ee\/et\/wp-json\/wp\/v2\/pages\/2332\/revisions"}],"predecessor-version":[{"id":4222,"href":"https:\/\/domath.surju.ee\/et\/wp-json\/wp\/v2\/pages\/2332\/revisions\/4222"}],"wp:attachment":[{"href":"https:\/\/domath.surju.ee\/et\/wp-json\/wp\/v2\/media?parent=2332"}],"wp:term":[{"taxonomy":"category","embeddable":true,"href":"https:\/\/domath.surju.ee\/et\/wp-json\/wp\/v2\/categories?post=2332"},{"taxonomy":"post_tag","embeddable":true,"href":"https:\/\/domath.surju.ee\/et\/wp-json\/wp\/v2\/tags?post=2332"}],"curies":[{"name":"wp","href":"https:\/\/api.w.org\/{rel}","templated":true}]}}