{"id":2330,"date":"2024-07-03T20:36:30","date_gmt":"2024-07-03T20:36:30","guid":{"rendered":"https:\/\/domath.surju.ee\/?page_id=2330"},"modified":"2024-12-30T15:15:11","modified_gmt":"2024-12-30T15:15:11","slug":"pair","status":"publish","type":"page","link":"https:\/\/domath.surju.ee\/et\/paar\/","title":{"rendered":"Paar"},"content":{"rendered":"<h1 style=\"text-align: center;\"><strong><span style=\"color: #008000;\">Paar<\/span><\/strong><\/h1>\r\n\r\n<p class=\"has-medium-font-size\"><span style=\"color: #ff0000;\"><strong>Paar<\/strong>&nbsp;<\/span>on kaks kokkukuuluvat eset v\u00f5i olendit.&nbsp;<br \/>\r\n<strong>Paarisarvud<\/strong>&nbsp;on need arvud, mis l\u00f5pevad numbritega 2, 4, 6, 8 v\u00f5i 0.&nbsp;<\/p>\r\n<p class=\"has-medium-font-size\"><span style=\"color: #0000ff;\"><strong>N\u00e4ited:&nbsp;<\/strong><\/span><\/p>\r\n<div class=\"section-wrapper\" data-id=\"6zCayd\">\r\n<section class=\"wp-block-gutenverse-section guten-element guten-section guten-6zCayd layout-boxed align-stretch\">\r\n<div class=\"guten-container guten-column-gap-default\">\r\n<div class=\"wp-block-gutenverse-column guten-element guten-column guten-z28mUI\">\r\n<div class=\"sticky-wrapper\" data-id=\"z28mUI\">\r\n<div class=\"guten-column-wrapper\">\r\n<div class=\"guten-element gutenverse-text-editor guten-13fGRa\">\r\n<div class=\"text-content-inner\">\r\n<p class=\"has-text-align-center has-medium-font-size\">arvupaar<\/p>\r\n\r\n\r\n<p class=\"has-text-align-center has-large-font-size\">(4, 9)<\/p>\r\n<\/div>\r\n<\/div>\r\n<\/div>\r\n<\/div>\r\n<\/div>\r\n\r\n\r\n<div class=\"wp-block-gutenverse-column guten-element guten-column guten-CElqM9\">\r\n<div class=\"guten-background-overlay\">&nbsp;<\/div>\r\n<div class=\"sticky-wrapper\" data-id=\"CElqM9\">\r\n<div class=\"guten-column-wrapper\">\r\n<div class=\"guten-element gutenverse-text-editor guten-vxJuZW\">\r\n<div class=\"text-content-inner\">\r\n<p class=\"has-text-align-left has-medium-font-size\">pelikanide paar<\/p>\r\n<\/div>\r\n<\/div>\r\n\r\n<div class=\"wp-block-image\">\r\n<figure class=\"aligncenter size-large is-resized\"><img loading=\"lazy\" decoding=\"async\" width=\"1024\" height=\"662\" class=\"wp-image-2426\" style=\"width: 198px; height: auto;\" src=\"https:\/\/domath.surju.ee\/wp-content\/uploads\/2024\/07\/pair1-1024x662.jpg\" alt=\"\" srcset=\"https:\/\/domath.surju.ee\/wp-content\/uploads\/2024\/07\/pair1-1024x662.jpg 1024w, https:\/\/domath.surju.ee\/wp-content\/uploads\/2024\/07\/pair1-300x194.jpg 300w, https:\/\/domath.surju.ee\/wp-content\/uploads\/2024\/07\/pair1-768x496.jpg 768w, https:\/\/domath.surju.ee\/wp-content\/uploads\/2024\/07\/pair1-24x16.jpg 24w, https:\/\/domath.surju.ee\/wp-content\/uploads\/2024\/07\/pair1-36x23.jpg 36w, https:\/\/domath.surju.ee\/wp-content\/uploads\/2024\/07\/pair1-48x31.jpg 48w, https:\/\/domath.surju.ee\/wp-content\/uploads\/2024\/07\/pair1.jpg 1280w\" sizes=\"auto, (max-width: 1024px) 100vw, 1024px\" \/><\/figure><\/div><\/div>\r\n<\/div>\r\n<\/div>\r\n\r\n\r\n<div class=\"wp-block-gutenverse-column guten-element guten-column guten-5sjbjp\">\r\n<div class=\"guten-background-overlay\">&nbsp;<\/div>\r\n<div class=\"sticky-wrapper\" data-id=\"5sjbjp\">\r\n<div class=\"guten-column-wrapper\">\r\n<div class=\"guten-element gutenverse-text-editor guten-WSaZQj\">\r\n<div class=\"text-content-inner\">\r\n<p class=\"has-text-align-left has-medium-font-size\">&nbsp; &nbsp; &nbsp; paar sokke<\/p>\r\n<\/div>\r\n<\/div>\r\n\r\n<div class=\"wp-block-image\">\r\n<figure class=\"aligncenter size-large is-resized\"><img loading=\"lazy\" decoding=\"async\" width=\"1024\" height=\"920\" class=\"wp-image-2427\" style=\"width: 149px; height: auto;\" src=\"https:\/\/domath.surju.ee\/wp-content\/uploads\/2024\/07\/pair5-1024x920.png\" alt=\"\" srcset=\"https:\/\/domath.surju.ee\/wp-content\/uploads\/2024\/07\/pair5-1024x920.png 1024w, https:\/\/domath.surju.ee\/wp-content\/uploads\/2024\/07\/pair5-300x270.png 300w, https:\/\/domath.surju.ee\/wp-content\/uploads\/2024\/07\/pair5-768x690.png 768w, https:\/\/domath.surju.ee\/wp-content\/uploads\/2024\/07\/pair5-24x22.png 24w, https:\/\/domath.surju.ee\/wp-content\/uploads\/2024\/07\/pair5-36x32.png 36w, https:\/\/domath.surju.ee\/wp-content\/uploads\/2024\/07\/pair5-48x43.png 48w, https:\/\/domath.surju.ee\/wp-content\/uploads\/2024\/07\/pair5.png 1280w\" sizes=\"auto, (max-width: 1024px) 100vw, 1024px\" \/><\/figure><\/div><\/div>\r\n<\/div>\r\n<\/div>\r\n<\/div>\r\n<\/section>\r\n<\/div>\r\n<!-- \/wp:post-content -->\r\n<!-- wp:paragraph -->\r\n<p>&nbsp;<\/p>\r\n<!-- \/wp:paragraph -->","protected":false},"excerpt":{"rendered":"<p>Paar Paar&nbsp;on kaks kokkukuuluvat eset v\u00f5i olendit.&nbsp; Paarisarvud&nbsp;on need arvud, mis l\u00f5pevad numbritega 2, 4, 6, 8 v\u00f5i 0.&nbsp; N\u00e4ited:&nbsp; arvupaar (4, 9) &nbsp; pelikanide paar &nbsp; &nbsp; &nbsp; &nbsp; paar sokke &nbsp; [&#8230;]<\/p>\n<p><a class=\"btn btn-secondary understrap-read-more-link\" href=\"https:\/\/domath.surju.ee\/et\/paar\/\">Read More&#8230;<span class=\"screen-reader-text\"> from Paar<\/span><\/a><\/p>\n","protected":false},"author":4,"featured_media":0,"parent":0,"menu_order":0,"comment_status":"closed","ping_status":"closed","template":"","meta":{"_eb_attr":"","_uag_custom_page_level_css":"","footnotes":""},"categories":[],"tags":[58,57,88,59],"class_list":["post-2330","page","type-page","status-publish","hentry","tag-english-p","tag-estonian-p","tag-greek-zeta","tag-spanish-p"],"uagb_featured_image_src":{"full":false,"thumbnail":false,"medium":false,"medium_large":false,"large":false,"1536x1536":false,"2048x2048":false,"menu-24x24":false,"menu-36x36":false,"menu-48x48":false},"uagb_author_info":{"display_name":"Thomi Anagrostou","author_link":"https:\/\/domath.surju.ee\/et\/author\/thomi\/"},"uagb_comment_info":0,"uagb_excerpt":"Paar Paar&nbsp;on kaks kokkukuuluvat eset v\u00f5i olendit.&nbsp; Paarisarvud&nbsp;on need arvud, mis l\u00f5pevad numbritega 2, 4, 6, 8 v\u00f5i 0.&nbsp; N\u00e4ited:&nbsp; arvupaar (4, 9) &nbsp; pelikanide paar &nbsp; &nbsp; &nbsp; &nbsp; paar sokke &nbsp; [...]Read More... from Paar","_links":{"self":[{"href":"https:\/\/domath.surju.ee\/et\/wp-json\/wp\/v2\/pages\/2330","targetHints":{"allow":["GET"]}}],"collection":[{"href":"https:\/\/domath.surju.ee\/et\/wp-json\/wp\/v2\/pages"}],"about":[{"href":"https:\/\/domath.surju.ee\/et\/wp-json\/wp\/v2\/types\/page"}],"author":[{"embeddable":true,"href":"https:\/\/domath.surju.ee\/et\/wp-json\/wp\/v2\/users\/4"}],"replies":[{"embeddable":true,"href":"https:\/\/domath.surju.ee\/et\/wp-json\/wp\/v2\/comments?post=2330"}],"version-history":[{"count":5,"href":"https:\/\/domath.surju.ee\/et\/wp-json\/wp\/v2\/pages\/2330\/revisions"}],"predecessor-version":[{"id":4220,"href":"https:\/\/domath.surju.ee\/et\/wp-json\/wp\/v2\/pages\/2330\/revisions\/4220"}],"wp:attachment":[{"href":"https:\/\/domath.surju.ee\/et\/wp-json\/wp\/v2\/media?parent=2330"}],"wp:term":[{"taxonomy":"category","embeddable":true,"href":"https:\/\/domath.surju.ee\/et\/wp-json\/wp\/v2\/categories?post=2330"},{"taxonomy":"post_tag","embeddable":true,"href":"https:\/\/domath.surju.ee\/et\/wp-json\/wp\/v2\/tags?post=2330"}],"curies":[{"name":"wp","href":"https:\/\/api.w.org\/{rel}","templated":true}]}}