{"id":2328,"date":"2024-07-03T20:35:27","date_gmt":"2024-07-03T20:35:27","guid":{"rendered":"https:\/\/domath.surju.ee\/?page_id=2328"},"modified":"2025-01-02T19:49:06","modified_gmt":"2025-01-02T19:49:06","slug":"parallel-lines","status":"publish","type":"page","link":"https:\/\/domath.surju.ee\/et\/paralleelsed-sirged\/","title":{"rendered":"Paralleelsed sirged"},"content":{"rendered":"<h1 style=\"text-align: center;\"><strong><span style=\"color: #008000;\">Paralleelsed sirged<\/span><\/strong><\/h1>\r\n<p><\/p>\r\n<p class=\"has-medium-font-size\"><span style=\"color: #ff0000;\"><strong>Paralleelsed sirged <\/strong><\/span>on sirged, mis paiknevad \u00fchel ja samal tasandil ja ei l\u00f5iku.&nbsp;<br \/>\r\n<strong>Paralleelsust<\/strong> t\u00e4histatakse s\u00fcmboliga \u0399\u0399. <br \/>\r\n<span style=\"color: #0000ff;\"><strong>N\u00e4ited: <\/strong><\/span><\/p>\r\n<p><br \/>\r\n<\/p>\r\n<figure class=\"wp-block-image size-full\"><img loading=\"lazy\" decoding=\"async\" width=\"629\" height=\"211\" class=\"wp-image-2604\" src=\"https:\/\/domath.surju.ee\/wp-content\/uploads\/2024\/07\/parallel_lines-transparent.png\" alt=\"\" srcset=\"https:\/\/domath.surju.ee\/wp-content\/uploads\/2024\/07\/parallel_lines-transparent.png 629w, https:\/\/domath.surju.ee\/wp-content\/uploads\/2024\/07\/parallel_lines-transparent-300x101.png 300w, https:\/\/domath.surju.ee\/wp-content\/uploads\/2024\/07\/parallel_lines-transparent-24x8.png 24w, https:\/\/domath.surju.ee\/wp-content\/uploads\/2024\/07\/parallel_lines-transparent-36x12.png 36w, https:\/\/domath.surju.ee\/wp-content\/uploads\/2024\/07\/parallel_lines-transparent-48x16.png 48w\" sizes=\"auto, (max-width: 629px) 100vw, 629px\" \/><\/figure>\r\n<p class=\"has-medium-font-size\">Proovi leida pildilt paralleelseid sirgeid (jooni):\r\n<\/p>\r\n<figure class=\"wp-block-image size-large\"><img loading=\"lazy\" decoding=\"async\" width=\"1024\" height=\"607\" class=\"wp-image-2607\" src=\"https:\/\/domath.surju.ee\/wp-content\/uploads\/2024\/07\/city_crosswalk-1024x607.jpg\" alt=\"\" srcset=\"https:\/\/domath.surju.ee\/wp-content\/uploads\/2024\/07\/city_crosswalk-1024x607.jpg 1024w, https:\/\/domath.surju.ee\/wp-content\/uploads\/2024\/07\/city_crosswalk-300x178.jpg 300w, https:\/\/domath.surju.ee\/wp-content\/uploads\/2024\/07\/city_crosswalk-768x455.jpg 768w, https:\/\/domath.surju.ee\/wp-content\/uploads\/2024\/07\/city_crosswalk-1536x910.jpg 1536w, https:\/\/domath.surju.ee\/wp-content\/uploads\/2024\/07\/city_crosswalk-2048x1214.jpg 2048w, https:\/\/domath.surju.ee\/wp-content\/uploads\/2024\/07\/city_crosswalk-24x14.jpg 24w, https:\/\/domath.surju.ee\/wp-content\/uploads\/2024\/07\/city_crosswalk-36x21.jpg 36w, https:\/\/domath.surju.ee\/wp-content\/uploads\/2024\/07\/city_crosswalk-48x28.jpg 48w\" sizes=\"auto, (max-width: 1024px) 100vw, 1024px\" \/>\r\n<figcaption class=\"wp-element-caption\"><a href=\"https:\/\/www.freepik.com\/free-vector\/city-life-crosswalk-with-traffic-lights-car-pedestrian-crossing-road-urban-background-young-man-woman-teenager-elderly-couple-businessman-with-phone-moving-by-road_28849784.htm#query=crosswalk&amp;position=2&amp;from_view=keyword&amp;track=sph&amp;uuid=92714910-37c7-45e6-9320-220b09423cc8\">Image by studio4rt<\/a> on Freepik<\/figcaption>\r\n<\/figure>\r\n<p><\/p>","protected":false},"excerpt":{"rendered":"<p>Paralleelsed sirged Paralleelsed sirged on sirged, mis paiknevad \u00fchel ja samal tasandil ja ei l\u00f5iku.&nbsp; Paralleelsust t\u00e4histatakse s\u00fcmboliga \u0399\u0399. N\u00e4ited: Proovi leida pildilt paralleelseid sirgeid (jooni): Image by studio4rt on Freepik [&#8230;]<\/p>\n<p><a class=\"btn btn-secondary understrap-read-more-link\" href=\"https:\/\/domath.surju.ee\/et\/paralleelsed-sirged\/\">Read More&#8230;<span class=\"screen-reader-text\"> from Paralleelsed sirged<\/span><\/a><\/p>\n","protected":false},"author":4,"featured_media":0,"parent":0,"menu_order":0,"comment_status":"closed","ping_status":"closed","template":"","meta":{"_eb_attr":"","_uag_custom_page_level_css":"","footnotes":""},"categories":[],"tags":[58,57,63,130],"class_list":["post-2328","page","type-page","status-publish","hentry","tag-english-p","tag-estonian-p","tag-greek-pi","tag-spanish-l"],"uagb_featured_image_src":{"full":false,"thumbnail":false,"medium":false,"medium_large":false,"large":false,"1536x1536":false,"2048x2048":false,"menu-24x24":false,"menu-36x36":false,"menu-48x48":false},"uagb_author_info":{"display_name":"Thomi Anagrostou","author_link":"https:\/\/domath.surju.ee\/et\/author\/thomi\/"},"uagb_comment_info":0,"uagb_excerpt":"Paralleelsed sirged Paralleelsed sirged on sirged, mis paiknevad \u00fchel ja samal tasandil ja ei l\u00f5iku.&nbsp; Paralleelsust t\u00e4histatakse s\u00fcmboliga \u0399\u0399. N\u00e4ited: Proovi leida pildilt paralleelseid sirgeid (jooni): Image by studio4rt on Freepik [...]Read More... from Paralleelsed sirged","_links":{"self":[{"href":"https:\/\/domath.surju.ee\/et\/wp-json\/wp\/v2\/pages\/2328","targetHints":{"allow":["GET"]}}],"collection":[{"href":"https:\/\/domath.surju.ee\/et\/wp-json\/wp\/v2\/pages"}],"about":[{"href":"https:\/\/domath.surju.ee\/et\/wp-json\/wp\/v2\/types\/page"}],"author":[{"embeddable":true,"href":"https:\/\/domath.surju.ee\/et\/wp-json\/wp\/v2\/users\/4"}],"replies":[{"embeddable":true,"href":"https:\/\/domath.surju.ee\/et\/wp-json\/wp\/v2\/comments?post=2328"}],"version-history":[{"count":6,"href":"https:\/\/domath.surju.ee\/et\/wp-json\/wp\/v2\/pages\/2328\/revisions"}],"predecessor-version":[{"id":4221,"href":"https:\/\/domath.surju.ee\/et\/wp-json\/wp\/v2\/pages\/2328\/revisions\/4221"}],"wp:attachment":[{"href":"https:\/\/domath.surju.ee\/et\/wp-json\/wp\/v2\/media?parent=2328"}],"wp:term":[{"taxonomy":"category","embeddable":true,"href":"https:\/\/domath.surju.ee\/et\/wp-json\/wp\/v2\/categories?post=2328"},{"taxonomy":"post_tag","embeddable":true,"href":"https:\/\/domath.surju.ee\/et\/wp-json\/wp\/v2\/tags?post=2328"}],"curies":[{"name":"wp","href":"https:\/\/api.w.org\/{rel}","templated":true}]}}