{"id":22,"date":"2023-08-28T07:39:07","date_gmt":"2023-08-28T07:39:07","guid":{"rendered":"https:\/\/domath.surju.ee\/?page_id=22"},"modified":"2025-01-02T19:51:06","modified_gmt":"2025-01-02T19:51:06","slug":"addition","status":"publish","type":"page","link":"https:\/\/domath.surju.ee\/et\/liitmine\/","title":{"rendered":"Liitmine"},"content":{"rendered":"<p><\/p>\r\n<h1 style=\"text-align: center;\"><strong><span style=\"color: #008000;\">Liitmine<\/span><\/strong><\/h1>\r\n<p><span style=\"color: #ff0000;\"><strong>Liitmine<\/strong><\/span> (t\u00e4histatakse plussm\u00e4rgiga +) on \u00fcks aritmeetika neljast p\u00f5hitehtest.<br \/>\r\n<br \/>\r\nKahe t\u00e4isarvu liitmisel saadakse nende v\u00e4\u00e4rtuste kogusumma v\u00f5i <span style=\"color: #0000ff;\"><strong>summa.<\/strong><\/span><br \/>\r\n<br \/>\r\nLiitmine on lahutamise <strong><span style=\"color: #0000ff;\">p\u00f6\u00f6rdtehe.&nbsp;<br \/>\r\n<br \/>\r\nNulliga liitmise n\u00e4ited: <span style=\"font-size: 10pt;\"><a href=\"https:\/\/domath.surju.ee\/et\/nulliga-liitmine\/\">https:\/\/domath.surju.ee\/et\/nulliga-liitmine\/<\/a><\/span><br \/>\r\n<br \/>\r\n&nbsp; <img loading=\"lazy\" decoding=\"async\" class=\"alignnone size-medium wp-image-4677\" src=\"https:\/\/domath.surju.ee\/wp-content\/uploads\/2024\/11\/Kuvatommis-2024-11-21-233750_oige-300x130.png\" alt=\"\" width=\"300\" height=\"130\" srcset=\"https:\/\/domath.surju.ee\/wp-content\/uploads\/2024\/11\/Kuvatommis-2024-11-21-233750_oige-300x130.png 300w, https:\/\/domath.surju.ee\/wp-content\/uploads\/2024\/11\/Kuvatommis-2024-11-21-233750_oige-24x10.png 24w, https:\/\/domath.surju.ee\/wp-content\/uploads\/2024\/11\/Kuvatommis-2024-11-21-233750_oige-36x16.png 36w, https:\/\/domath.surju.ee\/wp-content\/uploads\/2024\/11\/Kuvatommis-2024-11-21-233750_oige-48x21.png 48w, https:\/\/domath.surju.ee\/wp-content\/uploads\/2024\/11\/Kuvatommis-2024-11-21-233750_oige.png 405w\" sizes=\"auto, (max-width: 300px) 100vw, 300px\" \/> <img loading=\"lazy\" decoding=\"async\" class=\"alignnone size-medium wp-image-4678\" src=\"https:\/\/domath.surju.ee\/wp-content\/uploads\/2024\/11\/Kuvatommis-2024-11-21-233725_oige-300x156.png\" alt=\"\" width=\"300\" height=\"156\" srcset=\"https:\/\/domath.surju.ee\/wp-content\/uploads\/2024\/11\/Kuvatommis-2024-11-21-233725_oige-300x156.png 300w, https:\/\/domath.surju.ee\/wp-content\/uploads\/2024\/11\/Kuvatommis-2024-11-21-233725_oige-24x12.png 24w, https:\/\/domath.surju.ee\/wp-content\/uploads\/2024\/11\/Kuvatommis-2024-11-21-233725_oige-36x19.png 36w, https:\/\/domath.surju.ee\/wp-content\/uploads\/2024\/11\/Kuvatommis-2024-11-21-233725_oige-48x25.png 48w, https:\/\/domath.surju.ee\/wp-content\/uploads\/2024\/11\/Kuvatommis-2024-11-21-233725_oige.png 360w\" sizes=\"auto, (max-width: 300px) 100vw, 300px\" \/><br \/>\r\n<br \/>\r\n<br \/>\r\n<\/span><\/strong><\/p>\r\n<p>\r\n <iframe loading=\"lazy\" style=\"border: 0px;\" title=\"Liitminie_naide\" src=\"https:\/\/www.geogebra.org\/material\/iframe\/id\/esmtbus5\/width\/1000\/height\/500\/border\/888888\/sfsb\/true\/smb\/false\/stb\/false\/stbh\/false\/ai\/false\/asb\/false\/sri\/false\/rc\/false\/ld\/false\/sdz\/false\/ctl\/false\" width=\"600px\" height=\"300px\" scrolling=\"no\" data-mce-fragment=\"1\"> <\/iframe> \r\n <iframe loading=\"lazy\" style=\"border: 0px;\" title=\"Liitmine\" src=\"https:\/\/www.geogebra.org\/material\/iframe\/id\/pfx3qqmf\/width\/900\/height\/350\/border\/888888\/sfsb\/true\/smb\/false\/stb\/false\/stbh\/false\/ai\/false\/asb\/false\/sri\/false\/rc\/false\/ld\/false\/sdz\/false\/ctl\/false\" width=\"600px\" height=\"250px\" scrolling=\"no\" data-mce-fragment=\"1\"> <\/iframe> \r\n <iframe loading=\"lazy\" style=\"border: 0px;\" title=\"Liitminie_naide2\" src=\"https:\/\/www.geogebra.org\/material\/iframe\/id\/zatprzzd\/width\/1000\/height\/500\/border\/888888\/sfsb\/true\/smb\/false\/stb\/false\/stbh\/false\/ai\/false\/asb\/false\/sri\/false\/rc\/false\/ld\/false\/sdz\/false\/ctl\/false\" width=\"600px\" height=\"300px\" scrolling=\"no\" data-mce-fragment=\"1\"> <\/iframe> \r\n <iframe loading=\"lazy\" style=\"border: 0px;\" title=\"Liitmine_10_100\" src=\"https:\/\/www.geogebra.org\/material\/iframe\/id\/zmx82s9e\/width\/900\/height\/300\/border\/888888\/sfsb\/true\/smb\/false\/stb\/false\/stbh\/false\/ai\/false\/asb\/false\/sri\/false\/rc\/false\/ld\/false\/sdz\/false\/ctl\/false\" width=\"600px\" height=\"200px\" scrolling=\"no\" data-mce-fragment=\"1\"> <\/iframe> \r\n <iframe loading=\"lazy\" style=\"border: 0px;\" title=\"Liitmine_2\" src=\"https:\/\/www.geogebra.org\/material\/iframe\/id\/n4tadbae\/width\/900\/height\/450\/border\/888888\/sfsb\/true\/smb\/false\/stb\/false\/stbh\/false\/ai\/false\/asb\/false\/sri\/false\/rc\/false\/ld\/false\/sdz\/false\/ctl\/false\" width=\"600px\" height=\"340px\" scrolling=\"no\" data-mce-fragment=\"1\"> <\/iframe> \r\n <iframe loading=\"lazy\" style=\"border: 0px;\" title=\"Liitmine 3\" src=\"https:\/\/www.geogebra.org\/material\/iframe\/id\/zandn8vu\/width\/1000\/height\/500\/border\/888888\/sfsb\/true\/smb\/false\/stb\/false\/stbh\/false\/ai\/false\/asb\/false\/sri\/false\/rc\/false\/ld\/false\/sdz\/false\/ctl\/false\" width=\"600px\" height=\"300px\" scrolling=\"no\" data-mce-fragment=\"1\"> <\/iframe><br \/>\r\n<br \/>\r\n<\/p>","protected":false},"excerpt":{"rendered":"<p>Liitmine Liitmine (t\u00e4histatakse plussm\u00e4rgiga +) on \u00fcks aritmeetika neljast p\u00f5hitehtest. Kahe t\u00e4isarvu liitmisel saadakse nende v\u00e4\u00e4rtuste kogusumma v\u00f5i summa. Liitmine on lahutamise p\u00f6\u00f6rdtehe.&nbsp; Nulliga liitmise n\u00e4ited: https:\/\/domath.surju.ee\/et\/nulliga-liitmine\/ &nbsp; [&#8230;]<\/p>\n<p><a class=\"btn btn-secondary understrap-read-more-link\" href=\"https:\/\/domath.surju.ee\/et\/liitmine\/\">Read More&#8230;<span class=\"screen-reader-text\"> from Liitmine<\/span><\/a><\/p>\n","protected":false},"author":1,"featured_media":0,"parent":0,"menu_order":0,"comment_status":"closed","ping_status":"closed","template":"","meta":{"_eb_attr":"","_uag_custom_page_level_css":"","footnotes":""},"categories":[],"tags":[37,4,63,62],"class_list":["post-22","page","type-page","status-publish","hentry","tag-english-a","tag-estonian-l","tag-greek-pi","tag-spanish-s"],"uagb_featured_image_src":{"full":false,"thumbnail":false,"medium":false,"medium_large":false,"large":false,"1536x1536":false,"2048x2048":false,"menu-24x24":false,"menu-36x36":false,"menu-48x48":false},"uagb_author_info":{"display_name":"valter","author_link":"https:\/\/domath.surju.ee\/et\/author\/valter\/"},"uagb_comment_info":0,"uagb_excerpt":"Liitmine Liitmine (t\u00e4histatakse plussm\u00e4rgiga +) on \u00fcks aritmeetika neljast p\u00f5hitehtest. Kahe t\u00e4isarvu liitmisel saadakse nende v\u00e4\u00e4rtuste kogusumma v\u00f5i summa. Liitmine on lahutamise p\u00f6\u00f6rdtehe.&nbsp; Nulliga liitmise n\u00e4ited: https:\/\/domath.surju.ee\/et\/nulliga-liitmine\/ &nbsp; [...]Read More... from Liitmine","_links":{"self":[{"href":"https:\/\/domath.surju.ee\/et\/wp-json\/wp\/v2\/pages\/22","targetHints":{"allow":["GET"]}}],"collection":[{"href":"https:\/\/domath.surju.ee\/et\/wp-json\/wp\/v2\/pages"}],"about":[{"href":"https:\/\/domath.surju.ee\/et\/wp-json\/wp\/v2\/types\/page"}],"author":[{"embeddable":true,"href":"https:\/\/domath.surju.ee\/et\/wp-json\/wp\/v2\/users\/1"}],"replies":[{"embeddable":true,"href":"https:\/\/domath.surju.ee\/et\/wp-json\/wp\/v2\/comments?post=22"}],"version-history":[{"count":26,"href":"https:\/\/domath.surju.ee\/et\/wp-json\/wp\/v2\/pages\/22\/revisions"}],"predecessor-version":[{"id":4170,"href":"https:\/\/domath.surju.ee\/et\/wp-json\/wp\/v2\/pages\/22\/revisions\/4170"}],"wp:attachment":[{"href":"https:\/\/domath.surju.ee\/et\/wp-json\/wp\/v2\/media?parent=22"}],"wp:term":[{"taxonomy":"category","embeddable":true,"href":"https:\/\/domath.surju.ee\/et\/wp-json\/wp\/v2\/categories?post=22"},{"taxonomy":"post_tag","embeddable":true,"href":"https:\/\/domath.surju.ee\/et\/wp-json\/wp\/v2\/tags?post=22"}],"curies":[{"name":"wp","href":"https:\/\/api.w.org\/{rel}","templated":true}]}}