{"id":2122,"date":"2024-04-18T10:48:26","date_gmt":"2024-04-18T10:48:26","guid":{"rendered":"https:\/\/domath.surju.ee\/?page_id=2122"},"modified":"2025-01-02T19:48:51","modified_gmt":"2025-01-02T19:48:51","slug":"ordinates","status":"publish","type":"page","link":"https:\/\/domath.surju.ee\/et\/ordinaat\/","title":{"rendered":"Ordinaat"},"content":{"rendered":"<h1 style=\"text-align: center;\"><span style=\"color: #008000;\"><strong>Ordinaat<\/strong><\/span><\/h1>\r\n<p><\/p>\r\n<p class=\"has-medium-font-size\">Telge, mis joonestatakse vertikaalsena, positiivse suunaga alt \u00fcles, nimetatakse <strong>ordinaatteljeks<\/strong> ehk y-teljeks ja tema koordinaate<strong><span style=\"color: #ff0000;\"> ordinaatideks<\/span>.<br \/>\r\nOrdinaattelg<\/strong> on \u00fcks tasandil asuva koordinaatteljestiku kahest ristuvast arvteljest. Teine telg on x-telg, mis joonistatakse horisontaalselt.&nbsp;<br \/>\r\nPunkti <strong>ordinaat<\/strong> n\u00e4itab, kui kaugel asub punkt x-teljest. <br \/>\r\nX- ja y-telje ristumispunkti nimetatakse koordinaatide alguspunktiks ehk <strong>nullpunktiks.&nbsp;<\/strong>\r\n<\/p>\r\n<figure class=\"wp-block-image aligncenter size-full is-resized\"><img loading=\"lazy\" decoding=\"async\" width=\"459\" height=\"455\" class=\"wp-image-2793\" style=\"width: 507px; height: auto;\" src=\"https:\/\/domath.surju.ee\/wp-content\/uploads\/2024\/07\/coordinates-removebg-preview.png\" alt=\"\" srcset=\"https:\/\/domath.surju.ee\/wp-content\/uploads\/2024\/07\/coordinates-removebg-preview.png 459w, https:\/\/domath.surju.ee\/wp-content\/uploads\/2024\/07\/coordinates-removebg-preview-300x297.png 300w, https:\/\/domath.surju.ee\/wp-content\/uploads\/2024\/07\/coordinates-removebg-preview-150x150.png 150w, https:\/\/domath.surju.ee\/wp-content\/uploads\/2024\/07\/coordinates-removebg-preview-24x24.png 24w, https:\/\/domath.surju.ee\/wp-content\/uploads\/2024\/07\/coordinates-removebg-preview-36x36.png 36w, https:\/\/domath.surju.ee\/wp-content\/uploads\/2024\/07\/coordinates-removebg-preview-48x48.png 48w\" sizes=\"auto, (max-width: 459px) 100vw, 459px\" \/><\/figure>\r\n<p><br \/>\r\n<\/p>\r\n<p style=\"font-size: 17px;\">Esimene arv sulgudes (koordinaat x ehk abstsiss) n\u00e4itab, mitme \u00fchiku v\u00f5rra asub punkt nullpunktist paremal v\u00f5i vasakul.&nbsp;<br \/>\r\nTeine arv sulgudes (koordinaat y ehk <strong>ordinaat<\/strong>) n\u00e4itab, mitme \u00fchiku v\u00f5rra asub punkt nullpunktist k\u00f5rgemal v\u00f5i madalamal.&nbsp;<\/p>\r\n<p><\/p>","protected":false},"excerpt":{"rendered":"<p>Ordinaat Telge, mis joonestatakse vertikaalsena, positiivse suunaga alt \u00fcles, nimetatakse ordinaatteljeks ehk y-teljeks ja tema koordinaate ordinaatideks. Ordinaattelg on \u00fcks tasandil asuva koordinaatteljestiku kahest ristuvast arvteljest. Teine telg on x-telg, mis joonistatakse horisontaalselt.&nbsp; Punkti ordinaat n\u00e4itab, kui kaugel asub punkt x-teljest. X- ja y-telje ristumispunkti nimetatakse koordinaatide alguspunktiks ehk nullpunktiks.&nbsp; Esimene arv sulgudes (koordinaat x [&#8230;]<\/p>\n<p><a class=\"btn btn-secondary understrap-read-more-link\" href=\"https:\/\/domath.surju.ee\/et\/ordinaat\/\">Read More&#8230;<span class=\"screen-reader-text\"> from Ordinaat<\/span><\/a><\/p>\n","protected":false},"author":14,"featured_media":0,"parent":0,"menu_order":0,"comment_status":"closed","ping_status":"closed","template":"","meta":{"_eb_attr":"","_uag_custom_page_level_css":"","footnotes":""},"categories":[],"tags":[98,114,151],"class_list":["post-2122","page","type-page","status-publish","hentry","tag-english-o","tag-estonian-o","tag-greek-tau"],"uagb_featured_image_src":{"full":false,"thumbnail":false,"medium":false,"medium_large":false,"large":false,"1536x1536":false,"2048x2048":false,"menu-24x24":false,"menu-36x36":false,"menu-48x48":false},"uagb_author_info":{"display_name":"Maria Tsiligkiri","author_link":"https:\/\/domath.surju.ee\/et\/author\/mariaki\/"},"uagb_comment_info":0,"uagb_excerpt":"Ordinaat Telge, mis joonestatakse vertikaalsena, positiivse suunaga alt \u00fcles, nimetatakse ordinaatteljeks ehk y-teljeks ja tema koordinaate ordinaatideks. Ordinaattelg on \u00fcks tasandil asuva koordinaatteljestiku kahest ristuvast arvteljest. Teine telg on x-telg, mis joonistatakse horisontaalselt.&nbsp; Punkti ordinaat n\u00e4itab, kui kaugel asub punkt x-teljest. X- ja y-telje ristumispunkti nimetatakse koordinaatide alguspunktiks ehk nullpunktiks.&nbsp; Esimene arv sulgudes (koordinaat x&hellip;","_links":{"self":[{"href":"https:\/\/domath.surju.ee\/et\/wp-json\/wp\/v2\/pages\/2122","targetHints":{"allow":["GET"]}}],"collection":[{"href":"https:\/\/domath.surju.ee\/et\/wp-json\/wp\/v2\/pages"}],"about":[{"href":"https:\/\/domath.surju.ee\/et\/wp-json\/wp\/v2\/types\/page"}],"author":[{"embeddable":true,"href":"https:\/\/domath.surju.ee\/et\/wp-json\/wp\/v2\/users\/14"}],"replies":[{"embeddable":true,"href":"https:\/\/domath.surju.ee\/et\/wp-json\/wp\/v2\/comments?post=2122"}],"version-history":[{"count":7,"href":"https:\/\/domath.surju.ee\/et\/wp-json\/wp\/v2\/pages\/2122\/revisions"}],"predecessor-version":[{"id":4210,"href":"https:\/\/domath.surju.ee\/et\/wp-json\/wp\/v2\/pages\/2122\/revisions\/4210"}],"wp:attachment":[{"href":"https:\/\/domath.surju.ee\/et\/wp-json\/wp\/v2\/media?parent=2122"}],"wp:term":[{"taxonomy":"category","embeddable":true,"href":"https:\/\/domath.surju.ee\/et\/wp-json\/wp\/v2\/categories?post=2122"},{"taxonomy":"post_tag","embeddable":true,"href":"https:\/\/domath.surju.ee\/et\/wp-json\/wp\/v2\/tags?post=2122"}],"curies":[{"name":"wp","href":"https:\/\/api.w.org\/{rel}","templated":true}]}}