{"id":2056,"date":"2024-04-18T10:15:23","date_gmt":"2024-04-18T10:15:23","guid":{"rendered":"https:\/\/domath.surju.ee\/?page_id=2056"},"modified":"2025-01-02T20:19:09","modified_gmt":"2025-01-02T20:19:09","slug":"value","status":"publish","type":"page","link":"https:\/\/domath.surju.ee\/et\/avaldise-vaartus\/","title":{"rendered":"V\u00e4\u00e4rtus"},"content":{"rendered":"<h1 style=\"text-align: center;\"><strong><span style=\"color: #008000;\">V\u00e4\u00e4rtus<\/span><\/strong><\/h1>\r\n<p><span style=\"color: #ff0000;\"><strong>Avaldise v\u00e4\u00e4rtuse<\/strong><\/span> leidmiseks tuleb teostada avaldises toodud tehted.&nbsp;<\/p>\r\n<h6><strong><span style=\"color: #3366ff;\">N\u00e4ited:<\/span><\/strong><\/h6>\r\n<ol>\r\n\t<li>Avaldise&nbsp; 4 x 6 v\u00e4\u00e4rtus on&nbsp; 24<\/li>\r\n\t<li>Kui x = 6 ja y = 3, siis avaldise x + y v\u00e4\u00e4rtus on 9&nbsp;<\/li>\r\n\t<li>Kui x = 4, siis avaldise y=2x + 3 v\u00e4\u00e4rtus on 11 (y = 2 <span class=\"nowrap\" style=\"font-size: revert; color: var(--bs-body-color); font-family: var(--bs-body-font-family); font-weight: var(--bs-body-font-weight); text-align: var(--bs-body-text-align);\">\u00b7 4+3 = 8+3=11)&nbsp;<\/span><\/li>\r\n\t<li><span style=\"font-size: revert; color: var(--bs-body-color); font-family: var(--bs-body-font-family); font-weight: var(--bs-body-font-weight); text-align: var(--bs-body-text-align);\">*&nbsp; Kui funktsioon on defineeritud kujul <\/span><span class=\"nowrap\" style=\"font-size: revert; color: var(--bs-body-color); font-family: var(--bs-body-font-family); font-weight: var(--bs-body-font-weight); text-align: var(--bs-body-text-align);\"><span class=\"texhtml mvar\">f<\/span>(<span class=\"texhtml mvar\">x<\/span>) = 2<span class=\"texhtml mvar\">x<\/span><sup>2<\/sup>&nbsp;\u2013 3<span class=\"texhtml mvar\">x<\/span>&nbsp;+ 1<\/span><span style=\"font-size: revert; color: var(--bs-body-color); font-family: var(--bs-body-font-family); font-weight: var(--bs-body-font-weight); text-align: var(--bs-body-text-align);\">, siis argumendi x v\u00e4\u00e4rtuse 3 (x =3) korral funktsiooni v\u00e4\u00e4rtuseks on 10, st<\/span><span style=\"font-size: revert; color: var(--bs-body-color); font-family: var(--bs-body-font-family); font-weight: var(--bs-body-font-weight); text-align: var(--bs-body-text-align);\"> &nbsp;<\/span><span class=\"nowrap\" style=\"font-size: revert; color: var(--bs-body-color); font-family: var(--bs-body-font-family); font-weight: var(--bs-body-font-weight); text-align: var(--bs-body-text-align);\"><span class=\"texhtml mvar\">f<\/span>(3) = 2\u00b73<sup>2<\/sup>&nbsp;\u2013 3\u00b73 + 1 = 10<\/span><span style=\"font-size: revert; color: var(--bs-body-color); font-family: var(--bs-body-font-family); font-weight: var(--bs-body-font-weight); text-align: var(--bs-body-text-align);\">.<\/span><\/li>\r\n<\/ol>\r\n\r\n<p>&nbsp;<\/p>\r\n","protected":false},"excerpt":{"rendered":"<p>V\u00e4\u00e4rtus Avaldise v\u00e4\u00e4rtuse leidmiseks tuleb teostada avaldises toodud tehted.&nbsp; N\u00e4ited: Avaldise&nbsp; 4 x 6 v\u00e4\u00e4rtus on&nbsp; 24 Kui x = 6 ja y = 3, siis avaldise x + y v\u00e4\u00e4rtus on 9&nbsp; Kui x = 4, siis avaldise y=2x + 3 v\u00e4\u00e4rtus on 11 (y = 2 \u00b7 4+3 = 8+3=11)&nbsp; *&nbsp; Kui funktsioon [&#8230;]<\/p>\n<p><a class=\"btn btn-secondary understrap-read-more-link\" href=\"https:\/\/domath.surju.ee\/et\/avaldise-vaartus\/\">Read More&#8230;<span class=\"screen-reader-text\"> from V\u00e4\u00e4rtus<\/span><\/a><\/p>\n","protected":false},"author":12,"featured_media":0,"parent":0,"menu_order":0,"comment_status":"closed","ping_status":"closed","template":"","meta":{"_eb_attr":"","_uag_custom_page_level_css":"","footnotes":""},"categories":[],"tags":[102,119,86],"class_list":["post-2056","page","type-page","status-publish","hentry","tag-english-v","tag-estonian-v","tag-greek-alpha"],"uagb_featured_image_src":{"full":false,"thumbnail":false,"medium":false,"medium_large":false,"large":false,"1536x1536":false,"2048x2048":false,"menu-24x24":false,"menu-36x36":false,"menu-48x48":false},"uagb_author_info":{"display_name":"Ave Kartau","author_link":"https:\/\/domath.surju.ee\/et\/author\/ave\/"},"uagb_comment_info":0,"uagb_excerpt":"V\u00e4\u00e4rtus Avaldise v\u00e4\u00e4rtuse leidmiseks tuleb teostada avaldises toodud tehted.&nbsp; N\u00e4ited: Avaldise&nbsp; 4 x 6 v\u00e4\u00e4rtus on&nbsp; 24 Kui x = 6 ja y = 3, siis avaldise x + y v\u00e4\u00e4rtus on 9&nbsp; Kui x = 4, siis avaldise y=2x + 3 v\u00e4\u00e4rtus on 11 (y = 2 \u00b7 4+3 = 8+3=11)&nbsp; *&nbsp; Kui funktsioon&hellip;","_links":{"self":[{"href":"https:\/\/domath.surju.ee\/et\/wp-json\/wp\/v2\/pages\/2056","targetHints":{"allow":["GET"]}}],"collection":[{"href":"https:\/\/domath.surju.ee\/et\/wp-json\/wp\/v2\/pages"}],"about":[{"href":"https:\/\/domath.surju.ee\/et\/wp-json\/wp\/v2\/types\/page"}],"author":[{"embeddable":true,"href":"https:\/\/domath.surju.ee\/et\/wp-json\/wp\/v2\/users\/12"}],"replies":[{"embeddable":true,"href":"https:\/\/domath.surju.ee\/et\/wp-json\/wp\/v2\/comments?post=2056"}],"version-history":[{"count":5,"href":"https:\/\/domath.surju.ee\/et\/wp-json\/wp\/v2\/pages\/2056\/revisions"}],"predecessor-version":[{"id":3908,"href":"https:\/\/domath.surju.ee\/et\/wp-json\/wp\/v2\/pages\/2056\/revisions\/3908"}],"wp:attachment":[{"href":"https:\/\/domath.surju.ee\/et\/wp-json\/wp\/v2\/media?parent=2056"}],"wp:term":[{"taxonomy":"category","embeddable":true,"href":"https:\/\/domath.surju.ee\/et\/wp-json\/wp\/v2\/categories?post=2056"},{"taxonomy":"post_tag","embeddable":true,"href":"https:\/\/domath.surju.ee\/et\/wp-json\/wp\/v2\/tags?post=2056"}],"curies":[{"name":"wp","href":"https:\/\/api.w.org\/{rel}","templated":true}]}}