{"id":2045,"date":"2024-04-18T10:35:54","date_gmt":"2024-04-18T10:35:54","guid":{"rendered":"https:\/\/domath.surju.ee\/?page_id=2045"},"modified":"2025-01-02T19:48:35","modified_gmt":"2025-01-02T19:48:35","slug":"operations-on-integers","status":"publish","type":"page","link":"https:\/\/domath.surju.ee\/et\/tehted\/","title":{"rendered":"Tehted"},"content":{"rendered":"<center><span style=\"font-size: 18pt; color: #008000;\"><strong>Tehted<\/strong><\/span><\/center><br \/>\r\n<span style=\"color: #ff0000;\"><strong>Tehe<\/strong><\/span> ehk operatsioon on toiming, mis seab mingi kindla tulemuse kindlate eeskirjade j\u00e4rgi vastavusse \u00fche v\u00f5i enama matemaatilise objektiga.&nbsp;<br \/>\r\n<br \/>\r\n<strong>Tehted<\/strong> on:&nbsp;<br \/>\r\n1. liitmine, n\u00e4iteks 5+3 = 8<br \/>\r\n2. lahutamine, n\u00e4iteks 9 &#8211; 2 = 7<br \/>\r\n3. korrutamine, n\u00e4iteks 3 * 4 = 12<br \/>\r\n4. jagamine, n\u00e4iteks 20 : 5 = 4 <br \/>\r\n<span style=\"color: #0000ff;\"><span style=\"color: #0000ff;\"><strong><br \/>\r\n<span style=\"color: #000000;\">Liitmine ja lahutamine on teineteise p\u00f6\u00f6rdtehted<\/span><br \/>\r\n<span style=\"color: #000000;\">Korrutamine ja jagamine on teineteise p\u00f6\u00f6rdtehted<\/span><br \/>\r\n<\/strong><\/span><\/span>\r\n<h1 style=\"text-align: center;\"><strong><span class=\"noteHeaderLge\" style=\"font-size: 12pt; color: #0000ff;\">Liitmine (+)<\/span><\/strong><br \/>\r\n<span style=\"font-size: 12pt; color: #0000ff;\">liidetav +liidetav = summa<\/span><\/h1>\r\n<span style=\"color: #0000ff;\"><strong><br \/>\r\n<br \/>\r\n<\/strong><\/span><!-- \/wp:post-content -->\r\n<!-- wp:gutenverse\/image {\"elementId\":\"guten-GZIJvl\",\"imgSrc\":{\"media\":{\"imageId\":4610,\"sizes\":{\"thumbnail\":{\"height\":150,\"width\":150,\"url\":\"https:\/\/domath.surju.ee\/wp-content\/uploads\/2024\/11\/adition-150x150.jpeg\",\"orientation\":\"landscape\"},\"medium\":{\"height\":168,\"width\":300,\"url\":\"https:\/\/domath.surju.ee\/wp-content\/uploads\/2024\/11\/adition-300x168.jpeg\",\"orientation\":\"landscape\"},\"full\":{\"url\":\"https:\/\/domath.surju.ee\/wp-content\/uploads\/2024\/11\/adition-e1732038207193.jpeg\",\"height\":157,\"width\":280,\"orientation\":\"landscape\"}}},\"size\":\"full\"},\"altOriginal\":\"\",\"captionOriginal\":\"\"} -->\r\n<div class=\"wp-block-gutenverse-image guten-element guten-image guten-GZIJvl\">\r\n<div class=\"guten-image-wrapper\"><img loading=\"lazy\" decoding=\"async\" class=\"gutenverse-image-box-filled\" src=\"https:\/\/domath.surju.ee\/wp-content\/uploads\/2024\/11\/adition-e1732038207193.jpeg\" width=\"280\" height=\"157\" \/><\/div>\r\n<\/div>\r\n<!-- \/wp:gutenverse\/image -->\r\n<!-- wp:paragraph -->\r\n<p>&nbsp;<\/p>\r\n<!-- \/wp:paragraph -->\r\n<!-- wp:gutenverse\/image {\"elementId\":\"guten-UANoRo\",\"imgSrc\":{\"media\":{\"imageId\":4611,\"sizes\":{\"thumbnail\":{\"height\":150,\"width\":150,\"url\":\"https:\/\/domath.surju.ee\/wp-content\/uploads\/2024\/11\/subtraction-150x150.jpeg\",\"orientation\":\"landscape\"},\"medium\":{\"height\":185,\"width\":300,\"url\":\"https:\/\/domath.surju.ee\/wp-content\/uploads\/2024\/11\/subtraction-300x185.jpeg\",\"orientation\":\"landscape\"},\"full\":{\"url\":\"https:\/\/domath.surju.ee\/wp-content\/uploads\/2024\/11\/subtraction-e1732038363390.jpeg\",\"height\":173,\"width\":280,\"orientation\":\"landscape\"}}},\"size\":\"full\"},\"altOriginal\":\"\",\"captionOriginal\":\"\",\"metadata\":{\"name\":\"Subtraction\"}} -->\r\n<div class=\"wp-block-gutenverse-image guten-element guten-image guten-UANoRo\">\r\n<div class=\"guten-image-wrapper\" style=\"text-align: center;\"><span style=\"color: #0000ff;\"><strong><span class=\"noteHeaderLge\">Lahutamine (\u2212)<\/span><\/strong><\/span><br \/>\r\n<span style=\"color: #0000ff;\"><strong>v\u00e4hendatav \u2212 v\u00e4hendaja = vahe<\/strong><\/span><br \/>\r\n<br \/>\r\n<br \/>\r\n<img loading=\"lazy\" decoding=\"async\" class=\"gutenverse-image-box-filled\" src=\"https:\/\/domath.surju.ee\/wp-content\/uploads\/2024\/11\/subtraction-e1732038363390.jpeg\" width=\"280\" height=\"173\" \/><\/div>\r\n<\/div>\r\n<!-- \/wp:gutenverse\/image -->\r\n<!-- wp:paragraph -->\r\n<p style=\"text-align: center;\"><br \/>\r\n<strong><span style=\"color: #0000ff;\"><br \/>\r\n<span class=\"noteHeaderLge\">Korrutamine (\u00d7)<\/span><br \/>\r\ntegur \u00d7 tegur = korrutis<br \/>\r\n<\/span><\/strong><\/p>\r\n<!-- \/wp:paragraph -->\r\n<!-- wp:gutenverse\/image {\"elementId\":\"guten-moi2Yj\",\"imgSrc\":{\"media\":{\"imageId\":4614,\"sizes\":{\"thumbnail\":{\"height\":150,\"width\":150,\"url\":\"https:\/\/domath.surju.ee\/wp-content\/uploads\/2024\/11\/Multiplication-1-150x150.jpeg\",\"orientation\":\"landscape\"},\"full\":{\"url\":\"https:\/\/domath.surju.ee\/wp-content\/uploads\/2024\/11\/Multiplication-1.jpeg\",\"height\":220,\"width\":220,\"orientation\":\"landscape\"}}},\"size\":\"full\"},\"altOriginal\":\"\",\"captionOriginal\":\"\"} -->\r\n<div class=\"wp-block-gutenverse-image guten-element guten-image guten-moi2Yj\">\r\n<div class=\"guten-image-wrapper\"><img loading=\"lazy\" decoding=\"async\" class=\"gutenverse-image-box-filled\" src=\"https:\/\/domath.surju.ee\/wp-content\/uploads\/2024\/11\/Multiplication-1.jpeg\" width=\"220\" height=\"220\" \/><\/div>\r\n<\/div>\r\n<!-- \/wp:gutenverse\/image -->\r\n<!-- wp:paragraph -->\r\n<p><strong><span style=\"color: #0000ff;\">Korrutustabel:<\/span><\/strong>&nbsp;<\/p>\r\n<!-- \/wp:paragraph -->\r\n<!-- wp:gutenverse\/image {\"elementId\":\"guten-tJh8Ar\",\"imgSrc\":{\"media\":{\"imageId\":4612,\"sizes\":{\"thumbnail\":{\"height\":150,\"width\":150,\"url\":\"https:\/\/domath.surju.ee\/wp-content\/uploads\/2024\/11\/Multiplication-150x150.jpeg\",\"orientation\":\"landscape\"},\"full\":{\"url\":\"https:\/\/domath.surju.ee\/wp-content\/uploads\/2024\/11\/Multiplication.jpeg\",\"height\":220,\"width\":220,\"orientation\":\"landscape\"}}},\"size\":\"full\"},\"altOriginal\":\"\",\"captionOriginal\":\"\"} -->\r\n<div class=\"wp-block-gutenverse-image guten-element guten-image guten-tJh8Ar\">\r\n<div class=\"guten-image-wrapper\"><img loading=\"lazy\" decoding=\"async\" class=\"gutenverse-image-box-filled\" src=\"https:\/\/domath.surju.ee\/wp-content\/uploads\/2024\/11\/Multiplication.jpeg\" width=\"220\" height=\"220\" \/><\/div>\r\n<\/div>\r\n<!-- \/wp:gutenverse\/image -->\r\n<!-- wp:paragraph -->\r\n<p style=\"text-align: center;\"><strong><span style=\"color: #0000ff;\"><br \/>\r\n<span class=\"noteHeaderLge\">Jagamine (\u00f7)<\/span><br \/>\r\njagatav \u00f7 jagaja = jagatis<br \/>\r\n<\/span><\/strong><\/p>\r\n<!-- \/wp:paragraph -->\r\n<!-- wp:gutenverse\/image {\"elementId\":\"guten-BrXBpJ\",\"imgSrc\":{\"media\":{\"imageId\":4613,\"sizes\":{\"thumbnail\":{\"height\":150,\"width\":150,\"url\":\"https:\/\/domath.surju.ee\/wp-content\/uploads\/2024\/11\/Division-150x150.jpeg\",\"orientation\":\"landscape\"},\"full\":{\"url\":\"https:\/\/domath.surju.ee\/wp-content\/uploads\/2024\/11\/Division.jpeg\",\"height\":220,\"width\":275,\"orientation\":\"landscape\"}}},\"size\":\"full\"},\"altOriginal\":\"\",\"captionOriginal\":\"\"} -->\r\n<div class=\"wp-block-gutenverse-image guten-element guten-image guten-BrXBpJ\">\r\n<div class=\"guten-image-wrapper\"><img loading=\"lazy\" decoding=\"async\" class=\"gutenverse-image-box-filled\" src=\"https:\/\/domath.surju.ee\/wp-content\/uploads\/2024\/11\/Division.jpeg\" width=\"275\" height=\"220\" \/><\/div>\r\n<\/div>\r\n<!-- \/wp:gutenverse\/image -->\r\n<!-- wp:paragraph -->\r\n<p>&nbsp;<\/p>\r\n<!-- \/wp:paragraph -->","protected":false},"excerpt":{"rendered":"<p>Tehted Tehe ehk operatsioon on toiming, mis seab mingi kindla tulemuse kindlate eeskirjade j\u00e4rgi vastavusse \u00fche v\u00f5i enama matemaatilise objektiga.&nbsp; Tehted on:&nbsp; 1. liitmine, n\u00e4iteks 5+3 = 8 2. lahutamine, n\u00e4iteks 9 &#8211; 2 = 7 3. korrutamine, n\u00e4iteks 3 * 4 = 12 4. jagamine, n\u00e4iteks 20 : 5 = 4 Liitmine ja lahutamine [&#8230;]<\/p>\n<p><a class=\"btn btn-secondary understrap-read-more-link\" href=\"https:\/\/domath.surju.ee\/et\/tehted\/\">Read More&#8230;<span class=\"screen-reader-text\"> from Tehted<\/span><\/a><\/p>\n","protected":false},"author":14,"featured_media":0,"parent":0,"menu_order":0,"comment_status":"closed","ping_status":"closed","template":"","meta":{"_eb_attr":"","_uag_custom_page_level_css":"","footnotes":""},"categories":[],"tags":[98,40,63],"class_list":["post-2045","page","type-page","status-publish","hentry","tag-english-o","tag-estonian-t","tag-greek-pi"],"uagb_featured_image_src":{"full":false,"thumbnail":false,"medium":false,"medium_large":false,"large":false,"1536x1536":false,"2048x2048":false,"menu-24x24":false,"menu-36x36":false,"menu-48x48":false},"uagb_author_info":{"display_name":"Maria Tsiligkiri","author_link":"https:\/\/domath.surju.ee\/et\/author\/mariaki\/"},"uagb_comment_info":0,"uagb_excerpt":"Tehted Tehe ehk operatsioon on toiming, mis seab mingi kindla tulemuse kindlate eeskirjade j\u00e4rgi vastavusse \u00fche v\u00f5i enama matemaatilise objektiga.&nbsp; Tehted on:&nbsp; 1. liitmine, n\u00e4iteks 5+3 = 8 2. lahutamine, n\u00e4iteks 9 &#8211; 2 = 7 3. korrutamine, n\u00e4iteks 3 * 4 = 12 4. jagamine, n\u00e4iteks 20 : 5 = 4 Liitmine ja lahutamine&hellip;","_links":{"self":[{"href":"https:\/\/domath.surju.ee\/et\/wp-json\/wp\/v2\/pages\/2045","targetHints":{"allow":["GET"]}}],"collection":[{"href":"https:\/\/domath.surju.ee\/et\/wp-json\/wp\/v2\/pages"}],"about":[{"href":"https:\/\/domath.surju.ee\/et\/wp-json\/wp\/v2\/types\/page"}],"author":[{"embeddable":true,"href":"https:\/\/domath.surju.ee\/et\/wp-json\/wp\/v2\/users\/14"}],"replies":[{"embeddable":true,"href":"https:\/\/domath.surju.ee\/et\/wp-json\/wp\/v2\/comments?post=2045"}],"version-history":[{"count":11,"href":"https:\/\/domath.surju.ee\/et\/wp-json\/wp\/v2\/pages\/2045\/revisions"}],"predecessor-version":[{"id":5205,"href":"https:\/\/domath.surju.ee\/et\/wp-json\/wp\/v2\/pages\/2045\/revisions\/5205"}],"wp:attachment":[{"href":"https:\/\/domath.surju.ee\/et\/wp-json\/wp\/v2\/media?parent=2045"}],"wp:term":[{"taxonomy":"category","embeddable":true,"href":"https:\/\/domath.surju.ee\/et\/wp-json\/wp\/v2\/categories?post=2045"},{"taxonomy":"post_tag","embeddable":true,"href":"https:\/\/domath.surju.ee\/et\/wp-json\/wp\/v2\/tags?post=2045"}],"curies":[{"name":"wp","href":"https:\/\/api.w.org\/{rel}","templated":true}]}}