{"id":2033,"date":"2024-04-18T10:09:39","date_gmt":"2024-04-18T10:09:39","guid":{"rendered":"https:\/\/domath.surju.ee\/?page_id=2033"},"modified":"2025-01-02T19:52:10","modified_gmt":"2025-01-02T19:52:10","slug":"units-of-measurements","status":"publish","type":"page","link":"https:\/\/domath.surju.ee\/et\/mootuhikud\/","title":{"rendered":"M\u00f5\u00f5t\u00fchikud"},"content":{"rendered":"<h1 style=\"text-align: center;\"><span style=\"color: #008000;\"><strong>M\u00f5\u00f5t\u00fchikud<br \/>\r\n<br \/>\r\n<\/strong><\/span><\/h1>\r\n<p><span style=\"color: #ff0000;\"><span style=\"color: #000000;\"><strong>Rahvusvaheline m\u00f5\u00f5t\u00fchikute s\u00fcsteem ehk SI-s\u00fcsteem.<br \/>\r\nM\u00f5\u00f5tmine<\/strong> on m\u00f5\u00f5detava suuruse kindlakstegemine m\u00f5\u00f5tevahendi abil. Selleks leitakse m\u00f5\u00f5detava suuruse ja <strong>m\u00f5\u00f5t\u00fchikuks<\/strong> valitud suuruse suhe.<\/span><br \/>\r\n<span style=\"color: #000000;\"><span style=\"color: #0000ff;\"><strong>N\u00e4iteks<\/strong><\/span> pikkuse m\u00f5\u00f5tmisel kasutatakse pikkus\u00fchikuid, massi m\u00f5\u00f5tmisel massi\u00fchikuid, mahu m\u00f5\u00f5tmisel mahu\u00fchikuid, aja m\u00f5\u00f5tmisel aja\u00fchikuid.<\/span><br \/>\r\n<strong>K\u00fcmnends\u00fcsteem ehk detsimaals\u00fcsteem<\/strong><\/span> on positsiooniline arvus\u00fcsteem, mille alus on k\u00fcmme<br \/>\r\n<br \/>\r\n<span style=\"color: #008000;\"><strong>Pikkuste<\/strong><\/span> m\u00f5\u00f5tmisel on meil p\u00f5hi\u00fchikuks meeter. Sageli kasutatakse veel millimeetrit (mm), sentimeetrit (cm), detsimeetrit (dm), meetrit (m) ja kilomeetrit (km).&nbsp;<br \/>\r\n<br \/>\r\n<span style=\"color: #008000;\"><strong>Pindala<\/strong> <\/span>p\u00f5hi\u00fchikuks on ruutmeeter (m<sup>2<\/sup>). Sageli kasutatakse veel ruutmillimeetrit (mm<sup>2<\/sup>), ruutsentimeetrit (cm<sup>2<\/sup>), ruutdetsimeetrit (dm<sup>2<\/sup>), hektarit (ha) ja ruutkilomeetrit (km<sup>2<\/sup>).&nbsp;<br \/>\r\n<br \/>\r\n<span style=\"color: #008000;\"><strong>Massi<\/strong><\/span> p\u00f5hi\u00fchikuks on kilogramm (kg). Tihti kasutatakse veel grammi (g), tsentnerit (ts) ja tonni (t).&nbsp;<br \/>\r\n<br \/>\r\n<span style=\"color: #008000;\"><strong>Mahu<\/strong><\/span> m\u00f5\u00f5tmise p\u00f5hi\u00fchikuks on liiter (l). Sageli kasutatakse veel detsiliitrit (dl), sentiliitrit (cl) ja milliliitrit (ml).&nbsp;<br \/>\r\n<br \/>\r\n<span style=\"color: #008000;\"><strong>Ruumala<\/strong><\/span> m\u00f5\u00f5tmise p\u00f5hi\u00fchik on kuupmeeter (m<sup>3<\/sup>). Tihti kasutatakse veel kuupmillimeetrit (mm<sup>3<\/sup>), kuupsentimeetrit (cm<sup>3<\/sup>), kuupdetsimeetrit (dm<sup>3<\/sup>), kuupkilomeetrit (km<sup>3<\/sup>).&nbsp;<br \/>\r\n<strong><br \/>\r\n<span style=\"color: #008000;\">Aja<\/span><\/strong> m\u00f5\u00f5tmisel on p\u00f5hi\u00fchikuks sekund (s). Tihti kasutatakse veel minutit (min), tundi (h), \u00f6\u00f6p\u00e4eva (\u00f6p), n\u00e4dalat, kuud ja aastat (a).&nbsp;<br \/>\r\n<br \/>\r\n<span style=\"color: #008000;\"><strong>Andmemahu<\/strong> <\/span>m\u00f5\u00f5tmise \u00fchikud on bitt (bit) ja bait (B).&nbsp;<br \/>\r\n<br \/>\r\n<span style=\"color: #008000;\"><strong>Temperatuuri<\/strong><\/span> m\u00f5\u00f5tmisel on Celsiuse skaala m\u00f5\u00f5t\u00fchikuks kraad (\u00baC) ja&nbsp; Fahrenheiti skaala m\u00f5\u00f5t\u00fchikuks kraad (\u00baF).&nbsp;<\/p>\r\n<span style=\"color: #008000;\"><strong>Voolutugevuse<\/strong><\/span> m\u00f5\u00f5t\u00fchikuks on amper (A).&nbsp;<br \/>\r\n<br \/>\r\n<span style=\"color: #008000;\"><strong>Ainehulga<\/strong><\/span> m\u00f5\u00f5t\u00fchikuks on mool (mol)<br \/>\r\n<br \/>\r\n<br \/>\r\n<table style=\"border-collapse: collapse; width: 100%;\">\r\n<tbody>\r\n<tr>\r\n<td style=\"width: 50%;\">\r\n<p class=\"notes2HeadingText\"><strong><span style=\"background-color: #333399; color: #99ccff;\">Pikkus\u00fchikud<\/span><\/strong><\/p>\r\n<p class=\"notes2BodyText\">10 millimeetrit, mm = 1 sentimeeter, cm<br \/>\r\n10 sentimeetrit, cm = 1 detsimeeter, dm<br \/>\r\n10 detsimeetrit, dm = 1 meeter, m<br \/>\r\n10 meetrit, m = 1 dekameeter, dam<br \/>\r\n10 dekameetrit, dam = 1 hektomeeter, hm<br \/>\r\n10 hektomeetrit, hm = 1 kilomeeter, km<br \/>\r\n1000 meetrit, m = 1 kilomeeter, km<\/p>\r\n<\/td>\r\n<td style=\"width: 50%;\">\r\n<p class=\"notes2HeadingText\"><strong><span style=\"color: #99ccff; background-color: #333399;\">Pindala\u00fchikud<\/span><\/strong><\/p>\r\n<p class=\"notes2BodyText\">1 ruutmeeter, m<sup>2<\/sup> = 10 000 ruutsentimeetrit, cm<sup>2<\/sup><br \/>\r\n1 hektar, ha = 10 000 ruutmeetrit, m<sup>2<\/sup><br \/>\r\n1 ruutmeetrit, m<sup>2<\/sup>= 100 hektarit, ha<br \/>\r\n1 ruutmeeter, m<sup>2<\/sup> = 100 ruutdetsimeetrit, dm<sup>2<\/sup><br \/>\r\n1 ruutdetsimeeter, dm<sup>2<\/sup> = 100 ruutsentimeetrit, cm<sup>2<\/sup><br \/>\r\n1 ruutsentimeeter, cm<sup>2<\/sup> = 100 ruutmillimeetrit, mm<sup>2<\/sup><\/p>\r\n<\/td>\r\n<\/tr>\r\n<\/tbody>\r\n<\/table>\r\n<p class=\"notes2HeadingText\" style=\"text-align: center;\"><strong><span style=\"color: #99ccff; background-color: #000080;\">Ruumala\u00fchikud<\/span><\/strong><\/p>\r\n<p class=\"notes2BodyText\" style=\"text-align: center;\">1000 kuupmillimeetrit, mm<sup>3<\/sup> = 1 kuupsentimeeter, cm<sup>3<\/sup><br \/>\r\n1000 kuupsentimeetrit, cm<sup>3<\/sup> = 1 kuupdetsimeeter, dm<sup>3<\/sup><br \/>\r\n1000 kuupdetsimeetrit, dm<sup>3<\/sup> = 1 kuupmeeter, m<sup>3<\/sup><br \/>\r\n1 000 000 kuupsentimeetrit, cm<sup>3<\/sup> = 1 kuupmeeter, m<sup>3<br \/>\r\n<\/sup>1 liiter, l = 1 kuupdetsimeeter, dm<sup>3<\/sup><sup><br \/>\r\n<\/sup><\/p>\r\n<table style=\"border-collapse: collapse; width: 96.9048%; height: 268px;\">\r\n<tbody>\r\n<tr>\r\n<td style=\"width: 35.2606%;\">\r\n<p class=\"notes2HeadingText\"><strong><span style=\"color: #99ccff; background-color: #000080;\">Massi\u00fchikud<\/span><\/strong><\/p>\r\n<p class=\"notes2BodyText\">1000 milligrammi, mg = 1 gramm, g<br \/>\r\n1000 grammi, g = 1 kilogramm, kg<br \/>\r\n1000 kilogrammi, kg = 1 tonn, t&nbsp;<br \/>\r\n<br \/>\r\n<\/p>\r\n<p class=\"notes2HeadingText\"><strong><span style=\"color: #99ccff; background-color: #000080;\">Temperatuuri\u00fchikud<\/span><\/strong><\/p>\r\n<p class=\"notes2BodyText\">Celsius, \u00baC&nbsp;<\/p>\r\n<\/td>\r\n<td style=\"width: 64.7394%;\">\r\n<p class=\"notes2BodyText\"><span class=\"notes2HeadingText\"><strong><span style=\"color: #99ccff; background-color: #000080;\">Mahu\u00fchikud<\/span><\/strong><br \/>\r\n<\/span><\/p>\r\n<p class=\"notes2BodyText\">10 milliliitrit, ml = 1 sentiliiter, cl<br \/>\r\n10 sentiliitrit, cl = 1 detsiliiter, dl&nbsp;<br \/>\r\n10 detsiliitrit, dl = 1 liiter, l<br \/>\r\n1000 liitrit, l = 1 kiloliitrit, kl<br \/>\r\n1 000 000 liitrit, l = 1 megaliitrit, Ml&nbsp;<br \/>\r\n1 000 000 000 liitrit, l = 1 gigaliitrit, Gl<br \/>\r\n1 000 000 000 000 liitrit, l = kuupkilomeeter = 1 teraliiter, Tl<\/p>\r\n<\/td>\r\n<\/tr>\r\n<\/tbody>\r\n<\/table>\r\n<p style=\"text-align: center;\"><span style=\"color: #99ccff; background-color: #000080;\"><strong>Aja\u00fchikud<\/strong><\/span><\/p>\r\n<p style=\"text-align: center;\"><span style=\"color: #000080;\"><strong>sekund &lt; minut &lt; p\u00e4ev &lt; n\u00e4dal &lt; kuu &lt; aasta<\/strong><\/span><\/p>\r\n<table style=\"border-collapse: collapse; width: 100%;\">\r\n<tbody>\r\n<tr>\r\n<td style=\"width: 50%;\">\r\n<p>1 minut = 60 sekundit<\/p>\r\n<p>1 tund = 60 minutit<\/p>\r\n<p>1 tund = 3600 sekundit<\/p>\r\n<p>1 \u00f6\u00f6p\u00e4ev = 24 tundi<\/p>\r\n<p>1 n\u00e4dal = 7 p\u00e4eva<\/p>\r\n<\/td>\r\n<td style=\"width: 50%;\">\r\n<p>1 kuu = 4 n\u00e4dalat<\/p>\r\n<p>1 aasta = 12 kuud<\/p>\r\n<p>10 aastat = 1 dekaad<\/p>\r\n<p>100 aastat = 1 sajand<\/p>\r\n<p>1000 aastat = 1 millennium<\/p>\r\n<\/td>\r\n<\/tr>\r\n<\/tbody>\r\n<\/table>\r\n<p style=\"text-align: center;\">\u00dches kuus v\u00f5ib olla 28, 29, 30 v\u00f5i 31 p\u00e4eva<\/p>\r\n<p style=\"text-align: center;\">1 aasta = 365 p\u00e4eva<\/p>\r\n<p style=\"text-align: center;\">1 liigaasta = 366 p\u00e4eva<\/p>\r\n<p style=\"text-align: center;\">\u00dches aastas on&nbsp; 52 n\u00e4dalat ja \u00fcks p\u00e4ev. Liigaastas on 52 n\u00e4dalat ja kaks p\u00e4eva.&nbsp;<br \/>\r\n<br \/>\r\n<\/p>\r\n<p style=\"text-align: center;\"><strong><span style=\"color: #99ccff; background-color: #000080;\">Andmete m\u00f5\u00f5t\u00fchikud<\/span><\/strong><\/p>\r\n<p>Bait (t\u00e4his B) on arvutites kasutatav info\u00fchik, mis sisaldab 8 j\u00e4rjestikust bitti. Bait on k\u00f5ige levinum infohulga, m\u00e4lumahu ja salvestusmahu m\u00f5\u00f5t\u00fchik.&nbsp;<\/p>\r\n<table style=\"border-collapse: collapse; width: 96.7857%; height: 255px;\">\r\n<tbody>\r\n<tr>\r\n<td style=\"width: 9.58358%;\">\r\n<p><br \/>\r\n1000<br \/>\r\n1000<sup>2<\/sup><br \/>\r\n1000<sup>3<\/sup><br \/>\r\n1000<sup>4<\/sup><br \/>\r\n1000<sup>5<\/sup><\/p>\r\n<\/td>\r\n<td style=\"width: 19.504%;\">\r\n<p><br \/>\r\nkilobyte, kB<br \/>\r\nmegabyte, MB<br \/>\r\ngigabyte, GB<br \/>\r\nterabyte, TB<br \/>\r\npetabyte, &nbsp;PB<\/p>\r\n<\/td>\r\n<td style=\"width: 9.75448%;\">\r\n<p><br \/>\r\n1000<sup>6<\/sup><br \/>\r\n1000<sup>7<\/sup><br \/>\r\n1000<sup>8<\/sup><br \/>\r\n1000<sup>9<\/sup><br \/>\r\n1000<sup>10<\/sup><\/p>\r\n<\/td>\r\n<td style=\"width: 19.2778%;\">\r\n<p><br \/>\r\nexabyte, EB<br \/>\r\nzettabyte, ZB<br \/>\r\nyottabyte, YB<br \/>\r\nronnabyte, RB<br \/>\r\nquettabyte, QB<\/p>\r\n<\/td>\r\n<td style=\"width: 41.8801%;\"><span style=\"color: #333399;\"><strong>1 kilobyte (kB) = 1000 byte (B)<\/strong><\/span><br \/>\r\n<span style=\"color: #333399;\"><strong>1 megabyte (MB) = 1000 kilobyte (kB)<\/strong><\/span><br \/>\r\n<span style=\"color: #333399;\"><strong>1 gigabyte (GB) = 1000 megabyte<\/strong><\/span><br \/>\r\n<span style=\"color: #333399;\"><strong>1 terabyte (TB)&nbsp; = 1000 gigabyte (GB)<\/strong><\/span><\/td>\r\n<\/tr>\r\n<\/tbody>\r\n<\/table>\r\n<p style=\"text-align: left;\"><br \/>\r\nPositsiooniline arvus\u00fcsteem, mille alus on 2 nimetatakse <strong><span style=\"color: #ff0000;\">kahends\u00fcsteemiks ehk binaars\u00fcsteemiks.&nbsp;<\/span><\/strong>&nbsp;<\/p>\r\n<ul>\r\n\t<li style=\"text-align: left;\">1&nbsp;<b>kB<\/b>&nbsp;(<b>kilobyte<\/b>) = 1024 (2<sup>10<\/sup>) byte.<\/li>\r\n\t<li style=\"text-align: left;\">1&nbsp;<b>MB<\/b>&nbsp;(<b>megabyte<\/b>) = 1024 kB = 1 048 576 byte.<\/li>\r\n\t<li style=\"text-align: left;\">1&nbsp;<b>GB<\/b>&nbsp;(<b>gigabyte<\/b>) = 1024 MB = 1 073 741 824 byte.<\/li>\r\n\t<li style=\"text-align: left;\">1&nbsp;<b>TB<\/b>&nbsp;(<b>terabyte<\/b>) = 1024 GB = 1 099 511 627 776 byte.<\/li>\r\n\t<li style=\"text-align: left;\">1&nbsp;<b>PB<\/b>&nbsp;(<b>petabyte<\/b>) = 1024 TB = 1 125 899 906 842 624 byte.<\/li>\r\n\t<li style=\"text-align: left;\">1&nbsp;<b>EB<\/b>&nbsp;(<b>eksabyte<\/b>) = 1024 PB = 1 152 921 504 606 846 976 byte.<\/li>\r\n\t<li style=\"text-align: left;\">1&nbsp;<b>ZB<\/b>&nbsp;(<b>zetabyte<\/b>) = 1024 EB = 1 180 591 620 717 411 303 424 byte.<\/li>\r\n\t<li style=\"text-align: left;\">1&nbsp;<b>YB<\/b>&nbsp;(<b>jotabyte<\/b>) = 1024 ZB = 1 208 925 819 614 629 174 706 176 byte.<\/li>\r\n<\/ul>\r\n\r\n<hr class=\"wp-block-separator has-alpha-channel-opacity\" \/>\r\n<div class=\"wp-block-image\">\r\n<figure class=\"aligncenter size-large is-resized\"><a href=\"https:\/\/www.transum.org\/Maths\/Activity\/Units\/Default.asp?Level=1\" target=\"_blank\" rel=\"noreferrer noopener\"><img loading=\"lazy\" decoding=\"async\" width=\"1024\" height=\"605\" class=\"wp-image-3795\" style=\"width: 723px; height: auto;\" src=\"https:\/\/domath.surju.ee\/wp-content\/uploads\/2024\/08\/Kuvatommis-2024-08-09-025156-1024x605.png\" alt=\"\" srcset=\"https:\/\/domath.surju.ee\/wp-content\/uploads\/2024\/08\/Kuvatommis-2024-08-09-025156-1024x605.png 1024w, https:\/\/domath.surju.ee\/wp-content\/uploads\/2024\/08\/Kuvatommis-2024-08-09-025156-300x177.png 300w, https:\/\/domath.surju.ee\/wp-content\/uploads\/2024\/08\/Kuvatommis-2024-08-09-025156-768x454.png 768w, https:\/\/domath.surju.ee\/wp-content\/uploads\/2024\/08\/Kuvatommis-2024-08-09-025156-24x14.png 24w, https:\/\/domath.surju.ee\/wp-content\/uploads\/2024\/08\/Kuvatommis-2024-08-09-025156-36x21.png 36w, https:\/\/domath.surju.ee\/wp-content\/uploads\/2024\/08\/Kuvatommis-2024-08-09-025156-48x28.png 48w, https:\/\/domath.surju.ee\/wp-content\/uploads\/2024\/08\/Kuvatommis-2024-08-09-025156.png 1342w\" sizes=\"auto, (max-width: 1024px) 100vw, 1024px\" \/><\/a><\/figure><\/div>\r\n\r\n<p>&nbsp;<\/p>\r\n\r\n<p style=\"text-align: center;\"><a href=\"https:\/\/www.transum.org\/Maths\/Activity\/Units\/Default.asp?Level=1\">https:\/\/www.transum.org\/Maths\/Activity\/Units\/Default.asp?Level=1<\/a><\/p>\r\n\r\n<p>&nbsp;<\/p>\r\n","protected":false},"excerpt":{"rendered":"<p>M\u00f5\u00f5t\u00fchikud Rahvusvaheline m\u00f5\u00f5t\u00fchikute s\u00fcsteem ehk SI-s\u00fcsteem. M\u00f5\u00f5tmine on m\u00f5\u00f5detava suuruse kindlakstegemine m\u00f5\u00f5tevahendi abil. Selleks leitakse m\u00f5\u00f5detava suuruse ja m\u00f5\u00f5t\u00fchikuks valitud suuruse suhe. N\u00e4iteks pikkuse m\u00f5\u00f5tmisel kasutatakse pikkus\u00fchikuid, massi m\u00f5\u00f5tmisel massi\u00fchikuid, mahu m\u00f5\u00f5tmisel mahu\u00fchikuid, aja m\u00f5\u00f5tmisel aja\u00fchikuid. K\u00fcmnends\u00fcsteem ehk detsimaals\u00fcsteem on positsiooniline arvus\u00fcsteem, mille alus on k\u00fcmme Pikkuste m\u00f5\u00f5tmisel on meil p\u00f5hi\u00fchikuks meeter. Sageli kasutatakse veel [&#8230;]<\/p>\n<p><a class=\"btn btn-secondary understrap-read-more-link\" href=\"https:\/\/domath.surju.ee\/et\/mootuhikud\/\">Read More&#8230;<span class=\"screen-reader-text\"> from M\u00f5\u00f5t\u00fchikud<\/span><\/a><\/p>\n","protected":false},"author":12,"featured_media":0,"parent":0,"menu_order":0,"comment_status":"closed","ping_status":"closed","template":"","meta":{"_eb_attr":"","_uag_custom_page_level_css":"","footnotes":""},"categories":[],"tags":[100,113,145],"class_list":["post-2033","page","type-page","status-publish","hentry","tag-english-u","tag-estonian-m","tag-greek-mu"],"uagb_featured_image_src":{"full":false,"thumbnail":false,"medium":false,"medium_large":false,"large":false,"1536x1536":false,"2048x2048":false,"menu-24x24":false,"menu-36x36":false,"menu-48x48":false},"uagb_author_info":{"display_name":"Ave Kartau","author_link":"https:\/\/domath.surju.ee\/et\/author\/ave\/"},"uagb_comment_info":0,"uagb_excerpt":"M\u00f5\u00f5t\u00fchikud Rahvusvaheline m\u00f5\u00f5t\u00fchikute s\u00fcsteem ehk SI-s\u00fcsteem. M\u00f5\u00f5tmine on m\u00f5\u00f5detava suuruse kindlakstegemine m\u00f5\u00f5tevahendi abil. Selleks leitakse m\u00f5\u00f5detava suuruse ja m\u00f5\u00f5t\u00fchikuks valitud suuruse suhe. N\u00e4iteks pikkuse m\u00f5\u00f5tmisel kasutatakse pikkus\u00fchikuid, massi m\u00f5\u00f5tmisel massi\u00fchikuid, mahu m\u00f5\u00f5tmisel mahu\u00fchikuid, aja m\u00f5\u00f5tmisel aja\u00fchikuid. K\u00fcmnends\u00fcsteem ehk detsimaals\u00fcsteem on positsiooniline arvus\u00fcsteem, mille alus on k\u00fcmme Pikkuste m\u00f5\u00f5tmisel on meil p\u00f5hi\u00fchikuks meeter. Sageli kasutatakse veel&hellip;","_links":{"self":[{"href":"https:\/\/domath.surju.ee\/et\/wp-json\/wp\/v2\/pages\/2033","targetHints":{"allow":["GET"]}}],"collection":[{"href":"https:\/\/domath.surju.ee\/et\/wp-json\/wp\/v2\/pages"}],"about":[{"href":"https:\/\/domath.surju.ee\/et\/wp-json\/wp\/v2\/types\/page"}],"author":[{"embeddable":true,"href":"https:\/\/domath.surju.ee\/et\/wp-json\/wp\/v2\/users\/12"}],"replies":[{"embeddable":true,"href":"https:\/\/domath.surju.ee\/et\/wp-json\/wp\/v2\/comments?post=2033"}],"version-history":[{"count":15,"href":"https:\/\/domath.surju.ee\/et\/wp-json\/wp\/v2\/pages\/2033\/revisions"}],"predecessor-version":[{"id":3826,"href":"https:\/\/domath.surju.ee\/et\/wp-json\/wp\/v2\/pages\/2033\/revisions\/3826"}],"wp:attachment":[{"href":"https:\/\/domath.surju.ee\/et\/wp-json\/wp\/v2\/media?parent=2033"}],"wp:term":[{"taxonomy":"category","embeddable":true,"href":"https:\/\/domath.surju.ee\/et\/wp-json\/wp\/v2\/categories?post=2033"},{"taxonomy":"post_tag","embeddable":true,"href":"https:\/\/domath.surju.ee\/et\/wp-json\/wp\/v2\/tags?post=2033"}],"curies":[{"name":"wp","href":"https:\/\/api.w.org\/{rel}","templated":true}]}}