{"id":2002,"date":"2024-04-18T06:34:09","date_gmt":"2024-04-18T06:34:09","guid":{"rendered":"https:\/\/domath.surju.ee\/?page_id=2002"},"modified":"2025-01-02T19:48:27","modified_gmt":"2025-01-02T19:48:27","slug":"odd-number","status":"publish","type":"page","link":"https:\/\/domath.surju.ee\/et\/paaritud-arvud\/","title":{"rendered":"Paaritud arvud"},"content":{"rendered":"<h1 style=\"text-align: center;\"><span style=\"color: #008000;\"><strong>Paaritud arvud<\/strong><\/span><\/h1>\r\n<p><\/p>\r\n<div class=\"guten-element gutenverse-text-editor guten-ThxQaj\">\r\n<div class=\"text-content-inner\">\r\n<p><\/p>\r\n<p class=\"has-medium-font-size\"><span style=\"color: #ff0000;\"><strong>Paaritud arvud <\/strong><\/span>on t\u00e4isarvud, mis ei jagu kahega. Paaritu arvu l\u00f5pus on alati numbrid 1, 3, 5, 7 v\u00f5i 9.&nbsp;<br \/>\r\nSiin on <strong>paaritud arvud<\/strong> 1-100:&nbsp;<br \/>\r\n<\/p>\r\n<div class=\"wp-block-group\">\r\n<figure class=\"wp-block-image aligncenter size-full is-resized\"><img loading=\"lazy\" decoding=\"async\" width=\"332\" height=\"449\" class=\"wp-image-2412\" style=\"width: 330px; height: auto;\" src=\"https:\/\/domath.surju.ee\/wp-content\/uploads\/2024\/07\/odd_numbers_1-removebg-preview.png\" alt=\"\" srcset=\"https:\/\/domath.surju.ee\/wp-content\/uploads\/2024\/07\/odd_numbers_1-removebg-preview.png 332w, https:\/\/domath.surju.ee\/wp-content\/uploads\/2024\/07\/odd_numbers_1-removebg-preview-222x300.png 222w, https:\/\/domath.surju.ee\/wp-content\/uploads\/2024\/07\/odd_numbers_1-removebg-preview-18x24.png 18w, https:\/\/domath.surju.ee\/wp-content\/uploads\/2024\/07\/odd_numbers_1-removebg-preview-27x36.png 27w, https:\/\/domath.surju.ee\/wp-content\/uploads\/2024\/07\/odd_numbers_1-removebg-preview-35x48.png 35w\" sizes=\"auto, (max-width: 332px) 100vw, 332px\" \/><\/figure>\r\n<p><\/p>\r\n<\/div>\r\n<p><br \/>\r\n<\/p>\r\n<figure class=\"wp-block-image aligncenter size-full\"><img loading=\"lazy\" decoding=\"async\" width=\"399\" height=\"280\" class=\"wp-image-2418\" src=\"https:\/\/domath.surju.ee\/wp-content\/uploads\/2024\/07\/odd2-removebg-preview-1.png\" alt=\"\" srcset=\"https:\/\/domath.surju.ee\/wp-content\/uploads\/2024\/07\/odd2-removebg-preview-1.png 399w, https:\/\/domath.surju.ee\/wp-content\/uploads\/2024\/07\/odd2-removebg-preview-1-300x211.png 300w, https:\/\/domath.surju.ee\/wp-content\/uploads\/2024\/07\/odd2-removebg-preview-1-24x17.png 24w, https:\/\/domath.surju.ee\/wp-content\/uploads\/2024\/07\/odd2-removebg-preview-1-36x25.png 36w, https:\/\/domath.surju.ee\/wp-content\/uploads\/2024\/07\/odd2-removebg-preview-1-48x34.png 48w\" sizes=\"auto, (max-width: 399px) 100vw, 399px\" \/>\r\n<figcaption class=\"wp-element-caption\"><em><strong>Kui sul on paaritu arv asju, siis sa ei saa neid v\u00f5rselt hulkadesse jaotada!&nbsp;<\/strong><\/em><\/figcaption>\r\n<\/figure>\r\n<p><\/p>\r\n<\/div>\r\n<\/div>\r\n<p><!-- \/wp:post-content --><\/p>","protected":false},"excerpt":{"rendered":"<p>Paaritud arvud Paaritud arvud on t\u00e4isarvud, mis ei jagu kahega. Paaritu arvu l\u00f5pus on alati numbrid 1, 3, 5, 7 v\u00f5i 9.&nbsp; Siin on paaritud arvud 1-100:&nbsp; Kui sul on paaritu arv asju, siis sa ei saa neid v\u00f5rselt hulkadesse jaotada!&nbsp; [&#8230;]<\/p>\n<p><a class=\"btn btn-secondary understrap-read-more-link\" href=\"https:\/\/domath.surju.ee\/et\/paaritud-arvud\/\">Read More&#8230;<span class=\"screen-reader-text\"> from Paaritud arvud<\/span><\/a><\/p>\n","protected":false},"author":4,"featured_media":0,"parent":0,"menu_order":0,"comment_status":"closed","ping_status":"closed","template":"","meta":{"_eb_attr":"","_uag_custom_page_level_css":"","footnotes":"[]"},"categories":[],"tags":[98,57,63,129],"class_list":["post-2002","page","type-page","status-publish","hentry","tag-english-o","tag-estonian-p","tag-greek-pi","tag-spanish-ne"],"uagb_featured_image_src":{"full":false,"thumbnail":false,"medium":false,"medium_large":false,"large":false,"1536x1536":false,"2048x2048":false,"menu-24x24":false,"menu-36x36":false,"menu-48x48":false},"uagb_author_info":{"display_name":"Thomi Anagrostou","author_link":"https:\/\/domath.surju.ee\/et\/author\/thomi\/"},"uagb_comment_info":0,"uagb_excerpt":"Paaritud arvud Paaritud arvud on t\u00e4isarvud, mis ei jagu kahega. Paaritu arvu l\u00f5pus on alati numbrid 1, 3, 5, 7 v\u00f5i 9.&nbsp; Siin on paaritud arvud 1-100:&nbsp; Kui sul on paaritu arv asju, siis sa ei saa neid v\u00f5rselt hulkadesse jaotada!&nbsp; [...]Read More... from Paaritud arvud","_links":{"self":[{"href":"https:\/\/domath.surju.ee\/et\/wp-json\/wp\/v2\/pages\/2002","targetHints":{"allow":["GET"]}}],"collection":[{"href":"https:\/\/domath.surju.ee\/et\/wp-json\/wp\/v2\/pages"}],"about":[{"href":"https:\/\/domath.surju.ee\/et\/wp-json\/wp\/v2\/types\/page"}],"author":[{"embeddable":true,"href":"https:\/\/domath.surju.ee\/et\/wp-json\/wp\/v2\/users\/4"}],"replies":[{"embeddable":true,"href":"https:\/\/domath.surju.ee\/et\/wp-json\/wp\/v2\/comments?post=2002"}],"version-history":[{"count":12,"href":"https:\/\/domath.surju.ee\/et\/wp-json\/wp\/v2\/pages\/2002\/revisions"}],"predecessor-version":[{"id":4209,"href":"https:\/\/domath.surju.ee\/et\/wp-json\/wp\/v2\/pages\/2002\/revisions\/4209"}],"wp:attachment":[{"href":"https:\/\/domath.surju.ee\/et\/wp-json\/wp\/v2\/media?parent=2002"}],"wp:term":[{"taxonomy":"category","embeddable":true,"href":"https:\/\/domath.surju.ee\/et\/wp-json\/wp\/v2\/categories?post=2002"},{"taxonomy":"post_tag","embeddable":true,"href":"https:\/\/domath.surju.ee\/et\/wp-json\/wp\/v2\/tags?post=2002"}],"curies":[{"name":"wp","href":"https:\/\/api.w.org\/{rel}","templated":true}]}}