{"id":1992,"date":"2024-04-18T06:10:12","date_gmt":"2024-04-18T06:10:12","guid":{"rendered":"https:\/\/domath.surju.ee\/?page_id=1992"},"modified":"2024-12-29T22:50:52","modified_gmt":"2024-12-29T22:50:52","slug":"multiblication","status":"publish","type":"page","link":"https:\/\/domath.surju.ee\/et\/korrutamine\/","title":{"rendered":"Korrutamine"},"content":{"rendered":"<h1 style=\"text-align: center;\"><span style=\"color: #008000;\"><strong>Korrutamine<\/strong><\/span><\/h1>\r\n\r\n<p><strong><span style=\"color: #ff0000;\">Korrutamine<\/span><\/strong> on v\u00f5rdsete liidetavate liitmine. <br \/>\r\nKorrutamistehte liikmed on: <span style=\"color: #000000;\"><strong>tegur, tegur, korrutis. <br \/>\r\n<\/strong>Arvud, mida korrutame on <strong>tegurid<\/strong>. <br \/>\r\nKorrutamise tulemus on <strong>korrutis<\/strong>.&nbsp;<\/span><br \/>\r\n<br \/>\r\n<span style=\"color: #0000ff;\"><strong>N\u00e4ited:&nbsp;<\/strong><\/span><\/p>\r\n\r\n<p>2+2+2+2+2=10<\/p>\r\n<p>5 x 2 =10<br \/>\r\n<br \/>\r\n<\/p>\r\n\r\n<p>Siin v\u00f5id m\u00e4ngida korrutamise m\u00e4ngu:&nbsp;<\/p>\r\n\r\n\r\n<p><a href=\"https:\/\/quizizz.com\/join\/quiz\/62976628bb1eb6001e8fd950\/start\" data-type=\"link\" data-id=\"https:\/\/quizizz.com\/join\/quiz\/62976628bb1eb6001e8fd950\/start\">https:\/\/quizizz.com\/join\/quiz\/62976628bb1eb6001e8fd950\/start<\/a><br \/>\r\n<br \/>\r\n<\/p>\r\n\r\n <iframe loading=\"lazy\" style=\"border: 0px;\" title=\"Korrutamine\" src=\"https:\/\/www.geogebra.org\/material\/iframe\/id\/b7qtkmxw\/width\/1235\/height\/685\/border\/888888\/sfsb\/true\/smb\/false\/stb\/false\/stbh\/false\/ai\/false\/asb\/false\/sri\/false\/rc\/false\/ld\/false\/sdz\/false\/ctl\/false\" width=\"700px\" height=\"385px\" scrolling=\"no\"> <\/iframe> \r\n<p><a href=\"https:\/\/www.geogebra.org\/u\/prasadareddy\"><span class=\"notranslate\">R.PRASADA REDDY<\/span><\/a>&nbsp;,&nbsp;<a href=\"https:\/\/www.geogebra.org\/u\/t.wassermair\"><span class=\"notranslate\">License<\/span><\/a><a href=\"https:\/\/creativecommons.org\/licenses\/by-sa\/3.0\">CC-BY-SA<\/a>,&nbsp;<a href=\"https:\/\/www.geogebra.org\/tos\">GeoGebra Terms of Use<\/a><\/p>\r\n <iframe loading=\"lazy\" style=\"border: 0px;\" title=\"Korrutustabel\" src=\"https:\/\/www.geogebra.org\/material\/iframe\/id\/wgdbganw\/width\/1000\/height\/385\/border\/888888\/sfsb\/true\/smb\/false\/stb\/false\/stbh\/false\/ai\/false\/asb\/false\/sri\/false\/rc\/false\/ld\/false\/sdz\/false\/ctl\/false\" width=\"700px\" height=\"270px\" scrolling=\"no\"> <\/iframe> \r\n<p><a href=\"https:\/\/www.geogebra.org\/u\/acron\"><span class=\"notranslate\">Auston B Cron<\/span><\/a> , License <a href=\"https:\/\/creativecommons.org\/licenses\/by-sa\/3.0\">CC-BY-SA<\/a>,&nbsp;<a href=\"https:\/\/www.geogebra.org\/tos\">GeoGebra Terms of Use<\/a><\/p>\r\n <iframe loading=\"lazy\" style=\"border: 0px;\" title=\"kirjalik korrutamine\" src=\"https:\/\/www.geogebra.org\/material\/iframe\/id\/zcd75hj4\/width\/900\/height\/585\/border\/888888\/sfsb\/true\/smb\/false\/stb\/false\/stbh\/false\/ai\/false\/asb\/false\/sri\/false\/rc\/false\/ld\/false\/sdz\/false\/ctl\/false\" width=\"700px\" height=\"485px\" scrolling=\"no\"> <\/iframe> \r\n<p><a href=\"https:\/\/www.geogebra.org\/u\/mohammed+tbatit\"><span class=\"notranslate\">Mohammed Tbatit<\/span><\/a>, muudetud Signe Reidla poolt,&nbsp; License <a href=\"https:\/\/creativecommons.org\/licenses\/by-sa\/3.0\">CC-BY-SA<\/a>,&nbsp;<a href=\"https:\/\/www.geogebra.org\/tos\">GeoGebra Terms of Use<\/a><\/p>\r\n","protected":false},"excerpt":{"rendered":"<p>Korrutamine Korrutamine on v\u00f5rdsete liidetavate liitmine. Korrutamistehte liikmed on: tegur, tegur, korrutis. Arvud, mida korrutame on tegurid. Korrutamise tulemus on korrutis.&nbsp; N\u00e4ited:&nbsp; 2+2+2+2+2=10 5 x 2 =10 Siin v\u00f5id m\u00e4ngida korrutamise m\u00e4ngu:&nbsp; https:\/\/quizizz.com\/join\/quiz\/62976628bb1eb6001e8fd950\/start R.PRASADA REDDY&nbsp;,&nbsp;LicenseCC-BY-SA,&nbsp;GeoGebra Terms of Use Auston B Cron , License CC-BY-SA,&nbsp;GeoGebra Terms of Use Mohammed Tbatit, muudetud Signe Reidla poolt,&nbsp; License CC-BY-SA,&nbsp;GeoGebra [&#8230;]<\/p>\n<p><a class=\"btn btn-secondary understrap-read-more-link\" href=\"https:\/\/domath.surju.ee\/et\/korrutamine\/\">Read More&#8230;<span class=\"screen-reader-text\"> from Korrutamine<\/span><\/a><\/p>\n","protected":false},"author":10,"featured_media":0,"parent":0,"menu_order":0,"comment_status":"closed","ping_status":"closed","template":"","meta":{"_eb_attr":"","_uag_custom_page_level_css":"","footnotes":""},"categories":[],"tags":[64,76,63],"class_list":["post-1992","page","type-page","status-publish","hentry","tag-english-m","tag-estonian-k","tag-greek-pi"],"uagb_featured_image_src":{"full":false,"thumbnail":false,"medium":false,"medium_large":false,"large":false,"1536x1536":false,"2048x2048":false,"menu-24x24":false,"menu-36x36":false,"menu-48x48":false},"uagb_author_info":{"display_name":"Maria Kosmidou","author_link":"https:\/\/domath.surju.ee\/et\/author\/maria\/"},"uagb_comment_info":0,"uagb_excerpt":"Korrutamine Korrutamine on v\u00f5rdsete liidetavate liitmine. Korrutamistehte liikmed on: tegur, tegur, korrutis. Arvud, mida korrutame on tegurid. Korrutamise tulemus on korrutis.&nbsp; N\u00e4ited:&nbsp; 2+2+2+2+2=10 5 x 2 =10 Siin v\u00f5id m\u00e4ngida korrutamise m\u00e4ngu:&nbsp; https:\/\/quizizz.com\/join\/quiz\/62976628bb1eb6001e8fd950\/start R.PRASADA REDDY&nbsp;,&nbsp;LicenseCC-BY-SA,&nbsp;GeoGebra Terms of Use Auston B Cron , License CC-BY-SA,&nbsp;GeoGebra Terms of Use Mohammed Tbatit, muudetud Signe Reidla poolt,&nbsp; License CC-BY-SA,&nbsp;GeoGebra&hellip;","_links":{"self":[{"href":"https:\/\/domath.surju.ee\/et\/wp-json\/wp\/v2\/pages\/1992","targetHints":{"allow":["GET"]}}],"collection":[{"href":"https:\/\/domath.surju.ee\/et\/wp-json\/wp\/v2\/pages"}],"about":[{"href":"https:\/\/domath.surju.ee\/et\/wp-json\/wp\/v2\/types\/page"}],"author":[{"embeddable":true,"href":"https:\/\/domath.surju.ee\/et\/wp-json\/wp\/v2\/users\/10"}],"replies":[{"embeddable":true,"href":"https:\/\/domath.surju.ee\/et\/wp-json\/wp\/v2\/comments?post=1992"}],"version-history":[{"count":14,"href":"https:\/\/domath.surju.ee\/et\/wp-json\/wp\/v2\/pages\/1992\/revisions"}],"predecessor-version":[{"id":4710,"href":"https:\/\/domath.surju.ee\/et\/wp-json\/wp\/v2\/pages\/1992\/revisions\/4710"}],"wp:attachment":[{"href":"https:\/\/domath.surju.ee\/et\/wp-json\/wp\/v2\/media?parent=1992"}],"wp:term":[{"taxonomy":"category","embeddable":true,"href":"https:\/\/domath.surju.ee\/et\/wp-json\/wp\/v2\/categories?post=1992"},{"taxonomy":"post_tag","embeddable":true,"href":"https:\/\/domath.surju.ee\/et\/wp-json\/wp\/v2\/tags?post=1992"}],"curies":[{"name":"wp","href":"https:\/\/api.w.org\/{rel}","templated":true}]}}