{"id":1987,"date":"2024-04-17T19:25:25","date_gmt":"2024-04-17T19:25:25","guid":{"rendered":"https:\/\/domath.surju.ee\/?page_id=1987"},"modified":"2024-12-31T00:21:27","modified_gmt":"2024-12-31T00:21:27","slug":"triangular-prism","status":"publish","type":"page","link":"https:\/\/domath.surju.ee\/et\/kolmnurkne-prisma\/","title":{"rendered":"Kolmnurkne prisma"},"content":{"rendered":"<h1 style=\"text-align: center;\"><span style=\"color: #008000;\"><strong>Kolmnurkne p\u00fcstprisma<\/strong><\/span><\/h1>\r\n<p><strong><span style=\"color: #ff0000;\">Kolmnurkne p\u00fcstprisma<\/span> <\/strong>on piiratud kolme ristk\u00fcliku ja kahe v\u00f5rdse kolmnurgaga.<br \/>\r\nKolmnurkse prisma <strong>p\u00f5hitahud<\/strong> on kolmnurgad.&nbsp;<br \/>\r\nKolmnurkade k\u00fclgi nimetatakse <strong>p\u00fcstprisma p\u00f5hiservadeks.<\/strong><br \/>\r\nRistk\u00fclikud on p\u00fcstprisma <strong>k\u00fclgtahud<\/strong>.<br \/>\r\nRistk\u00fclikute \u00fchiseid servi nimetatakse <strong>p\u00fcstprisma k\u00fclgservadeks<\/strong>.&nbsp;<\/p>\r\n\r\n\r\n<p>&nbsp;<\/p>\r\n\r\n<p><iframe loading=\"lazy\" style=\"border: 0px;\" title=\"Kolmnurkne prisma\" src=\"https:\/\/www.geogebra.org\/material\/iframe\/id\/egjjxhuc\/width\/1000\/height\/450\/border\/888888\/sfsb\/true\/smb\/false\/stb\/false\/stbh\/false\/ai\/false\/asb\/false\/sri\/false\/rc\/false\/ld\/false\/sdz\/false\/ctl\/false\" width=\"700px\" height=\"350px\" scrolling=\"no\"> <\/iframe><iframe loading=\"lazy\" style=\"border: 0px;\" title=\"Kolmnurkne p\u00fcstprisma2\" src=\"https:\/\/www.geogebra.org\/material\/iframe\/id\/gkwqsdps\/width\/1000\/height\/450\/border\/888888\/sfsb\/true\/smb\/false\/stb\/false\/stbh\/false\/ai\/false\/asb\/false\/sri\/false\/rc\/false\/ld\/false\/sdz\/false\/ctl\/false\" width=\"700px\" height=\"350px\" scrolling=\"no\"> <\/iframe><\/p>\r\n<p><a href=\"https:\/\/www.geogebra.org\/u\/ms_field\"><span class=\"notranslate\">Ms Field, <\/span><\/a><a href=\"https:\/\/creativecommons.org\/licenses\/by-sa\/3.0\">CC-BY-SA<\/a>,&nbsp;<a href=\"https:\/\/www.geogebra.org\/tos\">GeoGebra Terms of Use<\/a><\/p>\r\n<p><a href=\"https:\/\/www.geogebra.org\/u\/bedprasad+dhakal\"><span class=\"notranslate\">Bed Prasad Dhakal<\/span><\/a> , <a href=\"https:\/\/creativecommons.org\/licenses\/by-sa\/3.0\">CC-BY-SA<\/a>,&nbsp;<a href=\"https:\/\/www.geogebra.org\/tos\">GeoGebra Terms of Use<\/a><\/p>\r\n<h5 style=\"text-align: center;\"><strong><span style=\"background-color: #333399; color: #99ccff;\">Ruumala ja t\u00e4ispindala<\/span><\/strong><\/h5>\r\n<table style=\"border-collapse: collapse; width: 97.7381%; height: 12px;\">\r\n<tbody>\r\n<tr>\r\n<td style=\"width: 47.8076%;\"><img loading=\"lazy\" decoding=\"async\" class=\"alignnone  wp-image-3654\" src=\"https:\/\/domath.surju.ee\/wp-content\/uploads\/2024\/08\/Prisma-1-290x300.png\" alt=\"\" width=\"148\" height=\"153\" srcset=\"https:\/\/domath.surju.ee\/wp-content\/uploads\/2024\/08\/Prisma-1-290x300.png 290w, https:\/\/domath.surju.ee\/wp-content\/uploads\/2024\/08\/Prisma-1-989x1024.png 989w, https:\/\/domath.surju.ee\/wp-content\/uploads\/2024\/08\/Prisma-1-768x795.png 768w, https:\/\/domath.surju.ee\/wp-content\/uploads\/2024\/08\/Prisma-1-1484x1536.png 1484w, https:\/\/domath.surju.ee\/wp-content\/uploads\/2024\/08\/Prisma-1-1978x2048.png 1978w, https:\/\/domath.surju.ee\/wp-content\/uploads\/2024\/08\/Prisma-1-24x24.png 24w, https:\/\/domath.surju.ee\/wp-content\/uploads\/2024\/08\/Prisma-1-36x36.png 36w, https:\/\/domath.surju.ee\/wp-content\/uploads\/2024\/08\/Prisma-1-46x48.png 46w\" sizes=\"auto, (max-width: 148px) 100vw, 148px\" \/><img loading=\"lazy\" decoding=\"async\" class=\"alignnone  wp-image-3655\" src=\"https:\/\/domath.surju.ee\/wp-content\/uploads\/2024\/08\/Prisma-300x246.png\" alt=\"\" width=\"162\" height=\"133\" srcset=\"https:\/\/domath.surju.ee\/wp-content\/uploads\/2024\/08\/Prisma-300x246.png 300w, https:\/\/domath.surju.ee\/wp-content\/uploads\/2024\/08\/Prisma-1024x841.png 1024w, https:\/\/domath.surju.ee\/wp-content\/uploads\/2024\/08\/Prisma-768x631.png 768w, https:\/\/domath.surju.ee\/wp-content\/uploads\/2024\/08\/Prisma-1536x1262.png 1536w, https:\/\/domath.surju.ee\/wp-content\/uploads\/2024\/08\/Prisma-2048x1683.png 2048w, https:\/\/domath.surju.ee\/wp-content\/uploads\/2024\/08\/Prisma-24x20.png 24w, https:\/\/domath.surju.ee\/wp-content\/uploads\/2024\/08\/Prisma-36x30.png 36w, https:\/\/domath.surju.ee\/wp-content\/uploads\/2024\/08\/Prisma-48x39.png 48w\" sizes=\"auto, (max-width: 162px) 100vw, 162px\" \/><\/td>\r\n<td style=\"width: 52.1924%;\">\r\n<table style=\"border-collapse: collapse; width: 100%; height: 161px;\">\r\n<tbody>\r\n<tr style=\"height: 21px;\">\r\n<td style=\"width: 100%; height: 18px;\"><strong>Ruumala (V) = kolmnurga pindala x prisma k\u00f5rgus<\/strong><\/td>\r\n<\/tr>\r\n<tr style=\"height: 61px;\">\r\n<td style=\"width: 100%; height: 61px;\"><img loading=\"lazy\" decoding=\"async\" class=\"alignnone  wp-image-3656\" src=\"https:\/\/domath.surju.ee\/wp-content\/uploads\/2024\/08\/Prisma-3-300x75.png\" alt=\"\" width=\"208\" height=\"52\" srcset=\"https:\/\/domath.surju.ee\/wp-content\/uploads\/2024\/08\/Prisma-3-300x75.png 300w, https:\/\/domath.surju.ee\/wp-content\/uploads\/2024\/08\/Prisma-3-1024x255.png 1024w, https:\/\/domath.surju.ee\/wp-content\/uploads\/2024\/08\/Prisma-3-768x191.png 768w, https:\/\/domath.surju.ee\/wp-content\/uploads\/2024\/08\/Prisma-3-1536x382.png 1536w, https:\/\/domath.surju.ee\/wp-content\/uploads\/2024\/08\/Prisma-3-2048x509.png 2048w, https:\/\/domath.surju.ee\/wp-content\/uploads\/2024\/08\/Prisma-3-24x6.png 24w, https:\/\/domath.surju.ee\/wp-content\/uploads\/2024\/08\/Prisma-3-36x9.png 36w, https:\/\/domath.surju.ee\/wp-content\/uploads\/2024\/08\/Prisma-3-48x12.png 48w\" sizes=\"auto, (max-width: 208px) 100vw, 208px\" \/><\/td>\r\n<\/tr>\r\n<tr style=\"height: 20px;\">\r\n<td style=\"width: 100%; height: 20px;\"><strong>Ruumale (V) = kolmnurga pindala x k\u00f5rgus (l)<\/strong><\/td>\r\n<\/tr>\r\n<tr style=\"height: 62px;\">\r\n<td style=\"width: 100%; height: 62px;\"><img loading=\"lazy\" decoding=\"async\" class=\"alignnone  wp-image-3657\" src=\"https:\/\/domath.surju.ee\/wp-content\/uploads\/2024\/08\/Prisma-2-300x74.png\" alt=\"\" width=\"219\" height=\"54\" srcset=\"https:\/\/domath.surju.ee\/wp-content\/uploads\/2024\/08\/Prisma-2-300x74.png 300w, https:\/\/domath.surju.ee\/wp-content\/uploads\/2024\/08\/Prisma-2-1024x253.png 1024w, https:\/\/domath.surju.ee\/wp-content\/uploads\/2024\/08\/Prisma-2-768x190.png 768w, https:\/\/domath.surju.ee\/wp-content\/uploads\/2024\/08\/Prisma-2-1536x380.png 1536w, https:\/\/domath.surju.ee\/wp-content\/uploads\/2024\/08\/Prisma-2-2048x507.png 2048w, https:\/\/domath.surju.ee\/wp-content\/uploads\/2024\/08\/Prisma-2-24x6.png 24w, https:\/\/domath.surju.ee\/wp-content\/uploads\/2024\/08\/Prisma-2-36x9.png 36w, https:\/\/domath.surju.ee\/wp-content\/uploads\/2024\/08\/Prisma-2-48x12.png 48w\" sizes=\"auto, (max-width: 219px) 100vw, 219px\" \/><\/td>\r\n<\/tr>\r\n<\/tbody>\r\n<\/table>\r\n<\/td>\r\n<\/tr>\r\n<\/tbody>\r\n<\/table>\r\n<p style=\"text-align: center;\"><span style=\"color: #333399;\"><strong>a &#8211; p\u00f5hiserv, kolmnurga alus<\/strong><\/span><\/p>\r\n<p style=\"text-align: center;\"><span style=\"color: #333399;\"><strong>h -p\u00f5hja k\u00f5rgus, kolmnurga k\u00f5rgus<\/strong><\/span><\/p>\r\n<p style=\"text-align: center;\"><span style=\"color: #333399;\"><strong>H &#8211;&nbsp; prisma k\u00f5rgus, k\u00fclje pikkus<\/strong><\/span><\/p>\r\n<p style=\"text-align: center;\"><span style=\"color: #333399;\"><strong>l &#8211;&nbsp; k\u00fclje pikkus, prisma k\u00f5rgus<\/strong><\/span><\/p>\r\n<table style=\"border-collapse: collapse; width: 98.6905%; height: 15px;\">\r\n<tbody>\r\n<tr>\r\n<td style=\"width: 38.7817%;\"><span style=\"color: #800000;\"><img loading=\"lazy\" decoding=\"async\" class=\"alignnone  wp-image-3662\" src=\"https:\/\/domath.surju.ee\/wp-content\/uploads\/2024\/08\/Prisma-4-300x291.png\" alt=\"\" width=\"231\" height=\"224\" srcset=\"https:\/\/domath.surju.ee\/wp-content\/uploads\/2024\/08\/Prisma-4-300x291.png 300w, https:\/\/domath.surju.ee\/wp-content\/uploads\/2024\/08\/Prisma-4-1024x993.png 1024w, https:\/\/domath.surju.ee\/wp-content\/uploads\/2024\/08\/Prisma-4-768x745.png 768w, https:\/\/domath.surju.ee\/wp-content\/uploads\/2024\/08\/Prisma-4-1536x1490.png 1536w, https:\/\/domath.surju.ee\/wp-content\/uploads\/2024\/08\/Prisma-4-2048x1987.png 2048w, https:\/\/domath.surju.ee\/wp-content\/uploads\/2024\/08\/Prisma-4-24x24.png 24w, https:\/\/domath.surju.ee\/wp-content\/uploads\/2024\/08\/Prisma-4-36x36.png 36w, https:\/\/domath.surju.ee\/wp-content\/uploads\/2024\/08\/Prisma-4-48x48.png 48w\" sizes=\"auto, (max-width: 231px) 100vw, 231px\" \/><\/span><\/td>\r\n<td style=\"width: 61.2183%;\">\r\n<p><strong><span style=\"color: #800000;\">Kolmnurga \u00fcmberm\u00f5\u00f5t P&nbsp; = a + b + c<\/span><\/strong><\/p>\r\n<p><strong>a, b, c &#8211;<\/strong>&nbsp; kolmnurga k\u00fcljed, p\u00f5hiservad<\/p>\r\n<p><span style=\"color: #008000;\"><strong>T\u00e4ispindala&nbsp; = k\u00fclgpindala + 2 kolmurga pindala<br \/>\r\n<\/strong><\/span><span style=\"color: #800000;\"><strong>K\u00fclgpindala<br \/>\r\nS<sub>k<\/sub> = aH + bH + cH = (a + b + c) H&nbsp; = PH&nbsp;<\/strong><\/span><\/p>\r\n<p>v\u00f5i&nbsp; <span style=\"color: #800000;\"><strong>S<sub>k<\/sub> <\/strong><\/span><span style=\"color: #800000;\"><strong>&nbsp;= al + bl +cl = (a+b+c)l = Pl<br \/>\r\n<br \/>\r\nP\u00f5hja pindala (S<sub>p<\/sub>)<\/strong><\/span><\/p>\r\n<p><img loading=\"lazy\" decoding=\"async\" class=\"alignnone  wp-image-5307\" src=\"https:\/\/domath.surju.ee\/wp-content\/uploads\/2024\/12\/Kolmnurga-pindala1-1-300x104-1.png\" alt=\"\" width=\"135\" height=\"47\" srcset=\"https:\/\/domath.surju.ee\/wp-content\/uploads\/2024\/12\/Kolmnurga-pindala1-1-300x104-1.png 300w, https:\/\/domath.surju.ee\/wp-content\/uploads\/2024\/12\/Kolmnurga-pindala1-1-300x104-1-24x8.png 24w, https:\/\/domath.surju.ee\/wp-content\/uploads\/2024\/12\/Kolmnurga-pindala1-1-300x104-1-36x12.png 36w, https:\/\/domath.surju.ee\/wp-content\/uploads\/2024\/12\/Kolmnurga-pindala1-1-300x104-1-48x17.png 48w\" sizes=\"auto, (max-width: 135px) 100vw, 135px\" \/><\/p>\r\n<\/td>\r\n<\/tr>\r\n<\/tbody>\r\n<\/table>\r\n<p>&nbsp;<\/p>\r\n\r\n\r\n<p><img loading=\"lazy\" decoding=\"async\" class=\"alignnone  wp-image-5310\" src=\"https:\/\/domath.surju.ee\/wp-content\/uploads\/2024\/12\/Prisma-8-2-768x83-2-300x38.png\" alt=\"\" width=\"347\" height=\"44\" srcset=\"https:\/\/domath.surju.ee\/wp-content\/uploads\/2024\/12\/Prisma-8-2-768x83-2-300x38.png 300w, https:\/\/domath.surju.ee\/wp-content\/uploads\/2024\/12\/Prisma-8-2-768x83-2-24x3.png 24w, https:\/\/domath.surju.ee\/wp-content\/uploads\/2024\/12\/Prisma-8-2-768x83-2-36x5.png 36w, https:\/\/domath.surju.ee\/wp-content\/uploads\/2024\/12\/Prisma-8-2-768x83-2-48x6.png 48w, https:\/\/domath.surju.ee\/wp-content\/uploads\/2024\/12\/Prisma-8-2-768x83-2.png 590w\" sizes=\"auto, (max-width: 347px) 100vw, 347px\" \/><br \/>\r\n<br \/>\r\n<img loading=\"lazy\" decoding=\"async\" class=\"alignnone  wp-image-5311\" src=\"https:\/\/domath.surju.ee\/wp-content\/uploads\/2024\/12\/Prisma-7-768x91_2-300x45.png\" alt=\"\" width=\"347\" height=\"52\" srcset=\"https:\/\/domath.surju.ee\/wp-content\/uploads\/2024\/12\/Prisma-7-768x91_2-300x45.png 300w, https:\/\/domath.surju.ee\/wp-content\/uploads\/2024\/12\/Prisma-7-768x91_2-24x4.png 24w, https:\/\/domath.surju.ee\/wp-content\/uploads\/2024\/12\/Prisma-7-768x91_2-36x5.png 36w, https:\/\/domath.surju.ee\/wp-content\/uploads\/2024\/12\/Prisma-7-768x91_2-48x7.png 48w, https:\/\/domath.surju.ee\/wp-content\/uploads\/2024\/12\/Prisma-7-768x91_2.png 609w\" sizes=\"auto, (max-width: 347px) 100vw, 347px\" \/><iframe loading=\"lazy\" style=\"border: 0px;\" title=\"Korrap\u00e4rase Prisma t\u00e4ispindala ja ruumala\" src=\"https:\/\/www.geogebra.org\/material\/iframe\/id\/tfdxy5hv\/width\/1400\/height\/650\/border\/888888\/sfsb\/true\/smb\/false\/stb\/false\/stbh\/false\/ai\/false\/asb\/false\/sri\/false\/rc\/false\/ld\/false\/sdz\/false\/ctl\/false\" width=\"700px\" height=\"350px\" scrolling=\"no\"> <\/iframe><iframe loading=\"lazy\" style=\"border: 0px;\" title=\"Prisma pindala ja ruumala\" src=\"https:\/\/www.geogebra.org\/material\/iframe\/id\/jb3ruseb\/width\/1400\/height\/650\/border\/888888\/sfsb\/true\/smb\/false\/stb\/false\/stbh\/false\/ai\/false\/asb\/false\/sri\/false\/rc\/false\/ld\/false\/sdz\/false\/ctl\/false\" width=\"700px\" height=\"350px\" scrolling=\"no\"> <\/iframe><\/p>\r\n<p><iframe loading=\"lazy\" style=\"border: 0px;\" title=\"Prisma ja tema t\u00e4ispindala\" src=\"https:\/\/www.geogebra.org\/material\/iframe\/id\/jwwujwpz\/width\/1400\/height\/650\/border\/888888\/sfsb\/true\/smb\/false\/stb\/false\/stbh\/false\/ai\/false\/asb\/false\/sri\/false\/rc\/false\/ld\/false\/sdz\/false\/ctl\/false\" width=\"700px\" height=\"350px\" scrolling=\"no\"> <\/iframe><\/p>\r\n<p><a href=\"https:\/\/www.geogebra.org\/u\/samirstha\"><span class=\"notranslate\">Samir Shrestha<\/span><\/a><\/p>\r\n<p><a href=\"https:\/\/www.geogebra.org\/u\/tbrzezinski\"><span class=\"notranslate\">Tim Brzezinski, <\/span><\/a><a href=\"https:\/\/www.geogebra.org\/u\/alfonso+garcia\">Alfonso Garcia etc<\/a><\/p>","protected":false},"excerpt":{"rendered":"<p>Kolmnurkne p\u00fcstprisma Kolmnurkne p\u00fcstprisma on piiratud kolme ristk\u00fcliku ja kahe v\u00f5rdse kolmnurgaga. Kolmnurkse prisma p\u00f5hitahud on kolmnurgad.&nbsp; Kolmnurkade k\u00fclgi nimetatakse p\u00fcstprisma p\u00f5hiservadeks. Ristk\u00fclikud on p\u00fcstprisma k\u00fclgtahud. Ristk\u00fclikute \u00fchiseid servi nimetatakse p\u00fcstprisma k\u00fclgservadeks.&nbsp; &nbsp; Ms Field, CC-BY-SA,&nbsp;GeoGebra Terms of Use Bed Prasad Dhakal , CC-BY-SA,&nbsp;GeoGebra Terms of Use Ruumala ja t\u00e4ispindala Ruumala (V) = kolmnurga pindala [&#8230;]<\/p>\n<p><a class=\"btn btn-secondary understrap-read-more-link\" href=\"https:\/\/domath.surju.ee\/et\/kolmnurkne-prisma\/\">Read More&#8230;<span class=\"screen-reader-text\"> from Kolmnurkne prisma<\/span><\/a><\/p>\n","protected":false},"author":12,"featured_media":0,"parent":0,"menu_order":0,"comment_status":"closed","ping_status":"closed","template":"","meta":{"_eb_attr":"","_uag_custom_page_level_css":"","footnotes":""},"categories":[],"tags":[23,76,151],"class_list":["post-1987","page","type-page","status-publish","hentry","tag-english-t","tag-estonian-k","tag-greek-tau"],"uagb_featured_image_src":{"full":false,"thumbnail":false,"medium":false,"medium_large":false,"large":false,"1536x1536":false,"2048x2048":false,"menu-24x24":false,"menu-36x36":false,"menu-48x48":false},"uagb_author_info":{"display_name":"Ave Kartau","author_link":"https:\/\/domath.surju.ee\/et\/author\/ave\/"},"uagb_comment_info":0,"uagb_excerpt":"Kolmnurkne p\u00fcstprisma Kolmnurkne p\u00fcstprisma on piiratud kolme ristk\u00fcliku ja kahe v\u00f5rdse kolmnurgaga. Kolmnurkse prisma p\u00f5hitahud on kolmnurgad.&nbsp; Kolmnurkade k\u00fclgi nimetatakse p\u00fcstprisma p\u00f5hiservadeks. Ristk\u00fclikud on p\u00fcstprisma k\u00fclgtahud. Ristk\u00fclikute \u00fchiseid servi nimetatakse p\u00fcstprisma k\u00fclgservadeks.&nbsp; &nbsp; Ms Field, CC-BY-SA,&nbsp;GeoGebra Terms of Use Bed Prasad Dhakal , CC-BY-SA,&nbsp;GeoGebra Terms of Use Ruumala ja t\u00e4ispindala Ruumala (V) = kolmnurga pindala&hellip;","_links":{"self":[{"href":"https:\/\/domath.surju.ee\/et\/wp-json\/wp\/v2\/pages\/1987","targetHints":{"allow":["GET"]}}],"collection":[{"href":"https:\/\/domath.surju.ee\/et\/wp-json\/wp\/v2\/pages"}],"about":[{"href":"https:\/\/domath.surju.ee\/et\/wp-json\/wp\/v2\/types\/page"}],"author":[{"embeddable":true,"href":"https:\/\/domath.surju.ee\/et\/wp-json\/wp\/v2\/users\/12"}],"replies":[{"embeddable":true,"href":"https:\/\/domath.surju.ee\/et\/wp-json\/wp\/v2\/comments?post=1987"}],"version-history":[{"count":18,"href":"https:\/\/domath.surju.ee\/et\/wp-json\/wp\/v2\/pages\/1987\/revisions"}],"predecessor-version":[{"id":3683,"href":"https:\/\/domath.surju.ee\/et\/wp-json\/wp\/v2\/pages\/1987\/revisions\/3683"}],"wp:attachment":[{"href":"https:\/\/domath.surju.ee\/et\/wp-json\/wp\/v2\/media?parent=1987"}],"wp:term":[{"taxonomy":"category","embeddable":true,"href":"https:\/\/domath.surju.ee\/et\/wp-json\/wp\/v2\/categories?post=1987"},{"taxonomy":"post_tag","embeddable":true,"href":"https:\/\/domath.surju.ee\/et\/wp-json\/wp\/v2\/tags?post=1987"}],"curies":[{"name":"wp","href":"https:\/\/api.w.org\/{rel}","templated":true}]}}