{"id":1983,"date":"2024-04-17T19:13:44","date_gmt":"2024-04-17T19:13:44","guid":{"rendered":"https:\/\/domath.surju.ee\/?page_id=1983"},"modified":"2024-12-31T00:10:11","modified_gmt":"2024-12-31T00:10:11","slug":"trapezium","status":"publish","type":"page","link":"https:\/\/domath.surju.ee\/et\/trapets\/","title":{"rendered":"Trapets"},"content":{"rendered":"\r\n<p>&nbsp;<\/p>\r\n\r\n<h1 style=\"text-align: center;\"><span style=\"color: #008000;\"><strong>Trapets<\/strong><\/span><\/h1>\r\n<p>&nbsp;<\/p>\r\n<p><span style=\"color: #ff0000;\"><strong>Trapets<\/strong><\/span> on kumer nelinurk, mille kaks k\u00fclge on omavahel paralleelsed ja kaks k\u00fclge mitte. <strong>Trapets<\/strong> tuleneb kreeka s\u00f5nast trapezion (lauake). <br \/>\r\nTrapetsi paralleelseid k\u00fclgi nimetatakse<strong> trapetsi alusteks (AB ja DC v\u00f5i a ja b)<\/strong> ja \u00fclej\u00e4\u00e4nud kaht k\u00fclge <strong>haaradeks (AD ja BC v\u00f5i c ja d)<\/strong>.<br \/>\r\nTrapetsit, mille haarad on v\u00f5rdsed, nimetatakse <span style=\"color: #ff0000;\"><strong>v\u00f5rdhaarseks trapetsiks.&nbsp;<\/strong><\/span><\/p>\r\n<p>Aluste vahelist kaugust nimetatakse<strong> trapetsi k\u00f5rguseks (DE =h).<\/strong><br \/>\r\n&nbsp; &nbsp; &nbsp; &nbsp; &nbsp; &nbsp; &nbsp; &nbsp; &nbsp; &nbsp; &nbsp; &nbsp; <img loading=\"lazy\" decoding=\"async\" class=\"alignnone size-medium wp-image-3454\" src=\"https:\/\/domath.surju.ee\/wp-content\/uploads\/2024\/08\/trapets-1-1-300x206.png\" alt=\"\" width=\"300\" height=\"206\" \/>&nbsp; &nbsp; &nbsp; &nbsp; &nbsp; <img loading=\"lazy\" decoding=\"async\" class=\"alignnone size-medium wp-image-3455\" src=\"https:\/\/domath.surju.ee\/wp-content\/uploads\/2024\/08\/trapets-2-1-300x184.png\" alt=\"\" width=\"300\" height=\"184\" srcset=\"https:\/\/domath.surju.ee\/wp-content\/uploads\/2024\/08\/trapets-2-1-300x184.png 300w, https:\/\/domath.surju.ee\/wp-content\/uploads\/2024\/08\/trapets-2-1-1024x627.png 1024w, https:\/\/domath.surju.ee\/wp-content\/uploads\/2024\/08\/trapets-2-1-768x470.png 768w, https:\/\/domath.surju.ee\/wp-content\/uploads\/2024\/08\/trapets-2-1-1536x941.png 1536w, https:\/\/domath.surju.ee\/wp-content\/uploads\/2024\/08\/trapets-2-1-2048x1254.png 2048w, https:\/\/domath.surju.ee\/wp-content\/uploads\/2024\/08\/trapets-2-1-24x15.png 24w, https:\/\/domath.surju.ee\/wp-content\/uploads\/2024\/08\/trapets-2-1-36x22.png 36w, https:\/\/domath.surju.ee\/wp-content\/uploads\/2024\/08\/trapets-2-1-48x29.png 48w\" sizes=\"auto, (max-width: 300px) 100vw, 300px\" \/><\/p>\r\n<p><strong>Trapetsi keskl\u00f5iguks<\/strong> (FG) nimetatakse trapetsi&nbsp; haarade keskpunkte \u00fchendavat l\u00f5iku &nbsp;(AF=FD ja BG=GC).<\/p>\r\n<p><img loading=\"lazy\" decoding=\"async\" class=\" wp-image-3458 aligncenter\" src=\"https:\/\/domath.surju.ee\/wp-content\/uploads\/2024\/08\/trapets-3-300x82.png\" alt=\"\" width=\"352\" height=\"96\" srcset=\"https:\/\/domath.surju.ee\/wp-content\/uploads\/2024\/08\/trapets-3-300x82.png 300w, https:\/\/domath.surju.ee\/wp-content\/uploads\/2024\/08\/trapets-3-1024x278.png 1024w, https:\/\/domath.surju.ee\/wp-content\/uploads\/2024\/08\/trapets-3-768x209.png 768w, https:\/\/domath.surju.ee\/wp-content\/uploads\/2024\/08\/trapets-3-1536x417.png 1536w, https:\/\/domath.surju.ee\/wp-content\/uploads\/2024\/08\/trapets-3-2048x556.png 2048w, https:\/\/domath.surju.ee\/wp-content\/uploads\/2024\/08\/trapets-3-24x7.png 24w, https:\/\/domath.surju.ee\/wp-content\/uploads\/2024\/08\/trapets-3-36x10.png 36w, https:\/\/domath.surju.ee\/wp-content\/uploads\/2024\/08\/trapets-3-48x13.png 48w\" sizes=\"auto, (max-width: 352px) 100vw, 352px\" \/><\/p>\r\n<p>.<\/p>\r\n<h5 style=\"text-align: center;\"><span style=\"background-color: #333399;\"><strong><span style=\"color: #99ccff;\">Trapetsi erijuhud.<br \/>\r\n<br \/>\r\n<\/span><\/strong><\/span><\/h5>\r\n<p>Paralleelsete k\u00fclgedega nelinurgad<br \/>\r\n<img loading=\"lazy\" decoding=\"async\" class=\"size-medium wp-image-3459 aligncenter\" src=\"https:\/\/domath.surju.ee\/wp-content\/uploads\/2024\/08\/Trapezoid_special_cases-1-300x259.png\" alt=\"\" width=\"300\" height=\"259\" srcset=\"https:\/\/domath.surju.ee\/wp-content\/uploads\/2024\/08\/Trapezoid_special_cases-1-300x259.png 300w, https:\/\/domath.surju.ee\/wp-content\/uploads\/2024\/08\/Trapezoid_special_cases-1-768x664.png 768w, https:\/\/domath.surju.ee\/wp-content\/uploads\/2024\/08\/Trapezoid_special_cases-1-24x21.png 24w, https:\/\/domath.surju.ee\/wp-content\/uploads\/2024\/08\/Trapezoid_special_cases-1-36x31.png 36w, https:\/\/domath.surju.ee\/wp-content\/uploads\/2024\/08\/Trapezoid_special_cases-1-48x41.png 48w, https:\/\/domath.surju.ee\/wp-content\/uploads\/2024\/08\/Trapezoid_special_cases-1.png 849w\" sizes=\"auto, (max-width: 300px) 100vw, 300px\" \/><\/p>\r\n<p style=\"text-align: center;\">Joonisel olevad oran\u017eid kujundid on&nbsp; ka r\u00f6\u00f6pk\u00fclikud<br \/>\r\n<br \/>\r\n<\/p>\r\n<h5 style=\"text-align: center;\"><span style=\"background-color: #333399;\"><strong><span style=\"color: #99ccff;\">Trapetsi liigid<\/span><\/strong><\/span><\/h5>\r\n<p><img loading=\"lazy\" decoding=\"async\" class=\"alignnone  wp-image-3460\" src=\"https:\/\/domath.surju.ee\/wp-content\/uploads\/2024\/08\/trapets-4-300x209.png\" alt=\"\" width=\"126\" height=\"88\" srcset=\"https:\/\/domath.surju.ee\/wp-content\/uploads\/2024\/08\/trapets-4-300x209.png 300w, https:\/\/domath.surju.ee\/wp-content\/uploads\/2024\/08\/trapets-4-24x17.png 24w, https:\/\/domath.surju.ee\/wp-content\/uploads\/2024\/08\/trapets-4-36x25.png 36w, https:\/\/domath.surju.ee\/wp-content\/uploads\/2024\/08\/trapets-4-48x33.png 48w, https:\/\/domath.surju.ee\/wp-content\/uploads\/2024\/08\/trapets-4.png 748w\" sizes=\"auto, (max-width: 126px) 100vw, 126px\" \/><span style=\"color: #ff0000;\"><strong>T\u00e4isnurkse trapetsi<\/strong><\/span> l\u00fchem haar on risti alusega ja selle haara l\u00e4hisnurgad on 90 kraadi.&nbsp;<br \/>\r\n<br \/>\r\n&nbsp;<img loading=\"lazy\" decoding=\"async\" class=\"alignnone  wp-image-3461\" src=\"https:\/\/domath.surju.ee\/wp-content\/uploads\/2024\/08\/Trapezoid_special_cases-1_2-e1722538058998.png\" alt=\"\" width=\"153\" height=\"58\" srcset=\"https:\/\/domath.surju.ee\/wp-content\/uploads\/2024\/08\/Trapezoid_special_cases-1_2-e1722538058998.png 235w, https:\/\/domath.surju.ee\/wp-content\/uploads\/2024\/08\/Trapezoid_special_cases-1_2-e1722538058998-24x9.png 24w, https:\/\/domath.surju.ee\/wp-content\/uploads\/2024\/08\/Trapezoid_special_cases-1_2-e1722538058998-36x14.png 36w, https:\/\/domath.surju.ee\/wp-content\/uploads\/2024\/08\/Trapezoid_special_cases-1_2-e1722538058998-48x18.png 48w\" sizes=\"auto, (max-width: 153px) 100vw, 153px\" \/> <span style=\"color: #ff0000;\"><b>Teravnurksel trapetsil <\/b><\/span>on teravnurgad pikema aluse l\u00e4hisnurgad.&nbsp; &nbsp;<\/p>\r\n<p>&nbsp;<img loading=\"lazy\" decoding=\"async\" class=\"wp-image-3462 alignleft\" src=\"https:\/\/domath.surju.ee\/wp-content\/uploads\/2024\/08\/Trapezoid_special_cases-1_3-e1722538002583.png\" alt=\"\" width=\"165\" height=\"56\" srcset=\"https:\/\/domath.surju.ee\/wp-content\/uploads\/2024\/08\/Trapezoid_special_cases-1_3-e1722538002583.png 278w, https:\/\/domath.surju.ee\/wp-content\/uploads\/2024\/08\/Trapezoid_special_cases-1_3-e1722538002583-24x8.png 24w, https:\/\/domath.surju.ee\/wp-content\/uploads\/2024\/08\/Trapezoid_special_cases-1_3-e1722538002583-36x12.png 36w, https:\/\/domath.surju.ee\/wp-content\/uploads\/2024\/08\/Trapezoid_special_cases-1_3-e1722538002583-48x16.png 48w\" sizes=\"auto, (max-width: 165px) 100vw, 165px\" \/><span style=\"color: #ff0000;\"><b>N\u00fcrinurksel trapetsil <\/b>&nbsp;<\/span>on m\u00f5lemal alusel \u00fcks n\u00fcrinurk \u00fcks teravnurk.&nbsp;<\/p>\r\n<p><img loading=\"lazy\" decoding=\"async\" class=\" wp-image-3463 alignleft\" src=\"https:\/\/domath.surju.ee\/wp-content\/uploads\/2024\/08\/trapets-5-300x168.png\" alt=\"\" width=\"171\" height=\"96\" srcset=\"https:\/\/domath.surju.ee\/wp-content\/uploads\/2024\/08\/trapets-5-300x168.png 300w, https:\/\/domath.surju.ee\/wp-content\/uploads\/2024\/08\/trapets-5-1024x574.png 1024w, https:\/\/domath.surju.ee\/wp-content\/uploads\/2024\/08\/trapets-5-768x430.png 768w, https:\/\/domath.surju.ee\/wp-content\/uploads\/2024\/08\/trapets-5-1536x861.png 1536w, https:\/\/domath.surju.ee\/wp-content\/uploads\/2024\/08\/trapets-5-2048x1148.png 2048w, https:\/\/domath.surju.ee\/wp-content\/uploads\/2024\/08\/trapets-5-24x13.png 24w, https:\/\/domath.surju.ee\/wp-content\/uploads\/2024\/08\/trapets-5-36x20.png 36w, https:\/\/domath.surju.ee\/wp-content\/uploads\/2024\/08\/trapets-5-48x27.png 48w\" sizes=\"auto, (max-width: 171px) 100vw, 171px\" \/><\/p>\r\n<p><span style=\"color: #ff0000;\"><b>V\u00f5rdhaarsel trapetsil&nbsp;<\/b><\/span><span style=\"font-size: revert; color: var(--bs-body-color); font-family: var(--bs-body-font-family); font-weight: var(--bs-body-font-weight); text-align: var(--bs-body-text-align);\"> on alusnurgad v\u00f5rdsed (\u2220A = \u2220B, \u2220D = \u2220C)&nbsp; ja haarad v\u00f5rdsed<\/span><span style=\"font-size: revert; color: var(--bs-body-color); font-family: var(--bs-body-font-family); font-weight: var(--bs-body-font-weight); text-align: var(--bs-body-text-align);\">&nbsp;(AD = BC).<\/span><\/p>\r\n<p>&nbsp; <img loading=\"lazy\" decoding=\"async\" class=\"wp-image-3464 alignnone\" src=\"https:\/\/domath.surju.ee\/wp-content\/uploads\/2024\/08\/trapets-4_3-300x159.png\" alt=\"\" width=\"156\" height=\"83\" srcset=\"https:\/\/domath.surju.ee\/wp-content\/uploads\/2024\/08\/trapets-4_3-300x159.png 300w, https:\/\/domath.surju.ee\/wp-content\/uploads\/2024\/08\/trapets-4_3-768x406.png 768w, https:\/\/domath.surju.ee\/wp-content\/uploads\/2024\/08\/trapets-4_3-24x13.png 24w, https:\/\/domath.surju.ee\/wp-content\/uploads\/2024\/08\/trapets-4_3-36x19.png 36w, https:\/\/domath.surju.ee\/wp-content\/uploads\/2024\/08\/trapets-4_3-48x25.png 48w, https:\/\/domath.surju.ee\/wp-content\/uploads\/2024\/08\/trapets-4_3.png 928w\" sizes=\"auto, (max-width: 156px) 100vw, 156px\" \/><strong><span style=\"color: #ff0000;\">3-v\u00f5rdse k\u00fcljega trapets<\/span><\/strong> on trapets, mille on kolm v\u00f5rdset k\u00fclge&nbsp; (EH=HG=GF).<\/p>\r\n<p><img loading=\"lazy\" decoding=\"async\" class=\"alignnone  wp-image-3465\" src=\"https:\/\/domath.surju.ee\/wp-content\/uploads\/2024\/08\/Tangential_trapezoid_2-300x207.png\" alt=\"\" width=\"149\" height=\"103\" srcset=\"https:\/\/domath.surju.ee\/wp-content\/uploads\/2024\/08\/Tangential_trapezoid_2-300x207.png 300w, https:\/\/domath.surju.ee\/wp-content\/uploads\/2024\/08\/Tangential_trapezoid_2-24x17.png 24w, https:\/\/domath.surju.ee\/wp-content\/uploads\/2024\/08\/Tangential_trapezoid_2-36x25.png 36w, https:\/\/domath.surju.ee\/wp-content\/uploads\/2024\/08\/Tangential_trapezoid_2-48x33.png 48w, https:\/\/domath.surju.ee\/wp-content\/uploads\/2024\/08\/Tangential_trapezoid_2.png 717w\" sizes=\"auto, (max-width: 149px) 100vw, 149px\" \/><span style=\"color: #ff0000;\"><b>Tangentsiaalne trapets <\/b>&nbsp;<\/span>trapets, millel on siseringjoon.<\/p>\r\n<p>(Source: <a href=\"https:\/\/en.wikipedia.org\/wiki\/Trapezoid\">https:\/\/en.wikipedia.org\/wiki\/Trapezoid<\/a>)<\/p>\r\n\r\n<hr class=\"wp-block-separator has-alpha-channel-opacity\" \/>\r\n<h5 style=\"text-align: center;\"><span style=\"color: #99ccff; background-color: #333399;\"><strong>Trapetsi keskl\u00f5ik, pindala<\/strong><\/span><span style=\"color: #99ccff; background-color: #333399;\"><strong>, \u00fcmberm\u00f5\u00f5t&nbsp;<\/strong><\/span><\/h5>\r\n<p><img loading=\"lazy\" decoding=\"async\" class=\"wp-image-3455 alignleft\" src=\"https:\/\/domath.surju.ee\/wp-content\/uploads\/2024\/08\/trapets-2-1-300x184.png\" alt=\"\" width=\"206\" height=\"126\" srcset=\"https:\/\/domath.surju.ee\/wp-content\/uploads\/2024\/08\/trapets-2-1-300x184.png 300w, https:\/\/domath.surju.ee\/wp-content\/uploads\/2024\/08\/trapets-2-1-1024x627.png 1024w, https:\/\/domath.surju.ee\/wp-content\/uploads\/2024\/08\/trapets-2-1-768x470.png 768w, https:\/\/domath.surju.ee\/wp-content\/uploads\/2024\/08\/trapets-2-1-1536x941.png 1536w, https:\/\/domath.surju.ee\/wp-content\/uploads\/2024\/08\/trapets-2-1-2048x1254.png 2048w, https:\/\/domath.surju.ee\/wp-content\/uploads\/2024\/08\/trapets-2-1-24x15.png 24w, https:\/\/domath.surju.ee\/wp-content\/uploads\/2024\/08\/trapets-2-1-36x22.png 36w, https:\/\/domath.surju.ee\/wp-content\/uploads\/2024\/08\/trapets-2-1-48x29.png 48w\" sizes=\"auto, (max-width: 206px) 100vw, 206px\" \/><\/p>\r\n<p>&nbsp;<\/p>\r\n<p><strong>Trapetsi keskl\u00f5ik<\/strong> v\u00f5rdub aluste poolsummaga.&nbsp;<\/p>\r\n<div class=\"wp-block-image\">\r\n<figure class=\"aligncenter size-large is-resized\"><img loading=\"lazy\" decoding=\"async\" class=\"alignnone  wp-image-5305\" src=\"https:\/\/domath.surju.ee\/wp-content\/uploads\/2024\/12\/trapets22.png\" alt=\"\" width=\"207\" height=\"113\" srcset=\"https:\/\/domath.surju.ee\/wp-content\/uploads\/2024\/12\/trapets22.png 260w, https:\/\/domath.surju.ee\/wp-content\/uploads\/2024\/12\/trapets22-24x13.png 24w, https:\/\/domath.surju.ee\/wp-content\/uploads\/2024\/12\/trapets22-36x20.png 36w, https:\/\/domath.surju.ee\/wp-content\/uploads\/2024\/12\/trapets22-48x26.png 48w\" sizes=\"auto, (max-width: 207px) 100vw, 207px\" \/><\/figure><\/div>\r\n<p><span style=\"background-color: var(--bs-body-bg); color: var(--bs-body-color); font-family: var(--bs-body-font-family); font-size: revert; font-weight: var(--bs-body-font-weight); text-align: var(--bs-body-text-align);\"><img loading=\"lazy\" decoding=\"async\" class=\" wp-image-3454 alignleft\" src=\"https:\/\/domath.surju.ee\/wp-content\/uploads\/2024\/08\/trapets-1-1-e1722539925125-300x194.png\" alt=\"\" width=\"195\" height=\"126\" srcset=\"https:\/\/domath.surju.ee\/wp-content\/uploads\/2024\/08\/trapets-1-1-e1722539925125-300x194.png 300w, https:\/\/domath.surju.ee\/wp-content\/uploads\/2024\/08\/trapets-1-1-e1722539925125-1024x663.png 1024w, https:\/\/domath.surju.ee\/wp-content\/uploads\/2024\/08\/trapets-1-1-e1722539925125-768x497.png 768w, https:\/\/domath.surju.ee\/wp-content\/uploads\/2024\/08\/trapets-1-1-e1722539925125-1536x994.png 1536w, https:\/\/domath.surju.ee\/wp-content\/uploads\/2024\/08\/trapets-1-1-e1722539925125-2048x1326.png 2048w, https:\/\/domath.surju.ee\/wp-content\/uploads\/2024\/08\/trapets-1-1-e1722539925125-24x16.png 24w, https:\/\/domath.surju.ee\/wp-content\/uploads\/2024\/08\/trapets-1-1-e1722539925125-36x23.png 36w, https:\/\/domath.surju.ee\/wp-content\/uploads\/2024\/08\/trapets-1-1-e1722539925125-48x31.png 48w\" sizes=\"auto, (max-width: 195px) 100vw, 195px\" \/><\/span><span style=\"color: #ff6600;\"><strong><i>a<\/i><\/strong> ja<\/span>&nbsp;<strong><span style=\"color: #ff6600;\"><i>b<\/i><\/span> on<\/strong> k\u00fclgede <strong><span style=\"color: #ff6600;\">pikkused<\/span><\/strong>,&nbsp;<br \/>\r\n<strong><span style=\"color: #ff6600;\"><i>h<\/i><\/span><\/strong> on trapetsi <strong><span style=\"color: #ff6600;\">k\u00f5rgus <\/span><\/strong>&nbsp;&nbsp;<br \/>\r\n<strong><span style=\"color: #ff6600;\"><i>k<\/i><\/span><\/strong> on trapetsi keskl\u00f5igu pikkus<\/p>\r\n<h5 style=\"text-align: center;\"><br \/>\r\n<span style=\"color: #ff0000;\"><br \/>\r\n<br \/>\r\nTrapesti pindala:<\/span>&nbsp;<\/h5>\r\n\r\n<figure class=\"wp-block-image aligncenter size-large is-resized\"><img loading=\"lazy\" decoding=\"async\" class=\"size-medium wp-image-5306 alignleft\" src=\"https:\/\/domath.surju.ee\/wp-content\/uploads\/2024\/12\/trapetsS-300x60.png\" alt=\"\" width=\"300\" height=\"60\" srcset=\"https:\/\/domath.surju.ee\/wp-content\/uploads\/2024\/12\/trapetsS-300x60.png 300w, https:\/\/domath.surju.ee\/wp-content\/uploads\/2024\/12\/trapetsS-24x5.png 24w, https:\/\/domath.surju.ee\/wp-content\/uploads\/2024\/12\/trapetsS-36x7.png 36w, https:\/\/domath.surju.ee\/wp-content\/uploads\/2024\/12\/trapetsS-48x10.png 48w, https:\/\/domath.surju.ee\/wp-content\/uploads\/2024\/12\/trapetsS.png 679w\" sizes=\"auto, (max-width: 300px) 100vw, 300px\" \/><br \/>\r\n<br \/>\r\n<h5><span style=\"color: #800000;\"><br \/>\r\n<br \/>\r\nTrapesti \u00fcmberm\u00f5\u00f5t:<br \/>\r\nP = a + b + c + d<\/span><\/h5>\r\n<\/figure>\r\n<figure class=\"wp-block-image aligncenter size-large is-resized\"><\/figure>\r\n\r\n<p><iframe loading=\"lazy\" style=\"border: 0px;\" title=\"Trapezoid:pindala valemi tekkimine\" src=\"https:\/\/www.geogebra.org\/material\/iframe\/id\/nuh8eymu\/width\/1000\/height\/450\/border\/888888\/sfsb\/true\/smb\/false\/stb\/false\/stbh\/false\/ai\/false\/asb\/false\/sri\/false\/rc\/false\/ld\/false\/sdz\/false\/ctl\/false\" width=\"700px\" height=\"350px\" scrolling=\"no\"> <\/iframe><\/p>\r\n<p><a href=\"https:\/\/www.geogebra.org\/u\/tbrzezinski\"><span class=\"notranslate\">Tim Brzezinski<\/span><\/a> , License<a href=\"https:\/\/creativecommons.org\/licenses\/by-sa\/3.0\">CC-BY-SA<\/a>,&nbsp;<a href=\"https:\/\/www.geogebra.org\/tos\">GeoGebra Terms of Use<\/a><\/p>\r\n<p><iframe loading=\"lazy\" style=\"border: 0px;\" title=\"Trapetsi pindala\" src=\"https:\/\/www.geogebra.org\/material\/iframe\/id\/fym6pvyb\/width\/1000\/height\/450\/border\/888888\/sfsb\/true\/smb\/false\/stb\/false\/stbh\/false\/ai\/false\/asb\/false\/sri\/false\/rc\/false\/ld\/false\/sdz\/false\/ctl\/false\" width=\"700px\" height=\"350px\" scrolling=\"no\"> <\/iframe><\/p>\r\n<p><a href=\"https:\/\/www.geogebra.org\/u\/tbrzezinski\"><span class=\"notranslate\">Tim Brzezinski<\/span><\/a> , License<a href=\"https:\/\/creativecommons.org\/licenses\/by-sa\/3.0\">CC-BY-SA<\/a>,&nbsp;<a href=\"https:\/\/www.geogebra.org\/tos\">GeoGebra Terms of Use<\/a><\/p>\r\n<p><iframe loading=\"lazy\" style=\"border: 0px;\" title=\"Trapesti pindala\" src=\"https:\/\/www.geogebra.org\/material\/iframe\/id\/htpvatfm\/width\/1000\/height\/450\/border\/888888\/sfsb\/true\/smb\/false\/stb\/false\/stbh\/false\/ai\/false\/asb\/false\/sri\/false\/rc\/false\/ld\/false\/sdz\/false\/ctl\/false\" width=\"700px\" height=\"350px\" scrolling=\"no\"> <\/iframe><\/p>\r\n<p><a href=\"https:\/\/www.geogebra.org\/u\/dhabecker\"><span class=\"notranslate\">Duane Habecker<\/span><\/a>&nbsp;<\/p>\r\n<p><iframe loading=\"lazy\" style=\"border: 0px;\" title=\"Trapetsi \u00fcmberm\u00f5\u00f5t ja pindala_random\" src=\"https:\/\/www.geogebra.org\/material\/iframe\/id\/bdhec2jd\/width\/1000\/height\/500\/border\/888888\/sfsb\/true\/smb\/false\/stb\/false\/stbh\/false\/ai\/false\/asb\/false\/sri\/false\/rc\/false\/ld\/false\/sdz\/false\/ctl\/false\" width=\"700px\" height=\"400px\" scrolling=\"no\"> <\/iframe><\/p>\r\n<p><a href=\"https:\/\/www.geogebra.org\/u\/dhabecker\"><span class=\"notranslate\">Duane Habecker<\/span><\/a>&nbsp;<\/p>\r\n\r\n<hr class=\"wp-block-separator has-alpha-channel-opacity\" \/>","protected":false},"excerpt":{"rendered":"<p>&nbsp; Trapets &nbsp; Trapets on kumer nelinurk, mille kaks k\u00fclge on omavahel paralleelsed ja kaks k\u00fclge mitte. Trapets tuleneb kreeka s\u00f5nast trapezion (lauake). Trapetsi paralleelseid k\u00fclgi nimetatakse trapetsi alusteks (AB ja DC v\u00f5i a ja b) ja \u00fclej\u00e4\u00e4nud kaht k\u00fclge haaradeks (AD ja BC v\u00f5i c ja d). Trapetsit, mille haarad on v\u00f5rdsed, nimetatakse v\u00f5rdhaarseks [&#8230;]<\/p>\n<p><a class=\"btn btn-secondary understrap-read-more-link\" href=\"https:\/\/domath.surju.ee\/et\/trapets\/\">Read More&#8230;<span class=\"screen-reader-text\"> from Trapets<\/span><\/a><\/p>\n","protected":false},"author":12,"featured_media":0,"parent":0,"menu_order":0,"comment_status":"closed","ping_status":"closed","template":"","meta":{"_eb_attr":"","_uag_custom_page_level_css":"","footnotes":""},"categories":[],"tags":[23,40,151],"class_list":["post-1983","page","type-page","status-publish","hentry","tag-english-t","tag-estonian-t","tag-greek-tau"],"uagb_featured_image_src":{"full":false,"thumbnail":false,"medium":false,"medium_large":false,"large":false,"1536x1536":false,"2048x2048":false,"menu-24x24":false,"menu-36x36":false,"menu-48x48":false},"uagb_author_info":{"display_name":"Ave Kartau","author_link":"https:\/\/domath.surju.ee\/et\/author\/ave\/"},"uagb_comment_info":0,"uagb_excerpt":"&nbsp; Trapets &nbsp; Trapets on kumer nelinurk, mille kaks k\u00fclge on omavahel paralleelsed ja kaks k\u00fclge mitte. Trapets tuleneb kreeka s\u00f5nast trapezion (lauake). Trapetsi paralleelseid k\u00fclgi nimetatakse trapetsi alusteks (AB ja DC v\u00f5i a ja b) ja \u00fclej\u00e4\u00e4nud kaht k\u00fclge haaradeks (AD ja BC v\u00f5i c ja d). Trapetsit, mille haarad on v\u00f5rdsed, nimetatakse v\u00f5rdhaarseks&hellip;","_links":{"self":[{"href":"https:\/\/domath.surju.ee\/et\/wp-json\/wp\/v2\/pages\/1983","targetHints":{"allow":["GET"]}}],"collection":[{"href":"https:\/\/domath.surju.ee\/et\/wp-json\/wp\/v2\/pages"}],"about":[{"href":"https:\/\/domath.surju.ee\/et\/wp-json\/wp\/v2\/types\/page"}],"author":[{"embeddable":true,"href":"https:\/\/domath.surju.ee\/et\/wp-json\/wp\/v2\/users\/12"}],"replies":[{"embeddable":true,"href":"https:\/\/domath.surju.ee\/et\/wp-json\/wp\/v2\/comments?post=1983"}],"version-history":[{"count":17,"href":"https:\/\/domath.surju.ee\/et\/wp-json\/wp\/v2\/pages\/1983\/revisions"}],"predecessor-version":[{"id":3492,"href":"https:\/\/domath.surju.ee\/et\/wp-json\/wp\/v2\/pages\/1983\/revisions\/3492"}],"wp:attachment":[{"href":"https:\/\/domath.surju.ee\/et\/wp-json\/wp\/v2\/media?parent=1983"}],"wp:term":[{"taxonomy":"category","embeddable":true,"href":"https:\/\/domath.surju.ee\/et\/wp-json\/wp\/v2\/categories?post=1983"},{"taxonomy":"post_tag","embeddable":true,"href":"https:\/\/domath.surju.ee\/et\/wp-json\/wp\/v2\/tags?post=1983"}],"curies":[{"name":"wp","href":"https:\/\/api.w.org\/{rel}","templated":true}]}}