{"id":1979,"date":"2024-04-17T19:04:55","date_gmt":"2024-04-17T19:04:55","guid":{"rendered":"https:\/\/domath.surju.ee\/?page_id=1979"},"modified":"2024-12-30T23:37:27","modified_gmt":"2024-12-30T23:37:27","slug":"ton","status":"publish","type":"page","link":"https:\/\/domath.surju.ee\/et\/tonn\/","title":{"rendered":"Tonn"},"content":{"rendered":"<h1 style=\"text-align: center;\"><span style=\"color: #008000;\"><strong>Tonn<\/strong><\/span><\/h1>\r\n<p style=\"text-align: left;\"><strong><span style=\"color: #ff0000;\">Tonn<\/span><\/strong> on massi\u00fchik, mis v\u00f5rdub 1000 kilogrammiga. <br \/>\r\nTonni l\u00fchend on <strong>t<\/strong>. <br \/>\r\n<strong>Tonn<\/strong> tuleneb vananorra keelest s\u00f5nast &#8220;tonna&#8221;, mis t\u00e4hendab &#8220;veinivaat&#8221;).&nbsp;<\/p>\r\n<p style=\"text-align: center;\"><span style=\"color: #99ccff; background-color: #333399;\"><strong><span class=\"FootnotesCopyrightNoticeEtc\"><span class=\"NotesHeader\">Massi\u00fchikud<br \/>\r\n<\/span><\/span><\/strong><\/span><strong><span class=\"NotesBodyText\">1000 milligrammi = 1 gramm <span style=\"color: #ff0000;\">(1 g = 1000 mg)&nbsp;<\/span><br \/>\r\n1000 grammi = 1 kilogramm <span style=\"color: #ff0000;\">&nbsp;(1 kg = 1000 g) <\/span>1000 kilogrammi = 1 tonn&nbsp; &nbsp; <span style=\"color: #ff0000;\">(1 t = 1000 kg)<br \/>\r\n<span style=\"color: #000000;\">1 tsentner= 100 kilogrammi<\/span> (1 ts = 100 kg)<br \/>\r\n<\/span><\/span><\/strong><\/p>\r\n<p>&nbsp;<\/p>\r\n<h5><span style=\"font-size: 12pt;\"><strong><span style=\"color: #0000ff;\">N\u00e4ited: <\/span><\/strong><\/span><\/h5>\r\n<p>&nbsp; &nbsp; &nbsp; &nbsp; &nbsp; &nbsp; <img loading=\"lazy\" decoding=\"async\" class=\"alignnone  wp-image-3436\" src=\"https:\/\/domath.surju.ee\/wp-content\/uploads\/2024\/07\/elephant-24732_640-300x232.png\" alt=\"\" width=\"200\" height=\"154\" srcset=\"https:\/\/domath.surju.ee\/wp-content\/uploads\/2024\/07\/elephant-24732_640-300x232.png 300w, https:\/\/domath.surju.ee\/wp-content\/uploads\/2024\/07\/elephant-24732_640-24x19.png 24w, https:\/\/domath.surju.ee\/wp-content\/uploads\/2024\/07\/elephant-24732_640-36x28.png 36w, https:\/\/domath.surju.ee\/wp-content\/uploads\/2024\/07\/elephant-24732_640-48x37.png 48w, https:\/\/domath.surju.ee\/wp-content\/uploads\/2024\/07\/elephant-24732_640.png 640w\" sizes=\"auto, (max-width: 200px) 100vw, 200px\" \/>T\u00e4iskasvanud isane elevant kaalub kuni 7,5 tonni.&nbsp;&nbsp;<\/p>\r\n<p>&nbsp; S\u00f5iduauto kaalub 990 kg&nbsp; kuni 2000 kg. &nbsp; &nbsp; &nbsp; &nbsp; &nbsp; &nbsp; &nbsp; <img loading=\"lazy\" decoding=\"async\" class=\"alignnone  wp-image-3437\" src=\"https:\/\/domath.surju.ee\/wp-content\/uploads\/2024\/07\/car-146185_640-300x150.png\" alt=\"\" width=\"202\" height=\"101\" srcset=\"https:\/\/domath.surju.ee\/wp-content\/uploads\/2024\/07\/car-146185_640-300x150.png 300w, https:\/\/domath.surju.ee\/wp-content\/uploads\/2024\/07\/car-146185_640-24x12.png 24w, https:\/\/domath.surju.ee\/wp-content\/uploads\/2024\/07\/car-146185_640-36x18.png 36w, https:\/\/domath.surju.ee\/wp-content\/uploads\/2024\/07\/car-146185_640-48x24.png 48w, https:\/\/domath.surju.ee\/wp-content\/uploads\/2024\/07\/car-146185_640.png 640w\" sizes=\"auto, (max-width: 202px) 100vw, 202px\" \/><\/p>\r\n<p>&nbsp; &nbsp; &nbsp; &nbsp; &nbsp; &nbsp; &nbsp; &nbsp; &nbsp; &nbsp; &nbsp;<\/p>\r\n\r\n<p>&nbsp;<\/p>\r\n\r\n\r\n<p>&nbsp;<\/p>\r\n","protected":false},"excerpt":{"rendered":"<p>Tonn Tonn on massi\u00fchik, mis v\u00f5rdub 1000 kilogrammiga. Tonni l\u00fchend on t. Tonn tuleneb vananorra keelest s\u00f5nast &#8220;tonna&#8221;, mis t\u00e4hendab &#8220;veinivaat&#8221;).&nbsp; Massi\u00fchikud 1000 milligrammi = 1 gramm (1 g = 1000 mg)&nbsp; 1000 grammi = 1 kilogramm &nbsp;(1 kg = 1000 g) 1000 kilogrammi = 1 tonn&nbsp; &nbsp; (1 t = 1000 kg) 1 tsentner= [&#8230;]<\/p>\n<p><a class=\"btn btn-secondary understrap-read-more-link\" href=\"https:\/\/domath.surju.ee\/et\/tonn\/\">Read More&#8230;<span class=\"screen-reader-text\"> from Tonn<\/span><\/a><\/p>\n","protected":false},"author":12,"featured_media":0,"parent":0,"menu_order":0,"comment_status":"closed","ping_status":"closed","template":"","meta":{"_eb_attr":"","_uag_custom_page_level_css":"","footnotes":""},"categories":[],"tags":[23,40,151],"class_list":["post-1979","page","type-page","status-publish","hentry","tag-english-t","tag-estonian-t","tag-greek-tau"],"uagb_featured_image_src":{"full":false,"thumbnail":false,"medium":false,"medium_large":false,"large":false,"1536x1536":false,"2048x2048":false,"menu-24x24":false,"menu-36x36":false,"menu-48x48":false},"uagb_author_info":{"display_name":"Ave Kartau","author_link":"https:\/\/domath.surju.ee\/et\/author\/ave\/"},"uagb_comment_info":0,"uagb_excerpt":"Tonn Tonn on massi\u00fchik, mis v\u00f5rdub 1000 kilogrammiga. Tonni l\u00fchend on t. Tonn tuleneb vananorra keelest s\u00f5nast &#8220;tonna&#8221;, mis t\u00e4hendab &#8220;veinivaat&#8221;).&nbsp; Massi\u00fchikud 1000 milligrammi = 1 gramm (1 g = 1000 mg)&nbsp; 1000 grammi = 1 kilogramm &nbsp;(1 kg = 1000 g) 1000 kilogrammi = 1 tonn&nbsp; &nbsp; (1 t = 1000 kg) 1 tsentner=&hellip;","_links":{"self":[{"href":"https:\/\/domath.surju.ee\/et\/wp-json\/wp\/v2\/pages\/1979","targetHints":{"allow":["GET"]}}],"collection":[{"href":"https:\/\/domath.surju.ee\/et\/wp-json\/wp\/v2\/pages"}],"about":[{"href":"https:\/\/domath.surju.ee\/et\/wp-json\/wp\/v2\/types\/page"}],"author":[{"embeddable":true,"href":"https:\/\/domath.surju.ee\/et\/wp-json\/wp\/v2\/users\/12"}],"replies":[{"embeddable":true,"href":"https:\/\/domath.surju.ee\/et\/wp-json\/wp\/v2\/comments?post=1979"}],"version-history":[{"count":4,"href":"https:\/\/domath.surju.ee\/et\/wp-json\/wp\/v2\/pages\/1979\/revisions"}],"predecessor-version":[{"id":5304,"href":"https:\/\/domath.surju.ee\/et\/wp-json\/wp\/v2\/pages\/1979\/revisions\/5304"}],"wp:attachment":[{"href":"https:\/\/domath.surju.ee\/et\/wp-json\/wp\/v2\/media?parent=1979"}],"wp:term":[{"taxonomy":"category","embeddable":true,"href":"https:\/\/domath.surju.ee\/et\/wp-json\/wp\/v2\/categories?post=1979"},{"taxonomy":"post_tag","embeddable":true,"href":"https:\/\/domath.surju.ee\/et\/wp-json\/wp\/v2\/tags?post=1979"}],"curies":[{"name":"wp","href":"https:\/\/api.w.org\/{rel}","templated":true}]}}