{"id":1966,"date":"2024-04-18T06:05:23","date_gmt":"2024-04-18T06:05:23","guid":{"rendered":"https:\/\/domath.surju.ee\/?page_id=1966"},"modified":"2024-12-29T22:43:46","modified_gmt":"2024-12-29T22:43:46","slug":"most-more","status":"publish","type":"page","link":"https:\/\/domath.surju.ee\/et\/suurem-rohkem\/","title":{"rendered":"Suurem, rohkem"},"content":{"rendered":"<h1 style=\"text-align: center;\"><span style=\"color: #008000;\"><strong>Suurem, rohkem<\/strong><\/span><\/h1>\r\n\r\n<p>Me saame hulkasid ja arve omavahel v\u00f5rrelda. V\u00f5rdlemiseks kasutatakse v\u00f5rratusm\u00e4rke:&nbsp;<br \/>\r\n<strong>on suurem kui<\/strong>&nbsp;&gt;<br \/>\r\non v\u00e4iksem &nbsp;kui &lt;<br \/>\r\n<img loading=\"lazy\" decoding=\"async\" class=\"alignnone  wp-image-5177\" src=\"https:\/\/domath.surju.ee\/wp-content\/uploads\/2024\/12\/suurem-300x225.png\" alt=\"\" width=\"193\" height=\"144\" srcset=\"https:\/\/domath.surju.ee\/wp-content\/uploads\/2024\/12\/suurem-300x225.png 300w, https:\/\/domath.surju.ee\/wp-content\/uploads\/2024\/12\/suurem-1024x768.png 1024w, https:\/\/domath.surju.ee\/wp-content\/uploads\/2024\/12\/suurem-768x576.png 768w, https:\/\/domath.surju.ee\/wp-content\/uploads\/2024\/12\/suurem-24x18.png 24w, https:\/\/domath.surju.ee\/wp-content\/uploads\/2024\/12\/suurem-36x27.png 36w, https:\/\/domath.surju.ee\/wp-content\/uploads\/2024\/12\/suurem-48x36.png 48w, https:\/\/domath.surju.ee\/wp-content\/uploads\/2024\/12\/suurem.png 1200w\" sizes=\"auto, (max-width: 193px) 100vw, 193px\" \/><br \/>\r\n<br \/>\r\n6 &gt; 5<br \/>\r\nArv 6 on suurem kui arv 5<br \/>\r\n<img loading=\"lazy\" decoding=\"async\" class=\"alignnone  wp-image-5176\" src=\"https:\/\/domath.surju.ee\/wp-content\/uploads\/2024\/12\/vahem-1-300x225.png\" alt=\"\" width=\"187\" height=\"140\" srcset=\"https:\/\/domath.surju.ee\/wp-content\/uploads\/2024\/12\/vahem-1-300x225.png 300w, https:\/\/domath.surju.ee\/wp-content\/uploads\/2024\/12\/vahem-1-1024x768.png 1024w, https:\/\/domath.surju.ee\/wp-content\/uploads\/2024\/12\/vahem-1-768x576.png 768w, https:\/\/domath.surju.ee\/wp-content\/uploads\/2024\/12\/vahem-1-24x18.png 24w, https:\/\/domath.surju.ee\/wp-content\/uploads\/2024\/12\/vahem-1-36x27.png 36w, https:\/\/domath.surju.ee\/wp-content\/uploads\/2024\/12\/vahem-1-48x36.png 48w, https:\/\/domath.surju.ee\/wp-content\/uploads\/2024\/12\/vahem-1.png 1200w\" sizes=\"auto, (max-width: 187px) 100vw, 187px\" \/><br \/>\r\n<br \/>\r\n3 &lt; 5<br \/>\r\nArv 3 on v\u00e4iksem kui arv 5<br \/>\r\n<br \/>\r\nTekst\u00fclesannetes kasutatakse tihti s\u00f5nu <strong>v\u00f5rra<\/strong> <strong>rohkem<\/strong> v\u00f5i <strong>korda rohkem<\/strong>.&nbsp;<br \/>\r\nV\u00f5rra rohkem t\u00e4hendab liitmist. Korda rohkem t\u00e4hendab korrutamist.&nbsp;<br \/>\r\n<br \/>\r\n<a href=\"https:\/\/www.splashlearn.com\/math-vocabulary\/counting-and-comparison\/more-than\">https:\/\/www.splashlearn.com\/math-vocabulary\/counting-and-comparison\/more-than<\/a><\/p>\r\n\r\n\r\n<figure class=\"wp-block-image size-full is-resized\"><img loading=\"lazy\" decoding=\"async\" width=\"620\" height=\"348\" class=\"wp-image-2001\" style=\"width: 629px; height: auto;\" src=\"https:\/\/domath.surju.ee\/wp-content\/uploads\/2024\/04\/comparison-of-balls-in-bags.webp\" alt=\"\" srcset=\"https:\/\/domath.surju.ee\/wp-content\/uploads\/2024\/04\/comparison-of-balls-in-bags.webp 620w, https:\/\/domath.surju.ee\/wp-content\/uploads\/2024\/04\/comparison-of-balls-in-bags-300x168.webp 300w, https:\/\/domath.surju.ee\/wp-content\/uploads\/2024\/04\/comparison-of-balls-in-bags-24x13.webp 24w, https:\/\/domath.surju.ee\/wp-content\/uploads\/2024\/04\/comparison-of-balls-in-bags-36x20.webp 36w, https:\/\/domath.surju.ee\/wp-content\/uploads\/2024\/04\/comparison-of-balls-in-bags-48x27.webp 48w\" sizes=\"auto, (max-width: 620px) 100vw, 620px\" \/><\/figure>\r\n","protected":false},"excerpt":{"rendered":"<p>Suurem, rohkem Me saame hulkasid ja arve omavahel v\u00f5rrelda. V\u00f5rdlemiseks kasutatakse v\u00f5rratusm\u00e4rke:&nbsp; on suurem kui&nbsp;&gt; on v\u00e4iksem &nbsp;kui &lt; 6 &gt; 5 Arv 6 on suurem kui arv 5 3 &lt; 5 Arv 3 on v\u00e4iksem kui arv 5 Tekst\u00fclesannetes kasutatakse tihti s\u00f5nu v\u00f5rra rohkem v\u00f5i korda rohkem.&nbsp; V\u00f5rra rohkem t\u00e4hendab liitmist. Korda rohkem t\u00e4hendab [&#8230;]<\/p>\n<p><a class=\"btn btn-secondary understrap-read-more-link\" href=\"https:\/\/domath.surju.ee\/et\/suurem-rohkem\/\">Read More&#8230;<span class=\"screen-reader-text\"> from Suurem, rohkem<\/span><\/a><\/p>\n","protected":false},"author":10,"featured_media":0,"parent":0,"menu_order":0,"comment_status":"closed","ping_status":"closed","template":"","meta":{"_eb_attr":"","_uag_custom_page_level_css":"","footnotes":""},"categories":[],"tags":[64,117,145],"class_list":["post-1966","page","type-page","status-publish","hentry","tag-english-m","tag-estonian-s","tag-greek-mu"],"uagb_featured_image_src":{"full":false,"thumbnail":false,"medium":false,"medium_large":false,"large":false,"1536x1536":false,"2048x2048":false,"menu-24x24":false,"menu-36x36":false,"menu-48x48":false},"uagb_author_info":{"display_name":"Maria Kosmidou","author_link":"https:\/\/domath.surju.ee\/et\/author\/maria\/"},"uagb_comment_info":0,"uagb_excerpt":"Suurem, rohkem Me saame hulkasid ja arve omavahel v\u00f5rrelda. V\u00f5rdlemiseks kasutatakse v\u00f5rratusm\u00e4rke:&nbsp; on suurem kui&nbsp;&gt; on v\u00e4iksem &nbsp;kui &lt; 6 &gt; 5 Arv 6 on suurem kui arv 5 3 &lt; 5 Arv 3 on v\u00e4iksem kui arv 5 Tekst\u00fclesannetes kasutatakse tihti s\u00f5nu v\u00f5rra rohkem v\u00f5i korda rohkem.&nbsp; V\u00f5rra rohkem t\u00e4hendab liitmist. Korda rohkem t\u00e4hendab&hellip;","_links":{"self":[{"href":"https:\/\/domath.surju.ee\/et\/wp-json\/wp\/v2\/pages\/1966","targetHints":{"allow":["GET"]}}],"collection":[{"href":"https:\/\/domath.surju.ee\/et\/wp-json\/wp\/v2\/pages"}],"about":[{"href":"https:\/\/domath.surju.ee\/et\/wp-json\/wp\/v2\/types\/page"}],"author":[{"embeddable":true,"href":"https:\/\/domath.surju.ee\/et\/wp-json\/wp\/v2\/users\/10"}],"replies":[{"embeddable":true,"href":"https:\/\/domath.surju.ee\/et\/wp-json\/wp\/v2\/comments?post=1966"}],"version-history":[{"count":4,"href":"https:\/\/domath.surju.ee\/et\/wp-json\/wp\/v2\/pages\/1966\/revisions"}],"predecessor-version":[{"id":4150,"href":"https:\/\/domath.surju.ee\/et\/wp-json\/wp\/v2\/pages\/1966\/revisions\/4150"}],"wp:attachment":[{"href":"https:\/\/domath.surju.ee\/et\/wp-json\/wp\/v2\/media?parent=1966"}],"wp:term":[{"taxonomy":"category","embeddable":true,"href":"https:\/\/domath.surju.ee\/et\/wp-json\/wp\/v2\/categories?post=1966"},{"taxonomy":"post_tag","embeddable":true,"href":"https:\/\/domath.surju.ee\/et\/wp-json\/wp\/v2\/tags?post=1966"}],"curies":[{"name":"wp","href":"https:\/\/api.w.org\/{rel}","templated":true}]}}