{"id":1952,"date":"2024-04-17T08:04:37","date_gmt":"2024-04-17T08:04:37","guid":{"rendered":"https:\/\/domath.surju.ee\/?page_id=1952"},"modified":"2024-12-29T22:44:27","modified_gmt":"2024-12-29T22:44:27","slug":"month","status":"publish","type":"page","link":"https:\/\/domath.surju.ee\/et\/kuu\/","title":{"rendered":"Kuu"},"content":{"rendered":"<h1 style=\"text-align: center;\"><span style=\"color: #008000;\"><strong>Kuu<\/strong><\/span><\/h1>\r\n\r\n<p><strong><span style=\"color: #ff0000;\">Kuu<\/span><\/strong> on aja m\u00f5\u00f5t\u00fchik. <br \/>\r\nAastas on <strong><span style=\"color: #000000;\">12 kuud<\/span><\/strong>. Igas kuus on 28-31 p\u00e4eva. <br \/>\r\nKuud on: jaanuar, veebruar, m\u00e4rts, aprill, mai, juuni, juuli, august, september, oktoober, november, detsember.&nbsp;<br \/>\r\n<strong>12 kuud = 1 aasta<\/strong><\/p>\r\n\r\n\r\n<figure class=\"wp-block-embed is-type-wp-embed is-provider-firstcry-intelli-education wp-block-embed-firstcry-intelli-education\">\r\n<div class=\"wp-block-embed__wrapper\">https:\/\/www.firstcry.com\/intelli\/articles\/months-of-the-year-learn-the-names-of-the-12-months-in-english\/<\/div>\r\n<\/figure>\r\n\r\n\r\n<p>&nbsp;<\/p>\r\n","protected":false},"excerpt":{"rendered":"<p>Kuu Kuu on aja m\u00f5\u00f5t\u00fchik. Aastas on 12 kuud. Igas kuus on 28-31 p\u00e4eva. Kuud on: jaanuar, veebruar, m\u00e4rts, aprill, mai, juuni, juuli, august, september, oktoober, november, detsember.&nbsp; 12 kuud = 1 aasta https:\/\/www.firstcry.com\/intelli\/articles\/months-of-the-year-learn-the-names-of-the-12-months-in-english\/ &nbsp; [&#8230;]<\/p>\n<p><a class=\"btn btn-secondary understrap-read-more-link\" href=\"https:\/\/domath.surju.ee\/et\/kuu\/\">Read More&#8230;<span class=\"screen-reader-text\"> from Kuu<\/span><\/a><\/p>\n","protected":false},"author":10,"featured_media":0,"parent":0,"menu_order":0,"comment_status":"closed","ping_status":"closed","template":"","meta":{"_eb_attr":"","_uag_custom_page_level_css":"","footnotes":""},"categories":[],"tags":[64,76,145],"class_list":["post-1952","page","type-page","status-publish","hentry","tag-english-m","tag-estonian-k","tag-greek-mu"],"uagb_featured_image_src":{"full":false,"thumbnail":false,"medium":false,"medium_large":false,"large":false,"1536x1536":false,"2048x2048":false,"menu-24x24":false,"menu-36x36":false,"menu-48x48":false},"uagb_author_info":{"display_name":"Maria Kosmidou","author_link":"https:\/\/domath.surju.ee\/et\/author\/maria\/"},"uagb_comment_info":0,"uagb_excerpt":"Kuu Kuu on aja m\u00f5\u00f5t\u00fchik. Aastas on 12 kuud. Igas kuus on 28-31 p\u00e4eva. Kuud on: jaanuar, veebruar, m\u00e4rts, aprill, mai, juuni, juuli, august, september, oktoober, november, detsember.&nbsp; 12 kuud = 1 aasta https:\/\/www.firstcry.com\/intelli\/articles\/months-of-the-year-learn-the-names-of-the-12-months-in-english\/ &nbsp; [...]Read More... from Kuu","_links":{"self":[{"href":"https:\/\/domath.surju.ee\/et\/wp-json\/wp\/v2\/pages\/1952","targetHints":{"allow":["GET"]}}],"collection":[{"href":"https:\/\/domath.surju.ee\/et\/wp-json\/wp\/v2\/pages"}],"about":[{"href":"https:\/\/domath.surju.ee\/et\/wp-json\/wp\/v2\/types\/page"}],"author":[{"embeddable":true,"href":"https:\/\/domath.surju.ee\/et\/wp-json\/wp\/v2\/users\/10"}],"replies":[{"embeddable":true,"href":"https:\/\/domath.surju.ee\/et\/wp-json\/wp\/v2\/comments?post=1952"}],"version-history":[{"count":3,"href":"https:\/\/domath.surju.ee\/et\/wp-json\/wp\/v2\/pages\/1952\/revisions"}],"predecessor-version":[{"id":4149,"href":"https:\/\/domath.surju.ee\/et\/wp-json\/wp\/v2\/pages\/1952\/revisions\/4149"}],"wp:attachment":[{"href":"https:\/\/domath.surju.ee\/et\/wp-json\/wp\/v2\/media?parent=1952"}],"wp:term":[{"taxonomy":"category","embeddable":true,"href":"https:\/\/domath.surju.ee\/et\/wp-json\/wp\/v2\/categories?post=1952"},{"taxonomy":"post_tag","embeddable":true,"href":"https:\/\/domath.surju.ee\/et\/wp-json\/wp\/v2\/tags?post=1952"}],"curies":[{"name":"wp","href":"https:\/\/api.w.org\/{rel}","templated":true}]}}