{"id":1939,"date":"2024-04-17T07:49:51","date_gmt":"2024-04-17T07:49:51","guid":{"rendered":"https:\/\/domath.surju.ee\/?page_id=1939"},"modified":"2025-01-02T19:48:04","modified_gmt":"2025-01-02T19:48:04","slug":"numerator","status":"publish","type":"page","link":"https:\/\/domath.surju.ee\/et\/lugeja\/","title":{"rendered":"Lugeja"},"content":{"rendered":"<h1 style=\"text-align: center;\"><span style=\"color: #008000;\"><strong>Lugeja<\/strong><\/span><\/h1>\r\n<p><\/p>\r\n<p class=\"has-medium-font-size\"><span style=\"font-size: 12pt;\"><span style=\"color: #ff0000;\"><strong>Harilik murd<\/strong><\/span> on kahe t\u00e4isarvu jagatis.&nbsp;<\/span><br \/>\r\n<span style=\"font-size: 12pt;\"><strong><span style=\"color: #ff0000;\">Harilik murd<\/span> <\/strong>on osa tervukust.<\/span><\/p>\r\n<p style=\"text-align: left;\"><span style=\"color: #008000;\"><span style=\"font-size: 12pt; color: #000000;\">Harilikud murrud on n\u00e4iteks 3\/4 ja 5\/10. <br \/>\r\n<br \/>\r\nHariliku murru&nbsp;<strong>nimetaja <\/strong>(denominator) <strong>n\u00e4itab<\/strong>,&nbsp;mitmeks v\u00f5rdseks osaks on tervik jaotatud ja&nbsp;<strong><span style=\"color: #ff0000;\">lugeja<\/span> (numerator) n\u00e4itab mitu sellist osa on v\u00f5etud.<\/strong> <br \/>\r\nLugeja ja nimetaja vahel on murrujoon.<br \/>\r\n<img loading=\"lazy\" decoding=\"async\" class=\"alignnone size-medium wp-image-5090\" src=\"https:\/\/domath.surju.ee\/wp-content\/uploads\/2024\/12\/murd-300x188.png\" alt=\"\" width=\"300\" height=\"188\" srcset=\"https:\/\/domath.surju.ee\/wp-content\/uploads\/2024\/12\/murd-300x188.png 300w, https:\/\/domath.surju.ee\/wp-content\/uploads\/2024\/12\/murd-24x15.png 24w, https:\/\/domath.surju.ee\/wp-content\/uploads\/2024\/12\/murd-36x23.png 36w, https:\/\/domath.surju.ee\/wp-content\/uploads\/2024\/12\/murd-48x30.png 48w, https:\/\/domath.surju.ee\/wp-content\/uploads\/2024\/12\/murd.png 533w\" sizes=\"auto, (max-width: 300px) 100vw, 300px\" \/><br \/>\r\n<br \/>\r\n<strong>Murrujoonel on jagamism\u00e4rgi t\u00e4hendus.&nbsp;<br \/>\r\n<\/strong><strong><span style=\"color: #0000ff;\">N\u00e4ide:&nbsp;<\/span><br \/>\r\n<\/strong>Harilik murd&nbsp; 5\/7&nbsp;&nbsp;n\u00e4itab, et tervik on jagatud <strong>seitsmeks<\/strong> v\u00f5rdseks osaks ja&nbsp; v\u00f5etud on <strong>5&nbsp;v\u00f5rdset osa<\/strong>.<br \/>\r\n<\/span><\/span><\/p>\r\n<figure class=\"wp-block-image size-full is-resized\"><img loading=\"lazy\" decoding=\"async\" width=\"377\" height=\"472\" class=\"wp-image-2768\" style=\"width: 338px; height: auto;\" src=\"https:\/\/domath.surju.ee\/wp-content\/uploads\/2024\/07\/2024-07-25-14_00_49-sfcasf-\u0396\u03c9\u03b3\u03c1\u03b1\u03c6\u03b9\u03ba\u03ae.png\" alt=\"\" srcset=\"https:\/\/domath.surju.ee\/wp-content\/uploads\/2024\/07\/2024-07-25-14_00_49-sfcasf-\u0396\u03c9\u03b3\u03c1\u03b1\u03c6\u03b9\u03ba\u03ae.png 377w, https:\/\/domath.surju.ee\/wp-content\/uploads\/2024\/07\/2024-07-25-14_00_49-sfcasf-\u0396\u03c9\u03b3\u03c1\u03b1\u03c6\u03b9\u03ba\u03ae-240x300.png 240w, https:\/\/domath.surju.ee\/wp-content\/uploads\/2024\/07\/2024-07-25-14_00_49-sfcasf-\u0396\u03c9\u03b3\u03c1\u03b1\u03c6\u03b9\u03ba\u03ae-19x24.png 19w, https:\/\/domath.surju.ee\/wp-content\/uploads\/2024\/07\/2024-07-25-14_00_49-sfcasf-\u0396\u03c9\u03b3\u03c1\u03b1\u03c6\u03b9\u03ba\u03ae-29x36.png 29w, https:\/\/domath.surju.ee\/wp-content\/uploads\/2024\/07\/2024-07-25-14_00_49-sfcasf-\u0396\u03c9\u03b3\u03c1\u03b1\u03c6\u03b9\u03ba\u03ae-38x48.png 38w\" sizes=\"auto, (max-width: 377px) 100vw, 377px\" \/><br \/>\r\n<br \/>\r\n<br \/>\r\n<\/figure>\r\n<p style=\"text-align: left;\"><span style=\"color: #008000;\"><span style=\"font-size: 12pt; color: #000000;\">&nbsp;<\/span><\/span><\/p>\r\n<figure class=\"wp-block-image size-full is-resized\"><\/figure>\r\n<p><\/p>","protected":false},"excerpt":{"rendered":"<p>Lugeja Harilik murd on kahe t\u00e4isarvu jagatis.&nbsp; Harilik murd on osa tervukust. Harilikud murrud on n\u00e4iteks 3\/4 ja 5\/10. Hariliku murru&nbsp;nimetaja (denominator) n\u00e4itab,&nbsp;mitmeks v\u00f5rdseks osaks on tervik jaotatud ja&nbsp;lugeja (numerator) n\u00e4itab mitu sellist osa on v\u00f5etud. Lugeja ja nimetaja vahel on murrujoon. Murrujoonel on jagamism\u00e4rgi t\u00e4hendus.&nbsp; N\u00e4ide:&nbsp; Harilik murd&nbsp; 5\/7&nbsp;&nbsp;n\u00e4itab, et tervik on jagatud seitsmeks [&#8230;]<\/p>\n<p><a class=\"btn btn-secondary understrap-read-more-link\" href=\"https:\/\/domath.surju.ee\/et\/lugeja\/\">Read More&#8230;<span class=\"screen-reader-text\"> from Lugeja<\/span><\/a><\/p>\n","protected":false},"author":9,"featured_media":0,"parent":0,"menu_order":0,"comment_status":"closed","ping_status":"closed","template":"","meta":{"_eb_attr":"","_uag_custom_page_level_css":"","footnotes":""},"categories":[],"tags":[97,4,86],"class_list":["post-1939","page","type-page","status-publish","hentry","tag-english-n","tag-estonian-l","tag-greek-alpha"],"uagb_featured_image_src":{"full":false,"thumbnail":false,"medium":false,"medium_large":false,"large":false,"1536x1536":false,"2048x2048":false,"menu-24x24":false,"menu-36x36":false,"menu-48x48":false},"uagb_author_info":{"display_name":"Styliani Bempi","author_link":"https:\/\/domath.surju.ee\/et\/author\/styliani\/"},"uagb_comment_info":0,"uagb_excerpt":"Lugeja Harilik murd on kahe t\u00e4isarvu jagatis.&nbsp; Harilik murd on osa tervukust. Harilikud murrud on n\u00e4iteks 3\/4 ja 5\/10. Hariliku murru&nbsp;nimetaja (denominator) n\u00e4itab,&nbsp;mitmeks v\u00f5rdseks osaks on tervik jaotatud ja&nbsp;lugeja (numerator) n\u00e4itab mitu sellist osa on v\u00f5etud. Lugeja ja nimetaja vahel on murrujoon. Murrujoonel on jagamism\u00e4rgi t\u00e4hendus.&nbsp; N\u00e4ide:&nbsp; Harilik murd&nbsp; 5\/7&nbsp;&nbsp;n\u00e4itab, et tervik on jagatud seitsmeks&hellip;","_links":{"self":[{"href":"https:\/\/domath.surju.ee\/et\/wp-json\/wp\/v2\/pages\/1939","targetHints":{"allow":["GET"]}}],"collection":[{"href":"https:\/\/domath.surju.ee\/et\/wp-json\/wp\/v2\/pages"}],"about":[{"href":"https:\/\/domath.surju.ee\/et\/wp-json\/wp\/v2\/types\/page"}],"author":[{"embeddable":true,"href":"https:\/\/domath.surju.ee\/et\/wp-json\/wp\/v2\/users\/9"}],"replies":[{"embeddable":true,"href":"https:\/\/domath.surju.ee\/et\/wp-json\/wp\/v2\/comments?post=1939"}],"version-history":[{"count":7,"href":"https:\/\/domath.surju.ee\/et\/wp-json\/wp\/v2\/pages\/1939\/revisions"}],"predecessor-version":[{"id":5195,"href":"https:\/\/domath.surju.ee\/et\/wp-json\/wp\/v2\/pages\/1939\/revisions\/5195"}],"wp:attachment":[{"href":"https:\/\/domath.surju.ee\/et\/wp-json\/wp\/v2\/media?parent=1939"}],"wp:term":[{"taxonomy":"category","embeddable":true,"href":"https:\/\/domath.surju.ee\/et\/wp-json\/wp\/v2\/categories?post=1939"},{"taxonomy":"post_tag","embeddable":true,"href":"https:\/\/domath.surju.ee\/et\/wp-json\/wp\/v2\/tags?post=1939"}],"curies":[{"name":"wp","href":"https:\/\/api.w.org\/{rel}","templated":true}]}}