{"id":1920,"date":"2024-04-17T07:45:20","date_gmt":"2024-04-17T07:45:20","guid":{"rendered":"https:\/\/domath.surju.ee\/?page_id=1920"},"modified":"2024-12-29T23:29:18","modified_gmt":"2024-12-29T23:29:18","slug":"number","status":"publish","type":"page","link":"https:\/\/domath.surju.ee\/et\/arv-number\/","title":{"rendered":"Arv, number"},"content":{"rendered":"<h1 style=\"text-align: center;\"><span style=\"color: #008000;\"><strong>Arv, number<\/strong><\/span><\/h1>\r\n\r\n<p><span style=\"color: #ff0000;\"><strong>Arvud<\/strong><\/span> moodustame <strong><span style=\"color: #ff0000;\">numbritest<\/span>. <span style=\"color: #ff0000;\">Numbrid<\/span><\/strong> on s\u00fcmbolid, millega arvud \u00fcles m\u00e4rgitakse. <br \/>\r\n<strong>Arvude<\/strong> \u00fclesm\u00e4rkimiseks kasutatakse p\u00f5hiliselt araabia <strong>numbreid<\/strong>. Need on 1, 2, 3, 4, 5, 6, 7, 8, 9 ja 0.&nbsp;<br \/>\r\n<strong>Arv<\/strong> 18 koosneb <strong>numbritest<\/strong> 1 ja 8.&nbsp;<br \/>\r\n<strong>Arv<\/strong> 256 koosneb <strong>numbritest<\/strong> 2, 5 ja 6.&nbsp;<br \/>\r\n<strong>Numbritest<\/strong> 2, 3 ja 8 saab n\u00e4iteks moodustada <strong>arve<\/strong>&nbsp;238, 283, 328, 382, 823, 832.&nbsp;<br \/>\r\n<strong>Arve<\/strong> kasutatakse loendamiseks ja m\u00f5\u00f5tmiseks.&nbsp;<br \/>\r\n<br \/>\r\n<mark class=\"has-inline-color has-gray-dark-color\" style=\"background-color: rgba(0, 0, 0, 0);\"><strong>Matemaatikas<\/strong><\/mark>, on sajandite jooksul arvu m\u00f5istet laiendatud.<br \/>\r\n<mark class=\"has-inline-color has-blue-color\" style=\"background-color: rgba(0, 0, 0, 0);\"><strong>null (0<\/strong>),<\/mark> <mark class=\"has-inline-color has-red-color\" style=\"background-color: rgba(0, 0, 0, 0);\"><strong>negatiivsed arvud(-1, -2, -3), <\/strong><\/mark><mark class=\"has-inline-color has-green-color\" style=\"background-color: rgba(0, 0, 0, 0);\"><strong>ratsionaalarvud nagu pool (1\/2) v\u00f5i<\/strong><img decoding=\"async\" src=\"https:\/\/wikimedia.org\/api\/rest_v1\/media\/math\/render\/svg\/71438ef4e12eecc24f98381504ddd12ad24a3905\" alt=\"{\\displaystyle \\left({\\tfrac {1}{2}}\\right)}\" \/><\/mark><mark class=\"has-inline-color has-teal-color\" style=\"background-color: rgba(0, 0, 0, 0);\"><strong>, reaalarvud sh<\/strong><\/mark>&nbsp;ruutjuur kahest <img decoding=\"async\" src=\"https:\/\/wikimedia.org\/api\/rest_v1\/media\/math\/render\/svg\/ecd8558d246433e36e98f5079a7e014c1a5a2dc0\" alt=\"{\\displaystyle \\left({\\sqrt {2}}\\right)}\" \/> v\u00f5i <em>\u03c0<\/em>&nbsp; (3,14) jne.<br \/>\r\nArve saab kasutada kasutada vahemaade v\u00f5i temperatuuri m\u00f5\u00f5tmisel.<br \/>\r\n<br \/>\r\n<br \/>\r\n<\/p>\r\n","protected":false},"excerpt":{"rendered":"<p>Arv, number Arvud moodustame numbritest. Numbrid on s\u00fcmbolid, millega arvud \u00fcles m\u00e4rgitakse. Arvude \u00fclesm\u00e4rkimiseks kasutatakse p\u00f5hiliselt araabia numbreid. Need on 1, 2, 3, 4, 5, 6, 7, 8, 9 ja 0.&nbsp; Arv 18 koosneb numbritest 1 ja 8.&nbsp; Arv 256 koosneb numbritest 2, 5 ja 6.&nbsp; Numbritest 2, 3 ja 8 saab n\u00e4iteks moodustada arve&nbsp;238, [&#8230;]<\/p>\n<p><a class=\"btn btn-secondary understrap-read-more-link\" href=\"https:\/\/domath.surju.ee\/et\/arv-number\/\">Read More&#8230;<span class=\"screen-reader-text\"> from Arv, number<\/span><\/a><\/p>\n","protected":false},"author":9,"featured_media":0,"parent":0,"menu_order":0,"comment_status":"closed","ping_status":"closed","template":"","meta":{"_eb_attr":"","_uag_custom_page_level_css":"","footnotes":""},"categories":[],"tags":[97,22,86],"class_list":["post-1920","page","type-page","status-publish","hentry","tag-english-n","tag-estonian-a","tag-greek-alpha"],"uagb_featured_image_src":{"full":false,"thumbnail":false,"medium":false,"medium_large":false,"large":false,"1536x1536":false,"2048x2048":false,"menu-24x24":false,"menu-36x36":false,"menu-48x48":false},"uagb_author_info":{"display_name":"Styliani Bempi","author_link":"https:\/\/domath.surju.ee\/et\/author\/styliani\/"},"uagb_comment_info":0,"uagb_excerpt":"Arv, number Arvud moodustame numbritest. Numbrid on s\u00fcmbolid, millega arvud \u00fcles m\u00e4rgitakse. Arvude \u00fclesm\u00e4rkimiseks kasutatakse p\u00f5hiliselt araabia numbreid. Need on 1, 2, 3, 4, 5, 6, 7, 8, 9 ja 0.&nbsp; Arv 18 koosneb numbritest 1 ja 8.&nbsp; Arv 256 koosneb numbritest 2, 5 ja 6.&nbsp; Numbritest 2, 3 ja 8 saab n\u00e4iteks moodustada arve&nbsp;238,&hellip;","_links":{"self":[{"href":"https:\/\/domath.surju.ee\/et\/wp-json\/wp\/v2\/pages\/1920","targetHints":{"allow":["GET"]}}],"collection":[{"href":"https:\/\/domath.surju.ee\/et\/wp-json\/wp\/v2\/pages"}],"about":[{"href":"https:\/\/domath.surju.ee\/et\/wp-json\/wp\/v2\/types\/page"}],"author":[{"embeddable":true,"href":"https:\/\/domath.surju.ee\/et\/wp-json\/wp\/v2\/users\/9"}],"replies":[{"embeddable":true,"href":"https:\/\/domath.surju.ee\/et\/wp-json\/wp\/v2\/comments?post=1920"}],"version-history":[{"count":8,"href":"https:\/\/domath.surju.ee\/et\/wp-json\/wp\/v2\/pages\/1920\/revisions"}],"predecessor-version":[{"id":4204,"href":"https:\/\/domath.surju.ee\/et\/wp-json\/wp\/v2\/pages\/1920\/revisions\/4204"}],"wp:attachment":[{"href":"https:\/\/domath.surju.ee\/et\/wp-json\/wp\/v2\/media?parent=1920"}],"wp:term":[{"taxonomy":"category","embeddable":true,"href":"https:\/\/domath.surju.ee\/et\/wp-json\/wp\/v2\/categories?post=1920"},{"taxonomy":"post_tag","embeddable":true,"href":"https:\/\/domath.surju.ee\/et\/wp-json\/wp\/v2\/tags?post=1920"}],"curies":[{"name":"wp","href":"https:\/\/api.w.org\/{rel}","templated":true}]}}