{"id":1915,"date":"2024-04-17T07:44:36","date_gmt":"2024-04-17T07:44:36","guid":{"rendered":"https:\/\/domath.surju.ee\/?page_id=1915"},"modified":"2024-12-29T23:27:57","modified_gmt":"2024-12-29T23:27:57","slug":"nine-nineteen-ninety","status":"publish","type":"page","link":"https:\/\/domath.surju.ee\/et\/uheksa-uheksateist-uheksakummend\/","title":{"rendered":"\u00dcheksa, \u00fcheksateist, \u00fcheksak\u00fcmmend"},"content":{"rendered":"<h1 style=\"text-align: center;\"><span style=\"color: #008000;\"><strong>\u00dcheksa, \u00fcheksateist, \u00fcheksak\u00fcmmend<\/strong><\/span><\/h1>\r\n\r\n<p><span style=\"color: #ff0000;\"><strong>\u00dcheksa (9)<\/strong><\/span> on naturaalarv, mis otseselt eelneb arvule 10 ja j\u00e4rgneb arvule 8. <br \/>\r\n8&lt;<strong>9<\/strong>&lt;10<br \/>\r\n<span style=\"color: #ff0000;\"><strong>\u00dcheksateist (19)<\/strong><\/span> on naturaalarv, mis otseselt eelneb arvule 20 ja j\u00e4rgneb arvule 18. <br \/>\r\n18&lt;<strong>19<\/strong>&lt;20<br \/>\r\n<span style=\"color: #ff0000;\"><strong>\u00dcheksak\u00fcmmend (90)<\/strong><\/span> on naturaalarv, mis otseselt j\u00e4rgneb arvule 89. <br \/>\r\n89&lt;<strong>90<\/strong><\/p>\r\n\r\n\r\n<p>&nbsp;<\/p>\r\n","protected":false},"excerpt":{"rendered":"<p>\u00dcheksa, \u00fcheksateist, \u00fcheksak\u00fcmmend \u00dcheksa (9) on naturaalarv, mis otseselt eelneb arvule 10 ja j\u00e4rgneb arvule 8. 8&lt;9&lt;10 \u00dcheksateist (19) on naturaalarv, mis otseselt eelneb arvule 20 ja j\u00e4rgneb arvule 18. 18&lt;19&lt;20 \u00dcheksak\u00fcmmend (90) on naturaalarv, mis otseselt j\u00e4rgneb arvule 89. 89&lt;90 &nbsp; [&#8230;]<\/p>\n<p><a class=\"btn btn-secondary understrap-read-more-link\" href=\"https:\/\/domath.surju.ee\/et\/uheksa-uheksateist-uheksakummend\/\">Read More&#8230;<span class=\"screen-reader-text\"> from \u00dcheksa, \u00fcheksateist, \u00fcheksak\u00fcmmend<\/span><\/a><\/p>\n","protected":false},"author":9,"featured_media":0,"parent":0,"menu_order":0,"comment_status":"closed","ping_status":"closed","template":"","meta":{"_eb_attr":"","_uag_custom_page_level_css":"","footnotes":""},"categories":[],"tags":[97,127,85],"class_list":["post-1915","page","type-page","status-publish","hentry","tag-english-n","tag-estonian-ue","tag-greek-epsilon"],"uagb_featured_image_src":{"full":false,"thumbnail":false,"medium":false,"medium_large":false,"large":false,"1536x1536":false,"2048x2048":false,"menu-24x24":false,"menu-36x36":false,"menu-48x48":false},"uagb_author_info":{"display_name":"Styliani Bempi","author_link":"https:\/\/domath.surju.ee\/et\/author\/styliani\/"},"uagb_comment_info":0,"uagb_excerpt":"\u00dcheksa, \u00fcheksateist, \u00fcheksak\u00fcmmend \u00dcheksa (9) on naturaalarv, mis otseselt eelneb arvule 10 ja j\u00e4rgneb arvule 8. 8&lt;9&lt;10 \u00dcheksateist (19) on naturaalarv, mis otseselt eelneb arvule 20 ja j\u00e4rgneb arvule 18. 18&lt;19&lt;20 \u00dcheksak\u00fcmmend (90) on naturaalarv, mis otseselt j\u00e4rgneb arvule 89. 89&lt;90 &nbsp; [...]Read More... from \u00dcheksa, \u00fcheksateist, \u00fcheksak\u00fcmmend","_links":{"self":[{"href":"https:\/\/domath.surju.ee\/et\/wp-json\/wp\/v2\/pages\/1915","targetHints":{"allow":["GET"]}}],"collection":[{"href":"https:\/\/domath.surju.ee\/et\/wp-json\/wp\/v2\/pages"}],"about":[{"href":"https:\/\/domath.surju.ee\/et\/wp-json\/wp\/v2\/types\/page"}],"author":[{"embeddable":true,"href":"https:\/\/domath.surju.ee\/et\/wp-json\/wp\/v2\/users\/9"}],"replies":[{"embeddable":true,"href":"https:\/\/domath.surju.ee\/et\/wp-json\/wp\/v2\/comments?post=1915"}],"version-history":[{"count":5,"href":"https:\/\/domath.surju.ee\/et\/wp-json\/wp\/v2\/pages\/1915\/revisions"}],"predecessor-version":[{"id":4203,"href":"https:\/\/domath.surju.ee\/et\/wp-json\/wp\/v2\/pages\/1915\/revisions\/4203"}],"wp:attachment":[{"href":"https:\/\/domath.surju.ee\/et\/wp-json\/wp\/v2\/media?parent=1915"}],"wp:term":[{"taxonomy":"category","embeddable":true,"href":"https:\/\/domath.surju.ee\/et\/wp-json\/wp\/v2\/categories?post=1915"},{"taxonomy":"post_tag","embeddable":true,"href":"https:\/\/domath.surju.ee\/et\/wp-json\/wp\/v2\/tags?post=1915"}],"curies":[{"name":"wp","href":"https:\/\/api.w.org\/{rel}","templated":true}]}}