{"id":1892,"date":"2024-04-17T07:30:31","date_gmt":"2024-04-17T07:30:31","guid":{"rendered":"https:\/\/domath.surju.ee\/?page_id=1892"},"modified":"2025-03-04T12:35:09","modified_gmt":"2025-03-04T12:35:09","slug":"obtuse-triangle","status":"publish","type":"page","link":"https:\/\/domath.surju.ee\/et\/nurinurkne-kolmnurk\/","title":{"rendered":"N\u00fcrinurkne kolmnurk"},"content":{"rendered":"<h1 style=\"text-align: center;\"><span style=\"color: #008000;\"><strong>N\u00fcrinurkne kolmnurk<\/strong><\/span><\/h1>\r\n\r\n<p class=\"has-medium-font-size\"><span style=\"color: #ff0000;\"><strong>N\u00fcrinurkne kolmnurk<\/strong><\/span> on kolmnurk, mille \u00fcks nurk on n\u00fcrinurk, s. o suurem kui 90 kraadi.&nbsp;<\/p>\r\n\r\n\r\n<p class=\"has-medium-font-size\">Nurkade j\u00e4rgi liigitatakse kolmnurkasid:&nbsp;<br \/>\r\nteravnurkne, t\u00e4isnurkne ja <strong>n\u00fcrinurkne<\/strong>.&nbsp;<\/p>\r\n\r\n\r\n<p class=\"has-medium-font-size\"><strong>N\u00fcrinurkne kolmnurk<\/strong> on selline:<\/p>\r\n\r\n\r\n<figure class=\"wp-block-image size-full\"><img loading=\"lazy\" decoding=\"async\" width=\"396\" height=\"244\" class=\"wp-image-2380\" src=\"https:\/\/domath.surju.ee\/wp-content\/uploads\/2024\/07\/obtuse_-removebg-preview-1.png\" alt=\"\" srcset=\"https:\/\/domath.surju.ee\/wp-content\/uploads\/2024\/07\/obtuse_-removebg-preview-1.png 396w, https:\/\/domath.surju.ee\/wp-content\/uploads\/2024\/07\/obtuse_-removebg-preview-1-300x185.png 300w, https:\/\/domath.surju.ee\/wp-content\/uploads\/2024\/07\/obtuse_-removebg-preview-1-24x15.png 24w, https:\/\/domath.surju.ee\/wp-content\/uploads\/2024\/07\/obtuse_-removebg-preview-1-36x22.png 36w, https:\/\/domath.surju.ee\/wp-content\/uploads\/2024\/07\/obtuse_-removebg-preview-1-48x30.png 48w\" sizes=\"auto, (max-width: 396px) 100vw, 396px\" \/><\/figure>\r\n\r\n\r\n<p class=\"has-medium-font-size\">Harjuta n\u00fcrinurksete kolmnurkade tegemist Geogebra abil:&nbsp;<\/p>\r\n\r\n<p><a href=\"https:\/\/www.geogebra.org\/classic\/xg3yuh8d\">https:\/\/www.geogebra.org\/classic\/xg3yuh8d<\/a><\/p>","protected":false},"excerpt":{"rendered":"<p>N\u00fcrinurkne kolmnurk N\u00fcrinurkne kolmnurk on kolmnurk, mille \u00fcks nurk on n\u00fcrinurk, s. o suurem kui 90 kraadi.&nbsp; Nurkade j\u00e4rgi liigitatakse kolmnurkasid:&nbsp; teravnurkne, t\u00e4isnurkne ja n\u00fcrinurkne.&nbsp; N\u00fcrinurkne kolmnurk on selline: Harjuta n\u00fcrinurksete kolmnurkade tegemist Geogebra abil:&nbsp; https:\/\/www.geogebra.org\/classic\/xg3yuh8d [&#8230;]<\/p>\n<p><a class=\"btn btn-secondary understrap-read-more-link\" href=\"https:\/\/domath.surju.ee\/et\/nurinurkne-kolmnurk\/\">Read More&#8230;<span class=\"screen-reader-text\"> from N\u00fcrinurkne kolmnurk<\/span><\/a><\/p>\n","protected":false},"author":4,"featured_media":0,"parent":0,"menu_order":0,"comment_status":"closed","ping_status":"closed","template":"","meta":{"_eb_attr":"","_uag_custom_page_level_css":"","footnotes":""},"categories":[],"tags":[98,79,86,160],"class_list":["post-1892","page","type-page","status-publish","hentry","tag-english-o","tag-estonian-n","tag-greek-alpha","tag-spanish-o"],"uagb_featured_image_src":{"full":false,"thumbnail":false,"medium":false,"medium_large":false,"large":false,"1536x1536":false,"2048x2048":false,"menu-24x24":false,"menu-36x36":false,"menu-48x48":false},"uagb_author_info":{"display_name":"Thomi Anagrostou","author_link":"https:\/\/domath.surju.ee\/et\/author\/thomi\/"},"uagb_comment_info":0,"uagb_excerpt":"N\u00fcrinurkne kolmnurk N\u00fcrinurkne kolmnurk on kolmnurk, mille \u00fcks nurk on n\u00fcrinurk, s. o suurem kui 90 kraadi.&nbsp; Nurkade j\u00e4rgi liigitatakse kolmnurkasid:&nbsp; teravnurkne, t\u00e4isnurkne ja n\u00fcrinurkne.&nbsp; N\u00fcrinurkne kolmnurk on selline: Harjuta n\u00fcrinurksete kolmnurkade tegemist Geogebra abil:&nbsp; https:\/\/www.geogebra.org\/classic\/xg3yuh8d [...]Read More... from N\u00fcrinurkne kolmnurk","_links":{"self":[{"href":"https:\/\/domath.surju.ee\/et\/wp-json\/wp\/v2\/pages\/1892","targetHints":{"allow":["GET"]}}],"collection":[{"href":"https:\/\/domath.surju.ee\/et\/wp-json\/wp\/v2\/pages"}],"about":[{"href":"https:\/\/domath.surju.ee\/et\/wp-json\/wp\/v2\/types\/page"}],"author":[{"embeddable":true,"href":"https:\/\/domath.surju.ee\/et\/wp-json\/wp\/v2\/users\/4"}],"replies":[{"embeddable":true,"href":"https:\/\/domath.surju.ee\/et\/wp-json\/wp\/v2\/comments?post=1892"}],"version-history":[{"count":7,"href":"https:\/\/domath.surju.ee\/et\/wp-json\/wp\/v2\/pages\/1892\/revisions"}],"predecessor-version":[{"id":5376,"href":"https:\/\/domath.surju.ee\/et\/wp-json\/wp\/v2\/pages\/1892\/revisions\/5376"}],"wp:attachment":[{"href":"https:\/\/domath.surju.ee\/et\/wp-json\/wp\/v2\/media?parent=1892"}],"wp:term":[{"taxonomy":"category","embeddable":true,"href":"https:\/\/domath.surju.ee\/et\/wp-json\/wp\/v2\/categories?post=1892"},{"taxonomy":"post_tag","embeddable":true,"href":"https:\/\/domath.surju.ee\/et\/wp-json\/wp\/v2\/tags?post=1892"}],"curies":[{"name":"wp","href":"https:\/\/api.w.org\/{rel}","templated":true}]}}