{"id":1882,"date":"2024-04-17T07:20:33","date_gmt":"2024-04-17T07:20:33","guid":{"rendered":"https:\/\/domath.surju.ee\/?page_id=1882"},"modified":"2024-12-29T22:24:58","modified_gmt":"2024-12-29T22:24:58","slug":"mixed-fraction","status":"publish","type":"page","link":"https:\/\/domath.surju.ee\/et\/segaarv\/","title":{"rendered":"Segaarv"},"content":{"rendered":"<h1 style=\"text-align: center;\"><span style=\"color: #008000;\"><strong>Segaarv<\/strong><\/span><\/h1>\r\n\r\n<p><strong>Segaarv<\/strong> koosneb t\u00e4isosast ja murdosast.&nbsp;<br \/>\r\n<strong><span style=\"color: #0000ff;\">N\u00e4ide:<\/span><\/strong><br \/>\r\nArv <img loading=\"lazy\" decoding=\"async\" class=\"alignnone  wp-image-5189\" src=\"https:\/\/domath.surju.ee\/wp-content\/uploads\/2024\/12\/segaarv3.png\" alt=\"\" width=\"24\" height=\"35\" srcset=\"https:\/\/domath.surju.ee\/wp-content\/uploads\/2024\/12\/segaarv3.png 81w, https:\/\/domath.surju.ee\/wp-content\/uploads\/2024\/12\/segaarv3-16x24.png 16w, https:\/\/domath.surju.ee\/wp-content\/uploads\/2024\/12\/segaarv3-25x36.png 25w, https:\/\/domath.surju.ee\/wp-content\/uploads\/2024\/12\/segaarv3-33x48.png 33w\" sizes=\"auto, (max-width: 24px) 100vw, 24px\" \/>&nbsp;on segaarv, millest 2 on t\u00e4isosa ja 1\/3 on murdosa.&nbsp;<br \/>\r\n<br \/>\r\n<strong>Segaarvu<\/strong> saab teisendada liigmurruks. Selleks tuleb t\u00e4isosa korrutada murru nimetajaga ja liita murru lugejale.<br \/>\r\n<br \/>\r\n<strong><span style=\"color: #0000ff;\">N\u00e4ited:&nbsp;<br \/>\r\n<img loading=\"lazy\" decoding=\"async\" class=\"alignnone  wp-image-5189\" src=\"https:\/\/domath.surju.ee\/wp-content\/uploads\/2024\/12\/segaarv3.png\" alt=\"\" width=\"24\" height=\"35\" srcset=\"https:\/\/domath.surju.ee\/wp-content\/uploads\/2024\/12\/segaarv3.png 81w, https:\/\/domath.surju.ee\/wp-content\/uploads\/2024\/12\/segaarv3-16x24.png 16w, https:\/\/domath.surju.ee\/wp-content\/uploads\/2024\/12\/segaarv3-25x36.png 25w, https:\/\/domath.surju.ee\/wp-content\/uploads\/2024\/12\/segaarv3-33x48.png 33w\" sizes=\"auto, (max-width: 24px) 100vw, 24px\" \/> = <img loading=\"lazy\" decoding=\"async\" class=\"alignnone  wp-image-5191\" src=\"https:\/\/domath.surju.ee\/wp-content\/uploads\/2024\/12\/segaarv4.png\" alt=\"\" width=\"44\" height=\"65\" srcset=\"https:\/\/domath.surju.ee\/wp-content\/uploads\/2024\/12\/segaarv4.png 81w, https:\/\/domath.surju.ee\/wp-content\/uploads\/2024\/12\/segaarv4-16x24.png 16w, https:\/\/domath.surju.ee\/wp-content\/uploads\/2024\/12\/segaarv4-25x36.png 25w, https:\/\/domath.surju.ee\/wp-content\/uploads\/2024\/12\/segaarv4-33x48.png 33w\" sizes=\"auto, (max-width: 44px) 100vw, 44px\" \/>= <img loading=\"lazy\" decoding=\"async\" class=\"alignnone  wp-image-5192\" src=\"https:\/\/domath.surju.ee\/wp-content\/uploads\/2024\/12\/segaarv5.png\" alt=\"\" width=\"27\" height=\"47\" srcset=\"https:\/\/domath.surju.ee\/wp-content\/uploads\/2024\/12\/segaarv5.png 48w, https:\/\/domath.surju.ee\/wp-content\/uploads\/2024\/12\/segaarv5-14x24.png 14w, https:\/\/domath.surju.ee\/wp-content\/uploads\/2024\/12\/segaarv5-21x36.png 21w, https:\/\/domath.surju.ee\/wp-content\/uploads\/2024\/12\/segaarv5-27x48.png 27w\" sizes=\"auto, (max-width: 27px) 100vw, 27px\" \/><br \/>\r\n<br \/>\r\n<br \/>\r\n<\/span><\/strong><\/p>\r\n<p><strong><span style=\"color: #0000ff;\">\r\n<\/span><\/strong><\/p>\r\n<figure class=\"wp-block-image size-full is-resized\"><img loading=\"lazy\" decoding=\"async\" width=\"600\" height=\"290\" class=\"wp-image-5185\" style=\"width: 198px; height: 96px;\" src=\"https:\/\/domath.surju.ee\/wp-content\/uploads\/2024\/12\/segaarv.png\" alt=\"\" srcset=\"https:\/\/domath.surju.ee\/wp-content\/uploads\/2024\/12\/segaarv.png 600w, https:\/\/domath.surju.ee\/wp-content\/uploads\/2024\/12\/segaarv-300x145.png 300w, https:\/\/domath.surju.ee\/wp-content\/uploads\/2024\/12\/segaarv-24x12.png 24w, https:\/\/domath.surju.ee\/wp-content\/uploads\/2024\/12\/segaarv-36x17.png 36w, https:\/\/domath.surju.ee\/wp-content\/uploads\/2024\/12\/segaarv-48x23.png 48w\" sizes=\"auto, (max-width: 600px) 100vw, 600px\" \/><\/figure>\r\n<p><strong><span style=\"color: #0000ff;\">\r\n<\/span><\/strong><\/p>\r\n<figure class=\"wp-block-image size-full is-resized\"><img loading=\"lazy\" decoding=\"async\" width=\"600\" height=\"290\" class=\"wp-image-5186\" style=\"width: 200px; height: 97px;\" src=\"https:\/\/domath.surju.ee\/wp-content\/uploads\/2024\/12\/segaarv2.png\" alt=\"\" srcset=\"https:\/\/domath.surju.ee\/wp-content\/uploads\/2024\/12\/segaarv2.png 600w, https:\/\/domath.surju.ee\/wp-content\/uploads\/2024\/12\/segaarv2-300x145.png 300w, https:\/\/domath.surju.ee\/wp-content\/uploads\/2024\/12\/segaarv2-24x12.png 24w, https:\/\/domath.surju.ee\/wp-content\/uploads\/2024\/12\/segaarv2-36x17.png 36w, https:\/\/domath.surju.ee\/wp-content\/uploads\/2024\/12\/segaarv2-48x23.png 48w\" sizes=\"auto, (max-width: 600px) 100vw, 600px\" \/><br \/>\r\n<br \/>\r\n<span style=\"color: #0000ff;\"><strong>Veel n\u00e4iteid:<\/strong><\/span> <span style=\"background-color: var(--bs-body-bg); color: #0000ff; font-family: var(--bs-body-font-family); font-size: var(--bs-body-font-size); font-weight: var(--bs-body-font-weight); text-align: var(--bs-body-text-align);\">&nbsp;<\/span><a style=\"background-color: var(--bs-body-bg); font-family: var(--bs-body-font-family); font-size: var(--bs-body-font-size); font-weight: var(--bs-body-font-weight); text-align: var(--bs-body-text-align);\" href=\"https:\/\/www.mathsisfun.com\/mixed-fractions.html\">siin<\/a><\/figure>\r\n\r\n\r\n<p>&nbsp;<\/p>\r\n","protected":false},"excerpt":{"rendered":"<p>Segaarv Segaarv koosneb t\u00e4isosast ja murdosast.&nbsp; N\u00e4ide: Arv &nbsp;on segaarv, millest 2 on t\u00e4isosa ja 1\/3 on murdosa.&nbsp; Segaarvu saab teisendada liigmurruks. Selleks tuleb t\u00e4isosa korrutada murru nimetajaga ja liita murru lugejale. N\u00e4ited:&nbsp; = = Veel n\u00e4iteid: &nbsp;siin &nbsp; [&#8230;]<\/p>\n<p><a class=\"btn btn-secondary understrap-read-more-link\" href=\"https:\/\/domath.surju.ee\/et\/segaarv\/\">Read More&#8230;<span class=\"screen-reader-text\"> from Segaarv<\/span><\/a><\/p>\n","protected":false},"author":10,"featured_media":0,"parent":0,"menu_order":0,"comment_status":"closed","ping_status":"closed","template":"","meta":{"_eb_attr":"","_uag_custom_page_level_css":"","footnotes":""},"categories":[],"tags":[64,117,145],"class_list":["post-1882","page","type-page","status-publish","hentry","tag-english-m","tag-estonian-s","tag-greek-mu"],"uagb_featured_image_src":{"full":false,"thumbnail":false,"medium":false,"medium_large":false,"large":false,"1536x1536":false,"2048x2048":false,"menu-24x24":false,"menu-36x36":false,"menu-48x48":false},"uagb_author_info":{"display_name":"Maria Kosmidou","author_link":"https:\/\/domath.surju.ee\/et\/author\/maria\/"},"uagb_comment_info":0,"uagb_excerpt":"Segaarv Segaarv koosneb t\u00e4isosast ja murdosast.&nbsp; N\u00e4ide: Arv &nbsp;on segaarv, millest 2 on t\u00e4isosa ja 1\/3 on murdosa.&nbsp; Segaarvu saab teisendada liigmurruks. Selleks tuleb t\u00e4isosa korrutada murru nimetajaga ja liita murru lugejale. N\u00e4ited:&nbsp; = = Veel n\u00e4iteid: &nbsp;siin &nbsp; [...]Read More... from Segaarv","_links":{"self":[{"href":"https:\/\/domath.surju.ee\/et\/wp-json\/wp\/v2\/pages\/1882","targetHints":{"allow":["GET"]}}],"collection":[{"href":"https:\/\/domath.surju.ee\/et\/wp-json\/wp\/v2\/pages"}],"about":[{"href":"https:\/\/domath.surju.ee\/et\/wp-json\/wp\/v2\/types\/page"}],"author":[{"embeddable":true,"href":"https:\/\/domath.surju.ee\/et\/wp-json\/wp\/v2\/users\/10"}],"replies":[{"embeddable":true,"href":"https:\/\/domath.surju.ee\/et\/wp-json\/wp\/v2\/comments?post=1882"}],"version-history":[{"count":5,"href":"https:\/\/domath.surju.ee\/et\/wp-json\/wp\/v2\/pages\/1882\/revisions"}],"predecessor-version":[{"id":5190,"href":"https:\/\/domath.surju.ee\/et\/wp-json\/wp\/v2\/pages\/1882\/revisions\/5190"}],"wp:attachment":[{"href":"https:\/\/domath.surju.ee\/et\/wp-json\/wp\/v2\/media?parent=1882"}],"wp:term":[{"taxonomy":"category","embeddable":true,"href":"https:\/\/domath.surju.ee\/et\/wp-json\/wp\/v2\/categories?post=1882"},{"taxonomy":"post_tag","embeddable":true,"href":"https:\/\/domath.surju.ee\/et\/wp-json\/wp\/v2\/tags?post=1882"}],"curies":[{"name":"wp","href":"https:\/\/api.w.org\/{rel}","templated":true}]}}