{"id":1869,"date":"2024-04-16T07:18:43","date_gmt":"2024-04-16T07:18:43","guid":{"rendered":"https:\/\/domath.surju.ee\/?page_id=1869"},"modified":"2024-12-29T23:26:01","modified_gmt":"2024-12-29T23:26:01","slug":"negative-number","status":"publish","type":"page","link":"https:\/\/domath.surju.ee\/et\/negatiivne-arv\/","title":{"rendered":"Negatiivne arv"},"content":{"rendered":"<h1 style=\"text-align: center;\"><span style=\"color: #008000;\"><strong>Negatiivne arv<\/strong><\/span><\/h1>\r\n\r\n<p class=\"has-medium-font-size\"><span style=\"color: #ff0000;\"><strong>Negatiivne arv<\/strong> <\/span>on nullist v\u00e4iksem arv. <strong>Negatiivsete arvude<\/strong> ees on miinusm\u00e4rk. <br \/>\r\nArv 0 ei kuulu positiivsete ega <strong>negatiivsete arvude<\/strong> hulka. <br \/>\r\nArvureas on <strong>negatiivsed arvud<\/strong> nullist vasakul pool. <strong>Negatiivsed arvud<\/strong> v\u00f5ivad olla ka n\u00e4iteks k\u00fcmnendmurrud ja harilikud murrud.&nbsp;<\/p>\r\n\r\n\r\n<p><span style=\"color: #0000ff;\"><strong><mark class=\"has-inline-color has-green-color\" style=\"background-color: rgba(0, 0, 0, 0);\"><span style=\"color: #0000ff;\">N\u00e4ited: <\/span><\/mark><\/strong><\/span>&nbsp;<strong><mark><mark class=\"has-inline-color has-red-color\" style=\"background-color: rgba(0, 0, 0, 0);\">-7, -24, -3\/5, -0.8<\/mark><\/mark><\/strong> on negatiivsed arvud.&nbsp;<\/p>\r\n\r\n\r\n<p><mark class=\"has-inline-color has-orange-color\" style=\"background-color: rgba(0, 0, 0, 0);\"><span style=\"color: #000000;\">Siin on \u00f5ppevideo: <\/span><\/mark>&nbsp;<a href=\"https:\/\/www.youtube.com\/watch?v=OAoLCXpao6s\">https:\/\/www.youtube.com\/watch?v=OAoLCXpao6s<\/a><\/p>\r\n\r\n\r\n<p>Siin on m\u00f5ned m\u00e4ngud: <a href=\"https:\/\/www.mangahigh.com\/en\/games\/minusminers\">https:\/\/www.mangahigh.com\/en\/games\/minusminers<\/a><\/p>\r\n","protected":false},"excerpt":{"rendered":"<p>Negatiivne arv Negatiivne arv on nullist v\u00e4iksem arv. Negatiivsete arvude ees on miinusm\u00e4rk. Arv 0 ei kuulu positiivsete ega negatiivsete arvude hulka. Arvureas on negatiivsed arvud nullist vasakul pool. Negatiivsed arvud v\u00f5ivad olla ka n\u00e4iteks k\u00fcmnendmurrud ja harilikud murrud.&nbsp; N\u00e4ited: &nbsp;-7, -24, -3\/5, -0.8 on negatiivsed arvud.&nbsp; Siin on \u00f5ppevideo: &nbsp;https:\/\/www.youtube.com\/watch?v=OAoLCXpao6s Siin on m\u00f5ned m\u00e4ngud: [&#8230;]<\/p>\n<p><a class=\"btn btn-secondary understrap-read-more-link\" href=\"https:\/\/domath.surju.ee\/et\/negatiivne-arv\/\">Read More&#8230;<span class=\"screen-reader-text\"> from Negatiivne arv<\/span><\/a><\/p>\n","protected":false},"author":9,"featured_media":0,"parent":0,"menu_order":0,"comment_status":"closed","ping_status":"closed","template":"","meta":{"_eb_attr":"","_uag_custom_page_level_css":"","footnotes":""},"categories":[],"tags":[97,79,86],"class_list":["post-1869","page","type-page","status-publish","hentry","tag-english-n","tag-estonian-n","tag-greek-alpha"],"uagb_featured_image_src":{"full":false,"thumbnail":false,"medium":false,"medium_large":false,"large":false,"1536x1536":false,"2048x2048":false,"menu-24x24":false,"menu-36x36":false,"menu-48x48":false},"uagb_author_info":{"display_name":"Styliani Bempi","author_link":"https:\/\/domath.surju.ee\/et\/author\/styliani\/"},"uagb_comment_info":0,"uagb_excerpt":"Negatiivne arv Negatiivne arv on nullist v\u00e4iksem arv. Negatiivsete arvude ees on miinusm\u00e4rk. Arv 0 ei kuulu positiivsete ega negatiivsete arvude hulka. Arvureas on negatiivsed arvud nullist vasakul pool. Negatiivsed arvud v\u00f5ivad olla ka n\u00e4iteks k\u00fcmnendmurrud ja harilikud murrud.&nbsp; N\u00e4ited: &nbsp;-7, -24, -3\/5, -0.8 on negatiivsed arvud.&nbsp; Siin on \u00f5ppevideo: &nbsp;https:\/\/www.youtube.com\/watch?v=OAoLCXpao6s Siin on m\u00f5ned m\u00e4ngud:&hellip;","_links":{"self":[{"href":"https:\/\/domath.surju.ee\/et\/wp-json\/wp\/v2\/pages\/1869","targetHints":{"allow":["GET"]}}],"collection":[{"href":"https:\/\/domath.surju.ee\/et\/wp-json\/wp\/v2\/pages"}],"about":[{"href":"https:\/\/domath.surju.ee\/et\/wp-json\/wp\/v2\/types\/page"}],"author":[{"embeddable":true,"href":"https:\/\/domath.surju.ee\/et\/wp-json\/wp\/v2\/users\/9"}],"replies":[{"embeddable":true,"href":"https:\/\/domath.surju.ee\/et\/wp-json\/wp\/v2\/comments?post=1869"}],"version-history":[{"count":6,"href":"https:\/\/domath.surju.ee\/et\/wp-json\/wp\/v2\/pages\/1869\/revisions"}],"predecessor-version":[{"id":4202,"href":"https:\/\/domath.surju.ee\/et\/wp-json\/wp\/v2\/pages\/1869\/revisions\/4202"}],"wp:attachment":[{"href":"https:\/\/domath.surju.ee\/et\/wp-json\/wp\/v2\/media?parent=1869"}],"wp:term":[{"taxonomy":"category","embeddable":true,"href":"https:\/\/domath.surju.ee\/et\/wp-json\/wp\/v2\/categories?post=1869"},{"taxonomy":"post_tag","embeddable":true,"href":"https:\/\/domath.surju.ee\/et\/wp-json\/wp\/v2\/tags?post=1869"}],"curies":[{"name":"wp","href":"https:\/\/api.w.org\/{rel}","templated":true}]}}