{"id":1833,"date":"2024-04-17T07:22:23","date_gmt":"2024-04-17T07:22:23","guid":{"rendered":"https:\/\/domath.surju.ee\/?page_id=1833"},"modified":"2024-12-29T21:58:26","modified_gmt":"2024-12-29T21:58:26","slug":"minute","status":"publish","type":"page","link":"https:\/\/domath.surju.ee\/et\/minut\/","title":{"rendered":"Minut"},"content":{"rendered":"<h1 style=\"text-align: center;\"><span style=\"color: #008000;\"><strong>Minut<\/strong><\/span><\/h1>\r\n\r\n<p><strong><span style=\"color: #ff0000;\">Minut<\/span><\/strong> on aja m\u00f5\u00f5t\u00fchik. Minuti t\u00e4his on min.<br \/>\r\n\u00dches minutis on <strong>60 sekundit (s)<\/strong>. <br \/>\r\nTunnis (h) on <strong>60 minutit<\/strong>.&nbsp;<br \/>\r\n<br \/>\r\n<span style=\"color: #ff0000;\"><strong>1 min = 60 s<br \/>\r\n1 s =1\/60 min<\/strong><\/span><br \/>\r\n<span style=\"color: #ff0000;\"><strong>1&nbsp; h = 60 min<br \/>\r\n1 min = 1\/60 s<\/strong><\/span><\/p>\r\n\r\n\r\n<p><span style=\"color: #0000ff;\"><strong>N\u00e4ited:<\/strong><\/span> <a href=\"http:\/\/www.amathsdictionaryforkids.com\/qr\/m\/minute.html\" data-type=\"link\" data-id=\"http:\/\/www.amathsdictionaryforkids.com\/qr\/m\/minute.html\">SIIN<\/a><\/p>\r\n\r\n<br \/>\r\n\r\n\r\n<figure class=\"wp-block-image size-full is-resized\"><img loading=\"lazy\" decoding=\"async\" width=\"220\" height=\"202\" class=\"wp-image-1923\" style=\"width: 346px; height: auto;\" src=\"https:\/\/domath.surju.ee\/wp-content\/uploads\/2024\/04\/1214Clock.svg_.png\" alt=\"\" srcset=\"https:\/\/domath.surju.ee\/wp-content\/uploads\/2024\/04\/1214Clock.svg_.png 220w, https:\/\/domath.surju.ee\/wp-content\/uploads\/2024\/04\/1214Clock.svg_-24x22.png 24w, https:\/\/domath.surju.ee\/wp-content\/uploads\/2024\/04\/1214Clock.svg_-36x33.png 36w, https:\/\/domath.surju.ee\/wp-content\/uploads\/2024\/04\/1214Clock.svg_-48x44.png 48w\" sizes=\"auto, (max-width: 220px) 100vw, 220px\" \/><br \/>\r\n<br \/>\r\nKasutatud pilt: <a href=\"https:\/\/en.wikipedia.org\/wiki\/Clock_face\" data-type=\"link\" data-id=\"https:\/\/en.wikipedia.org\/wiki\/Clock_face\">SIIN<\/a><\/figure>\r\n","protected":false},"excerpt":{"rendered":"<p>Minut Minut on aja m\u00f5\u00f5t\u00fchik. Minuti t\u00e4his on min. \u00dches minutis on 60 sekundit (s). Tunnis (h) on 60 minutit.&nbsp; 1 min = 60 s 1 s =1\/60 min 1&nbsp; h = 60 min 1 min = 1\/60 s N\u00e4ited: SIIN Kasutatud pilt: SIIN [&#8230;]<\/p>\n<p><a class=\"btn btn-secondary understrap-read-more-link\" href=\"https:\/\/domath.surju.ee\/et\/minut\/\">Read More&#8230;<span class=\"screen-reader-text\"> from Minut<\/span><\/a><\/p>\n","protected":false},"author":10,"featured_media":0,"parent":0,"menu_order":0,"comment_status":"closed","ping_status":"closed","template":"","meta":{"_eb_attr":"","_uag_custom_page_level_css":"","footnotes":""},"categories":[],"tags":[64,113,145,78],"class_list":["post-1833","page","type-page","status-publish","hentry","tag-english-m","tag-estonian-m","tag-greek-mu","tag-spanish-m"],"uagb_featured_image_src":{"full":false,"thumbnail":false,"medium":false,"medium_large":false,"large":false,"1536x1536":false,"2048x2048":false,"menu-24x24":false,"menu-36x36":false,"menu-48x48":false},"uagb_author_info":{"display_name":"Maria Kosmidou","author_link":"https:\/\/domath.surju.ee\/et\/author\/maria\/"},"uagb_comment_info":0,"uagb_excerpt":"Minut Minut on aja m\u00f5\u00f5t\u00fchik. Minuti t\u00e4his on min. \u00dches minutis on 60 sekundit (s). Tunnis (h) on 60 minutit.&nbsp; 1 min = 60 s 1 s =1\/60 min 1&nbsp; h = 60 min 1 min = 1\/60 s N\u00e4ited: SIIN Kasutatud pilt: SIIN [...]Read More... from Minut","_links":{"self":[{"href":"https:\/\/domath.surju.ee\/et\/wp-json\/wp\/v2\/pages\/1833","targetHints":{"allow":["GET"]}}],"collection":[{"href":"https:\/\/domath.surju.ee\/et\/wp-json\/wp\/v2\/pages"}],"about":[{"href":"https:\/\/domath.surju.ee\/et\/wp-json\/wp\/v2\/types\/page"}],"author":[{"embeddable":true,"href":"https:\/\/domath.surju.ee\/et\/wp-json\/wp\/v2\/users\/10"}],"replies":[{"embeddable":true,"href":"https:\/\/domath.surju.ee\/et\/wp-json\/wp\/v2\/comments?post=1833"}],"version-history":[{"count":3,"href":"https:\/\/domath.surju.ee\/et\/wp-json\/wp\/v2\/pages\/1833\/revisions"}],"predecessor-version":[{"id":4146,"href":"https:\/\/domath.surju.ee\/et\/wp-json\/wp\/v2\/pages\/1833\/revisions\/4146"}],"wp:attachment":[{"href":"https:\/\/domath.surju.ee\/et\/wp-json\/wp\/v2\/media?parent=1833"}],"wp:term":[{"taxonomy":"category","embeddable":true,"href":"https:\/\/domath.surju.ee\/et\/wp-json\/wp\/v2\/categories?post=1833"},{"taxonomy":"post_tag","embeddable":true,"href":"https:\/\/domath.surju.ee\/et\/wp-json\/wp\/v2\/tags?post=1833"}],"curies":[{"name":"wp","href":"https:\/\/api.w.org\/{rel}","templated":true}]}}