{"id":1827,"date":"2024-04-16T07:18:15","date_gmt":"2024-04-16T07:18:15","guid":{"rendered":"https:\/\/domath.surju.ee\/?page_id=1827"},"modified":"2024-12-30T19:35:43","modified_gmt":"2024-12-30T19:35:43","slug":"pyramid","status":"publish","type":"page","link":"https:\/\/domath.surju.ee\/et\/pyramiid\/","title":{"rendered":"P\u00fcramiid"},"content":{"rendered":"<h1 style=\"text-align: center;\"><span style=\"color: #008000;\"><strong>P\u00fcramiid<\/strong><\/span><\/h1>\r\n\r\n<p><span style=\"color: #ff0000;\"><strong>Pu\u0308ramiidiks<\/strong> <\/span>nimetatakse hulk&shy;tahukat, mille \u00fcks tahk on hulknurk ja k\u00f5ik \u00fclej\u00e4\u00e4nud tahud on \u00fchise tipuga kolmnurgad.<br \/>\r\n<br \/>\r\n\u00dchise tipuga kolm&shy;nurgad on pu\u0308ramiidi <strong>ku\u0308lg&shy;tahud<\/strong>, nende kolm&shy;nurkade u\u0308hised ku\u0308ljed on pu\u0308ramiidi <strong>ku\u0308lg&shy;servad<\/strong>. <br \/>\r\nKu\u0308lg&shy;tahkude u\u0308hist tippu nimetatakse pu\u0308ramiidi <strong>tipuks<\/strong>. <br \/>\r\nHulk&shy;nurk, millel on iga kolm&shy;nurgaga u\u0308ks u\u0308hine ku\u0308lg, on pu\u0308ramiidi <strong>p\u00f5hi&shy;tahk<\/strong> ehk <strong>p\u00f5hi<\/strong>.<br \/>\r\nP\u00fcramiidi p\u00f5hja k\u00fclgi nimetatakse pu\u0308ramiidi <strong>p\u00f5hi&shy;servadeks<\/strong>.<br \/>\r\nP\u00f5hiservade arvu j\u00e4rgi jagatakse p\u00fcramiidid <strong>kolmnurkseteks, nelinurkseteks, viisnurkseteks,<\/strong> ehk \u00fcldiselt <strong>n-nurkseteks.<\/strong><br \/>\r\n<br \/>\r\nPu\u0308ramiidi <strong>k\u00f5rguseks<\/strong> nimetatakse rist&shy;l\u00f5iku (v\u00f5i selle pikkust) pu\u0308ramiidi tipust pu\u0308ramiidi p\u00f5hjani<br \/>\r\nTipu kaugus p\u00f5hjast on p\u00fcramiidi <strong>k\u00f5rguseks H.<\/strong><br \/>\r\nP\u00fcramiidi k\u00fclgtahu k\u00f5rgust nimetatakse <strong>apoteemiks m.<br \/>\r\n<br \/>\r\n<\/strong>Korrap\u00e4raseks p\u00fcramiidiks nimetatakse p\u00fcramiid, mille p\u00f5hitahud on <strong>korrap\u00e4rased hulknurgad (v\u00f5rdsete k\u00fclgedega hulknurgad) <\/strong>ja p\u00fcramiidi k\u00f5rguse alguspunkt asub p\u00f5hja keskpunktis.<br \/>\r\nKorrap\u00e4rase p\u00fcramiidi k\u00fclgtahud on v\u00f5rdsed v\u00f5rdhaarsed kolmnurgad,&nbsp;<br \/>\r\n<br \/>\r\n<\/p>\r\n<p><img loading=\"lazy\" decoding=\"async\" class=\"wp-image-2117 aligncenter\" src=\"https:\/\/domath.surju.ee\/wp-content\/uploads\/2024\/04\/TYPES-OF-ISOSCELES-TRIANGLE-3-289x300.png\" alt=\"\" width=\"486\" height=\"504\" srcset=\"https:\/\/domath.surju.ee\/wp-content\/uploads\/2024\/04\/TYPES-OF-ISOSCELES-TRIANGLE-3-289x300.png 289w, https:\/\/domath.surju.ee\/wp-content\/uploads\/2024\/04\/TYPES-OF-ISOSCELES-TRIANGLE-3-768x798.png 768w, https:\/\/domath.surju.ee\/wp-content\/uploads\/2024\/04\/TYPES-OF-ISOSCELES-TRIANGLE-3-24x24.png 24w, https:\/\/domath.surju.ee\/wp-content\/uploads\/2024\/04\/TYPES-OF-ISOSCELES-TRIANGLE-3-36x36.png 36w, https:\/\/domath.surju.ee\/wp-content\/uploads\/2024\/04\/TYPES-OF-ISOSCELES-TRIANGLE-3-46x48.png 46w, https:\/\/domath.surju.ee\/wp-content\/uploads\/2024\/04\/TYPES-OF-ISOSCELES-TRIANGLE-3.png 897w\" sizes=\"auto, (max-width: 486px) 100vw, 486px\" \/><\/p>\r\n\r\n<h4 style=\"text-align: center;\"><span style=\"color: #99ccff; background-color: #000080;\"><strong>Ruumala valemid<\/strong><\/span><\/h4>\r\n<table style=\"height: 34px; width: 97.0238%; border-collapse: collapse; background-color: #adc1cc;\">\r\n<tbody>\r\n<tr style=\"height: 34px;\">\r\n<td style=\"width: 100%; height: 34px;\">\r\n<h5 style=\"text-align: center;\"><span style=\"color: #333399;\"><strong>Korrap\u00e4rane nelinurkne p\u00fcramiid<\/strong><\/span><\/h5>\r\n<\/td>\r\n<\/tr>\r\n<\/tbody>\r\n<\/table>\r\n<table style=\"border-collapse: collapse; width: 96.9048%; height: 14px;\">\r\n<tbody>\r\n<tr>\r\n<td style=\"width: 33.3333%;\"><img loading=\"lazy\" decoding=\"async\" class=\"wp-image-3859 alignleft\" src=\"https:\/\/domath.surju.ee\/wp-content\/uploads\/2024\/08\/Square_pyramid-300x185.png\" alt=\"\" width=\"138\" height=\"85\" srcset=\"https:\/\/domath.surju.ee\/wp-content\/uploads\/2024\/08\/Square_pyramid-300x185.png 300w, https:\/\/domath.surju.ee\/wp-content\/uploads\/2024\/08\/Square_pyramid-24x15.png 24w, https:\/\/domath.surju.ee\/wp-content\/uploads\/2024\/08\/Square_pyramid-36x22.png 36w, https:\/\/domath.surju.ee\/wp-content\/uploads\/2024\/08\/Square_pyramid-48x30.png 48w, https:\/\/domath.surju.ee\/wp-content\/uploads\/2024\/08\/Square_pyramid.png 420w\" sizes=\"auto, (max-width: 138px) 100vw, 138px\" \/><img loading=\"lazy\" decoding=\"async\" class=\"alignnone  wp-image-3865\" src=\"https:\/\/domath.surju.ee\/wp-content\/uploads\/2024\/08\/Square_pyramid_net.svg_-300x300.png\" alt=\"\" width=\"68\" height=\"68\" srcset=\"https:\/\/domath.surju.ee\/wp-content\/uploads\/2024\/08\/Square_pyramid_net.svg_-300x300.png 300w, https:\/\/domath.surju.ee\/wp-content\/uploads\/2024\/08\/Square_pyramid_net.svg_-150x150.png 150w, https:\/\/domath.surju.ee\/wp-content\/uploads\/2024\/08\/Square_pyramid_net.svg_-24x24.png 24w, https:\/\/domath.surju.ee\/wp-content\/uploads\/2024\/08\/Square_pyramid_net.svg_-36x36.png 36w, https:\/\/domath.surju.ee\/wp-content\/uploads\/2024\/08\/Square_pyramid_net.svg_-48x48.png 48w, https:\/\/domath.surju.ee\/wp-content\/uploads\/2024\/08\/Square_pyramid_net.svg_.png 720w\" sizes=\"auto, (max-width: 68px) 100vw, 68px\" \/><\/td>\r\n<td style=\"width: 33.3333%;\">\r\n<p>P\u00fcramiidi ruumala v\u00f5rdub \u00fche kolmandikuga p\u00f5hja pindala ja k\u00f5rguse korrutisest.&nbsp;<\/p>\r\n<p><img loading=\"lazy\" decoding=\"async\" class=\"alignnone  wp-image-5257\" src=\"https:\/\/domath.surju.ee\/wp-content\/uploads\/2024\/12\/pildid-mida-saab-kasutada-14-300x109-2.png\" alt=\"\" width=\"117\" height=\"42\" srcset=\"https:\/\/domath.surju.ee\/wp-content\/uploads\/2024\/12\/pildid-mida-saab-kasutada-14-300x109-2.png 300w, https:\/\/domath.surju.ee\/wp-content\/uploads\/2024\/12\/pildid-mida-saab-kasutada-14-300x109-2-24x9.png 24w, https:\/\/domath.surju.ee\/wp-content\/uploads\/2024\/12\/pildid-mida-saab-kasutada-14-300x109-2-36x13.png 36w, https:\/\/domath.surju.ee\/wp-content\/uploads\/2024\/12\/pildid-mida-saab-kasutada-14-300x109-2-48x17.png 48w\" sizes=\"auto, (max-width: 117px) 100vw, 117px\" \/><br \/>\r\n&nbsp; &nbsp;S<sub>p&nbsp;<\/sub> = a<sup>2<\/sup><\/p>\r\n<\/td>\r\n<td style=\"width: 33.3333%;\">\r\n<p><strong>P\u00f5hjaks on ruut&nbsp;<\/strong><br \/>\r\n<strong>a &#8211; p\u00f5hiserv, p\u00f5hja k\u00fclg, ruudu k\u00fclg<\/strong><\/p>\r\n<p><strong>H &#8211;&nbsp; p\u00fcramiidi k\u00f5rgus<\/strong><\/p>\r\n<p><strong>S<sub>p<\/sub> &#8211; p\u00f5hja pindala<\/strong><\/p>\r\n<\/td>\r\n<\/tr>\r\n<\/tbody>\r\n<\/table>\r\n<table style=\"height: 33px; width: 96.7857%; border-collapse: collapse; background-color: #a0b6ba;\">\r\n<tbody>\r\n<tr>\r\n<td style=\"width: 100%;\">\r\n<h5 style=\"text-align: center;\"><span style=\"color: #333399;\"><strong>&nbsp;Kolmnurkne p\u00fcramiid<\/strong><\/span><\/h5>\r\n<\/td>\r\n<\/tr>\r\n<\/tbody>\r\n<\/table>\r\n<table style=\"border-collapse: collapse; width: 96.6667%; height: 17px;\">\r\n<tbody>\r\n<tr>\r\n<td style=\"width: 33.3333%;\"><img loading=\"lazy\" decoding=\"async\" class=\"wp-image-3867 aligncenter\" src=\"https:\/\/domath.surju.ee\/wp-content\/uploads\/2024\/08\/Haromoldalu-gula-300x292.png\" alt=\"\" width=\"147\" height=\"143\" srcset=\"https:\/\/domath.surju.ee\/wp-content\/uploads\/2024\/08\/Haromoldalu-gula-300x292.png 300w, https:\/\/domath.surju.ee\/wp-content\/uploads\/2024\/08\/Haromoldalu-gula-24x24.png 24w, https:\/\/domath.surju.ee\/wp-content\/uploads\/2024\/08\/Haromoldalu-gula-36x36.png 36w, https:\/\/domath.surju.ee\/wp-content\/uploads\/2024\/08\/Haromoldalu-gula-48x48.png 48w, https:\/\/domath.surju.ee\/wp-content\/uploads\/2024\/08\/Haromoldalu-gula.png 445w\" sizes=\"auto, (max-width: 147px) 100vw, 147px\" \/><\/td>\r\n<td style=\"width: 32.7291%;\"><img loading=\"lazy\" decoding=\"async\" class=\"alignnone  wp-image-5256\" src=\"https:\/\/domath.surju.ee\/wp-content\/uploads\/2024\/12\/pildid-mida-saab-kasutada-15-300x92-2.png\" alt=\"\" width=\"126\" height=\"39\" srcset=\"https:\/\/domath.surju.ee\/wp-content\/uploads\/2024\/12\/pildid-mida-saab-kasutada-15-300x92-2.png 300w, https:\/\/domath.surju.ee\/wp-content\/uploads\/2024\/12\/pildid-mida-saab-kasutada-15-300x92-2-24x7.png 24w, https:\/\/domath.surju.ee\/wp-content\/uploads\/2024\/12\/pildid-mida-saab-kasutada-15-300x92-2-36x11.png 36w, https:\/\/domath.surju.ee\/wp-content\/uploads\/2024\/12\/pildid-mida-saab-kasutada-15-300x92-2-48x15.png 48w\" sizes=\"auto, (max-width: 126px) 100vw, 126px\" \/><br \/>\r\n<br \/>\r\n<img loading=\"lazy\" decoding=\"async\" class=\"wp-image-5258 alignleft\" src=\"https:\/\/domath.surju.ee\/wp-content\/uploads\/2024\/12\/pindala3.png\" alt=\"\" width=\"80\" height=\"49\" srcset=\"https:\/\/domath.surju.ee\/wp-content\/uploads\/2024\/12\/pindala3.png 204w, https:\/\/domath.surju.ee\/wp-content\/uploads\/2024\/12\/pindala3-24x15.png 24w, https:\/\/domath.surju.ee\/wp-content\/uploads\/2024\/12\/pindala3-36x22.png 36w, https:\/\/domath.surju.ee\/wp-content\/uploads\/2024\/12\/pindala3-48x29.png 48w\" sizes=\"auto, (max-width: 80px) 100vw, 80px\" \/><\/td>\r\n<td style=\"width: 33.9375%;\">\r\n<h6>H &#8211;&nbsp; p\u00fcramiidi k\u00f5rgus<\/h6>\r\n<h6><strong>S<sub>p<\/sub> <\/strong>&nbsp;&#8211; p\u00f5hja <br \/>\r\npindala<\/h6>\r\n<h6>a &#8211; p\u00f5hiserv<br \/>\r\nh- p\u00f5hja k\u00f5rgus<\/h6>\r\n<\/td>\r\n<\/tr>\r\n<\/tbody>\r\n<\/table>\r\n<br \/>\r\n<br \/>\r\n<hr class=\"wp-block-separator has-alpha-channel-opacity\" \/><!-- \/wp:post-content -->\r\n<h4 style=\"text-align: center;\"><span style=\"color: #99ccff; background-color: #000080;\"><strong>T\u00e4ispindala valemid<\/strong><\/span><\/h4>\r\n<table style=\"height: 19px; width: 97.0238%; border-collapse: collapse; background-color: #adc1cc;\">\r\n<tbody>\r\n<tr>\r\n<td style=\"width: 100%;\">\r\n<h5 style=\"text-align: center;\"><span style=\"color: #333399;\"><strong>Korrap\u00e4rane nelinurkne p\u00fcramiid<\/strong><\/span><\/h5>\r\n<\/td>\r\n<\/tr>\r\n<\/tbody>\r\n<\/table>\r\n<table style=\"border-collapse: collapse; width: 96.9048%; height: 14px;\">\r\n<tbody>\r\n<tr>\r\n<td style=\"width: 41.8099%;\"><strong><img loading=\"lazy\" decoding=\"async\" class=\"wp-image-3859 alignleft\" src=\"https:\/\/domath.surju.ee\/wp-content\/uploads\/2024\/08\/Square_pyramid-300x185.png\" alt=\"\" width=\"138\" height=\"85\" srcset=\"https:\/\/domath.surju.ee\/wp-content\/uploads\/2024\/08\/Square_pyramid-300x185.png 300w, https:\/\/domath.surju.ee\/wp-content\/uploads\/2024\/08\/Square_pyramid-24x15.png 24w, https:\/\/domath.surju.ee\/wp-content\/uploads\/2024\/08\/Square_pyramid-36x22.png 36w, https:\/\/domath.surju.ee\/wp-content\/uploads\/2024\/08\/Square_pyramid-48x30.png 48w, https:\/\/domath.surju.ee\/wp-content\/uploads\/2024\/08\/Square_pyramid.png 420w\" sizes=\"auto, (max-width: 138px) 100vw, 138px\" \/><img loading=\"lazy\" decoding=\"async\" class=\"wp-image-3865 alignleft\" src=\"https:\/\/domath.surju.ee\/wp-content\/uploads\/2024\/08\/Square_pyramid_net.svg_-300x300.png\" alt=\"\" width=\"68\" height=\"68\" srcset=\"https:\/\/domath.surju.ee\/wp-content\/uploads\/2024\/08\/Square_pyramid_net.svg_-300x300.png 300w, https:\/\/domath.surju.ee\/wp-content\/uploads\/2024\/08\/Square_pyramid_net.svg_-150x150.png 150w, https:\/\/domath.surju.ee\/wp-content\/uploads\/2024\/08\/Square_pyramid_net.svg_-24x24.png 24w, https:\/\/domath.surju.ee\/wp-content\/uploads\/2024\/08\/Square_pyramid_net.svg_-36x36.png 36w, https:\/\/domath.surju.ee\/wp-content\/uploads\/2024\/08\/Square_pyramid_net.svg_-48x48.png 48w, https:\/\/domath.surju.ee\/wp-content\/uploads\/2024\/08\/Square_pyramid_net.svg_.png 720w\" sizes=\"auto, (max-width: 68px) 100vw, 68px\" \/><\/strong>\r\n<p style=\"text-align: center;\"><strong><img loading=\"lazy\" decoding=\"async\" class=\"wp-image-4437 alignleft\" src=\"https:\/\/domath.surju.ee\/wp-content\/uploads\/2024\/08\/SquarePyramid-226x300.png\" alt=\"\" width=\"133\" height=\"176\" srcset=\"https:\/\/domath.surju.ee\/wp-content\/uploads\/2024\/08\/SquarePyramid-226x300.png 226w, https:\/\/domath.surju.ee\/wp-content\/uploads\/2024\/08\/SquarePyramid-18x24.png 18w, https:\/\/domath.surju.ee\/wp-content\/uploads\/2024\/08\/SquarePyramid-27x36.png 27w, https:\/\/domath.surju.ee\/wp-content\/uploads\/2024\/08\/SquarePyramid-36x48.png 36w, https:\/\/domath.surju.ee\/wp-content\/uploads\/2024\/08\/SquarePyramid.png 288w\" sizes=\"auto, (max-width: 133px) 100vw, 133px\" \/><img loading=\"lazy\" decoding=\"async\" class=\"wp-image-4438 alignleft\" src=\"https:\/\/domath.surju.ee\/wp-content\/uploads\/2024\/08\/SurfaceAreaofSquarePyramid-300x294.png\" alt=\"\" width=\"172\" height=\"168\" srcset=\"https:\/\/domath.surju.ee\/wp-content\/uploads\/2024\/08\/SurfaceAreaofSquarePyramid-300x294.png 300w, https:\/\/domath.surju.ee\/wp-content\/uploads\/2024\/08\/SurfaceAreaofSquarePyramid-24x24.png 24w, https:\/\/domath.surju.ee\/wp-content\/uploads\/2024\/08\/SurfaceAreaofSquarePyramid-36x36.png 36w, https:\/\/domath.surju.ee\/wp-content\/uploads\/2024\/08\/SurfaceAreaofSquarePyramid-48x48.png 48w, https:\/\/domath.surju.ee\/wp-content\/uploads\/2024\/08\/SurfaceAreaofSquarePyramid.png 472w\" sizes=\"auto, (max-width: 172px) 100vw, 172px\" \/><\/strong><\/p>\r\n<\/td>\r\n<td style=\"width: 28.7879%;\">\r\n<p style=\"text-align: center;\"><strong>S<sub>t <\/sub>= S<sub>k<\/sub> +&nbsp; S<sub>p<\/sub><\/strong><\/p>\r\n<p style=\"text-align: center;\"><strong>P = 4a<\/strong><\/p>\r\n<p style=\"text-align: center;\"><img loading=\"lazy\" decoding=\"async\" class=\"alignnone  wp-image-5255\" src=\"https:\/\/domath.surju.ee\/wp-content\/uploads\/2024\/12\/Untitled.png\" alt=\"\" width=\"85\" height=\"55\" srcset=\"https:\/\/domath.surju.ee\/wp-content\/uploads\/2024\/12\/Untitled.png 254w, https:\/\/domath.surju.ee\/wp-content\/uploads\/2024\/12\/Untitled-24x15.png 24w, https:\/\/domath.surju.ee\/wp-content\/uploads\/2024\/12\/Untitled-36x23.png 36w, https:\/\/domath.surju.ee\/wp-content\/uploads\/2024\/12\/Untitled-48x31.png 48w\" sizes=\"auto, (max-width: 85px) 100vw, 85px\" \/><\/p>\r\n<p style=\"text-align: center;\"><strong> S<sub>k <\/sub>= 1\/2 x 4a x m =2am<\/strong><\/p>\r\n<p style=\"text-align: center;\"><strong>S<sub>p<\/sub> = a<sup>2<\/sup><\/strong><\/p>\r\n<p style=\"text-align: center;\"><b><strong>P\u00fcramiidi k\u00fclgpindala (S<sub>k <\/sub>) = p\u00fcramiidi k\u00fclgtahtkude pindalade summa<\/strong><\/b><\/p>\r\n<\/td>\r\n<td style=\"width: 29.4021%;\">\r\n<h6><strong>S<sub>t <\/sub><\/strong> &#8211; t\u00e4ispindala<\/h6>\r\n<p><strong>S<sub>k<\/sub> <\/strong> -k\u00fclgpindala<\/p>\r\n<p><strong>S<sub>p<\/sub><\/strong> &#8211; p\u00f5hja pindala<\/p>\r\n<h6>a -p\u00f5hiserv, ruudu k\u00fclg&nbsp;<\/h6>\r\n<h6>H &#8211;&nbsp; p\u00fcramiidi k\u00f5rgus<\/h6>\r\n<p>P &#8211;&nbsp; P\u00f5hja \u00fcmberm\u00f5\u00f5t<\/p>\r\n<p>l =m &#8211; p\u00fcramiidi apoteem,&nbsp; k\u00fclgrahu k\u00f5rgus,&nbsp;<\/p>\r\n<\/td>\r\n<\/tr>\r\n<\/tbody>\r\n<\/table>\r\n<table style=\"height: 33px; width: 96.7857%; border-collapse: collapse; background-color: #a0b6ba;\">\r\n<tbody>\r\n<tr>\r\n<td style=\"width: 100%;\">\r\n<h5 style=\"text-align: center;\"><span style=\"color: #333399;\"><strong>Kolmnurkne p\u00fcramiid<\/strong><\/span><\/h5>\r\n<\/td>\r\n<\/tr>\r\n<\/tbody>\r\n<\/table>\r\n<table style=\"border-collapse: collapse; width: 96.6667%; height: 17px;\">\r\n<tbody>\r\n<tr>\r\n<td style=\"width: 33.3333%;\"><img loading=\"lazy\" decoding=\"async\" class=\"wp-image-4443 aligncenter\" src=\"https:\/\/domath.surju.ee\/wp-content\/uploads\/2024\/08\/Haromoldalu-gula_2-1-300x292.png\" alt=\"\" width=\"241\" height=\"235\" srcset=\"https:\/\/domath.surju.ee\/wp-content\/uploads\/2024\/08\/Haromoldalu-gula_2-1-300x292.png 300w, https:\/\/domath.surju.ee\/wp-content\/uploads\/2024\/08\/Haromoldalu-gula_2-1-24x24.png 24w, https:\/\/domath.surju.ee\/wp-content\/uploads\/2024\/08\/Haromoldalu-gula_2-1-36x36.png 36w, https:\/\/domath.surju.ee\/wp-content\/uploads\/2024\/08\/Haromoldalu-gula_2-1-48x48.png 48w, https:\/\/domath.surju.ee\/wp-content\/uploads\/2024\/08\/Haromoldalu-gula_2-1.png 445w\" sizes=\"auto, (max-width: 241px) 100vw, 241px\" \/><\/td>\r\n<td style=\"width: 36.5353%;\">\r\n<p style=\"text-align: center;\"><strong>S<sub>t <\/sub>= S<sub>k<\/sub> +&nbsp; S<sub>p<\/sub><\/strong><\/p>\r\n<p style=\"text-align: center;\"><img loading=\"lazy\" decoding=\"async\" class=\"alignnone  wp-image-5255\" src=\"https:\/\/domath.surju.ee\/wp-content\/uploads\/2024\/12\/Untitled.png\" alt=\"\" width=\"83\" height=\"53\" srcset=\"https:\/\/domath.surju.ee\/wp-content\/uploads\/2024\/12\/Untitled.png 254w, https:\/\/domath.surju.ee\/wp-content\/uploads\/2024\/12\/Untitled-24x15.png 24w, https:\/\/domath.surju.ee\/wp-content\/uploads\/2024\/12\/Untitled-36x23.png 36w, https:\/\/domath.surju.ee\/wp-content\/uploads\/2024\/12\/Untitled-48x31.png 48w\" sizes=\"auto, (max-width: 83px) 100vw, 83px\" \/><br \/>\r\nP = a+ b+ c (erik\u00fclgse kolmnurga korral)<br \/>\r\nP = 3a (v\u00f5rdk\u00fclgse kolmnurga korral)<\/p>\r\n<p style=\"text-align: center;\"><strong>P\u00f5hja pindala&nbsp; =&nbsp; kolmnurga pindala<br \/>\r\n<img loading=\"lazy\" decoding=\"async\" class=\"wp-image-5258 alignleft\" src=\"https:\/\/domath.surju.ee\/wp-content\/uploads\/2024\/12\/pindala3.png\" alt=\"\" width=\"80\" height=\"49\" srcset=\"https:\/\/domath.surju.ee\/wp-content\/uploads\/2024\/12\/pindala3.png 204w, https:\/\/domath.surju.ee\/wp-content\/uploads\/2024\/12\/pindala3-24x15.png 24w, https:\/\/domath.surju.ee\/wp-content\/uploads\/2024\/12\/pindala3-36x22.png 36w, https:\/\/domath.surju.ee\/wp-content\/uploads\/2024\/12\/pindala3-48x29.png 48w\" sizes=\"auto, (max-width: 80px) 100vw, 80px\" \/><br \/>\r\n<br \/>\r\n<br \/>\r\n<\/strong><\/p>\r\n<p><b><strong>P\u00fcramiidi k\u00fclgpindala (S<sub>k <\/sub>) = p\u00fcramiidi k\u00fclgtahtkude (kolmnurkade) pindalade summa<\/strong><\/b><\/p>\r\n<\/td>\r\n<td style=\"width: 30.1313%;\">\r\n<h6><strong>S<sub>t <\/sub><\/strong> &#8211; t\u00e4ispindala<\/h6>\r\n<p><strong>S<sub>k<\/sub> <\/strong> -k\u00fclgpindala<\/p>\r\n<p><strong>S<sub>p<\/sub><\/strong> &#8211; p\u00f5hja pindala<\/p>\r\n<p>P &#8211;&nbsp; p\u00f5hja \u00fcmberm\u00f5\u00f5t<\/p>\r\n<h6>H &#8211;&nbsp; p\u00fcramiidi k\u00f5rgus<\/h6>\r\n<h6>a, b, c -p\u00f5hiservad (p\u00f5hjaks oleva kolmnurga k\u00fcljed)<\/h6>\r\n<p>l =m &#8211; p\u00fcramiidi apoteem,&nbsp; k\u00fclgrahu k\u00f5rgus,&nbsp;.<\/p>\r\n<p><strong>P\u00f5hja pindala&nbsp; = p\u00f5hitahu pindala<\/strong><\/p>\r\n<p>h &#8211; p\u00f5hja k\u00f5rgus<\/p>\r\n<\/td>\r\n<\/tr>\r\n<\/tbody>\r\n<\/table>\r\n<p>&nbsp;<\/p>","protected":false},"excerpt":{"rendered":"<p>P\u00fcramiid Pu\u0308ramiidiks nimetatakse hulk&shy;tahukat, mille \u00fcks tahk on hulknurk ja k\u00f5ik \u00fclej\u00e4\u00e4nud tahud on \u00fchise tipuga kolmnurgad. \u00dchise tipuga kolm&shy;nurgad on pu\u0308ramiidi ku\u0308lg&shy;tahud, nende kolm&shy;nurkade u\u0308hised ku\u0308ljed on pu\u0308ramiidi ku\u0308lg&shy;servad. Ku\u0308lg&shy;tahkude u\u0308hist tippu nimetatakse pu\u0308ramiidi tipuks. Hulk&shy;nurk, millel on iga kolm&shy;nurgaga u\u0308ks u\u0308hine ku\u0308lg, on pu\u0308ramiidi p\u00f5hi&shy;tahk ehk p\u00f5hi. P\u00fcramiidi p\u00f5hja k\u00fclgi nimetatakse pu\u0308ramiidi p\u00f5hi&shy;servadeks. [&#8230;]<\/p>\n<p><a class=\"btn btn-secondary understrap-read-more-link\" href=\"https:\/\/domath.surju.ee\/et\/pyramiid\/\">Read More&#8230;<span class=\"screen-reader-text\"> from P\u00fcramiid<\/span><\/a><\/p>\n","protected":false},"author":7,"featured_media":0,"parent":0,"menu_order":0,"comment_status":"closed","ping_status":"closed","template":"","meta":{"_eb_attr":"","_uag_custom_page_level_css":"","footnotes":""},"categories":[],"tags":[58,57,63,59],"class_list":["post-1827","page","type-page","status-publish","hentry","tag-english-p","tag-estonian-p","tag-greek-pi","tag-spanish-p"],"uagb_featured_image_src":{"full":false,"thumbnail":false,"medium":false,"medium_large":false,"large":false,"1536x1536":false,"2048x2048":false,"menu-24x24":false,"menu-36x36":false,"menu-48x48":false},"uagb_author_info":{"display_name":"Yessica Caceres","author_link":"https:\/\/domath.surju.ee\/et\/author\/yessica\/"},"uagb_comment_info":0,"uagb_excerpt":"P\u00fcramiid Pu\u0308ramiidiks nimetatakse hulk&shy;tahukat, mille \u00fcks tahk on hulknurk ja k\u00f5ik \u00fclej\u00e4\u00e4nud tahud on \u00fchise tipuga kolmnurgad. \u00dchise tipuga kolm&shy;nurgad on pu\u0308ramiidi ku\u0308lg&shy;tahud, nende kolm&shy;nurkade u\u0308hised ku\u0308ljed on pu\u0308ramiidi ku\u0308lg&shy;servad. Ku\u0308lg&shy;tahkude u\u0308hist tippu nimetatakse pu\u0308ramiidi tipuks. Hulk&shy;nurk, millel on iga kolm&shy;nurgaga u\u0308ks u\u0308hine ku\u0308lg, on pu\u0308ramiidi p\u00f5hi&shy;tahk ehk p\u00f5hi. P\u00fcramiidi p\u00f5hja k\u00fclgi nimetatakse pu\u0308ramiidi p\u00f5hi&shy;servadeks.&hellip;","_links":{"self":[{"href":"https:\/\/domath.surju.ee\/et\/wp-json\/wp\/v2\/pages\/1827","targetHints":{"allow":["GET"]}}],"collection":[{"href":"https:\/\/domath.surju.ee\/et\/wp-json\/wp\/v2\/pages"}],"about":[{"href":"https:\/\/domath.surju.ee\/et\/wp-json\/wp\/v2\/types\/page"}],"author":[{"embeddable":true,"href":"https:\/\/domath.surju.ee\/et\/wp-json\/wp\/v2\/users\/7"}],"replies":[{"embeddable":true,"href":"https:\/\/domath.surju.ee\/et\/wp-json\/wp\/v2\/comments?post=1827"}],"version-history":[{"count":6,"href":"https:\/\/domath.surju.ee\/et\/wp-json\/wp\/v2\/pages\/1827\/revisions"}],"predecessor-version":[{"id":5252,"href":"https:\/\/domath.surju.ee\/et\/wp-json\/wp\/v2\/pages\/1827\/revisions\/5252"}],"wp:attachment":[{"href":"https:\/\/domath.surju.ee\/et\/wp-json\/wp\/v2\/media?parent=1827"}],"wp:term":[{"taxonomy":"category","embeddable":true,"href":"https:\/\/domath.surju.ee\/et\/wp-json\/wp\/v2\/categories?post=1827"},{"taxonomy":"post_tag","embeddable":true,"href":"https:\/\/domath.surju.ee\/et\/wp-json\/wp\/v2\/tags?post=1827"}],"curies":[{"name":"wp","href":"https:\/\/api.w.org\/{rel}","templated":true}]}}