{"id":1820,"date":"2024-04-16T07:03:37","date_gmt":"2024-04-16T07:03:37","guid":{"rendered":"https:\/\/domath.surju.ee\/?page_id=1820"},"modified":"2025-01-02T19:50:09","modified_gmt":"2025-01-02T19:50:09","slug":"negative-integer","status":"publish","type":"page","link":"https:\/\/domath.surju.ee\/et\/negatiivne-taisarv\/","title":{"rendered":"Negatiivne t\u00e4isarv"},"content":{"rendered":"<h1 style=\"text-align: center;\"><span style=\"color: #008000;\"><strong>Negatiivne t\u00e4isarv<br \/>\r\n<\/strong><\/span><\/h1>\r\n\r\n<p>Arve 1, 2, 3,&#8230;. nimetatakse <strong>positiivseteks t\u00e4isarvudeks<\/strong> ja arve -1, -2, -3, &#8230; <span style=\"color: #ff0000;\"><strong>negatiivseteks t\u00e4isarvudeks.<br \/>\r\n<br \/>\r\n<\/strong><\/span> <strong>Negatiivsed t\u00e4isarvud<\/strong> on alati nullist v\u00e4iksemad.&nbsp; <br \/>\r\nNegatiivse t\u00e4isarvu ees on alati miinusm\u00e4rk. <br \/>\r\nHarilik murd ega k\u00fcmnendmurd ei ole t\u00e4isarv. <br \/>\r\n<strong>T\u00e4isarvu -a nimetatakse arvu a vastandarvuks.&nbsp;<\/strong><\/p>\r\n\r\n\r\n<p>Arvureas on <strong>negatiivsed t\u00e4isarvud<\/strong> nullist vasakul pool.&nbsp;<\/p>\r\n\r\n\r\n<p><strong><mark><mark class=\"has-inline-color\" style=\"background-color: rgba(0, 0, 0, 0); color: #4633ff;\">..-6, -5, -4, -3, -2, -1<\/mark><\/mark><\/strong><mark class=\"has-inline-color has-purple-color\" style=\"background-color: rgba(0, 0, 0, 0);\"><strong><mark>,<\/mark><\/strong><\/mark> <mark class=\"has-inline-color has-red-color\" style=\"background-color: rgba(0, 0, 0, 0);\"><strong>0<\/strong><\/mark>, 1, 2, 3, 4, 5, 6, 7, &#8230;&#8230;&#8230;&#8230;&#8230;&#8230;&#8230;&#8230;&#8230;&#8230;.<\/p>\r\n\r\n\r\n<p>*<span style=\"color: #ff0000;\"> Null ei ole ei positiivne ega negatiivne arv.&nbsp;<\/span><\/p>\r\n\r\n\r\n<figure class=\"wp-block-image size-full is-resized\"><img loading=\"lazy\" decoding=\"async\" width=\"587\" height=\"344\" class=\"wp-image-2832\" style=\"width: 512px; height: auto;\" src=\"https:\/\/domath.surju.ee\/wp-content\/uploads\/2024\/07\/veooooo.png\" alt=\"\" srcset=\"https:\/\/domath.surju.ee\/wp-content\/uploads\/2024\/07\/veooooo.png 587w, https:\/\/domath.surju.ee\/wp-content\/uploads\/2024\/07\/veooooo-300x176.png 300w, https:\/\/domath.surju.ee\/wp-content\/uploads\/2024\/07\/veooooo-24x14.png 24w, https:\/\/domath.surju.ee\/wp-content\/uploads\/2024\/07\/veooooo-36x21.png 36w, https:\/\/domath.surju.ee\/wp-content\/uploads\/2024\/07\/veooooo-48x28.png 48w\" sizes=\"auto, (max-width: 587px) 100vw, 587px\" \/><\/figure>\r\n\r\n\r\n<figure class=\"wp-block-image size-full is-resized\"><img loading=\"lazy\" decoding=\"async\" width=\"609\" height=\"331\" class=\"wp-image-2805\" style=\"width: 513px; height: auto;\" src=\"https:\/\/domath.surju.ee\/wp-content\/uploads\/2024\/07\/2024-07-26-13_04_34-\u03a7\u03c9\u03c1\u03af\u03c2-\u03c4\u03af\u03c4\u03bb\u03bf-\u0396\u03c9\u03b3\u03c1\u03b1\u03c6\u03b9\u03ba\u03ae-.png\" alt=\"\" srcset=\"https:\/\/domath.surju.ee\/wp-content\/uploads\/2024\/07\/2024-07-26-13_04_34-\u03a7\u03c9\u03c1\u03af\u03c2-\u03c4\u03af\u03c4\u03bb\u03bf-\u0396\u03c9\u03b3\u03c1\u03b1\u03c6\u03b9\u03ba\u03ae-.png 609w, https:\/\/domath.surju.ee\/wp-content\/uploads\/2024\/07\/2024-07-26-13_04_34-\u03a7\u03c9\u03c1\u03af\u03c2-\u03c4\u03af\u03c4\u03bb\u03bf-\u0396\u03c9\u03b3\u03c1\u03b1\u03c6\u03b9\u03ba\u03ae--300x163.png 300w, https:\/\/domath.surju.ee\/wp-content\/uploads\/2024\/07\/2024-07-26-13_04_34-\u03a7\u03c9\u03c1\u03af\u03c2-\u03c4\u03af\u03c4\u03bb\u03bf-\u0396\u03c9\u03b3\u03c1\u03b1\u03c6\u03b9\u03ba\u03ae--24x13.png 24w, https:\/\/domath.surju.ee\/wp-content\/uploads\/2024\/07\/2024-07-26-13_04_34-\u03a7\u03c9\u03c1\u03af\u03c2-\u03c4\u03af\u03c4\u03bb\u03bf-\u0396\u03c9\u03b3\u03c1\u03b1\u03c6\u03b9\u03ba\u03ae--36x20.png 36w, https:\/\/domath.surju.ee\/wp-content\/uploads\/2024\/07\/2024-07-26-13_04_34-\u03a7\u03c9\u03c1\u03af\u03c2-\u03c4\u03af\u03c4\u03bb\u03bf-\u0396\u03c9\u03b3\u03c1\u03b1\u03c6\u03b9\u03ba\u03ae--48x26.png 48w\" sizes=\"auto, (max-width: 609px) 100vw, 609px\" \/><\/figure>\r\n\r\n\r\n<p class=\"has-medium-font-size\"><mark class=\"has-inline-color has-red-color\" style=\"background-color: rgba(0, 0, 0, 0);\"><strong>Siin on m\u00f5ned m\u00e4ngud:<\/strong><\/mark><\/p>\r\n\r\n\r\n\r\n<p class=\"has-medium-font-size\"><a href=\"https:\/\/www.free-training-tutorial.com\/negative-numbers\/speedboat.html\">https:\/\/www.free-training-tutorial.com\/negative-numbers\/speedboat.html<\/a><strong><br \/>\r\n<\/strong><\/p>\r\n","protected":false},"excerpt":{"rendered":"<p>Negatiivne t\u00e4isarv Arve 1, 2, 3,&#8230;. nimetatakse positiivseteks t\u00e4isarvudeks ja arve -1, -2, -3, &#8230; negatiivseteks t\u00e4isarvudeks. Negatiivsed t\u00e4isarvud on alati nullist v\u00e4iksemad.&nbsp; Negatiivse t\u00e4isarvu ees on alati miinusm\u00e4rk. Harilik murd ega k\u00fcmnendmurd ei ole t\u00e4isarv. T\u00e4isarvu -a nimetatakse arvu a vastandarvuks.&nbsp; Arvureas on negatiivsed t\u00e4isarvud nullist vasakul pool.&nbsp; ..-6, -5, -4, -3, -2, -1, [&#8230;]<\/p>\n<p><a class=\"btn btn-secondary understrap-read-more-link\" href=\"https:\/\/domath.surju.ee\/et\/negatiivne-taisarv\/\">Read More&#8230;<span class=\"screen-reader-text\"> from Negatiivne t\u00e4isarv<\/span><\/a><\/p>\n","protected":false},"author":9,"featured_media":0,"parent":0,"menu_order":0,"comment_status":"closed","ping_status":"closed","template":"","meta":{"_eb_attr":"","_uag_custom_page_level_css":"","footnotes":""},"categories":[],"tags":[97,79,86],"class_list":["post-1820","page","type-page","status-publish","hentry","tag-english-n","tag-estonian-n","tag-greek-alpha"],"uagb_featured_image_src":{"full":false,"thumbnail":false,"medium":false,"medium_large":false,"large":false,"1536x1536":false,"2048x2048":false,"menu-24x24":false,"menu-36x36":false,"menu-48x48":false},"uagb_author_info":{"display_name":"Styliani Bempi","author_link":"https:\/\/domath.surju.ee\/et\/author\/styliani\/"},"uagb_comment_info":0,"uagb_excerpt":"Negatiivne t\u00e4isarv Arve 1, 2, 3,&#8230;. nimetatakse positiivseteks t\u00e4isarvudeks ja arve -1, -2, -3, &#8230; negatiivseteks t\u00e4isarvudeks. Negatiivsed t\u00e4isarvud on alati nullist v\u00e4iksemad.&nbsp; Negatiivse t\u00e4isarvu ees on alati miinusm\u00e4rk. Harilik murd ega k\u00fcmnendmurd ei ole t\u00e4isarv. T\u00e4isarvu -a nimetatakse arvu a vastandarvuks.&nbsp; Arvureas on negatiivsed t\u00e4isarvud nullist vasakul pool.&nbsp; ..-6, -5, -4, -3, -2, -1,&hellip;","_links":{"self":[{"href":"https:\/\/domath.surju.ee\/et\/wp-json\/wp\/v2\/pages\/1820","targetHints":{"allow":["GET"]}}],"collection":[{"href":"https:\/\/domath.surju.ee\/et\/wp-json\/wp\/v2\/pages"}],"about":[{"href":"https:\/\/domath.surju.ee\/et\/wp-json\/wp\/v2\/types\/page"}],"author":[{"embeddable":true,"href":"https:\/\/domath.surju.ee\/et\/wp-json\/wp\/v2\/users\/9"}],"replies":[{"embeddable":true,"href":"https:\/\/domath.surju.ee\/et\/wp-json\/wp\/v2\/comments?post=1820"}],"version-history":[{"count":12,"href":"https:\/\/domath.surju.ee\/et\/wp-json\/wp\/v2\/pages\/1820\/revisions"}],"predecessor-version":[{"id":4201,"href":"https:\/\/domath.surju.ee\/et\/wp-json\/wp\/v2\/pages\/1820\/revisions\/4201"}],"wp:attachment":[{"href":"https:\/\/domath.surju.ee\/et\/wp-json\/wp\/v2\/media?parent=1820"}],"wp:term":[{"taxonomy":"category","embeddable":true,"href":"https:\/\/domath.surju.ee\/et\/wp-json\/wp\/v2\/categories?post=1820"},{"taxonomy":"post_tag","embeddable":true,"href":"https:\/\/domath.surju.ee\/et\/wp-json\/wp\/v2\/tags?post=1820"}],"curies":[{"name":"wp","href":"https:\/\/api.w.org\/{rel}","templated":true}]}}