{"id":1813,"date":"2024-04-16T06:58:10","date_gmt":"2024-04-16T06:58:10","guid":{"rendered":"https:\/\/domath.surju.ee\/?page_id=1813"},"modified":"2024-12-25T17:56:21","modified_gmt":"2024-12-25T17:56:21","slug":"measurement","status":"publish","type":"page","link":"https:\/\/domath.surju.ee\/et\/mootmine\/","title":{"rendered":"M\u00f5\u00f5tmine"},"content":{"rendered":"<h1 style=\"text-align: center;\"><span style=\"color: #008000;\"><strong>M\u00f5\u00f5tmine<\/strong><\/span><\/h1>\r\n\r\n<p>Mingit suurust (pikkust, massi, mahtu, aega jms) <strong>m\u00f5\u00f5ta<\/strong> t\u00e4hendab seda suurust v\u00f5rrelda teise sama liiki suurusega. <br \/>\r\nAinete omadusi m\u00f5\u00f5deti juba muistsetel aegadel. Selle aja inimestel ei olnud olemas <strong>m\u00f5\u00f5teriistu<\/strong>. Seet\u00f5ttu hakkasid inimesed m\u00f5\u00f5t\u00fchikuna kasutama iseendid.&nbsp;<\/p>\r\n\r\n\r\n<p>M\u00e4ngud leiad&nbsp; <a href=\"https:\/\/www.softschools.com\/measurement\/games\/\" data-type=\"link\" data-id=\"https:\/\/www.softschools.com\/measurement\/games\/\">SIIT<\/a><\/p>\r\n<br \/>\r\n","protected":false},"excerpt":{"rendered":"<p>M\u00f5\u00f5tmine Mingit suurust (pikkust, massi, mahtu, aega jms) m\u00f5\u00f5ta t\u00e4hendab seda suurust v\u00f5rrelda teise sama liiki suurusega. Ainete omadusi m\u00f5\u00f5deti juba muistsetel aegadel. Selle aja inimestel ei olnud olemas m\u00f5\u00f5teriistu. Seet\u00f5ttu hakkasid inimesed m\u00f5\u00f5t\u00fchikuna kasutama iseendid.&nbsp; M\u00e4ngud leiad&nbsp; SIIT [&#8230;]<\/p>\n<p><a class=\"btn btn-secondary understrap-read-more-link\" href=\"https:\/\/domath.surju.ee\/et\/mootmine\/\">Read More&#8230;<span class=\"screen-reader-text\"> from M\u00f5\u00f5tmine<\/span><\/a><\/p>\n","protected":false},"author":10,"featured_media":0,"parent":0,"menu_order":0,"comment_status":"closed","ping_status":"closed","template":"","meta":{"_eb_attr":"","_uag_custom_page_level_css":"","footnotes":""},"categories":[],"tags":[64,113,145],"class_list":["post-1813","page","type-page","status-publish","hentry","tag-english-m","tag-estonian-m","tag-greek-mu"],"uagb_featured_image_src":{"full":false,"thumbnail":false,"medium":false,"medium_large":false,"large":false,"1536x1536":false,"2048x2048":false,"menu-24x24":false,"menu-36x36":false,"menu-48x48":false},"uagb_author_info":{"display_name":"Maria Kosmidou","author_link":"https:\/\/domath.surju.ee\/et\/author\/maria\/"},"uagb_comment_info":0,"uagb_excerpt":"M\u00f5\u00f5tmine Mingit suurust (pikkust, massi, mahtu, aega jms) m\u00f5\u00f5ta t\u00e4hendab seda suurust v\u00f5rrelda teise sama liiki suurusega. Ainete omadusi m\u00f5\u00f5deti juba muistsetel aegadel. Selle aja inimestel ei olnud olemas m\u00f5\u00f5teriistu. Seet\u00f5ttu hakkasid inimesed m\u00f5\u00f5t\u00fchikuna kasutama iseendid.&nbsp; M\u00e4ngud leiad&nbsp; SIIT [...]Read More... from M\u00f5\u00f5tmine","_links":{"self":[{"href":"https:\/\/domath.surju.ee\/et\/wp-json\/wp\/v2\/pages\/1813","targetHints":{"allow":["GET"]}}],"collection":[{"href":"https:\/\/domath.surju.ee\/et\/wp-json\/wp\/v2\/pages"}],"about":[{"href":"https:\/\/domath.surju.ee\/et\/wp-json\/wp\/v2\/types\/page"}],"author":[{"embeddable":true,"href":"https:\/\/domath.surju.ee\/et\/wp-json\/wp\/v2\/users\/10"}],"replies":[{"embeddable":true,"href":"https:\/\/domath.surju.ee\/et\/wp-json\/wp\/v2\/comments?post=1813"}],"version-history":[{"count":8,"href":"https:\/\/domath.surju.ee\/et\/wp-json\/wp\/v2\/pages\/1813\/revisions"}],"predecessor-version":[{"id":4984,"href":"https:\/\/domath.surju.ee\/et\/wp-json\/wp\/v2\/pages\/1813\/revisions\/4984"}],"wp:attachment":[{"href":"https:\/\/domath.surju.ee\/et\/wp-json\/wp\/v2\/media?parent=1813"}],"wp:term":[{"taxonomy":"category","embeddable":true,"href":"https:\/\/domath.surju.ee\/et\/wp-json\/wp\/v2\/categories?post=1813"},{"taxonomy":"post_tag","embeddable":true,"href":"https:\/\/domath.surju.ee\/et\/wp-json\/wp\/v2\/tags?post=1813"}],"curies":[{"name":"wp","href":"https:\/\/api.w.org\/{rel}","templated":true}]}}