{"id":1799,"date":"2024-04-16T06:49:28","date_gmt":"2024-04-16T06:49:28","guid":{"rendered":"https:\/\/domath.surju.ee\/?page_id=1799"},"modified":"2024-12-30T23:33:05","modified_gmt":"2024-12-30T23:33:05","slug":"1799-2","status":"publish","type":"page","link":"https:\/\/domath.surju.ee\/et\/tuhat\/","title":{"rendered":"Tuhat"},"content":{"rendered":"<h1 style=\"text-align: center;\"><span style=\"color: #008000;\"><strong>Tuhat<\/strong><\/span><\/h1>\r\n<p><span style=\"color: #ff0000;\"><strong>Tuhat <\/strong><\/span>on naturaalarv, mis on v\u00f5rdne k\u00fcmne sajaga. Tuhandet m\u00e4rgitakse araabia numbritega <strong>1000<\/strong> ja rooma numbritega <strong>M<\/strong>.&nbsp;<\/p>\r\n<p>Arvule <strong>1000<\/strong> eelneb arv 999 ja j\u00e4rgneb arv 1001.&nbsp;<\/p>\r\n<p style=\"text-align: center;\"><strong>10 x 10 x 10 = 1000<\/strong><\/p>\r\n<p style=\"text-align: center;\"><strong>Tuhat on 10<sup>3<\/sup><\/strong><\/p>\r\n<div class=\"wp-block-image\">\r\n<figure class=\"aligncenter size-full is-resized\"><img loading=\"lazy\" decoding=\"async\" width=\"1000\" height=\"434\" class=\"wp-image-3338\" style=\"width: 427px; height: auto;\" src=\"https:\/\/domath.surju.ee\/wp-content\/uploads\/2024\/07\/1000th-1.png\" alt=\"\" srcset=\"https:\/\/domath.surju.ee\/wp-content\/uploads\/2024\/07\/1000th-1.png 1000w, https:\/\/domath.surju.ee\/wp-content\/uploads\/2024\/07\/1000th-1-300x130.png 300w, https:\/\/domath.surju.ee\/wp-content\/uploads\/2024\/07\/1000th-1-768x333.png 768w, https:\/\/domath.surju.ee\/wp-content\/uploads\/2024\/07\/1000th-1-24x10.png 24w, https:\/\/domath.surju.ee\/wp-content\/uploads\/2024\/07\/1000th-1-36x16.png 36w, https:\/\/domath.surju.ee\/wp-content\/uploads\/2024\/07\/1000th-1-48x21.png 48w\" sizes=\"auto, (max-width: 1000px) 100vw, 1000px\" \/><\/figure><\/div>\r\n\r\n<p>&nbsp;<\/p>\r\n","protected":false},"excerpt":{"rendered":"<p>Tuhat Tuhat on naturaalarv, mis on v\u00f5rdne k\u00fcmne sajaga. Tuhandet m\u00e4rgitakse araabia numbritega 1000 ja rooma numbritega M.&nbsp; Arvule 1000 eelneb arv 999 ja j\u00e4rgneb arv 1001.&nbsp; 10 x 10 x 10 = 1000 Tuhat on 103 &nbsp; [&#8230;]<\/p>\n<p><a class=\"btn btn-secondary understrap-read-more-link\" href=\"https:\/\/domath.surju.ee\/et\/tuhat\/\">Read More&#8230;<span class=\"screen-reader-text\"> from Tuhat<\/span><\/a><\/p>\n","protected":false},"author":12,"featured_media":0,"parent":0,"menu_order":0,"comment_status":"closed","ping_status":"closed","template":"","meta":{"_eb_attr":"","_uag_custom_page_level_css":"","footnotes":""},"categories":[],"tags":[23,40,154],"class_list":["post-1799","page","type-page","status-publish","hentry","tag-english-t","tag-estonian-t","tag-greek-chi"],"uagb_featured_image_src":{"full":false,"thumbnail":false,"medium":false,"medium_large":false,"large":false,"1536x1536":false,"2048x2048":false,"menu-24x24":false,"menu-36x36":false,"menu-48x48":false},"uagb_author_info":{"display_name":"Ave Kartau","author_link":"https:\/\/domath.surju.ee\/et\/author\/ave\/"},"uagb_comment_info":0,"uagb_excerpt":"Tuhat Tuhat on naturaalarv, mis on v\u00f5rdne k\u00fcmne sajaga. Tuhandet m\u00e4rgitakse araabia numbritega 1000 ja rooma numbritega M.&nbsp; Arvule 1000 eelneb arv 999 ja j\u00e4rgneb arv 1001.&nbsp; 10 x 10 x 10 = 1000 Tuhat on 103 &nbsp; [...]Read More... from Tuhat","_links":{"self":[{"href":"https:\/\/domath.surju.ee\/et\/wp-json\/wp\/v2\/pages\/1799","targetHints":{"allow":["GET"]}}],"collection":[{"href":"https:\/\/domath.surju.ee\/et\/wp-json\/wp\/v2\/pages"}],"about":[{"href":"https:\/\/domath.surju.ee\/et\/wp-json\/wp\/v2\/types\/page"}],"author":[{"embeddable":true,"href":"https:\/\/domath.surju.ee\/et\/wp-json\/wp\/v2\/users\/12"}],"replies":[{"embeddable":true,"href":"https:\/\/domath.surju.ee\/et\/wp-json\/wp\/v2\/comments?post=1799"}],"version-history":[{"count":5,"href":"https:\/\/domath.surju.ee\/et\/wp-json\/wp\/v2\/pages\/1799\/revisions"}],"predecessor-version":[{"id":3364,"href":"https:\/\/domath.surju.ee\/et\/wp-json\/wp\/v2\/pages\/1799\/revisions\/3364"}],"wp:attachment":[{"href":"https:\/\/domath.surju.ee\/et\/wp-json\/wp\/v2\/media?parent=1799"}],"wp:term":[{"taxonomy":"category","embeddable":true,"href":"https:\/\/domath.surju.ee\/et\/wp-json\/wp\/v2\/categories?post=1799"},{"taxonomy":"post_tag","embeddable":true,"href":"https:\/\/domath.surju.ee\/et\/wp-json\/wp\/v2\/tags?post=1799"}],"curies":[{"name":"wp","href":"https:\/\/api.w.org\/{rel}","templated":true}]}}