{"id":1795,"date":"2024-04-16T07:11:33","date_gmt":"2024-04-16T07:11:33","guid":{"rendered":"https:\/\/domath.surju.ee\/?page_id=1795"},"modified":"2024-10-24T08:01:53","modified_gmt":"2024-10-24T08:01:53","slug":"date","status":"publish","type":"page","link":"https:\/\/domath.surju.ee\/et\/kuupaev\/","title":{"rendered":"Kuup\u00e4ev"},"content":{"rendered":"<h1 style=\"text-align: center;\"><span style=\"color: #008000;\"><strong>Kuup\u00e4ev<\/strong><\/span><\/h1>\r\n\r\n<p>&nbsp;<\/p>\r\n\r\n\r\n<div class=\"wp-block-gutenverse-divider guten-element guten-divider guten-LAmLxW\">\r\n<div class=\"guten-divider-wrapper\">\r\n<div class=\"guten-divider-default guten-divider-line guten-divider-regular\"><span style=\"color: #ff0000;\"><strong>Kuup\u00e4ev<\/strong> <\/span>ehk daatum on p\u00e4eva j\u00e4rjekorranumber kuus, millele lisatakse kuu ja aasta (numbrite ja\/v\u00f5i s\u00f5nadega).&nbsp;<\/div>\r\n<\/div>\r\n<\/div>\r\n\r\n\r\n<div class=\"section-wrapper\" data-id=\"iauaal\">\r\n<section class=\"wp-block-gutenverse-section guten-element guten-section guten-iauaal layout-boxed align-stretch\">\r\n<div class=\"guten-background-overlay\">&nbsp;<\/div>\r\n<div class=\"guten-shape-divider guten-shape-divider-top\">&nbsp;<\/div>\r\n<div class=\"guten-shape-divider guten-shape-divider-bottom\">&nbsp;<\/div>\r\n<div class=\"guten-container guten-column-gap-default\">\r\n<div class=\"wp-block-gutenverse-column guten-element guten-column guten-Z1AyVX\">\r\n<div class=\"guten-background-overlay\"><strong>Kuup\u00e4evi<\/strong> kasutatakse kalendrites.<\/div>\r\n<div class=\"sticky-wrapper\" data-id=\"Z1AyVX\">\r\n<div class=\"guten-column-wrapper\">\r\n<div class=\"section-wrapper\" data-id=\"ujlKu7\">\r\n<section class=\"wp-block-gutenverse-section guten-element guten-section guten-ujlKu7 layout-boxed align-stretch\">\r\n<div class=\"guten-background-overlay\">&nbsp;<\/div>\r\n<div class=\"guten-shape-divider guten-shape-divider-top\">&nbsp;<\/div>\r\n<div class=\"guten-shape-divider guten-shape-divider-bottom\">&nbsp;<\/div>\r\n<div class=\"guten-container guten-column-gap-default\">\r\n<div class=\"wp-block-gutenverse-column guten-element guten-column guten-3bRa7A\">\r\n<div class=\"guten-background-overlay\">&nbsp;<\/div>\r\n<div class=\"sticky-wrapper\" data-id=\"3bRa7A\">\r\n<div class=\"guten-column-wrapper\">\r\n<div class=\"wp-block-group is-nowrap is-layout-flex wp-container-core-group-is-layout-ad2f72ca wp-block-group-is-layout-flex\">\r\n<p>&nbsp;<\/p>\r\n\r\n<div class=\"wp-block-image\">\r\n<figure class=\"aligncenter size-large is-resized\"><img loading=\"lazy\" decoding=\"async\" width=\"1024\" height=\"877\" class=\"wp-image-2299\" style=\"width: 227px; height: auto;\" src=\"https:\/\/domath.surju.ee\/wp-content\/uploads\/2024\/07\/calendar-310690_1280-1024x877.png\" alt=\"\" srcset=\"https:\/\/domath.surju.ee\/wp-content\/uploads\/2024\/07\/calendar-310690_1280-1024x877.png 1024w, https:\/\/domath.surju.ee\/wp-content\/uploads\/2024\/07\/calendar-310690_1280-300x257.png 300w, https:\/\/domath.surju.ee\/wp-content\/uploads\/2024\/07\/calendar-310690_1280-768x658.png 768w, https:\/\/domath.surju.ee\/wp-content\/uploads\/2024\/07\/calendar-310690_1280-24x21.png 24w, https:\/\/domath.surju.ee\/wp-content\/uploads\/2024\/07\/calendar-310690_1280-36x31.png 36w, https:\/\/domath.surju.ee\/wp-content\/uploads\/2024\/07\/calendar-310690_1280-48x41.png 48w, https:\/\/domath.surju.ee\/wp-content\/uploads\/2024\/07\/calendar-310690_1280.png 1280w\" sizes=\"auto, (max-width: 1024px) 100vw, 1024px\" \/><\/figure><\/div><\/div>\r\n\r\n\r\n<p><strong>Kuup\u00e4evi<\/strong> saab kirjutada erinevatel viisidel.<\/p>\r\n\r\n\r\n<p>&nbsp;<\/p>\r\n\r\n\r\n<div class=\"wp-block-group is-nowrap is-layout-flex wp-container-core-group-is-layout-ad2f72ca wp-block-group-is-layout-flex\">\r\n<p><strong><span style=\"color: #0000ff;\">N\u00e4ited:&nbsp;<\/span><\/strong><\/p>\r\n\r\n<div class=\"wp-block-image\">\r\n<figure class=\"alignleft size-full is-resized\"><img loading=\"lazy\" decoding=\"async\" width=\"345\" height=\"368\" class=\"wp-image-2305\" style=\"width: 310px; height: auto;\" src=\"https:\/\/domath.surju.ee\/wp-content\/uploads\/2024\/07\/date_formats-transparest.png\" alt=\"\" srcset=\"https:\/\/domath.surju.ee\/wp-content\/uploads\/2024\/07\/date_formats-transparest.png 345w, https:\/\/domath.surju.ee\/wp-content\/uploads\/2024\/07\/date_formats-transparest-281x300.png 281w, https:\/\/domath.surju.ee\/wp-content\/uploads\/2024\/07\/date_formats-transparest-34x36.png 34w, https:\/\/domath.surju.ee\/wp-content\/uploads\/2024\/07\/date_formats-transparest-45x48.png 45w\" sizes=\"auto, (max-width: 345px) 100vw, 345px\" \/><\/figure><\/div><\/div>\r\n\r\n\r\n<div class=\"wp-block-group is-nowrap is-layout-flex wp-container-core-group-is-layout-ad2f72ca wp-block-group-is-layout-flex\">&nbsp;<\/div>\r\n<\/div>\r\n<\/div>\r\n<\/div>\r\n<\/div>\r\n<\/section>\r\n<\/div>\r\n<\/div>\r\n<\/div>\r\n<\/div>\r\n<\/div>\r\n<\/section>\r\n<\/div>\r\n","protected":false},"excerpt":{"rendered":"<p>Kuup\u00e4ev &nbsp; Kuup\u00e4ev ehk daatum on p\u00e4eva j\u00e4rjekorranumber kuus, millele lisatakse kuu ja aasta (numbrite ja\/v\u00f5i s\u00f5nadega).&nbsp; &nbsp; &nbsp; &nbsp; Kuup\u00e4evi kasutatakse kalendrites. &nbsp; &nbsp; &nbsp; &nbsp; &nbsp; Kuup\u00e4evi saab kirjutada erinevatel viisidel. &nbsp; N\u00e4ited:&nbsp; &nbsp; [&#8230;]<\/p>\n<p><a class=\"btn btn-secondary understrap-read-more-link\" href=\"https:\/\/domath.surju.ee\/et\/kuupaev\/\">Read More&#8230;<span class=\"screen-reader-text\"> from Kuup\u00e4ev<\/span><\/a><\/p>\n","protected":false},"author":4,"featured_media":0,"parent":0,"menu_order":0,"comment_status":"closed","ping_status":"closed","template":"","meta":{"_eb_attr":"","_uag_custom_page_level_css":"","footnotes":""},"categories":[],"tags":[12,76,141,157],"class_list":["post-1795","page","type-page","status-publish","hentry","tag-english-d","tag-estonian-k","tag-greek-eta","tag-spanish-f"],"uagb_featured_image_src":{"full":false,"thumbnail":false,"medium":false,"medium_large":false,"large":false,"1536x1536":false,"2048x2048":false,"menu-24x24":false,"menu-36x36":false,"menu-48x48":false},"uagb_author_info":{"display_name":"Thomi Anagrostou","author_link":"https:\/\/domath.surju.ee\/et\/author\/thomi\/"},"uagb_comment_info":0,"uagb_excerpt":"Kuup\u00e4ev &nbsp; Kuup\u00e4ev ehk daatum on p\u00e4eva j\u00e4rjekorranumber kuus, millele lisatakse kuu ja aasta (numbrite ja\/v\u00f5i s\u00f5nadega).&nbsp; &nbsp; &nbsp; &nbsp; Kuup\u00e4evi kasutatakse kalendrites. &nbsp; &nbsp; &nbsp; &nbsp; &nbsp; Kuup\u00e4evi saab kirjutada erinevatel viisidel. &nbsp; N\u00e4ited:&nbsp; &nbsp; [...]Read More... from Kuup\u00e4ev","_links":{"self":[{"href":"https:\/\/domath.surju.ee\/et\/wp-json\/wp\/v2\/pages\/1795","targetHints":{"allow":["GET"]}}],"collection":[{"href":"https:\/\/domath.surju.ee\/et\/wp-json\/wp\/v2\/pages"}],"about":[{"href":"https:\/\/domath.surju.ee\/et\/wp-json\/wp\/v2\/types\/page"}],"author":[{"embeddable":true,"href":"https:\/\/domath.surju.ee\/et\/wp-json\/wp\/v2\/users\/4"}],"replies":[{"embeddable":true,"href":"https:\/\/domath.surju.ee\/et\/wp-json\/wp\/v2\/comments?post=1795"}],"version-history":[{"count":7,"href":"https:\/\/domath.surju.ee\/et\/wp-json\/wp\/v2\/pages\/1795\/revisions"}],"predecessor-version":[{"id":4062,"href":"https:\/\/domath.surju.ee\/et\/wp-json\/wp\/v2\/pages\/1795\/revisions\/4062"}],"wp:attachment":[{"href":"https:\/\/domath.surju.ee\/et\/wp-json\/wp\/v2\/media?parent=1795"}],"wp:term":[{"taxonomy":"category","embeddable":true,"href":"https:\/\/domath.surju.ee\/et\/wp-json\/wp\/v2\/categories?post=1795"},{"taxonomy":"post_tag","embeddable":true,"href":"https:\/\/domath.surju.ee\/et\/wp-json\/wp\/v2\/tags?post=1795"}],"curies":[{"name":"wp","href":"https:\/\/api.w.org\/{rel}","templated":true}]}}