{"id":1787,"date":"2024-04-16T07:03:42","date_gmt":"2024-04-16T07:03:42","guid":{"rendered":"https:\/\/domath.surju.ee\/?page_id=1787"},"modified":"2025-01-02T19:44:34","modified_gmt":"2025-01-02T19:44:34","slug":"probability","status":"publish","type":"page","link":"https:\/\/domath.surju.ee\/et\/toenaosus\/","title":{"rendered":"T\u00f5en\u00e4osus"},"content":{"rendered":"<h1 style=\"text-align: center;\"><strong><span style=\"color: #008000;\">T\u00f5en\u00e4osus<\/span><\/strong><\/h1>\r\n\r\n<p><span style=\"color: #ff0000;\"><strong>S\u00fcndmuse t\u00f5en\u00e4osus <\/strong>&nbsp;<span style=\"color: #000000;\">on arv, mis iseloomustab s\u00fcndmuse toimumise t\u00f5en\u00e4osust teatud tingimustel.<br \/>\r\n<strong>Suhteline sagedus<\/strong> n\u00e4itab, kui suur on t\u00f5en\u00e4osus mingi s\u00fcndmuse toimumiseks.<br \/>\r\n<br \/>\r\n<strong>T\u00f5en\u00e4osuse leiame<\/strong>, kui jagame soodsate v\u00f5i oodatud v\u00f5imaluste arvu k\u00f5ikide v\u00f5imaluste arvuga.<br \/>\r\n<img loading=\"lazy\" decoding=\"async\" class=\"alignnone size-medium wp-image-4971\" src=\"https:\/\/domath.surju.ee\/wp-content\/uploads\/2024\/12\/toenaosus-300x73.png\" alt=\"\" width=\"300\" height=\"73\" srcset=\"https:\/\/domath.surju.ee\/wp-content\/uploads\/2024\/12\/toenaosus-300x73.png 300w, https:\/\/domath.surju.ee\/wp-content\/uploads\/2024\/12\/toenaosus-24x6.png 24w, https:\/\/domath.surju.ee\/wp-content\/uploads\/2024\/12\/toenaosus-36x9.png 36w, https:\/\/domath.surju.ee\/wp-content\/uploads\/2024\/12\/toenaosus-48x12.png 48w, https:\/\/domath.surju.ee\/wp-content\/uploads\/2024\/12\/toenaosus.png 634w\" sizes=\"auto, (max-width: 300px) 100vw, 300px\" \/><br \/>\r\n<br \/>\r\n<span style=\"color: #339966;\"><strong>S\u00fcndmuse A klassikaline t\u00f5en\u00e4osus:<\/strong><\/span><\/span><\/span><\/p>\r\n<p><strong><img loading=\"lazy\" decoding=\"async\" class=\"wp-image-4974 aligncenter\" src=\"https:\/\/domath.surju.ee\/wp-content\/uploads\/2024\/12\/toenaosus2-1.png\" alt=\"\" width=\"128\" height=\"44\" srcset=\"https:\/\/domath.surju.ee\/wp-content\/uploads\/2024\/12\/toenaosus2-1.png 275w, https:\/\/domath.surju.ee\/wp-content\/uploads\/2024\/12\/toenaosus2-1-24x8.png 24w, https:\/\/domath.surju.ee\/wp-content\/uploads\/2024\/12\/toenaosus2-1-36x12.png 36w, https:\/\/domath.surju.ee\/wp-content\/uploads\/2024\/12\/toenaosus2-1-48x17.png 48w\" sizes=\"auto, (max-width: 128px) 100vw, 128px\" \/><br \/>\r\nn &#8211; k\u00f5ikide v\u00f5imaluste arv, k &#8211; soodsate v\u00f5imaluste arv.&nbsp;<br \/>\r\n<br \/>\r\nT\u00f5en\u00e4osust v\u00e4ljendatakse sageli protsentides<\/strong><\/p>\r\n<p><strong>Kindel s\u00fcndmus&nbsp;<\/strong>on s\u00fcndmus, mis katse v\u00f5i vaatluse korral alati toimub, t\u00f5en\u00e4osus on 1.<br \/>\r\n<span style=\"color: #0000ff;\"><strong>N\u00e4ide 1<\/strong>. <\/span>Reedele j\u00e4rgneb laup\u00e4ev.<strong><br \/>\r\n<br \/>\r\nV\u00f5imatu s\u00fcndmus <\/strong>on s\u00fcndmus, mis katse v\u00f5i vaatluse korral kunagi ei toimu, t\u00f5en\u00e4osus on 0.<br \/>\r\n<span style=\"color: #0000ff;\"><strong>N\u00e4ide 2.<\/strong> <span style=\"color: #000000;\">T<\/span><\/span><span style=\"color: #000000;\">\u00e4r<\/span>ingu veeretamisel saadakse silmade arvuks 7.<strong><br \/>\r\n<br \/>\r\nJuhuslik s\u00fcndmus <\/strong>on s\u00fcndmus, mis katse v\u00f5i vaatluse korral v\u00f5ib toimuda, aga v\u00f5ib ka mitte toimuda.&nbsp;<strong><br \/>\r\n<br \/>\r\n<\/strong><strong>Juhusliku s\u00fcndmuse t\u00f5en\u00e4osus<\/strong> on alati arvude nulli ja \u00fche vahel.<br \/>\r\n<br \/>\r\n<strong><span style=\"font-size: 14pt;\">0\u2264P(A)\u22641<br \/>\r\n<br \/>\r\n<img loading=\"lazy\" decoding=\"async\" class=\"alignnone  wp-image-2058\" src=\"https:\/\/domath.surju.ee\/wp-content\/uploads\/2024\/04\/0-1-300x169.png\" alt=\"\" width=\"542\" height=\"305\" srcset=\"https:\/\/domath.surju.ee\/wp-content\/uploads\/2024\/04\/0-1-300x169.png 300w, https:\/\/domath.surju.ee\/wp-content\/uploads\/2024\/04\/0-1-1024x576.png 1024w, https:\/\/domath.surju.ee\/wp-content\/uploads\/2024\/04\/0-1-768x432.png 768w, https:\/\/domath.surju.ee\/wp-content\/uploads\/2024\/04\/0-1-1536x864.png 1536w, https:\/\/domath.surju.ee\/wp-content\/uploads\/2024\/04\/0-1-24x14.png 24w, https:\/\/domath.surju.ee\/wp-content\/uploads\/2024\/04\/0-1-36x20.png 36w, https:\/\/domath.surju.ee\/wp-content\/uploads\/2024\/04\/0-1-48x27.png 48w, https:\/\/domath.surju.ee\/wp-content\/uploads\/2024\/04\/0-1.png 1920w\" sizes=\"auto, (max-width: 542px) 100vw, 542px\" \/><\/span><\/strong><br \/>\r\n<br \/>\r\n<strong><span style=\"color: #0000ff;\">N\u00e4ide 3.<\/span><\/strong><span style=\"color: #000000;\">&nbsp;Kui sa veeretad t\u00e4ringut, siis on v\u00f5imalik kuus erinevat tulemust: <\/span>1, 2, 3, 4, 5, 6. Iga tulemuse t\u00f5en\u00e4osus on 1\/6.<br \/>\r\n<br \/>\r\n<span style=\"font-size: 12pt; color: #0000ff;\"><strong>N\u00e4ide 4.<\/strong><\/span><br \/>\r\nKui suur on t\u00f5en\u00e4osus, et t\u00e4ringut veeretades tuleb paarisarv silmi?<br \/>\r\n<br \/>\r\nT\u00e4ringu veeretamisel v\u00f5ib tulla silmade arvuks 1, 2, 3, 4, 5 v\u00f5i 6 silma. K\u00f5ikide v\u00f5imaluste arv on 6.<br \/>\r\nPaarisarvud on 2, 4 ja 6. Soodsate v\u00f5imaluste arv 3.<br \/>\r\n<img loading=\"lazy\" decoding=\"async\" class=\"wp-image-4973 aligncenter\" src=\"https:\/\/domath.surju.ee\/wp-content\/uploads\/2024\/12\/toenaosus3-300x71.png\" alt=\"\" width=\"211\" height=\"50\" srcset=\"https:\/\/domath.surju.ee\/wp-content\/uploads\/2024\/12\/toenaosus3-300x71.png 300w, https:\/\/domath.surju.ee\/wp-content\/uploads\/2024\/12\/toenaosus3-24x6.png 24w, https:\/\/domath.surju.ee\/wp-content\/uploads\/2024\/12\/toenaosus3-36x9.png 36w, https:\/\/domath.surju.ee\/wp-content\/uploads\/2024\/12\/toenaosus3-48x11.png 48w, https:\/\/domath.surju.ee\/wp-content\/uploads\/2024\/12\/toenaosus3.png 570w\" sizes=\"auto, (max-width: 211px) 100vw, 211px\" \/><br \/>\r\nVastus. T\u00f5en\u00e4osus, et t\u00e4ringu veeretamisel tuleb paarisarv silmi, on 50%.<br \/>\r\n<br \/>\r\n<\/p>\r\n\r\n\r\n<p><iframe loading=\"lazy\" title=\"Probability! | Mini Math Movies | Scratch Garden\" width=\"640\" height=\"360\" src=\"https:\/\/www.youtube.com\/embed\/7XuNVVlD98g?feature=oembed\" frameborder=\"0\" allow=\"accelerometer; autoplay; clipboard-write; encrypted-media; gyroscope; picture-in-picture; web-share\" referrerpolicy=\"strict-origin-when-cross-origin\" allowfullscreen><\/iframe><\/p>\r\n\r\n\r\n<p><a href=\"https:\/\/www.free-training-tutorial.com\/probability-games.html\">https:\/\/www.free-training-tutorial.com\/probability-games.html<\/a><\/p>\r\n<p><em>Games to practise the concept of probability.<\/em><\/p>\r\n<p>&nbsp;<\/p>\r\n","protected":false},"excerpt":{"rendered":"<p>T\u00f5en\u00e4osus S\u00fcndmuse t\u00f5en\u00e4osus &nbsp;on arv, mis iseloomustab s\u00fcndmuse toimumise t\u00f5en\u00e4osust teatud tingimustel. Suhteline sagedus n\u00e4itab, kui suur on t\u00f5en\u00e4osus mingi s\u00fcndmuse toimumiseks. T\u00f5en\u00e4osuse leiame, kui jagame soodsate v\u00f5i oodatud v\u00f5imaluste arvu k\u00f5ikide v\u00f5imaluste arvuga. S\u00fcndmuse A klassikaline t\u00f5en\u00e4osus: n &#8211; k\u00f5ikide v\u00f5imaluste arv, k &#8211; soodsate v\u00f5imaluste arv.&nbsp; T\u00f5en\u00e4osust v\u00e4ljendatakse sageli protsentides Kindel s\u00fcndmus&nbsp;on s\u00fcndmus, [&#8230;]<\/p>\n<p><a class=\"btn btn-secondary understrap-read-more-link\" href=\"https:\/\/domath.surju.ee\/et\/toenaosus\/\">Read More&#8230;<span class=\"screen-reader-text\"> from T\u00f5en\u00e4osus<\/span><\/a><\/p>\n","protected":false},"author":8,"featured_media":0,"parent":0,"menu_order":0,"comment_status":"closed","ping_status":"closed","template":"","meta":{"_eb_attr":"","_uag_custom_page_level_css":"","footnotes":""},"categories":[],"tags":[58,40,63,59],"class_list":["post-1787","page","type-page","status-publish","hentry","tag-english-p","tag-estonian-t","tag-greek-pi","tag-spanish-p"],"uagb_featured_image_src":{"full":false,"thumbnail":false,"medium":false,"medium_large":false,"large":false,"1536x1536":false,"2048x2048":false,"menu-24x24":false,"menu-36x36":false,"menu-48x48":false},"uagb_author_info":{"display_name":"Silvia Herrera","author_link":"https:\/\/domath.surju.ee\/et\/author\/silvia\/"},"uagb_comment_info":0,"uagb_excerpt":"T\u00f5en\u00e4osus S\u00fcndmuse t\u00f5en\u00e4osus &nbsp;on arv, mis iseloomustab s\u00fcndmuse toimumise t\u00f5en\u00e4osust teatud tingimustel. Suhteline sagedus n\u00e4itab, kui suur on t\u00f5en\u00e4osus mingi s\u00fcndmuse toimumiseks. T\u00f5en\u00e4osuse leiame, kui jagame soodsate v\u00f5i oodatud v\u00f5imaluste arvu k\u00f5ikide v\u00f5imaluste arvuga. S\u00fcndmuse A klassikaline t\u00f5en\u00e4osus: n &#8211; k\u00f5ikide v\u00f5imaluste arv, k &#8211; soodsate v\u00f5imaluste arv.&nbsp; T\u00f5en\u00e4osust v\u00e4ljendatakse sageli protsentides Kindel s\u00fcndmus&nbsp;on s\u00fcndmus,&hellip;","_links":{"self":[{"href":"https:\/\/domath.surju.ee\/et\/wp-json\/wp\/v2\/pages\/1787","targetHints":{"allow":["GET"]}}],"collection":[{"href":"https:\/\/domath.surju.ee\/et\/wp-json\/wp\/v2\/pages"}],"about":[{"href":"https:\/\/domath.surju.ee\/et\/wp-json\/wp\/v2\/types\/page"}],"author":[{"embeddable":true,"href":"https:\/\/domath.surju.ee\/et\/wp-json\/wp\/v2\/users\/8"}],"replies":[{"embeddable":true,"href":"https:\/\/domath.surju.ee\/et\/wp-json\/wp\/v2\/comments?post=1787"}],"version-history":[{"count":6,"href":"https:\/\/domath.surju.ee\/et\/wp-json\/wp\/v2\/pages\/1787\/revisions"}],"predecessor-version":[{"id":4639,"href":"https:\/\/domath.surju.ee\/et\/wp-json\/wp\/v2\/pages\/1787\/revisions\/4639"}],"wp:attachment":[{"href":"https:\/\/domath.surju.ee\/et\/wp-json\/wp\/v2\/media?parent=1787"}],"wp:term":[{"taxonomy":"category","embeddable":true,"href":"https:\/\/domath.surju.ee\/et\/wp-json\/wp\/v2\/categories?post=1787"},{"taxonomy":"post_tag","embeddable":true,"href":"https:\/\/domath.surju.ee\/et\/wp-json\/wp\/v2\/tags?post=1787"}],"curies":[{"name":"wp","href":"https:\/\/api.w.org\/{rel}","templated":true}]}}