{"id":1786,"date":"2024-04-16T06:57:39","date_gmt":"2024-04-16T06:57:39","guid":{"rendered":"https:\/\/domath.surju.ee\/?page_id=1786"},"modified":"2024-12-30T18:07:34","modified_gmt":"2024-12-30T18:07:34","slug":"positive-integers","status":"publish","type":"page","link":"https:\/\/domath.surju.ee\/et\/positiivne-arv-taisarv\/","title":{"rendered":"Positiivne arv, positiivne t\u00e4isarv"},"content":{"rendered":"<h1 style=\"text-align: center;\"><span style=\"color: #008000;\"><strong>Positiivne arv, positiivne t\u00e4isarv<\/strong><\/span><\/h1>\r\n\r\n<p><span style=\"color: #ff0000;\"><strong>Arv on positiivne<\/strong><\/span>, kui ta on nullist suurem. Seda t\u00e4histatakse nii: a &gt; 0<br \/>\r\n<strong>Positiivse arvu<\/strong> ees on plussm\u00e4rk, aga tavaliselt plussm\u00e4rki arvu ette ei kirjutata.&nbsp;<br \/>\r\n<strong>Arv 0 ei ole ei positiivne ega negatiivne arv.&nbsp;<\/strong><br \/>\r\nNaturaalarvud koos nende vastandarvudega moodustavad t\u00e4isarvude hulga. <br \/>\r\nT\u00e4isarvud on arvud &#8230;-3, -2, -1, 0, 1, 2 &#8230;. jne.&nbsp;<br \/>\r\nArve 1, 2, 3, &#8230;. nimetatakse <strong>positiivseteks t\u00e4isarvudeks<\/strong> ja -1, -2, -3, &#8230;.. negatiivseteks t\u00e4isarvudeks.&nbsp;<\/p>\r\n\r\n\r\n<p>Negative Integers &#8211; negatiivne t\u00e4isarv<br \/>\r\nPositive Integers &#8211; positiivne t\u00e4isarv<br \/>\r\nO is neither positive nor negative &#8211;&nbsp; 0 ei ole possitiivne ega negatiivne.<\/p>\r\n\r\n\r\n<p><img loading=\"lazy\" decoding=\"async\" class=\"alignnone  wp-image-2086\" src=\"https:\/\/domath.surju.ee\/wp-content\/uploads\/2024\/04\/TYPES-OF-ISOSCELES-TRIANGLE-1-300x204.png\" alt=\"\" width=\"500\" height=\"340\" srcset=\"https:\/\/domath.surju.ee\/wp-content\/uploads\/2024\/04\/TYPES-OF-ISOSCELES-TRIANGLE-1-300x204.png 300w, https:\/\/domath.surju.ee\/wp-content\/uploads\/2024\/04\/TYPES-OF-ISOSCELES-TRIANGLE-1-1024x695.png 1024w, https:\/\/domath.surju.ee\/wp-content\/uploads\/2024\/04\/TYPES-OF-ISOSCELES-TRIANGLE-1-768x521.png 768w, https:\/\/domath.surju.ee\/wp-content\/uploads\/2024\/04\/TYPES-OF-ISOSCELES-TRIANGLE-1-24x16.png 24w, https:\/\/domath.surju.ee\/wp-content\/uploads\/2024\/04\/TYPES-OF-ISOSCELES-TRIANGLE-1-36x24.png 36w, https:\/\/domath.surju.ee\/wp-content\/uploads\/2024\/04\/TYPES-OF-ISOSCELES-TRIANGLE-1-48x33.png 48w, https:\/\/domath.surju.ee\/wp-content\/uploads\/2024\/04\/TYPES-OF-ISOSCELES-TRIANGLE-1.png 1379w\" sizes=\"auto, (max-width: 500px) 100vw, 500px\" \/><\/p>\r\n<p>LINK:&nbsp;<a href=\"https:\/\/www.algebra-class.com\/integers.html\">https:\/\/www.algebra-class.com\/integers.html<\/a><\/p>\r\n","protected":false},"excerpt":{"rendered":"<p>Positiivne arv, positiivne t\u00e4isarv Arv on positiivne, kui ta on nullist suurem. Seda t\u00e4histatakse nii: a &gt; 0 Positiivse arvu ees on plussm\u00e4rk, aga tavaliselt plussm\u00e4rki arvu ette ei kirjutata.&nbsp; Arv 0 ei ole ei positiivne ega negatiivne arv.&nbsp; Naturaalarvud koos nende vastandarvudega moodustavad t\u00e4isarvude hulga. T\u00e4isarvud on arvud &#8230;-3, -2, -1, 0, 1, 2 [&#8230;]<\/p>\n<p><a class=\"btn btn-secondary understrap-read-more-link\" href=\"https:\/\/domath.surju.ee\/et\/positiivne-arv-taisarv\/\">Read More&#8230;<span class=\"screen-reader-text\"> from Positiivne arv, positiivne t\u00e4isarv<\/span><\/a><\/p>\n","protected":false},"author":6,"featured_media":0,"parent":0,"menu_order":0,"comment_status":"closed","ping_status":"closed","template":"","meta":{"_eb_attr":"","_uag_custom_page_level_css":"","footnotes":""},"categories":[],"tags":[58,57,142,129],"class_list":["post-1786","page","type-page","status-publish","hentry","tag-english-p","tag-estonian-p","tag-greek-theta","tag-spanish-ne"],"uagb_featured_image_src":{"full":false,"thumbnail":false,"medium":false,"medium_large":false,"large":false,"1536x1536":false,"2048x2048":false,"menu-24x24":false,"menu-36x36":false,"menu-48x48":false},"uagb_author_info":{"display_name":"Yraya Santana","author_link":"https:\/\/domath.surju.ee\/et\/author\/yraya\/"},"uagb_comment_info":0,"uagb_excerpt":"Positiivne arv, positiivne t\u00e4isarv Arv on positiivne, kui ta on nullist suurem. Seda t\u00e4histatakse nii: a &gt; 0 Positiivse arvu ees on plussm\u00e4rk, aga tavaliselt plussm\u00e4rki arvu ette ei kirjutata.&nbsp; Arv 0 ei ole ei positiivne ega negatiivne arv.&nbsp; Naturaalarvud koos nende vastandarvudega moodustavad t\u00e4isarvude hulga. T\u00e4isarvud on arvud &#8230;-3, -2, -1, 0, 1, 2&hellip;","_links":{"self":[{"href":"https:\/\/domath.surju.ee\/et\/wp-json\/wp\/v2\/pages\/1786","targetHints":{"allow":["GET"]}}],"collection":[{"href":"https:\/\/domath.surju.ee\/et\/wp-json\/wp\/v2\/pages"}],"about":[{"href":"https:\/\/domath.surju.ee\/et\/wp-json\/wp\/v2\/types\/page"}],"author":[{"embeddable":true,"href":"https:\/\/domath.surju.ee\/et\/wp-json\/wp\/v2\/users\/6"}],"replies":[{"embeddable":true,"href":"https:\/\/domath.surju.ee\/et\/wp-json\/wp\/v2\/comments?post=1786"}],"version-history":[{"count":6,"href":"https:\/\/domath.surju.ee\/et\/wp-json\/wp\/v2\/pages\/1786\/revisions"}],"predecessor-version":[{"id":4234,"href":"https:\/\/domath.surju.ee\/et\/wp-json\/wp\/v2\/pages\/1786\/revisions\/4234"}],"wp:attachment":[{"href":"https:\/\/domath.surju.ee\/et\/wp-json\/wp\/v2\/media?parent=1786"}],"wp:term":[{"taxonomy":"category","embeddable":true,"href":"https:\/\/domath.surju.ee\/et\/wp-json\/wp\/v2\/categories?post=1786"},{"taxonomy":"post_tag","embeddable":true,"href":"https:\/\/domath.surju.ee\/et\/wp-json\/wp\/v2\/tags?post=1786"}],"curies":[{"name":"wp","href":"https:\/\/api.w.org\/{rel}","templated":true}]}}