{"id":1774,"date":"2024-04-16T06:48:12","date_gmt":"2024-04-16T06:48:12","guid":{"rendered":"https:\/\/domath.surju.ee\/?page_id=1774"},"modified":"2024-12-30T17:52:51","modified_gmt":"2024-12-30T17:52:51","slug":"point-of-intersection","status":"publish","type":"page","link":"https:\/\/domath.surju.ee\/et\/loikepunkt\/","title":{"rendered":"L\u00f5ikepunkt"},"content":{"rendered":"<h1 style=\"text-align: center;\"><span style=\"color: #008000;\"><strong>L\u00f5ikepunkt<\/strong><\/span><\/h1>\r\n\r\n\r\n<p><span style=\"color: #ff0000;\"><strong>L\u00f5ikepunkt<\/strong><\/span> on punkt, kus kaks v\u00f5i rohkem geomeetrilist kujundit kohtuvad. See on nende \u00fchine punkt.&nbsp;<br \/>\r\n<br \/>\r\n<\/p>\r\n<p><span style=\"color: #0000ff;\"><strong>L\u00f5ikepunktide n\u00e4ited:&nbsp;<\/strong><\/span><\/p>\r\n<ul>\r\n\t<li><strong>Kaks sirget l\u00f5ikuvad punktis O<\/strong><\/li>\r\n<\/ul>\r\n\r\nKui kaks sirget ei ole paralleelsed, siis nad l\u00f5ikuvad \u00fches punktis. See punkt on sirgete l\u00f5ikepunkt.<br \/>\r\n<p><img loading=\"lazy\" decoding=\"async\" class=\"wp-image-2014 aligncenter\" src=\"https:\/\/domath.surju.ee\/wp-content\/uploads\/2024\/04\/A-1-300x154.png\" alt=\"\" width=\"378\" height=\"194\" srcset=\"https:\/\/domath.surju.ee\/wp-content\/uploads\/2024\/04\/A-1-300x154.png 300w, https:\/\/domath.surju.ee\/wp-content\/uploads\/2024\/04\/A-1-1024x525.png 1024w, https:\/\/domath.surju.ee\/wp-content\/uploads\/2024\/04\/A-1-768x394.png 768w, https:\/\/domath.surju.ee\/wp-content\/uploads\/2024\/04\/A-1-1536x788.png 1536w, https:\/\/domath.surju.ee\/wp-content\/uploads\/2024\/04\/A-1-2048x1050.png 2048w, https:\/\/domath.surju.ee\/wp-content\/uploads\/2024\/04\/A-1-24x12.png 24w, https:\/\/domath.surju.ee\/wp-content\/uploads\/2024\/04\/A-1-36x18.png 36w, https:\/\/domath.surju.ee\/wp-content\/uploads\/2024\/04\/A-1-48x25.png 48w\" sizes=\"auto, (max-width: 378px) 100vw, 378px\" \/><\/p>\r\n<ul>\r\n\t<li><strong>Sirge ja ringjoon:<\/strong><\/li>\r\n<\/ul>\r\n\r\nSirge v\u00f5ib ringjoont l\u00f5igata kahes punktis, \u00fches punktis v\u00f5i mitte \u00fcheski punktis. <br \/>\r\nKui sirge l\u00e4bib ringjoont kahes punktis, siis neid punkte nimetatakse sirgjoone ja ringjoone l\u00f5ikepunktideks.&nbsp;<br \/>\r\n<p><img loading=\"lazy\" decoding=\"async\" class=\"size-medium wp-image-1926 aligncenter\" src=\"https:\/\/domath.surju.ee\/wp-content\/uploads\/2024\/04\/1-300x288.png\" alt=\"\" width=\"300\" height=\"288\" srcset=\"https:\/\/domath.surju.ee\/wp-content\/uploads\/2024\/04\/1-300x288.png 300w, https:\/\/domath.surju.ee\/wp-content\/uploads\/2024\/04\/1-1024x982.png 1024w, https:\/\/domath.surju.ee\/wp-content\/uploads\/2024\/04\/1-768x736.png 768w, https:\/\/domath.surju.ee\/wp-content\/uploads\/2024\/04\/1-1536x1472.png 1536w, https:\/\/domath.surju.ee\/wp-content\/uploads\/2024\/04\/1-24x24.png 24w, https:\/\/domath.surju.ee\/wp-content\/uploads\/2024\/04\/1-36x36.png 36w, https:\/\/domath.surju.ee\/wp-content\/uploads\/2024\/04\/1-48x46.png 48w, https:\/\/domath.surju.ee\/wp-content\/uploads\/2024\/04\/1.png 1690w\" sizes=\"auto, (max-width: 300px) 100vw, 300px\" \/><\/p>\r\n<ul>\r\n\t<li><strong>Kaks ringjoont:<\/strong><\/li>\r\n<\/ul>\r\n\r\nKaks ringi v\u00f5ivad l\u00f5ikuda kahes punktis, \u00fches punktis v\u00f5i mitte \u00fcheski punktis. Kui ringid l\u00f5ikuvad kahes punktis, siis neid punkte nimetatakse ringjoonte l\u00f5ikepunktideks.<br \/>\r\n<p><img loading=\"lazy\" decoding=\"async\" class=\"size-medium wp-image-1928 aligncenter\" src=\"https:\/\/domath.surju.ee\/wp-content\/uploads\/2024\/04\/2-300x295.png\" alt=\"\" width=\"300\" height=\"295\" srcset=\"https:\/\/domath.surju.ee\/wp-content\/uploads\/2024\/04\/2-300x295.png 300w, https:\/\/domath.surju.ee\/wp-content\/uploads\/2024\/04\/2-1024x1007.png 1024w, https:\/\/domath.surju.ee\/wp-content\/uploads\/2024\/04\/2-768x755.png 768w, https:\/\/domath.surju.ee\/wp-content\/uploads\/2024\/04\/2-1536x1510.png 1536w, https:\/\/domath.surju.ee\/wp-content\/uploads\/2024\/04\/2-24x24.png 24w, https:\/\/domath.surju.ee\/wp-content\/uploads\/2024\/04\/2-36x36.png 36w, https:\/\/domath.surju.ee\/wp-content\/uploads\/2024\/04\/2-48x48.png 48w, https:\/\/domath.surju.ee\/wp-content\/uploads\/2024\/04\/2.png 1794w\" sizes=\"auto, (max-width: 300px) 100vw, 300px\" \/><\/p>\r\n","protected":false},"excerpt":{"rendered":"<p>L\u00f5ikepunkt L\u00f5ikepunkt on punkt, kus kaks v\u00f5i rohkem geomeetrilist kujundit kohtuvad. See on nende \u00fchine punkt.&nbsp; L\u00f5ikepunktide n\u00e4ited:&nbsp; Kaks sirget l\u00f5ikuvad punktis O Kui kaks sirget ei ole paralleelsed, siis nad l\u00f5ikuvad \u00fches punktis. See punkt on sirgete l\u00f5ikepunkt. Sirge ja ringjoon: Sirge v\u00f5ib ringjoont l\u00f5igata kahes punktis, \u00fches punktis v\u00f5i mitte \u00fcheski punktis. Kui [&#8230;]<\/p>\n<p><a class=\"btn btn-secondary understrap-read-more-link\" href=\"https:\/\/domath.surju.ee\/et\/loikepunkt\/\">Read More&#8230;<span class=\"screen-reader-text\"> from L\u00f5ikepunkt<\/span><\/a><\/p>\n","protected":false},"author":7,"featured_media":0,"parent":0,"menu_order":0,"comment_status":"closed","ping_status":"closed","template":"","meta":{"_eb_attr":"","_uag_custom_page_level_css":"","footnotes":""},"categories":[],"tags":[58,4,150,59],"class_list":["post-1774","page","type-page","status-publish","hentry","tag-english-p","tag-estonian-l","tag-greek-sigma","tag-spanish-p"],"uagb_featured_image_src":{"full":false,"thumbnail":false,"medium":false,"medium_large":false,"large":false,"1536x1536":false,"2048x2048":false,"menu-24x24":false,"menu-36x36":false,"menu-48x48":false},"uagb_author_info":{"display_name":"Yessica Caceres","author_link":"https:\/\/domath.surju.ee\/et\/author\/yessica\/"},"uagb_comment_info":0,"uagb_excerpt":"L\u00f5ikepunkt L\u00f5ikepunkt on punkt, kus kaks v\u00f5i rohkem geomeetrilist kujundit kohtuvad. See on nende \u00fchine punkt.&nbsp; L\u00f5ikepunktide n\u00e4ited:&nbsp; Kaks sirget l\u00f5ikuvad punktis O Kui kaks sirget ei ole paralleelsed, siis nad l\u00f5ikuvad \u00fches punktis. See punkt on sirgete l\u00f5ikepunkt. Sirge ja ringjoon: Sirge v\u00f5ib ringjoont l\u00f5igata kahes punktis, \u00fches punktis v\u00f5i mitte \u00fcheski punktis. Kui&hellip;","_links":{"self":[{"href":"https:\/\/domath.surju.ee\/et\/wp-json\/wp\/v2\/pages\/1774","targetHints":{"allow":["GET"]}}],"collection":[{"href":"https:\/\/domath.surju.ee\/et\/wp-json\/wp\/v2\/pages"}],"about":[{"href":"https:\/\/domath.surju.ee\/et\/wp-json\/wp\/v2\/types\/page"}],"author":[{"embeddable":true,"href":"https:\/\/domath.surju.ee\/et\/wp-json\/wp\/v2\/users\/7"}],"replies":[{"embeddable":true,"href":"https:\/\/domath.surju.ee\/et\/wp-json\/wp\/v2\/comments?post=1774"}],"version-history":[{"count":7,"href":"https:\/\/domath.surju.ee\/et\/wp-json\/wp\/v2\/pages\/1774\/revisions"}],"predecessor-version":[{"id":4231,"href":"https:\/\/domath.surju.ee\/et\/wp-json\/wp\/v2\/pages\/1774\/revisions\/4231"}],"wp:attachment":[{"href":"https:\/\/domath.surju.ee\/et\/wp-json\/wp\/v2\/media?parent=1774"}],"wp:term":[{"taxonomy":"category","embeddable":true,"href":"https:\/\/domath.surju.ee\/et\/wp-json\/wp\/v2\/categories?post=1774"},{"taxonomy":"post_tag","embeddable":true,"href":"https:\/\/domath.surju.ee\/et\/wp-json\/wp\/v2\/tags?post=1774"}],"curies":[{"name":"wp","href":"https:\/\/api.w.org\/{rel}","templated":true}]}}