{"id":1771,"date":"2024-04-16T06:29:49","date_gmt":"2024-04-16T06:29:49","guid":{"rendered":"https:\/\/domath.surju.ee\/?page_id=1771"},"modified":"2024-12-30T23:31:50","modified_gmt":"2024-12-30T23:31:50","slug":"tetrahedron","status":"publish","type":"page","link":"https:\/\/domath.surju.ee\/et\/kolmnurkne-puramiid\/","title":{"rendered":"Kolmnurkne p\u00fcramiid"},"content":{"rendered":"<h1 style=\"text-align: center;\"><strong><span style=\"color: #008000;\">Kolmnurkne p\u00fcramiid<\/span><\/strong><\/h1>\r\n<p>Korrap\u00e4raseks <span style=\"color: #ff0000;\"><strong>kolmnurkseks p\u00fcramiidiks <\/strong><\/span>nimetatakse&nbsp; p\u00fcramiidi, mille p\u00f5hjaks on korrap\u00e4rane v\u00f5rdk\u00fclgne kolmnurk. <br \/>\r\nKolmnurksel p\u00fcramiidil on 4 tahku, 6 serva ja 4 tippu.&nbsp;<\/p>\r\n<div class=\"wp-block-image\">\r\n<figure class=\"aligncenter size-full is-resized\"><img loading=\"lazy\" decoding=\"async\" width=\"827\" height=\"298\" class=\"wp-image-3396\" style=\"width: 560px; height: auto;\" src=\"https:\/\/domath.surju.ee\/wp-content\/uploads\/2024\/07\/common-denominators-13.png\" alt=\"\" srcset=\"https:\/\/domath.surju.ee\/wp-content\/uploads\/2024\/07\/common-denominators-13.png 827w, https:\/\/domath.surju.ee\/wp-content\/uploads\/2024\/07\/common-denominators-13-300x108.png 300w, https:\/\/domath.surju.ee\/wp-content\/uploads\/2024\/07\/common-denominators-13-768x277.png 768w, https:\/\/domath.surju.ee\/wp-content\/uploads\/2024\/07\/common-denominators-13-24x9.png 24w, https:\/\/domath.surju.ee\/wp-content\/uploads\/2024\/07\/common-denominators-13-36x13.png 36w, https:\/\/domath.surju.ee\/wp-content\/uploads\/2024\/07\/common-denominators-13-48x17.png 48w\" sizes=\"auto, (max-width: 827px) 100vw, 827px\" \/><\/figure><\/div>\r\n<hr \/>\r\n<p><iframe loading=\"lazy\" style=\"border: 0px;\" title=\"Rotational Symmetry of Tetrahedron\" src=\"https:\/\/www.geogebra.org\/material\/iframe\/id\/PgyzAXRP\/width\/865\/height\/550\/border\/888888\/sfsb\/true\/smb\/false\/stb\/false\/stbh\/false\/ai\/false\/asb\/false\/sri\/false\/rc\/false\/ld\/false\/sdz\/false\/ctl\/false\" width=\"665px\" height=\"450px\" scrolling=\"no\" data-mce-fragment=\"1\"> <\/iframe><\/p>\r\n<p>Anthony v\u00f5i Ke Zhiming,&nbsp; License<a href=\"https:\/\/creativecommons.org\/licenses\/by-sa\/3.0\">CC-BY-SA<\/a>,&nbsp;<a href=\"https:\/\/www.geogebra.org\/tos\">GeoGebra Terms of Use<\/a><\/p>\r\n\r\n<p>&nbsp;<\/p>\r\n","protected":false},"excerpt":{"rendered":"<p>Kolmnurkne p\u00fcramiid Korrap\u00e4raseks kolmnurkseks p\u00fcramiidiks nimetatakse&nbsp; p\u00fcramiidi, mille p\u00f5hjaks on korrap\u00e4rane v\u00f5rdk\u00fclgne kolmnurk. Kolmnurksel p\u00fcramiidil on 4 tahku, 6 serva ja 4 tippu.&nbsp; Anthony v\u00f5i Ke Zhiming,&nbsp; LicenseCC-BY-SA,&nbsp;GeoGebra Terms of Use &nbsp; [&#8230;]<\/p>\n<p><a class=\"btn btn-secondary understrap-read-more-link\" href=\"https:\/\/domath.surju.ee\/et\/kolmnurkne-puramiid\/\">Read More&#8230;<span class=\"screen-reader-text\"> from Kolmnurkne p\u00fcramiid<\/span><\/a><\/p>\n","protected":false},"author":12,"featured_media":0,"parent":0,"menu_order":0,"comment_status":"closed","ping_status":"closed","template":"","meta":{"_eb_attr":"","_uag_custom_page_level_css":"","footnotes":""},"categories":[],"tags":[23,76,151],"class_list":["post-1771","page","type-page","status-publish","hentry","tag-english-t","tag-estonian-k","tag-greek-tau"],"uagb_featured_image_src":{"full":false,"thumbnail":false,"medium":false,"medium_large":false,"large":false,"1536x1536":false,"2048x2048":false,"menu-24x24":false,"menu-36x36":false,"menu-48x48":false},"uagb_author_info":{"display_name":"Ave Kartau","author_link":"https:\/\/domath.surju.ee\/et\/author\/ave\/"},"uagb_comment_info":0,"uagb_excerpt":"Kolmnurkne p\u00fcramiid Korrap\u00e4raseks kolmnurkseks p\u00fcramiidiks nimetatakse&nbsp; p\u00fcramiidi, mille p\u00f5hjaks on korrap\u00e4rane v\u00f5rdk\u00fclgne kolmnurk. Kolmnurksel p\u00fcramiidil on 4 tahku, 6 serva ja 4 tippu.&nbsp; Anthony v\u00f5i Ke Zhiming,&nbsp; LicenseCC-BY-SA,&nbsp;GeoGebra Terms of Use &nbsp; [...]Read More... from Kolmnurkne p\u00fcramiid","_links":{"self":[{"href":"https:\/\/domath.surju.ee\/et\/wp-json\/wp\/v2\/pages\/1771","targetHints":{"allow":["GET"]}}],"collection":[{"href":"https:\/\/domath.surju.ee\/et\/wp-json\/wp\/v2\/pages"}],"about":[{"href":"https:\/\/domath.surju.ee\/et\/wp-json\/wp\/v2\/types\/page"}],"author":[{"embeddable":true,"href":"https:\/\/domath.surju.ee\/et\/wp-json\/wp\/v2\/users\/12"}],"replies":[{"embeddable":true,"href":"https:\/\/domath.surju.ee\/et\/wp-json\/wp\/v2\/comments?post=1771"}],"version-history":[{"count":8,"href":"https:\/\/domath.surju.ee\/et\/wp-json\/wp\/v2\/pages\/1771\/revisions"}],"predecessor-version":[{"id":3414,"href":"https:\/\/domath.surju.ee\/et\/wp-json\/wp\/v2\/pages\/1771\/revisions\/3414"}],"wp:attachment":[{"href":"https:\/\/domath.surju.ee\/et\/wp-json\/wp\/v2\/media?parent=1771"}],"wp:term":[{"taxonomy":"category","embeddable":true,"href":"https:\/\/domath.surju.ee\/et\/wp-json\/wp\/v2\/categories?post=1771"},{"taxonomy":"post_tag","embeddable":true,"href":"https:\/\/domath.surju.ee\/et\/wp-json\/wp\/v2\/tags?post=1771"}],"curies":[{"name":"wp","href":"https:\/\/api.w.org\/{rel}","templated":true}]}}