{"id":1769,"date":"2024-04-16T06:40:38","date_gmt":"2024-04-16T06:40:38","guid":{"rendered":"https:\/\/domath.surju.ee\/?page_id=1769"},"modified":"2024-12-29T23:15:20","modified_gmt":"2024-12-29T23:15:20","slug":"natural-number","status":"publish","type":"page","link":"https:\/\/domath.surju.ee\/et\/naturaalarvud\/","title":{"rendered":"Naturaalarvud"},"content":{"rendered":"<h1 style=\"text-align: center;\"><span style=\"color: #008000;\"><strong>Naturaalarvud<\/strong><\/span><\/h1>\r\n\r\n<p><mark class=\"has-inline-color has-red-color\" style=\"background-color: rgba(0, 0, 0, 0);\"><span style=\"color: #000000;\"><strong>Naturaalarvud<\/strong> on arvud <mark><mark class=\"has-inline-color has-green-color\" style=\"background-color: rgba(0, 0, 0, 0);\"><strong>0, 1, 2, 3, 4, 5, 6, 7, 8, 9, 10, 11, 12, 13, 14&#8230;<\/strong><\/mark><\/mark><br \/>\r\n<strong>Naturaalarve<\/strong> kasutame loendamisel.<br \/>\r\n<strong>Naturaalarve<\/strong> on l\u00f5pmatult palju, sest v\u00f5ime alati arvule, mida peame suurimaks naturaalarvuks liita 1 ja saame veelgi suurema naturaalarvu.&nbsp;<br \/>\r\nNaturaalarve kirjutamisel kasutatakse araabia numbreid:&nbsp; 0,1,2,3,4,5,6,7,8,9.&nbsp;<br \/>\r\n<br \/>\r\nSiin on m\u00e4ng: <br \/>\r\n<\/span><\/mark><a style=\"background-color: var(--bs-body-bg); font-family: var(--bs-body-font-family); font-size: var(--bs-body-font-size); font-weight: var(--bs-body-font-weight); text-align: var(--bs-body-text-align);\" href=\"https:\/\/mathkite.com\/natural-numbers\/\">https:\/\/mathkite.com\/natural-numbers\/<\/a><br \/>\r\n<br \/>\r\n<strong>J\u00e4rgarve<\/strong> kasutatakse j\u00e4rjekorra m\u00e4rkimisel.<br \/>\r\nJ\u00e4rgarvu m\u00e4rkimisel araabia numbriga lisatakse arvu j\u00e4rgi punkt.<br \/>\r\n<strong><span style=\"color: #0000ff;\">N\u00e4ide:&nbsp;<\/span><\/strong><br \/>\r\n<strong><span style=\"color: #ff0000;\">3.&nbsp;<\/span><\/strong> t\u00e4hendab kolmas<br \/>\r\n<br \/>\r\nJ\u00e4rgarvu m\u00e4rkimisel roomanumbritega punkti ei lisata.<br \/>\r\n<strong><span style=\"color: #0000ff;\">N\u00e4ide:&nbsp;<\/span><\/strong><br \/>\r\n<span style=\"color: #ff0000;\"><strong>III<\/strong><\/span> t\u00e4hendab kolmas<br \/>\r\n<br \/>\r\n<strong>Paarisarvud<\/strong> on arvud, mille \u00fcheliste number on <strong><span style=\"color: #ff0000;\">0, 2, 4, 6, 8<\/span><\/strong><br \/>\r\n<strong><span style=\"color: #0000ff;\">N\u00e4ide:<\/span><\/strong><br \/>\r\nPaarisarvud on 50, 784, 56 jne<br \/>\r\n<br \/>\r\n<strong>Paaritud arvud<\/strong> on arvud, mille \u00fcheliste number on <strong><span style=\"color: #ff0000;\">1, 3, 5, 7, 9.<\/span><\/strong><br \/>\r\n<strong><span style=\"color: #0000ff;\">N\u00e4ide:<\/span><\/strong><br \/>\r\nPaaritud arvud on 47,&nbsp; 234 569,&nbsp; 31 jne<br \/>\r\n<br \/>\r\n<br \/>\r\n<\/p>\r\n","protected":false},"excerpt":{"rendered":"<p>Naturaalarvud Naturaalarvud on arvud 0, 1, 2, 3, 4, 5, 6, 7, 8, 9, 10, 11, 12, 13, 14&#8230; Naturaalarve kasutame loendamisel. Naturaalarve on l\u00f5pmatult palju, sest v\u00f5ime alati arvule, mida peame suurimaks naturaalarvuks liita 1 ja saame veelgi suurema naturaalarvu.&nbsp; Naturaalarve kirjutamisel kasutatakse araabia numbreid:&nbsp; 0,1,2,3,4,5,6,7,8,9.&nbsp; Siin on m\u00e4ng: https:\/\/mathkite.com\/natural-numbers\/ J\u00e4rgarve kasutatakse j\u00e4rjekorra m\u00e4rkimisel. [&#8230;]<\/p>\n<p><a class=\"btn btn-secondary understrap-read-more-link\" href=\"https:\/\/domath.surju.ee\/et\/naturaalarvud\/\">Read More&#8230;<span class=\"screen-reader-text\"> from Naturaalarvud<\/span><\/a><\/p>\n","protected":false},"author":9,"featured_media":0,"parent":0,"menu_order":0,"comment_status":"closed","ping_status":"closed","template":"","meta":{"_eb_attr":"","_uag_custom_page_level_css":"","footnotes":""},"categories":[],"tags":[97,79,153],"class_list":["post-1769","page","type-page","status-publish","hentry","tag-english-n","tag-estonian-n","tag-greek-phi"],"uagb_featured_image_src":{"full":false,"thumbnail":false,"medium":false,"medium_large":false,"large":false,"1536x1536":false,"2048x2048":false,"menu-24x24":false,"menu-36x36":false,"menu-48x48":false},"uagb_author_info":{"display_name":"Styliani Bempi","author_link":"https:\/\/domath.surju.ee\/et\/author\/styliani\/"},"uagb_comment_info":0,"uagb_excerpt":"Naturaalarvud Naturaalarvud on arvud 0, 1, 2, 3, 4, 5, 6, 7, 8, 9, 10, 11, 12, 13, 14&#8230; Naturaalarve kasutame loendamisel. Naturaalarve on l\u00f5pmatult palju, sest v\u00f5ime alati arvule, mida peame suurimaks naturaalarvuks liita 1 ja saame veelgi suurema naturaalarvu.&nbsp; Naturaalarve kirjutamisel kasutatakse araabia numbreid:&nbsp; 0,1,2,3,4,5,6,7,8,9.&nbsp; Siin on m\u00e4ng: https:\/\/mathkite.com\/natural-numbers\/ J\u00e4rgarve kasutatakse j\u00e4rjekorra m\u00e4rkimisel.&hellip;","_links":{"self":[{"href":"https:\/\/domath.surju.ee\/et\/wp-json\/wp\/v2\/pages\/1769","targetHints":{"allow":["GET"]}}],"collection":[{"href":"https:\/\/domath.surju.ee\/et\/wp-json\/wp\/v2\/pages"}],"about":[{"href":"https:\/\/domath.surju.ee\/et\/wp-json\/wp\/v2\/types\/page"}],"author":[{"embeddable":true,"href":"https:\/\/domath.surju.ee\/et\/wp-json\/wp\/v2\/users\/9"}],"replies":[{"embeddable":true,"href":"https:\/\/domath.surju.ee\/et\/wp-json\/wp\/v2\/comments?post=1769"}],"version-history":[{"count":7,"href":"https:\/\/domath.surju.ee\/et\/wp-json\/wp\/v2\/pages\/1769\/revisions"}],"predecessor-version":[{"id":5194,"href":"https:\/\/domath.surju.ee\/et\/wp-json\/wp\/v2\/pages\/1769\/revisions\/5194"}],"wp:attachment":[{"href":"https:\/\/domath.surju.ee\/et\/wp-json\/wp\/v2\/media?parent=1769"}],"wp:term":[{"taxonomy":"category","embeddable":true,"href":"https:\/\/domath.surju.ee\/et\/wp-json\/wp\/v2\/categories?post=1769"},{"taxonomy":"post_tag","embeddable":true,"href":"https:\/\/domath.surju.ee\/et\/wp-json\/wp\/v2\/tags?post=1769"}],"curies":[{"name":"wp","href":"https:\/\/api.w.org\/{rel}","templated":true}]}}