{"id":1767,"date":"2024-04-16T07:15:57","date_gmt":"2024-04-16T07:15:57","guid":{"rendered":"https:\/\/domath.surju.ee\/?page_id=1767"},"modified":"2024-12-29T21:59:42","modified_gmt":"2024-12-29T21:59:42","slug":"mirror-image","status":"publish","type":"page","link":"https:\/\/domath.surju.ee\/et\/peegelpilt\/","title":{"rendered":"Peegelpilt"},"content":{"rendered":"<h1 style=\"text-align: center;\"><strong><span style=\"color: #008000;\">Peegelpilt<\/span><\/strong><\/h1>\r\n\r\n<p><strong><br \/>\r\n<span style=\"color: #ff0000;\">Peegelpilt <\/span><\/strong>on s\u00fcmmeetriline kujund.&nbsp;<\/p>\r\n<p>S\u00fcmmeetria on terviku koosk\u00f5laline asetus m\u00f5lemal pool sirget, keskpunkti v\u00f5i tasandit.<\/p>\r\n<p>Looduses on s\u00fcmmeetria elusolendi osade korrap\u00e4rasus mingite m\u00f5tteliste telgede v\u00f5i tasandite suhtes.<\/p>\r\n<p>Matemaatikas on s\u00fcmmeetria kujundi omadus teisenduda iseendaks kolmel viisil:<\/p>\r\n<ol>\r\n\t<li>peegeldus punktist&nbsp;<\/li>\r\n\t<li>peegeldus sirgest<\/li>\r\n\t<li>peegeldus tasandist<\/li>\r\n<\/ol>\r\n<br \/>\r\n\r\n<span style=\"color: #0000ff;\"><strong>N\u00e4ited:&nbsp;<\/strong><\/span><br \/>\r\n\r\n\r\n<div class=\"wp-block-gutenverse-image guten-element guten-image guten-WniOk1\">\r\n<div class=\"guten-image-wrapper\"><img loading=\"lazy\" decoding=\"async\" class=\"gutenverse-image-box-filled\" src=\"https:\/\/domath.surju.ee\/wp-content\/uploads\/2024\/11\/4-final-1-e1732088313382.jpg\" width=\"483\" height=\"235\" \/><\/div>\r\n<\/div>\r\n\r\n\r\n<p>&nbsp;<\/p>\r\n\r\n\r\n<div class=\"wp-block-gutenverse-image guten-element guten-image guten-z5shej\">\r\n<div class=\"guten-image-wrapper\"><img loading=\"lazy\" decoding=\"async\" class=\"gutenverse-image-box-filled\" src=\"https:\/\/domath.surju.ee\/wp-content\/uploads\/2024\/11\/mirroring-tree-e1732088005983.jpg\" width=\"380\" height=\"571\" \/><br \/>\r\n<br \/>\r\n<br \/>\r\n<strong>Kujundi peegeldamine sirgest:&nbsp;<\/strong><br \/>\r\n&nbsp;<a href=\"https:\/\/youtu.be\/GZ2DWXvsP2Q\"> https:\/\/youtu.be\/GZ2DWXvsP2Q<\/a><\/div>\r\n<\/div>\r\n","protected":false},"excerpt":{"rendered":"<p>Peegelpilt Peegelpilt on s\u00fcmmeetriline kujund.&nbsp; S\u00fcmmeetria on terviku koosk\u00f5laline asetus m\u00f5lemal pool sirget, keskpunkti v\u00f5i tasandit. Looduses on s\u00fcmmeetria elusolendi osade korrap\u00e4rasus mingite m\u00f5tteliste telgede v\u00f5i tasandite suhtes. Matemaatikas on s\u00fcmmeetria kujundi omadus teisenduda iseendaks kolmel viisil: peegeldus punktist&nbsp; peegeldus sirgest peegeldus tasandist N\u00e4ited:&nbsp; &nbsp; Kujundi peegeldamine sirgest:&nbsp; &nbsp; https:\/\/youtu.be\/GZ2DWXvsP2Q [&#8230;]<\/p>\n<p><a class=\"btn btn-secondary understrap-read-more-link\" href=\"https:\/\/domath.surju.ee\/et\/peegelpilt\/\">Read More&#8230;<span class=\"screen-reader-text\"> from Peegelpilt<\/span><\/a><\/p>\n","protected":false},"author":14,"featured_media":0,"parent":0,"menu_order":0,"comment_status":"closed","ping_status":"closed","template":"","meta":{"_eb_attr":"","_uag_custom_page_level_css":"","footnotes":""},"categories":[],"tags":[64,57,85],"class_list":["post-1767","page","type-page","status-publish","hentry","tag-english-m","tag-estonian-p","tag-greek-epsilon"],"uagb_featured_image_src":{"full":false,"thumbnail":false,"medium":false,"medium_large":false,"large":false,"1536x1536":false,"2048x2048":false,"menu-24x24":false,"menu-36x36":false,"menu-48x48":false},"uagb_author_info":{"display_name":"Maria Tsiligkiri","author_link":"https:\/\/domath.surju.ee\/et\/author\/mariaki\/"},"uagb_comment_info":0,"uagb_excerpt":"Peegelpilt Peegelpilt on s\u00fcmmeetriline kujund.&nbsp; S\u00fcmmeetria on terviku koosk\u00f5laline asetus m\u00f5lemal pool sirget, keskpunkti v\u00f5i tasandit. Looduses on s\u00fcmmeetria elusolendi osade korrap\u00e4rasus mingite m\u00f5tteliste telgede v\u00f5i tasandite suhtes. Matemaatikas on s\u00fcmmeetria kujundi omadus teisenduda iseendaks kolmel viisil: peegeldus punktist&nbsp; peegeldus sirgest peegeldus tasandist N\u00e4ited:&nbsp; &nbsp; Kujundi peegeldamine sirgest:&nbsp; &nbsp; https:\/\/youtu.be\/GZ2DWXvsP2Q [...]Read More... from Peegelpilt","_links":{"self":[{"href":"https:\/\/domath.surju.ee\/et\/wp-json\/wp\/v2\/pages\/1767","targetHints":{"allow":["GET"]}}],"collection":[{"href":"https:\/\/domath.surju.ee\/et\/wp-json\/wp\/v2\/pages"}],"about":[{"href":"https:\/\/domath.surju.ee\/et\/wp-json\/wp\/v2\/types\/page"}],"author":[{"embeddable":true,"href":"https:\/\/domath.surju.ee\/et\/wp-json\/wp\/v2\/users\/14"}],"replies":[{"embeddable":true,"href":"https:\/\/domath.surju.ee\/et\/wp-json\/wp\/v2\/comments?post=1767"}],"version-history":[{"count":11,"href":"https:\/\/domath.surju.ee\/et\/wp-json\/wp\/v2\/pages\/1767\/revisions"}],"predecessor-version":[{"id":4654,"href":"https:\/\/domath.surju.ee\/et\/wp-json\/wp\/v2\/pages\/1767\/revisions\/4654"}],"wp:attachment":[{"href":"https:\/\/domath.surju.ee\/et\/wp-json\/wp\/v2\/media?parent=1767"}],"wp:term":[{"taxonomy":"category","embeddable":true,"href":"https:\/\/domath.surju.ee\/et\/wp-json\/wp\/v2\/categories?post=1767"},{"taxonomy":"post_tag","embeddable":true,"href":"https:\/\/domath.surju.ee\/et\/wp-json\/wp\/v2\/tags?post=1767"}],"curies":[{"name":"wp","href":"https:\/\/api.w.org\/{rel}","templated":true}]}}