{"id":1764,"date":"2024-04-16T06:25:51","date_gmt":"2024-04-16T06:25:51","guid":{"rendered":"https:\/\/domath.surju.ee\/?page_id=1764"},"modified":"2024-12-30T23:30:51","modified_gmt":"2024-12-30T23:30:51","slug":"tetragon","status":"publish","type":"page","link":"https:\/\/domath.surju.ee\/et\/nelinurk\/","title":{"rendered":"Nelinurk"},"content":{"rendered":"\r\n<h1 style=\"text-align: center;\"><strong><span style=\"color: #008000;\">Nelinurk<\/span><\/strong><\/h1>\r\n<p><span style=\"color: #ff0000;\"><strong>Nelinurk <\/strong><\/span>on hulknurk, millel on neli tippu ja neli k\u00fclge.&nbsp;<\/p>\r\n<p><strong>Nelinurka<\/strong> kutsutakse ka<span style=\"color: #000000;\"> tetragooniks,<\/span> mis tuleneb kreeka keelest. &#8220;Tetra&#8221; t\u00e4hendab kreeka keeles &#8220;neli&#8221; ja &#8220;gon&#8221; t\u00e4hendab &#8220;nurk&#8221;.&nbsp;<\/p>\r\n<p>Ainus korrap\u00e4rane <strong>nelinurk<\/strong> on ruut. Nelinurgad on veel n\u00e4iteks ristk\u00fclik, romb, r\u00f6\u00f6pk\u00fclik ja trapets.&nbsp;<\/p>\r\n\r\n<div class=\"wp-block-image\">\r\n<figure class=\"aligncenter size-full is-resized\"><img loading=\"lazy\" decoding=\"async\" width=\"330\" height=\"330\" class=\"wp-image-3379\" style=\"width: 237px; height: auto;\" src=\"https:\/\/domath.surju.ee\/wp-content\/uploads\/2024\/07\/Six_Quadrilaterals_2.png\" alt=\"\" srcset=\"https:\/\/domath.surju.ee\/wp-content\/uploads\/2024\/07\/Six_Quadrilaterals_2.png 330w, https:\/\/domath.surju.ee\/wp-content\/uploads\/2024\/07\/Six_Quadrilaterals_2-300x300.png 300w, https:\/\/domath.surju.ee\/wp-content\/uploads\/2024\/07\/Six_Quadrilaterals_2-150x150.png 150w, https:\/\/domath.surju.ee\/wp-content\/uploads\/2024\/07\/Six_Quadrilaterals_2-24x24.png 24w, https:\/\/domath.surju.ee\/wp-content\/uploads\/2024\/07\/Six_Quadrilaterals_2-36x36.png 36w, https:\/\/domath.surju.ee\/wp-content\/uploads\/2024\/07\/Six_Quadrilaterals_2-48x48.png 48w\" sizes=\"auto, (max-width: 330px) 100vw, 330px\" \/><\/figure><\/div>\r\n<p style=\"text-align: center;\"><a href=\"https:\/\/en.wikipedia.org\/wiki\/File:Six_Quadrilaterals.svg\">https:\/\/en.wikipedia.org\/wiki\/File:Six_Quadrilaterals.svg<\/a><\/p>\r\n<div class=\"wp-block-image\">\r\n<figure class=\"aligncenter size-full is-resized\"><img loading=\"lazy\" decoding=\"async\" width=\"992\" height=\"481\" class=\"wp-image-3373\" style=\"width: 729px; height: auto;\" src=\"https:\/\/domath.surju.ee\/wp-content\/uploads\/2024\/07\/Quadrilaterals.svg_.png\" alt=\"\" srcset=\"https:\/\/domath.surju.ee\/wp-content\/uploads\/2024\/07\/Quadrilaterals.svg_.png 992w, https:\/\/domath.surju.ee\/wp-content\/uploads\/2024\/07\/Quadrilaterals.svg_-300x145.png 300w, https:\/\/domath.surju.ee\/wp-content\/uploads\/2024\/07\/Quadrilaterals.svg_-768x372.png 768w, https:\/\/domath.surju.ee\/wp-content\/uploads\/2024\/07\/Quadrilaterals.svg_-24x12.png 24w, https:\/\/domath.surju.ee\/wp-content\/uploads\/2024\/07\/Quadrilaterals.svg_-36x17.png 36w, https:\/\/domath.surju.ee\/wp-content\/uploads\/2024\/07\/Quadrilaterals.svg_-48x23.png 48w\" sizes=\"auto, (max-width: 992px) 100vw, 992px\" \/><\/figure><\/div>\r\n\r\n<p style=\"text-align: center;\"><a href=\"https:\/\/en.wikipedia.org\/wiki\/File:Quadrilaterals.svg\">https:\/\/en.wikipedia.org\/wiki\/File:Quadrilaterals.svg<\/a><\/p>\r\n\r\n<div class=\"wp-block-image\">\r\n<figure class=\"aligncenter size-full is-resized\"><img loading=\"lazy\" decoding=\"async\" width=\"991\" height=\"852\" class=\"wp-image-3384\" style=\"width: 605px; height: auto;\" src=\"https:\/\/domath.surju.ee\/wp-content\/uploads\/2024\/07\/Nelinurgad-1.png\" alt=\"\" srcset=\"https:\/\/domath.surju.ee\/wp-content\/uploads\/2024\/07\/Nelinurgad-1.png 991w, https:\/\/domath.surju.ee\/wp-content\/uploads\/2024\/07\/Nelinurgad-1-300x258.png 300w, https:\/\/domath.surju.ee\/wp-content\/uploads\/2024\/07\/Nelinurgad-1-768x660.png 768w, https:\/\/domath.surju.ee\/wp-content\/uploads\/2024\/07\/Nelinurgad-1-24x21.png 24w, https:\/\/domath.surju.ee\/wp-content\/uploads\/2024\/07\/Nelinurgad-1-36x31.png 36w, https:\/\/domath.surju.ee\/wp-content\/uploads\/2024\/07\/Nelinurgad-1-48x41.png 48w\" sizes=\"auto, (max-width: 991px) 100vw, 991px\" \/><\/figure><\/div>","protected":false},"excerpt":{"rendered":"<p>Nelinurk Nelinurk on hulknurk, millel on neli tippu ja neli k\u00fclge.&nbsp; Nelinurka kutsutakse ka tetragooniks, mis tuleneb kreeka keelest. &#8220;Tetra&#8221; t\u00e4hendab kreeka keeles &#8220;neli&#8221; ja &#8220;gon&#8221; t\u00e4hendab &#8220;nurk&#8221;.&nbsp; Ainus korrap\u00e4rane nelinurk on ruut. Nelinurgad on veel n\u00e4iteks ristk\u00fclik, romb, r\u00f6\u00f6pk\u00fclik ja trapets.&nbsp; https:\/\/en.wikipedia.org\/wiki\/File:Six_Quadrilaterals.svg https:\/\/en.wikipedia.org\/wiki\/File:Quadrilaterals.svg [&#8230;]<\/p>\n<p><a class=\"btn btn-secondary understrap-read-more-link\" href=\"https:\/\/domath.surju.ee\/et\/nelinurk\/\">Read More&#8230;<span class=\"screen-reader-text\"> from Nelinurk<\/span><\/a><\/p>\n","protected":false},"author":12,"featured_media":0,"parent":0,"menu_order":0,"comment_status":"closed","ping_status":"closed","template":"","meta":{"_eb_attr":"","_uag_custom_page_level_css":"","footnotes":""},"categories":[],"tags":[23,79,151],"class_list":["post-1764","page","type-page","status-publish","hentry","tag-english-t","tag-estonian-n","tag-greek-tau"],"uagb_featured_image_src":{"full":false,"thumbnail":false,"medium":false,"medium_large":false,"large":false,"1536x1536":false,"2048x2048":false,"menu-24x24":false,"menu-36x36":false,"menu-48x48":false},"uagb_author_info":{"display_name":"Ave Kartau","author_link":"https:\/\/domath.surju.ee\/et\/author\/ave\/"},"uagb_comment_info":0,"uagb_excerpt":"Nelinurk Nelinurk on hulknurk, millel on neli tippu ja neli k\u00fclge.&nbsp; Nelinurka kutsutakse ka tetragooniks, mis tuleneb kreeka keelest. &#8220;Tetra&#8221; t\u00e4hendab kreeka keeles &#8220;neli&#8221; ja &#8220;gon&#8221; t\u00e4hendab &#8220;nurk&#8221;.&nbsp; Ainus korrap\u00e4rane nelinurk on ruut. Nelinurgad on veel n\u00e4iteks ristk\u00fclik, romb, r\u00f6\u00f6pk\u00fclik ja trapets.&nbsp; https:\/\/en.wikipedia.org\/wiki\/File:Six_Quadrilaterals.svg https:\/\/en.wikipedia.org\/wiki\/File:Quadrilaterals.svg [...]Read More... from Nelinurk","_links":{"self":[{"href":"https:\/\/domath.surju.ee\/et\/wp-json\/wp\/v2\/pages\/1764","targetHints":{"allow":["GET"]}}],"collection":[{"href":"https:\/\/domath.surju.ee\/et\/wp-json\/wp\/v2\/pages"}],"about":[{"href":"https:\/\/domath.surju.ee\/et\/wp-json\/wp\/v2\/types\/page"}],"author":[{"embeddable":true,"href":"https:\/\/domath.surju.ee\/et\/wp-json\/wp\/v2\/users\/12"}],"replies":[{"embeddable":true,"href":"https:\/\/domath.surju.ee\/et\/wp-json\/wp\/v2\/comments?post=1764"}],"version-history":[{"count":7,"href":"https:\/\/domath.surju.ee\/et\/wp-json\/wp\/v2\/pages\/1764\/revisions"}],"predecessor-version":[{"id":3388,"href":"https:\/\/domath.surju.ee\/et\/wp-json\/wp\/v2\/pages\/1764\/revisions\/3388"}],"wp:attachment":[{"href":"https:\/\/domath.surju.ee\/et\/wp-json\/wp\/v2\/media?parent=1764"}],"wp:term":[{"taxonomy":"category","embeddable":true,"href":"https:\/\/domath.surju.ee\/et\/wp-json\/wp\/v2\/categories?post=1764"},{"taxonomy":"post_tag","embeddable":true,"href":"https:\/\/domath.surju.ee\/et\/wp-json\/wp\/v2\/tags?post=1764"}],"curies":[{"name":"wp","href":"https:\/\/api.w.org\/{rel}","templated":true}]}}