{"id":1758,"date":"2024-04-17T07:33:22","date_gmt":"2024-04-17T07:33:22","guid":{"rendered":"https:\/\/domath.surju.ee\/?page_id=1758"},"modified":"2024-12-29T21:31:32","modified_gmt":"2024-12-29T21:31:32","slug":"mass-2","status":"publish","type":"page","link":"https:\/\/domath.surju.ee\/et\/mass\/","title":{"rendered":"Mass"},"content":{"rendered":"<h1 style=\"text-align: center;\"><span style=\"color: #008000;\"><strong>Mass<\/strong><\/span><\/h1>\r\n\r\n<p>K\u00f5ikidel asjadel ja olenditel on <strong>mass. <br \/>\r\nMass<\/strong> v\u00e4ljendab objekti kaalu\/raskust. <br \/>\r\n<strong>Massi<\/strong> p\u00f5hi\u00fchikuks on 1 kilogramm.&nbsp;<br \/>\r\nN\u00e4ited leiad <a style=\"background-color: var(--bs-body-bg); font-family: var(--bs-body-font-family); font-size: var(--bs-body-font-size); font-weight: var(--bs-body-font-weight); text-align: var(--bs-body-text-align);\" href=\"http:\/\/www.amathsdictionaryforkids.com\/qr\/m\/mass.html\" data-type=\"link\" data-id=\"http:\/\/www.amathsdictionaryforkids.com\/qr\/m\/mass.html\">SIIT<\/a><\/p>\r\n\r\n\r\n<p><a href=\"https:\/\/domath.surju.ee\/units-of-weight\/\"><strong><span style=\"color: #008080;\">Massi\u00fchikud:<\/span><\/strong><br \/>\r\n&nbsp;<\/a><a href=\"https:\/\/domath.surju.ee\/et\/massiuhikud\/\">https:\/\/domath.surju.ee\/et\/massiuhikud\/<\/a><a href=\"https:\/\/domath.surju.ee\/units-of-weight\/\"><br \/>\r\n<\/a><\/p>\r\n<p>\r\n<\/p>\r\n<p>&nbsp;<\/p>\r\n<p>\r\n <iframe loading=\"lazy\" title=\"YouTube video player\" src=\"https:\/\/www.youtube.com\/embed\/ivAD44nh0D0?si=VPUM5789g8qGvZzQ\" width=\"560\" height=\"315\" frameborder=\"0\" allowfullscreen=\"allowfullscreen\" data-mce-fragment=\"1\"><\/iframe><\/p>\r\n","protected":false},"excerpt":{"rendered":"<p>Mass K\u00f5ikidel asjadel ja olenditel on mass. Mass v\u00e4ljendab objekti kaalu\/raskust. Massi p\u00f5hi\u00fchikuks on 1 kilogramm.&nbsp; N\u00e4ited leiad SIIT Massi\u00fchikud: &nbsp;https:\/\/domath.surju.ee\/et\/massiuhikud\/ &nbsp; [&#8230;]<\/p>\n<p><a class=\"btn btn-secondary understrap-read-more-link\" href=\"https:\/\/domath.surju.ee\/et\/mass\/\">Read More&#8230;<span class=\"screen-reader-text\"> from Mass<\/span><\/a><\/p>\n","protected":false},"author":10,"featured_media":0,"parent":0,"menu_order":0,"comment_status":"closed","ping_status":"closed","template":"","meta":{"_eb_attr":"","_uag_custom_page_level_css":"","footnotes":""},"categories":[],"tags":[64,113,145],"class_list":["post-1758","page","type-page","status-publish","hentry","tag-english-m","tag-estonian-m","tag-greek-mu"],"uagb_featured_image_src":{"full":false,"thumbnail":false,"medium":false,"medium_large":false,"large":false,"1536x1536":false,"2048x2048":false,"menu-24x24":false,"menu-36x36":false,"menu-48x48":false},"uagb_author_info":{"display_name":"Maria Kosmidou","author_link":"https:\/\/domath.surju.ee\/et\/author\/maria\/"},"uagb_comment_info":0,"uagb_excerpt":"Mass K\u00f5ikidel asjadel ja olenditel on mass. Mass v\u00e4ljendab objekti kaalu\/raskust. Massi p\u00f5hi\u00fchikuks on 1 kilogramm.&nbsp; N\u00e4ited leiad SIIT Massi\u00fchikud: &nbsp;https:\/\/domath.surju.ee\/et\/massiuhikud\/ &nbsp; [...]Read More... from Mass","_links":{"self":[{"href":"https:\/\/domath.surju.ee\/et\/wp-json\/wp\/v2\/pages\/1758","targetHints":{"allow":["GET"]}}],"collection":[{"href":"https:\/\/domath.surju.ee\/et\/wp-json\/wp\/v2\/pages"}],"about":[{"href":"https:\/\/domath.surju.ee\/et\/wp-json\/wp\/v2\/types\/page"}],"author":[{"embeddable":true,"href":"https:\/\/domath.surju.ee\/et\/wp-json\/wp\/v2\/users\/10"}],"replies":[{"embeddable":true,"href":"https:\/\/domath.surju.ee\/et\/wp-json\/wp\/v2\/comments?post=1758"}],"version-history":[{"count":4,"href":"https:\/\/domath.surju.ee\/et\/wp-json\/wp\/v2\/pages\/1758\/revisions"}],"predecessor-version":[{"id":5180,"href":"https:\/\/domath.surju.ee\/et\/wp-json\/wp\/v2\/pages\/1758\/revisions\/5180"}],"wp:attachment":[{"href":"https:\/\/domath.surju.ee\/et\/wp-json\/wp\/v2\/media?parent=1758"}],"wp:term":[{"taxonomy":"category","embeddable":true,"href":"https:\/\/domath.surju.ee\/et\/wp-json\/wp\/v2\/categories?post=1758"},{"taxonomy":"post_tag","embeddable":true,"href":"https:\/\/domath.surju.ee\/et\/wp-json\/wp\/v2\/tags?post=1758"}],"curies":[{"name":"wp","href":"https:\/\/api.w.org\/{rel}","templated":true}]}}