{"id":1756,"date":"2024-04-16T06:24:32","date_gmt":"2024-04-16T06:24:32","guid":{"rendered":"https:\/\/domath.surju.ee\/?page_id=1756"},"modified":"2024-12-30T17:51:39","modified_gmt":"2024-12-30T17:51:39","slug":"point","status":"publish","type":"page","link":"https:\/\/domath.surju.ee\/et\/punkt\/","title":{"rendered":"Punkt"},"content":{"rendered":"<h1 style=\"text-align: center;\"><span style=\"color: #008000;\"><strong>Punkt<\/strong><\/span><\/h1>\r\n\r\n<p><span style=\"color: #ff0000;\"><strong>Punkt<\/strong><\/span> on lihtsaim geomeetriline kujund.&nbsp;<br \/>\r\n<strong>Punktil<\/strong> pole m\u00f5\u00f5tmeid (ei pikkust ega laiust).&nbsp;<br \/>\r\n<strong style=\"color: var(--bs-body-color); font-family: var(--bs-body-font-family); font-size: var(--bs-body-font-size); text-align: var(--bs-body-text-align);\">Punkti <\/strong>t\u00e4histatakse joonisel tavaliselt punkti, risti v\u00f5i v\u00e4ikese ringiga ja suure tr\u00fckit\u00e4hega (n\u00e4iteks A v\u00f5i B). Neid punkte loetakse nii: punkt A ja punkt B.&nbsp;<br \/>\r\n<br \/>\r\nPunktid on vajalikud muude geomeetriliste kujundite (nt sirged, l\u00f5igud, hulknurgad, ringid jne) joonestamisel.<\/p>\r\n<p><strong><span style=\"color: #0000ff;\">N\u00e4ited.<\/span><\/strong><br \/>\r\n1) \u00dchendades kaks punkti joonlauaga sirge joone abil saame sirgl\u00f5igu ehk l\u00f5igu.&nbsp;<br \/>\r\n<img loading=\"lazy\" decoding=\"async\" class=\"alignnone size-medium wp-image-5241\" src=\"https:\/\/domath.surju.ee\/wp-content\/uploads\/2024\/12\/geogebra-export-2-300x151.png\" alt=\"\" width=\"300\" height=\"151\" srcset=\"https:\/\/domath.surju.ee\/wp-content\/uploads\/2024\/12\/geogebra-export-2-300x151.png 300w, https:\/\/domath.surju.ee\/wp-content\/uploads\/2024\/12\/geogebra-export-2-1024x516.png 1024w, https:\/\/domath.surju.ee\/wp-content\/uploads\/2024\/12\/geogebra-export-2-768x387.png 768w, https:\/\/domath.surju.ee\/wp-content\/uploads\/2024\/12\/geogebra-export-2-1536x774.png 1536w, https:\/\/domath.surju.ee\/wp-content\/uploads\/2024\/12\/geogebra-export-2-2048x1032.png 2048w, https:\/\/domath.surju.ee\/wp-content\/uploads\/2024\/12\/geogebra-export-2-24x12.png 24w, https:\/\/domath.surju.ee\/wp-content\/uploads\/2024\/12\/geogebra-export-2-36x18.png 36w, https:\/\/domath.surju.ee\/wp-content\/uploads\/2024\/12\/geogebra-export-2-48x24.png 48w\" sizes=\"auto, (max-width: 300px) 100vw, 300px\" \/><br \/>\r\n2) Punktid on kolmnurga v\u00f5i ruudu tippudeks.<br \/>\r\n<img loading=\"lazy\" decoding=\"async\" class=\"wp-image-5242 alignleft\" src=\"https:\/\/domath.surju.ee\/wp-content\/uploads\/2024\/12\/geogebra-export-3-300x164.png\" alt=\"\" width=\"194\" height=\"106\" srcset=\"https:\/\/domath.surju.ee\/wp-content\/uploads\/2024\/12\/geogebra-export-3-300x164.png 300w, https:\/\/domath.surju.ee\/wp-content\/uploads\/2024\/12\/geogebra-export-3-1024x559.png 1024w, https:\/\/domath.surju.ee\/wp-content\/uploads\/2024\/12\/geogebra-export-3-768x419.png 768w, https:\/\/domath.surju.ee\/wp-content\/uploads\/2024\/12\/geogebra-export-3-1536x838.png 1536w, https:\/\/domath.surju.ee\/wp-content\/uploads\/2024\/12\/geogebra-export-3-2048x1118.png 2048w, https:\/\/domath.surju.ee\/wp-content\/uploads\/2024\/12\/geogebra-export-3-24x13.png 24w, https:\/\/domath.surju.ee\/wp-content\/uploads\/2024\/12\/geogebra-export-3-36x20.png 36w, https:\/\/domath.surju.ee\/wp-content\/uploads\/2024\/12\/geogebra-export-3-48x26.png 48w\" sizes=\"auto, (max-width: 194px) 100vw, 194px\" \/><br \/>\r\n<img loading=\"lazy\" decoding=\"async\" class=\"alignnone  wp-image-5243\" src=\"https:\/\/domath.surju.ee\/wp-content\/uploads\/2024\/12\/geogebra-export-4-273x300.png\" alt=\"\" width=\"91\" height=\"100\" srcset=\"https:\/\/domath.surju.ee\/wp-content\/uploads\/2024\/12\/geogebra-export-4-273x300.png 273w, https:\/\/domath.surju.ee\/wp-content\/uploads\/2024\/12\/geogebra-export-4-933x1024.png 933w, https:\/\/domath.surju.ee\/wp-content\/uploads\/2024\/12\/geogebra-export-4-768x843.png 768w, https:\/\/domath.surju.ee\/wp-content\/uploads\/2024\/12\/geogebra-export-4-1400x1536.png 1400w, https:\/\/domath.surju.ee\/wp-content\/uploads\/2024\/12\/geogebra-export-4-1867x2048.png 1867w, https:\/\/domath.surju.ee\/wp-content\/uploads\/2024\/12\/geogebra-export-4-22x24.png 22w, https:\/\/domath.surju.ee\/wp-content\/uploads\/2024\/12\/geogebra-export-4-33x36.png 33w, https:\/\/domath.surju.ee\/wp-content\/uploads\/2024\/12\/geogebra-export-4-44x48.png 44w\" sizes=\"auto, (max-width: 91px) 100vw, 91px\" \/><br \/>\r\n3) Punkt on ringi keskkpunk.<br \/>\r\n<img loading=\"lazy\" decoding=\"async\" class=\"alignnone  wp-image-5244\" src=\"https:\/\/domath.surju.ee\/wp-content\/uploads\/2024\/12\/geogebra-export-5-272x300.png\" alt=\"\" width=\"125\" height=\"138\" srcset=\"https:\/\/domath.surju.ee\/wp-content\/uploads\/2024\/12\/geogebra-export-5-272x300.png 272w, https:\/\/domath.surju.ee\/wp-content\/uploads\/2024\/12\/geogebra-export-5-930x1024.png 930w, https:\/\/domath.surju.ee\/wp-content\/uploads\/2024\/12\/geogebra-export-5-768x846.png 768w, https:\/\/domath.surju.ee\/wp-content\/uploads\/2024\/12\/geogebra-export-5-1394x1536.png 1394w, https:\/\/domath.surju.ee\/wp-content\/uploads\/2024\/12\/geogebra-export-5-1859x2048.png 1859w, https:\/\/domath.surju.ee\/wp-content\/uploads\/2024\/12\/geogebra-export-5-22x24.png 22w, https:\/\/domath.surju.ee\/wp-content\/uploads\/2024\/12\/geogebra-export-5-33x36.png 33w, https:\/\/domath.surju.ee\/wp-content\/uploads\/2024\/12\/geogebra-export-5-44x48.png 44w\" sizes=\"auto, (max-width: 125px) 100vw, 125px\" \/><br \/>\r\n4) Punkt on kahe sirge l\u00f5ikepunkt.<br \/>\r\n<img loading=\"lazy\" decoding=\"async\" class=\"alignnone  wp-image-5245\" src=\"https:\/\/domath.surju.ee\/wp-content\/uploads\/2024\/12\/geogebra-export-6-249x300.png\" alt=\"\" width=\"133\" height=\"160\" srcset=\"https:\/\/domath.surju.ee\/wp-content\/uploads\/2024\/12\/geogebra-export-6-249x300.png 249w, https:\/\/domath.surju.ee\/wp-content\/uploads\/2024\/12\/geogebra-export-6-850x1024.png 850w, https:\/\/domath.surju.ee\/wp-content\/uploads\/2024\/12\/geogebra-export-6-768x925.png 768w, https:\/\/domath.surju.ee\/wp-content\/uploads\/2024\/12\/geogebra-export-6-1275x1536.png 1275w, https:\/\/domath.surju.ee\/wp-content\/uploads\/2024\/12\/geogebra-export-6-1701x2048.png 1701w, https:\/\/domath.surju.ee\/wp-content\/uploads\/2024\/12\/geogebra-export-6-20x24.png 20w, https:\/\/domath.surju.ee\/wp-content\/uploads\/2024\/12\/geogebra-export-6-30x36.png 30w, https:\/\/domath.surju.ee\/wp-content\/uploads\/2024\/12\/geogebra-export-6-40x48.png 40w\" sizes=\"auto, (max-width: 133px) 100vw, 133px\" \/><\/p>\r\n<br \/>\r\n","protected":false},"excerpt":{"rendered":"<p>Punkt Punkt on lihtsaim geomeetriline kujund.&nbsp; Punktil pole m\u00f5\u00f5tmeid (ei pikkust ega laiust).&nbsp; Punkti t\u00e4histatakse joonisel tavaliselt punkti, risti v\u00f5i v\u00e4ikese ringiga ja suure tr\u00fckit\u00e4hega (n\u00e4iteks A v\u00f5i B). Neid punkte loetakse nii: punkt A ja punkt B.&nbsp; Punktid on vajalikud muude geomeetriliste kujundite (nt sirged, l\u00f5igud, hulknurgad, ringid jne) joonestamisel. N\u00e4ited. 1) \u00dchendades kaks [&#8230;]<\/p>\n<p><a class=\"btn btn-secondary understrap-read-more-link\" href=\"https:\/\/domath.surju.ee\/et\/punkt\/\">Read More&#8230;<span class=\"screen-reader-text\"> from Punkt<\/span><\/a><\/p>\n","protected":false},"author":7,"featured_media":0,"parent":0,"menu_order":0,"comment_status":"closed","ping_status":"closed","template":"","meta":{"_eb_attr":"","_uag_custom_page_level_css":"","footnotes":""},"categories":[],"tags":[58,57,150,59],"class_list":["post-1756","page","type-page","status-publish","hentry","tag-english-p","tag-estonian-p","tag-greek-sigma","tag-spanish-p"],"uagb_featured_image_src":{"full":false,"thumbnail":false,"medium":false,"medium_large":false,"large":false,"1536x1536":false,"2048x2048":false,"menu-24x24":false,"menu-36x36":false,"menu-48x48":false},"uagb_author_info":{"display_name":"Yessica Caceres","author_link":"https:\/\/domath.surju.ee\/et\/author\/yessica\/"},"uagb_comment_info":0,"uagb_excerpt":"Punkt Punkt on lihtsaim geomeetriline kujund.&nbsp; Punktil pole m\u00f5\u00f5tmeid (ei pikkust ega laiust).&nbsp; Punkti t\u00e4histatakse joonisel tavaliselt punkti, risti v\u00f5i v\u00e4ikese ringiga ja suure tr\u00fckit\u00e4hega (n\u00e4iteks A v\u00f5i B). Neid punkte loetakse nii: punkt A ja punkt B.&nbsp; Punktid on vajalikud muude geomeetriliste kujundite (nt sirged, l\u00f5igud, hulknurgad, ringid jne) joonestamisel. N\u00e4ited. 1) \u00dchendades kaks&hellip;","_links":{"self":[{"href":"https:\/\/domath.surju.ee\/et\/wp-json\/wp\/v2\/pages\/1756","targetHints":{"allow":["GET"]}}],"collection":[{"href":"https:\/\/domath.surju.ee\/et\/wp-json\/wp\/v2\/pages"}],"about":[{"href":"https:\/\/domath.surju.ee\/et\/wp-json\/wp\/v2\/types\/page"}],"author":[{"embeddable":true,"href":"https:\/\/domath.surju.ee\/et\/wp-json\/wp\/v2\/users\/7"}],"replies":[{"embeddable":true,"href":"https:\/\/domath.surju.ee\/et\/wp-json\/wp\/v2\/comments?post=1756"}],"version-history":[{"count":5,"href":"https:\/\/domath.surju.ee\/et\/wp-json\/wp\/v2\/pages\/1756\/revisions"}],"predecessor-version":[{"id":5248,"href":"https:\/\/domath.surju.ee\/et\/wp-json\/wp\/v2\/pages\/1756\/revisions\/5248"}],"wp:attachment":[{"href":"https:\/\/domath.surju.ee\/et\/wp-json\/wp\/v2\/media?parent=1756"}],"wp:term":[{"taxonomy":"category","embeddable":true,"href":"https:\/\/domath.surju.ee\/et\/wp-json\/wp\/v2\/categories?post=1756"},{"taxonomy":"post_tag","embeddable":true,"href":"https:\/\/domath.surju.ee\/et\/wp-json\/wp\/v2\/tags?post=1756"}],"curies":[{"name":"wp","href":"https:\/\/api.w.org\/{rel}","templated":true}]}}